


{"id":207,"date":"2016-12-21T00:56:00","date_gmt":"2016-12-21T02:56:00","guid":{"rendered":"https:\/\/caminhodafe.com.br\/us\/?page_id=207"},"modified":"2018-03-01T15:06:38","modified_gmt":"2018-03-01T18:06:38","slug":"accommodation","status":"publish","type":"page","link":"https:\/\/caminhodafe.com.br\/us\/accommodation\/","title":{"rendered":"Accommodation"},"content":{"rendered":"<h2><span style=\"color: #000080;\"><strong>LIST OF HOSTELS \u2013 click in the links below\u00a0<\/strong><\/span><\/h2>\n<h2><a href=\"http:\/\/caminhodafe.com.br\/ptbr\/wp-content\/uploads\/2017\/07\/ramal-aguai-2-1.pdf\" target=\"_blank\" rel=\"noopener noreferrer\">Agua\u00ed Branch<\/a><\/h2>\n<h2><a href=\"http:\/\/caminhodafe.com.br\/ptbr\/wp-content\/uploads\/2017\/07\/ramal-aguas-da-prata-1.pdf\" target=\"_blank\" rel=\"noopener noreferrer\">\u00c1guas da Prata Branch<\/a><\/h2>\n<h2><a href=\"http:\/\/caminhodafe.com.br\/ptbr\/wp-content\/uploads\/2017\/07\/ramal-caconde-2-1.pdf\" target=\"_blank\" rel=\"noopener noreferrer\">Caconde Branch<\/a><\/h2>\n<h2><a href=\"http:\/\/caminhodafe.com.br\/ptbr\/wp-content\/uploads\/2017\/07\/ramal-mococa-2-2.pdf\" target=\"_blank\" rel=\"noopener noreferrer\">Mococa Branch<\/a><\/h2>\n<h2><a href=\"http:\/\/caminhodafe.com.br\/ptbr\/wp-content\/uploads\/2017\/07\/ramal-sao-carlos-1-1.pdf\" target=\"_blank\" rel=\"noopener noreferrer\">S\u00e3o Carlos Branch<\/a><\/h2>\n<h2><a href=\"http:\/\/caminhodafe.com.br\/ptbr\/wp-content\/uploads\/2017\/07\/ramal-sertaozinho-1.pdf\" target=\"_blank\" rel=\"noopener noreferrer\">Sert\u00e3ozinho Branch<\/a><\/h2>\n<h2><a href=\"http:\/\/caminhodafe.com.br\/ptbr\/wp-content\/uploads\/2017\/07\/ramal-tambau-2-2.pdf\" target=\"_blank\" rel=\"noopener noreferrer\">Tamba\u00fa Branch<\/a><\/h2>\n<p>&nbsp;<\/p>\n","protected":false},"excerpt":{"rendered":"<p>LIST OF HOSTELS \u2013 click in the links below\u00a0 Agua\u00ed Branch \u00c1guas da Prata Branch Caconde Branch Mococa Branch S\u00e3o Carlos Branch Sert\u00e3ozinho Branch Tamba\u00fa Branch &nbsp;<\/p>\n","protected":false},"author":1,"featured_media":1602,"parent":0,"menu_order":0,"comment_status":"closed","ping_status":"closed","template":"","meta":{"footnotes":""},"class_list":["post-207","page","type-page","status-publish","has-post-thumbnail","hentry"],"_links":{"self":[{"href":"https:\/\/caminhodafe.com.br\/us\/wp-json\/wp\/v2\/pages\/207","targetHints":{"allow":["GET"]}}],"collection":[{"href":"https:\/\/caminhodafe.com.br\/us\/wp-json\/wp\/v2\/pages"}],"about":[{"href":"https:\/\/caminhodafe.com.br\/us\/wp-json\/wp\/v2\/types\/page"}],"author":[{"embeddable":true,"href":"https:\/\/caminhodafe.com.br\/us\/wp-json\/wp\/v2\/users\/1"}],"replies":[{"embeddable":true,"href":"https:\/\/caminhodafe.com.br\/us\/wp-json\/wp\/v2\/comments?post=207"}],"version-history":[{"count":25,"href":"https:\/\/caminhodafe.com.br\/us\/wp-json\/wp\/v2\/pages\/207\/revisions"}],"predecessor-version":[{"id":1656,"href":"https:\/\/caminhodafe.com.br\/us\/wp-json\/wp\/v2\/pages\/207\/revisions\/1656"}],"wp:featuredmedia":[{"embeddable":true,"href":"https:\/\/caminhodafe.com.br\/us\/wp-json\/wp\/v2\/media\/1602"}],"wp:attachment":[{"href":"https:\/\/caminhodafe.com.br\/us\/wp-json\/wp\/v2\/media?parent=207"}],"curies":[{"name":"wp","href":"https:\/\/api.w.org\/{rel}","templated":true}]}}