


{"id":1031,"date":"2017-03-05T00:22:16","date_gmt":"2017-03-05T03:22:16","guid":{"rendered":"https:\/\/caminhodafe.com.br\/us\/?page_id=1031"},"modified":"2018-02-26T20:12:06","modified_gmt":"2018-02-26T23:12:06","slug":"religiosity","status":"publish","type":"page","link":"https:\/\/caminhodafe.com.br\/us\/religiosity\/","title":{"rendered":"Religiosity"},"content":{"rendered":"<h2><\/h2>\n<h3><\/h3>\n<h3><\/h3>\n<h4>&#8220;The pilgrimage is,\u00a0first of all,\u00a0a journey to a sacred place, whether for a place nearby or to a distant location.\u00a0But it is more than that, because as pilgrims, travelers are faced with rituals, objects and sacred architecture. Traveling alone or in a group, the travel experience can be as important as achieving a specific goal.<\/h4>\n<h4>Sometimes the journey itself is an essential aspect of the pilgrimage, which involves difficulties and requires good physical preparation.\u00a0Other times, the journey is almost intangible and the destination can be anywhere.<\/h4>\n<h4>The pilgrimage has to do with two aspects: with the pilgrim returning home, carrying his memories and\u00a0souvenirs\u00a0of the trip and the fact that the pilgrim completed the trip &#8230; &#8220;<\/h4>\n<h4><\/h4>\n<h4>(Book\u00a0&#8220;Paths of Faith &#8211; Pelos Caminhos da F\u00e9\u201d, by David\u00a0Souden)<\/h4>\n<h4>In general, whatever the meaning for the pilgrimage, the elevation of the being, the sense of solidarity, love for mankind, compassion and renewal of faith, culminating in the intimate feel of each pilgrim, pilgrimages around the world are based in the need that humanity feels to evolve through faith, seeking meaning and connection to its higher power.<\/h4>\n<h4><\/h4>\n<h4><\/h4>\n<h4><span style=\"text-decoration: underline;\"><span style=\"color: #000080;\"><strong>Points of interest:<\/strong><\/span><\/span><\/h4>\n<ul>\n<li class=\"x_MsoListParagraph\">\n<h4 id=\"tw-target-text\" class=\"tw-data-text tw-ta tw-text-small\" dir=\"ltr\" data-placeholder=\"Tradu\u00e7\u00e3o\"><span lang=\"en\">Aparecida: National Shrine of Aparecida <\/span><\/h4>\n<\/li>\n<li class=\"x_MsoListParagraph\">\n<h4 id=\"tw-target-text\" class=\"tw-data-text tw-ta tw-text-small\" dir=\"ltr\" data-placeholder=\"Tradu\u00e7\u00e3o\"><span lang=\"en\">Mococa: Diocesan Shrine of Eucharistic Adoration Our Lady of the Rosary <\/span><\/h4>\n<\/li>\n<li class=\"x_MsoListParagraph\">\n<h4>S\u00e3o Jo\u00e3o da Boa Vista:<\/h4>\n<ul>\n<li class=\"x_MsoListParagraph\">\n<h4 id=\"tw-target-text\" class=\"tw-data-text tw-ta tw-text-small\" dir=\"ltr\" data-placeholder=\"Tradu\u00e7\u00e3o\">Diocesan Shrine of Eucharistic Adoration Our Lady of Aparecida<\/h4>\n<\/li>\n<li class=\"x_MsoListParagraph\">\n<h4 id=\"tw-target-text\" class=\"tw-data-text tw-ta tw-text-small\" dir=\"ltr\" data-placeholder=\"Tradu\u00e7\u00e3o\">\u00a0Museum of Sacred Art<\/h4>\n<\/li>\n<li class=\"x_MsoListParagraph\">\n<h4 id=\"tw-target-text\" class=\"tw-data-text tw-ta tw-text-small\" dir=\"ltr\" data-placeholder=\"Tradu\u00e7\u00e3o\">Diocesan Shrine of Eucharistic Adoration Our Lady of Perpetual Help<\/h4>\n<\/li>\n<\/ul>\n<\/li>\n<li class=\"x_MsoListParagraph\">\n<h4 id=\"tw-target-text\" class=\"tw-data-text tw-ta tw-text-small\" dir=\"ltr\" data-placeholder=\"Tradu\u00e7\u00e3o\">Vargem Grande do Sul: Sanctuary of Our Lady of Desterro<\/h4>\n<\/li>\n<li class=\"x_MsoListParagraph\">\n<h4 id=\"tw-target-text\" class=\"tw-data-text tw-ta tw-text-small\" dir=\"ltr\" data-placeholder=\"Tradu\u00e7\u00e3o\">Caconde: Diocesan Shrine of Eucharistic Adoration Our Lady of the Conception<\/h4>\n<\/li>\n<li class=\"x_MsoListParagraph\">\n<h4 id=\"tw-target-text\" class=\"tw-data-text tw-ta tw-text-small\" dir=\"ltr\" data-placeholder=\"Tradu\u00e7\u00e3o\">Tamba\u00fa: Our Lady of Aparecida Shrine<\/h4>\n<\/li>\n<li class=\"x_MsoListParagraph\">\n<h4 id=\"tw-target-text\" class=\"tw-data-text tw-ta tw-text-small\" dir=\"ltr\" data-placeholder=\"Tradu\u00e7\u00e3o\">S\u00e3o Jos\u00e9 do Rio Pardo: San Roque Shrine San Antonio Sanctuary<\/h4>\n<\/li>\n<li class=\"x_MsoListParagraph\">\n<h4 id=\"tw-target-text\" class=\"tw-data-text tw-ta tw-text-small\" dir=\"ltr\" data-placeholder=\"Tradu\u00e7\u00e3o\">Porto Ferreira: San Sebasti\u00e1n Diocesan Sanctuary<\/h4>\n<h4>S\u00e3o Carlos :<\/h4>\n<ul>\n<li class=\"x_MsoListParagraph\">\n<h4 id=\"tw-target-text\" class=\"tw-data-text tw-ta tw-text-small\" dir=\"ltr\" data-placeholder=\"Tradu\u00e7\u00e3o\">St. Charles Borromeo Diocesan Cathedral<\/h4>\n<\/li>\n<li class=\"x_MsoListParagraph\">\n<h4 id=\"tw-target-text\" class=\"tw-data-text tw-ta tw-text-small\" dir=\"ltr\" data-placeholder=\"Tradu\u00e7\u00e3o\">Sanctuary of Our Lady Aparecida da Babil\u00f4nia<\/h4>\n<\/li>\n<li class=\"x_MsoListParagraph\">\n<h4 id=\"tw-target-text\" class=\"tw-data-text tw-ta tw-text-small\" dir=\"ltr\" data-placeholder=\"Tradu\u00e7\u00e3o\">Sanctuary of Worship St. Pius X<\/h4>\n<\/li>\n<\/ul>\n<\/li>\n<li class=\"x_MsoNormal\">\n<h4>Santa Rita do Passa Quatro: Sanctuary of Santa Rita de C\u00e1ssia<\/h4>\n<\/li>\n<li class=\"x_MsoNormal\">\n<h4>Borda da Mata: Shrine of Our Lady from Carmo<\/h4>\n<\/li>\n<li class=\"x_MsoListParagraph\">\n<h4>Ouro Fino:\u00a0San Francisco de Paula Sanctuary and Our Lady of Fatima<\/h4>\n<\/li>\n<li class=\"x_MsoListParagraph\">\n<h4>Sert\u00e3ozinho:\u00a0<span lang=\"en\">Christ the Savior Park <\/span>Way of the Faith &#8211; lift that leads to the Christ with panoramic view<\/h4>\n<\/li>\n<li class=\"x_MsoListParagraph\">\n<h4>S\u00e3o Sim\u00e3o: Matrix of\u00a0San Sim\u00e3o Apostle<\/h4>\n<\/li>\n<\/ul>\n<h3><a href=\"https:\/\/caminhodafe.com.br\/us\/motivations\/\">BACK\u21d0<\/a><\/h3>\n","protected":false},"excerpt":{"rendered":"<p>&#8220;The pilgrimage is,\u00a0first of all,\u00a0a journey to a sacred place, whether for a place nearby or to a distant location.\u00a0But it is more than that, because as pilgrims, travelers are faced with rituals, objects and sacred architecture. Traveling alone or in a group, the travel experience can be as important as achieving a specific goal. Sometimes the journey itself is an essential aspect of the pilgrimage, which involves difficulties and requires good physical preparation.\u00a0Other times, the journey is almost intangible and the destination can be anywhere. The pilgrimage has to do with two aspects: with the pilgrim returning home, carrying his memories and\u00a0souvenirs\u00a0of the trip and the fact that the pilgrim completed the trip &#8230; &#8220; (Book\u00a0&#8220;Paths of Faith &#8211; Pelos Caminhos da F\u00e9\u201d, by David\u00a0Souden) In general, whatever the meaning for the pilgrimage, the elevation of the being, the sense of solidarity, love for mankind, compassion and renewal of faith, culminating in the intimate feel of each pilgrim, pilgrimages around the world are based in the need that humanity feels to evolve through faith, seeking meaning and connection to its higher power. Points of interest: Aparecida: National Shrine of Aparecida Mococa: Diocesan Shrine of Eucharistic Adoration Our Lady of the Rosary S\u00e3o Jo\u00e3o da Boa Vista: Diocesan Shrine of Eucharistic Adoration Our Lady of Aparecida \u00a0Museum of Sacred Art Diocesan Shrine of Eucharistic Adoration Our Lady of Perpetual Help Vargem Grande do Sul: Sanctuary of Our Lady of Desterro Caconde: Diocesan Shrine of Eucharistic Adoration Our Lady of the Conception Tamba\u00fa: Our Lady of Aparecida Shrine S\u00e3o Jos\u00e9 do Rio Pardo: San Roque Shrine San Antonio Sanctuary Porto Ferreira: San Sebasti\u00e1n Diocesan Sanctuary S\u00e3o Carlos : St. Charles Borromeo Diocesan Cathedral Sanctuary of Our Lady Aparecida da Babil\u00f4nia Sanctuary of Worship St. Pius X Santa Rita do Passa Quatro: Sanctuary of Santa Rita de C\u00e1ssia Borda da Mata: Shrine of Our Lady from Carmo Ouro Fino:\u00a0San Francisco de Paula Sanctuary and Our Lady of Fatima Sert\u00e3ozinho:\u00a0Christ the Savior Park Way of the Faith &#8211; lift that leads to the Christ with panoramic view S\u00e3o Sim\u00e3o: Matrix of\u00a0San Sim\u00e3o Apostle BACK\u21d0<\/p>\n","protected":false},"author":1,"featured_media":0,"parent":0,"menu_order":0,"comment_status":"closed","ping_status":"closed","template":"","meta":{"footnotes":""},"class_list":["post-1031","page","type-page","status-publish","hentry"],"_links":{"self":[{"href":"https:\/\/caminhodafe.com.br\/us\/wp-json\/wp\/v2\/pages\/1031","targetHints":{"allow":["GET"]}}],"collection":[{"href":"https:\/\/caminhodafe.com.br\/us\/wp-json\/wp\/v2\/pages"}],"about":[{"href":"https:\/\/caminhodafe.com.br\/us\/wp-json\/wp\/v2\/types\/page"}],"author":[{"embeddable":true,"href":"https:\/\/caminhodafe.com.br\/us\/wp-json\/wp\/v2\/users\/1"}],"replies":[{"embeddable":true,"href":"https:\/\/caminhodafe.com.br\/us\/wp-json\/wp\/v2\/comments?post=1031"}],"version-history":[{"count":8,"href":"https:\/\/caminhodafe.com.br\/us\/wp-json\/wp\/v2\/pages\/1031\/revisions"}],"predecessor-version":[{"id":1643,"href":"https:\/\/caminhodafe.com.br\/us\/wp-json\/wp\/v2\/pages\/1031\/revisions\/1643"}],"wp:attachment":[{"href":"https:\/\/caminhodafe.com.br\/us\/wp-json\/wp\/v2\/media?parent=1031"}],"curies":[{"name":"wp","href":"https:\/\/api.w.org\/{rel}","templated":true}]}}