{"id":9227,"date":"2024-06-11T09:34:05","date_gmt":"2024-06-11T12:34:05","guid":{"rendered":"https:\/\/caminhodafe.com.br\/ptbr\/?page_id=9227"},"modified":"2025-05-28T09:36:44","modified_gmt":"2025-05-28T12:36:44","slug":"camiseta-juff-babylook-gola-v","status":"publish","type":"page","link":"https:\/\/caminhodafe.com.br\/ptbr\/camiseta-juff-babylook-gola-v\/","title":{"rendered":"Camiseta Juff Babylook Gola \u201cV\u201d"},"content":{"rendered":"<section class=\"wpb-content-wrapper\"><p>[vc_row][vc_column width=&#8221;2\/3&#8243;][vc_single_image image=&#8221;10206&#8243; img_size=&#8221;medium&#8221; onclick=&#8221;link_image&#8221;][vc_row_inner][vc_column_inner width=&#8221;1\/3&#8243;][vc_single_image image=&#8221;10206&#8243; onclick=&#8221;link_image&#8221;][vc_single_image image=&#8221;10212&#8243; onclick=&#8221;link_image&#8221;][\/vc_column_inner][vc_column_inner width=&#8221;1\/3&#8243;][vc_single_image image=&#8221;9233&#8243; onclick=&#8221;link_image&#8221;][vc_single_image image=&#8221;9235&#8243; onclick=&#8221;link_image&#8221;][\/vc_column_inner][vc_column_inner width=&#8221;1\/3&#8243;][vc_single_image image=&#8221;9228&#8243; onclick=&#8221;link_image&#8221;][vc_single_image image=&#8221;9234&#8243; onclick=&#8221;link_image&#8221;][\/vc_column_inner][\/vc_row_inner][vc_row_inner][vc_column_inner width=&#8221;1\/3&#8243;][\/vc_column_inner][vc_column_inner width=&#8221;1\/3&#8243;][\/vc_column_inner][vc_column_inner width=&#8221;1\/3&#8243;][\/vc_column_inner][\/vc_row_inner][\/vc_column][vc_column width=&#8221;1\/3&#8243;][vc_column_text]<\/p>\n<h3><strong>Detalhes do Produto<\/strong><\/h3>\n<h3 class=\"wpb_heading wpb_singleimage_heading\">CAMISETAS JUFF BABYLOOK GOLA V<\/h3>\n<p>Tamanhos dispon\u00edveis:<\/p>\n<p>P, M, G, GG e EXG<\/p>\n<p>Cores: Branca ou Preta<\/p>\n<h3>Pre\u00e7o: R$ 89,90<\/h3>\n<p>[\/vc_column_text][vc_row_inner][vc_column_inner][vc_btn title=&#8221;Comprar (Voc\u00ea ser\u00e1 redirecionado para o WhastApp da Associa\u00e7\u00e3o)&#8221; color=&#8221;success&#8221; align=&#8221;center&#8221; button_block=&#8221;true&#8221; link=&#8221;url:https%3A%2F%2Fcaminhodafe.com.br%2Fptbr%2Fcamiseta-juff-babylook-gola-v%2F|title:Camiseta%20Juff%20Babylook%20Gola%20%E2%80%9CV%E2%80%9D||&#8221;][\/vc_column_inner][\/vc_row_inner][\/vc_column][\/vc_row]<\/p>\n<\/section>","protected":false},"excerpt":{"rendered":"<p>[vc_row][vc_column width=&#8221;2\/3&#8243;][vc_single_image image=&#8221;10206&#8243; img_size=&#8221;medium&#8221; onclick=&#8221;link_image&#8221;][vc_row_inner][vc_column_inner width=&#8221;1\/3&#8243;][vc_single_image image=&#8221;10206&#8243; onclick=&#8221;link_image&#8221;][vc_single_image image=&#8221;10212&#8243; onclick=&#8221;link_image&#8221;][\/vc_column_inner][vc_column_inner width=&#8221;1\/3&#8243;][vc_single_image image=&#8221;9233&#8243; onclick=&#8221;link_image&#8221;][vc_single_image image=&#8221;9235&#8243; onclick=&#8221;link_image&#8221;][\/vc_column_inner][vc_column_inner width=&#8221;1\/3&#8243;][vc_single_image image=&#8221;9228&#8243; onclick=&#8221;link_image&#8221;][vc_single_image image=&#8221;9234&#8243; onclick=&#8221;link_image&#8221;][\/vc_column_inner][\/vc_row_inner][vc_row_inner][vc_column_inner width=&#8221;1\/3&#8243;][\/vc_column_inner][vc_column_inner width=&#8221;1\/3&#8243;][\/vc_column_inner][vc_column_inner width=&#8221;1\/3&#8243;][\/vc_column_inner][\/vc_row_inner][\/vc_column][vc_column width=&#8221;1\/3&#8243;][vc_column_text] Detalhes do Produto CAMISETAS JUFF BABYLOOK GOLA V Tamanhos dispon\u00edveis: P, M, G, GG e EXG Cores: Branca ou Preta Pre\u00e7o: R$ 89,90 [\/vc_column_text][vc_row_inner][vc_column_inner][vc_btn title=&#8221;Comprar (Voc\u00ea ser\u00e1 redirecionado para o WhastApp da Associa\u00e7\u00e3o)&#8221; color=&#8221;success&#8221; align=&#8221;center&#8221; button_block=&#8221;true&#8221; link=&#8221;url:https%3A%2F%2Fcaminhodafe.com.br%2Fptbr%2Fcamiseta-juff-babylook-gola-v%2F|title:Camiseta%20Juff%20Babylook%20Gola%20%E2%80%9CV%E2%80%9D||&#8221;][\/vc_column_inner][\/vc_row_inner][\/vc_column][\/vc_row]<\/p>\n","protected":false},"author":2,"featured_media":0,"parent":0,"menu_order":0,"comment_status":"closed","ping_status":"closed","template":"","meta":{"content-type":"","_monsterinsights_skip_tracking":false,"_monsterinsights_sitenote_active":false,"_monsterinsights_sitenote_note":"","_monsterinsights_sitenote_category":0,"footnotes":""},"class_list":["post-9227","page","type-page","status-publish","hentry"],"_links":{"self":[{"href":"https:\/\/caminhodafe.com.br\/ptbr\/wp-json\/wp\/v2\/pages\/9227","targetHints":{"allow":["GET"]}}],"collection":[{"href":"https:\/\/caminhodafe.com.br\/ptbr\/wp-json\/wp\/v2\/pages"}],"about":[{"href":"https:\/\/caminhodafe.com.br\/ptbr\/wp-json\/wp\/v2\/types\/page"}],"author":[{"embeddable":true,"href":"https:\/\/caminhodafe.com.br\/ptbr\/wp-json\/wp\/v2\/users\/2"}],"replies":[{"embeddable":true,"href":"https:\/\/caminhodafe.com.br\/ptbr\/wp-json\/wp\/v2\/comments?post=9227"}],"version-history":[{"count":8,"href":"https:\/\/caminhodafe.com.br\/ptbr\/wp-json\/wp\/v2\/pages\/9227\/revisions"}],"predecessor-version":[{"id":10219,"href":"https:\/\/caminhodafe.com.br\/ptbr\/wp-json\/wp\/v2\/pages\/9227\/revisions\/10219"}],"wp:attachment":[{"href":"https:\/\/caminhodafe.com.br\/ptbr\/wp-json\/wp\/v2\/media?parent=9227"}],"curies":[{"name":"wp","href":"https:\/\/api.w.org\/{rel}","templated":true}]}}