{"id":8760,"date":"2024-01-16T13:17:47","date_gmt":"2024-01-16T16:17:47","guid":{"rendered":"https:\/\/caminhodafe.com.br\/ptbr\/?page_id=8760"},"modified":"2025-04-29T15:53:47","modified_gmt":"2025-04-29T18:53:47","slug":"meia-caminho-da-fe","status":"publish","type":"page","link":"https:\/\/caminhodafe.com.br\/ptbr\/meia-caminho-da-fe\/","title":{"rendered":"MEIA CAMINHO DA F\u00c9"},"content":{"rendered":"<section class=\"wpb-content-wrapper\"><p>[vc_row][vc_column width=&#8221;2\/3&#8243;][vc_single_image image=&#8221;8763&#8243; img_size=&#8221;large&#8221; onclick=&#8221;zoom&#8221;][vc_row_inner][vc_column_inner width=&#8221;1\/3&#8243;][vc_single_image image=&#8221;8762&#8243; onclick=&#8221;link_image&#8221;][\/vc_column_inner][vc_column_inner width=&#8221;1\/3&#8243;][vc_single_image image=&#8221;8761&#8243; onclick=&#8221;link_image&#8221;][\/vc_column_inner][vc_column_inner width=&#8221;1\/3&#8243;][vc_single_image image=&#8221;8764&#8243; onclick=&#8221;link_image&#8221;][\/vc_column_inner][\/vc_row_inner][\/vc_column][vc_column width=&#8221;1\/3&#8243;][vc_column_text]<\/p>\n<h1 class=\"product-name\">MEIA CAMINHO DA F\u00c9<\/h1>\n<div class=\"line-info flex align-center\"><\/div>\n<h4>Material:<\/h4>\n<p>97% poliamida<\/p>\n<p>3% elastano<\/p>\n<p>&nbsp;<\/p>\n<h2><strong>R$ 49,90<\/strong><\/h2>\n<h4><\/h4>\n<p>[\/vc_column_text][vc_row_inner][vc_column_inner][vc_btn title=&#8221;Comprar &#8211; Voc\u00ea ser\u00e1 redirecionado para o Whatsapp da Associa\u00e7\u00e3o&#8221; color=&#8221;success&#8221; align=&#8221;center&#8221; button_block=&#8221;true&#8221; link=&#8221;url:https%3A%2F%2Fapi.whatsapp.com%2Fsend%3Fphone%3D5519998562620%26text%3DOl.%20Gostaria%20de%20mais%20informa%C3%A7%C3%B5es%20sobre%20a%20meia%20do%20caminho%20da%20f%C3%A9||target:%20_blank|&#8221;][\/vc_column_inner][\/vc_row_inner][\/vc_column][\/vc_row]<\/p>\n<\/section>","protected":false},"excerpt":{"rendered":"<p>[vc_row][vc_column width=&#8221;2\/3&#8243;][vc_single_image image=&#8221;8763&#8243; img_size=&#8221;large&#8221; onclick=&#8221;zoom&#8221;][vc_row_inner][vc_column_inner width=&#8221;1\/3&#8243;][vc_single_image image=&#8221;8762&#8243; onclick=&#8221;link_image&#8221;][\/vc_column_inner][vc_column_inner width=&#8221;1\/3&#8243;][vc_single_image image=&#8221;8761&#8243; onclick=&#8221;link_image&#8221;][\/vc_column_inner][vc_column_inner width=&#8221;1\/3&#8243;][vc_single_image image=&#8221;8764&#8243; onclick=&#8221;link_image&#8221;][\/vc_column_inner][\/vc_row_inner][\/vc_column][vc_column width=&#8221;1\/3&#8243;][vc_column_text] MEIA CAMINHO DA F\u00c9 Material: 97% poliamida 3% elastano &nbsp; R$ 49,90 [\/vc_column_text][vc_row_inner][vc_column_inner][vc_btn title=&#8221;Comprar &#8211; Voc\u00ea ser\u00e1 redirecionado para o Whatsapp da Associa\u00e7\u00e3o&#8221; color=&#8221;success&#8221; align=&#8221;center&#8221; button_block=&#8221;true&#8221; link=&#8221;url:https%3A%2F%2Fapi.whatsapp.com%2Fsend%3Fphone%3D5519998562620%26text%3DOl.%20Gostaria%20de%20mais%20informa%C3%A7%C3%B5es%20sobre%20a%20meia%20do%20caminho%20da%20f%C3%A9||target:%20_blank|&#8221;][\/vc_column_inner][\/vc_row_inner][\/vc_column][\/vc_row]<\/p>\n","protected":false},"author":2,"featured_media":0,"parent":0,"menu_order":0,"comment_status":"closed","ping_status":"closed","template":"","meta":{"content-type":"","_monsterinsights_skip_tracking":false,"_monsterinsights_sitenote_active":false,"_monsterinsights_sitenote_note":"","_monsterinsights_sitenote_category":0,"footnotes":""},"class_list":["post-8760","page","type-page","status-publish","hentry"],"_links":{"self":[{"href":"https:\/\/caminhodafe.com.br\/ptbr\/wp-json\/wp\/v2\/pages\/8760","targetHints":{"allow":["GET"]}}],"collection":[{"href":"https:\/\/caminhodafe.com.br\/ptbr\/wp-json\/wp\/v2\/pages"}],"about":[{"href":"https:\/\/caminhodafe.com.br\/ptbr\/wp-json\/wp\/v2\/types\/page"}],"author":[{"embeddable":true,"href":"https:\/\/caminhodafe.com.br\/ptbr\/wp-json\/wp\/v2\/users\/2"}],"replies":[{"embeddable":true,"href":"https:\/\/caminhodafe.com.br\/ptbr\/wp-json\/wp\/v2\/comments?post=8760"}],"version-history":[{"count":2,"href":"https:\/\/caminhodafe.com.br\/ptbr\/wp-json\/wp\/v2\/pages\/8760\/revisions"}],"predecessor-version":[{"id":10081,"href":"https:\/\/caminhodafe.com.br\/ptbr\/wp-json\/wp\/v2\/pages\/8760\/revisions\/10081"}],"wp:attachment":[{"href":"https:\/\/caminhodafe.com.br\/ptbr\/wp-json\/wp\/v2\/media?parent=8760"}],"curies":[{"name":"wp","href":"https:\/\/api.w.org\/{rel}","templated":true}]}}