{"id":8530,"date":"2023-08-17T13:31:50","date_gmt":"2023-08-17T16:31:50","guid":{"rendered":"https:\/\/caminhodafe.com.br\/ptbr\/?page_id=8530"},"modified":"2024-04-24T08:51:15","modified_gmt":"2024-04-24T11:51:15","slug":"contratos","status":"publish","type":"page","link":"https:\/\/caminhodafe.com.br\/ptbr\/contratos\/","title":{"rendered":"Contratos"},"content":{"rendered":"<section class=\"wpb-content-wrapper\"><p>[vc_row][vc_column][vc_column_text]<\/p>\n<h2 style=\"text-align: center;\"><span style=\"color: #000080;\">CONTRATOS<\/span><\/h2>\n<p>[\/vc_column_text][\/vc_column][\/vc_row][vc_row][vc_column][vc_separator color=&#8221;blue&#8221; border_width=&#8221;2&#8243;][\/vc_column][\/vc_row][vc_row][vc_column][vc_column_text]<\/p>\n<h2 style=\"text-align: center;\"><span style=\"color: #000080;\">Contratos de Credenciamento<\/span><\/h2>\n<p>[\/vc_column_text][\/vc_column][\/vc_row][vc_row][vc_column width=&#8221;1\/3&#8243;][vc_single_image image=&#8221;8532&#8243; alignment=&#8221;center&#8221; onclick=&#8221;custom_link&#8221; title=&#8221;Luiz Henrique da Silva&#8221; link=&#8221;https:\/\/drive.google.com\/file\/d\/1OREgADcMIHbWDvWPxzr5dqkgiVt2pfRp\/view?usp=sharing&#8221;][\/vc_column][vc_column width=&#8221;1\/3&#8243;][vc_single_image image=&#8221;8532&#8243; alignment=&#8221;center&#8221; onclick=&#8221;custom_link&#8221; title=&#8221;C E G Costa Servi\u00e7os de Turismo&#8221; link=&#8221;https:\/\/drive.google.com\/file\/d\/1-EDyTal87MkibD07UjuPhxBm4spjUtSs\/view?usp=sharing&#8221;][\/vc_column][vc_column width=&#8221;1\/3&#8243;][vc_single_image image=&#8221;8532&#8243; alignment=&#8221;center&#8221; onclick=&#8221;custom_link&#8221; title=&#8221;Bikers Rio Pardo&#8221; link=&#8221;https:\/\/drive.google.com\/file\/d\/156-N6e_dxUjbrIhs1jmMXcfUignVCMuA\/view?usp=sharing&#8221;][\/vc_column][\/vc_row][vc_row][vc_column width=&#8221;1\/3&#8243;][vc_single_image image=&#8221;8532&#8243; alignment=&#8221;center&#8221; onclick=&#8221;custom_link&#8221; title=&#8221;F\u00e9 no Caminho&#8221; link=&#8221;https:\/\/drive.google.com\/file\/d\/1kW-yUxPzNEt-u0KE9XNeqwXckuUQ7_p1\/view?usp=sharing&#8221;][\/vc_column][vc_column width=&#8221;1\/3&#8243;][vc_single_image image=&#8221;8532&#8243; alignment=&#8221;center&#8221; onclick=&#8221;custom_link&#8221; title=&#8221;Vamuand\u00e1&#8221; link=&#8221;https:\/\/drive.google.com\/file\/d\/1ch4gSSoWWyeIt0DICaeAD_UQEeYsIVXd\/view?usp=sharing&#8221;][\/vc_column][vc_column width=&#8221;1\/3&#8243;][vc_single_image image=&#8221;8532&#8243; alignment=&#8221;center&#8221; onclick=&#8221;custom_link&#8221; title=&#8221;Voc\u00ea nos Caminhos&#8221; link=&#8221;https:\/\/drive.google.com\/file\/d\/1WQuQKQXMLYCx1NxCfqrN_U2jvDjcBxYb\/view?usp=sharing&#8221;][\/vc_column][\/vc_row][vc_row][vc_column][vc_separator color=&#8221;blue&#8221; border_width=&#8221;2&#8243;][\/vc_column][\/vc_row][vc_row][vc_column][vc_column_text]<\/p>\n<h2 style=\"text-align: center;\"><span style=\"color: #000080;\">Contratos de Licen\u00e7a<\/span><\/h2>\n<p>[\/vc_column_text][\/vc_column][\/vc_row][vc_row][vc_column width=&#8221;1\/3&#8243;][vc_single_image image=&#8221;8534&#8243; alignment=&#8221;center&#8221; onclick=&#8221;custom_link&#8221; title=&#8221;Quadros Outdoors&#8221; link=&#8221;https:\/\/drive.google.com\/file\/d\/1KsFLAPZLeUIeZvQX1x_VvQsa3hgRBR04\/view?usp=sharing&#8221;][\/vc_column][vc_column width=&#8221;1\/3&#8243;][vc_single_image image=&#8221;8534&#8243; alignment=&#8221;center&#8221; onclick=&#8221;custom_link&#8221; title=&#8221;F8 Studio&#8221; link=&#8221;https:\/\/drive.google.com\/file\/d\/1zxy4COzSD-dcpXHYTrMw60Q6Pnd91iI0\/view?usp=sharing&#8221;][\/vc_column][vc_column width=&#8221;1\/3&#8243;][vc_single_image image=&#8221;8534&#8243; alignment=&#8221;center&#8221; onclick=&#8221;custom_link&#8221; title=&#8221;Loja Sakamoto&#8221; link=&#8221;https:\/\/drive.google.com\/file\/d\/14cstEEnMhuRfZ4aBO1Ct7sbq5o27MMoK\/view?usp=sharing&#8221;][\/vc_column][\/vc_row][vc_row][vc_column][vc_separator color=&#8221;blue&#8221; border_width=&#8221;2&#8243;][\/vc_column][\/vc_row][vc_row][vc_column][vc_column_text]<\/p>\n<h2 style=\"text-align: center;\"><span style=\"color: #000080;\">Acordos de Coopera\u00e7\u00e3o T\u00e9cnica<\/span><\/h2>\n<p>[\/vc_column_text][\/vc_column][\/vc_row][vc_row][vc_column width=&#8221;1\/3&#8243;][vc_single_image image=&#8221;8533&#8243; alignment=&#8221;center&#8221; onclick=&#8221;custom_link&#8221; title=&#8221;Nico Ferrera Mosaicos&#8221; link=&#8221;https:\/\/drive.google.com\/file\/d\/1nzXvZxlLBIQLDFmW1uZTGcoVnBSTMKEr\/view?usp=sharing&#8221;][\/vc_column][vc_column width=&#8221;1\/3&#8243;][vc_single_image image=&#8221;8533&#8243; alignment=&#8221;center&#8221; onclick=&#8221;custom_link&#8221; title=&#8221;Associa\u00e7\u00e3o Rede Brasileira de Trilhas&#8221; link=&#8221;https:\/\/drive.google.com\/file\/d\/1Dedd59DkCwI8hgcoZzdb6XF51K4V-4sl\/view?usp=sharing&#8221;][\/vc_column][vc_column width=&#8221;1\/3&#8243;][vc_single_image image=&#8221;8533&#8243; alignment=&#8221;center&#8221; onclick=&#8221;custom_link&#8221; title=&#8221;Associa\u00e7\u00e3o Prof. de Eventos Esportivos&#8221; link=&#8221;https:\/\/drive.google.com\/file\/d\/1Sz6kxb_6bncZ-T4jiYwF34P_lQUWuT8E\/view?usp=sharing&#8221;][\/vc_column][\/vc_row][vc_row][vc_column width=&#8221;1\/3&#8243;][vc_single_image image=&#8221;8533&#8243; alignment=&#8221;center&#8221; onclick=&#8221;custom_link&#8221; title=&#8221;Vai na F\u00e9&#8221; link=&#8221;https:\/\/drive.google.com\/file\/d\/1Dedd59DkCwI8hgcoZzdb6XF51K4V-4sl\/view?usp=sharing&#8221;][\/vc_column][vc_column width=&#8221;1\/3&#8243;][\/vc_column][vc_column width=&#8221;1\/3&#8243;][\/vc_column][\/vc_row]<\/p>\n<\/section>","protected":false},"excerpt":{"rendered":"<p>[vc_row][vc_column][vc_column_text] CONTRATOS [\/vc_column_text][\/vc_column][\/vc_row][vc_row][vc_column][vc_separator color=&#8221;blue&#8221; border_width=&#8221;2&#8243;][\/vc_column][\/vc_row][vc_row][vc_column][vc_column_text] Contratos de Credenciamento [\/vc_column_text][\/vc_column][\/vc_row][vc_row][vc_column width=&#8221;1\/3&#8243;][vc_single_image image=&#8221;8532&#8243; alignment=&#8221;center&#8221; onclick=&#8221;custom_link&#8221; title=&#8221;Luiz Henrique da Silva&#8221; link=&#8221;https:\/\/drive.google.com\/file\/d\/1OREgADcMIHbWDvWPxzr5dqkgiVt2pfRp\/view?usp=sharing&#8221;][\/vc_column][vc_column width=&#8221;1\/3&#8243;][vc_single_image image=&#8221;8532&#8243; alignment=&#8221;center&#8221; onclick=&#8221;custom_link&#8221; title=&#8221;C E G Costa Servi\u00e7os de Turismo&#8221; link=&#8221;https:\/\/drive.google.com\/file\/d\/1-EDyTal87MkibD07UjuPhxBm4spjUtSs\/view?usp=sharing&#8221;][\/vc_column][vc_column width=&#8221;1\/3&#8243;][vc_single_image image=&#8221;8532&#8243; alignment=&#8221;center&#8221; onclick=&#8221;custom_link&#8221; title=&#8221;Bikers Rio Pardo&#8221; link=&#8221;https:\/\/drive.google.com\/file\/d\/156-N6e_dxUjbrIhs1jmMXcfUignVCMuA\/view?usp=sharing&#8221;][\/vc_column][\/vc_row][vc_row][vc_column width=&#8221;1\/3&#8243;][vc_single_image image=&#8221;8532&#8243; alignment=&#8221;center&#8221; onclick=&#8221;custom_link&#8221; title=&#8221;F\u00e9 no Caminho&#8221; link=&#8221;https:\/\/drive.google.com\/file\/d\/1kW-yUxPzNEt-u0KE9XNeqwXckuUQ7_p1\/view?usp=sharing&#8221;][\/vc_column][vc_column width=&#8221;1\/3&#8243;][vc_single_image image=&#8221;8532&#8243; alignment=&#8221;center&#8221; onclick=&#8221;custom_link&#8221; title=&#8221;Vamuand\u00e1&#8221; link=&#8221;https:\/\/drive.google.com\/file\/d\/1ch4gSSoWWyeIt0DICaeAD_UQEeYsIVXd\/view?usp=sharing&#8221;][\/vc_column][vc_column width=&#8221;1\/3&#8243;][vc_single_image image=&#8221;8532&#8243; alignment=&#8221;center&#8221; onclick=&#8221;custom_link&#8221; title=&#8221;Voc\u00ea nos Caminhos&#8221; link=&#8221;https:\/\/drive.google.com\/file\/d\/1WQuQKQXMLYCx1NxCfqrN_U2jvDjcBxYb\/view?usp=sharing&#8221;][\/vc_column][\/vc_row][vc_row][vc_column][vc_separator color=&#8221;blue&#8221; border_width=&#8221;2&#8243;][\/vc_column][\/vc_row][vc_row][vc_column][vc_column_text] Contratos de Licen\u00e7a [\/vc_column_text][\/vc_column][\/vc_row][vc_row][vc_column width=&#8221;1\/3&#8243;][vc_single_image image=&#8221;8534&#8243; alignment=&#8221;center&#8221; onclick=&#8221;custom_link&#8221; title=&#8221;Quadros Outdoors&#8221; link=&#8221;https:\/\/drive.google.com\/file\/d\/1KsFLAPZLeUIeZvQX1x_VvQsa3hgRBR04\/view?usp=sharing&#8221;][\/vc_column][vc_column width=&#8221;1\/3&#8243;][vc_single_image image=&#8221;8534&#8243; alignment=&#8221;center&#8221; onclick=&#8221;custom_link&#8221; title=&#8221;F8 Studio&#8221; link=&#8221;https:\/\/drive.google.com\/file\/d\/1zxy4COzSD-dcpXHYTrMw60Q6Pnd91iI0\/view?usp=sharing&#8221;][\/vc_column][vc_column width=&#8221;1\/3&#8243;][vc_single_image image=&#8221;8534&#8243; alignment=&#8221;center&#8221; onclick=&#8221;custom_link&#8221; title=&#8221;Loja Sakamoto&#8221; link=&#8221;https:\/\/drive.google.com\/file\/d\/14cstEEnMhuRfZ4aBO1Ct7sbq5o27MMoK\/view?usp=sharing&#8221;][\/vc_column][\/vc_row][vc_row][vc_column][vc_separator color=&#8221;blue&#8221; border_width=&#8221;2&#8243;][\/vc_column][\/vc_row][vc_row][vc_column][vc_column_text] Acordos de Coopera\u00e7\u00e3o T\u00e9cnica [\/vc_column_text][\/vc_column][\/vc_row][vc_row][vc_column width=&#8221;1\/3&#8243;][vc_single_image image=&#8221;8533&#8243; alignment=&#8221;center&#8221; onclick=&#8221;custom_link&#8221; title=&#8221;Nico Ferrera Mosaicos&#8221; link=&#8221;https:\/\/drive.google.com\/file\/d\/1nzXvZxlLBIQLDFmW1uZTGcoVnBSTMKEr\/view?usp=sharing&#8221;][\/vc_column][vc_column width=&#8221;1\/3&#8243;][vc_single_image image=&#8221;8533&#8243; alignment=&#8221;center&#8221; onclick=&#8221;custom_link&#8221; title=&#8221;Associa\u00e7\u00e3o Rede Brasileira de Trilhas&#8221; link=&#8221;https:\/\/drive.google.com\/file\/d\/1Dedd59DkCwI8hgcoZzdb6XF51K4V-4sl\/view?usp=sharing&#8221;][\/vc_column][vc_column width=&#8221;1\/3&#8243;][vc_single_image image=&#8221;8533&#8243; alignment=&#8221;center&#8221; onclick=&#8221;custom_link&#8221; title=&#8221;Associa\u00e7\u00e3o Prof. de Eventos Esportivos&#8221; link=&#8221;https:\/\/drive.google.com\/file\/d\/1Sz6kxb_6bncZ-T4jiYwF34P_lQUWuT8E\/view?usp=sharing&#8221;][\/vc_column][\/vc_row][vc_row][vc_column width=&#8221;1\/3&#8243;][vc_single_image image=&#8221;8533&#8243; alignment=&#8221;center&#8221; onclick=&#8221;custom_link&#8221; title=&#8221;Vai na F\u00e9&#8221; link=&#8221;https:\/\/drive.google.com\/file\/d\/1Dedd59DkCwI8hgcoZzdb6XF51K4V-4sl\/view?usp=sharing&#8221;][\/vc_column][vc_column width=&#8221;1\/3&#8243;][\/vc_column][vc_column width=&#8221;1\/3&#8243;][\/vc_column][\/vc_row]<\/p>\n","protected":false},"author":2,"featured_media":0,"parent":0,"menu_order":0,"comment_status":"closed","ping_status":"closed","template":"","meta":{"content-type":"","_monsterinsights_skip_tracking":false,"_monsterinsights_sitenote_active":false,"_monsterinsights_sitenote_note":"","_monsterinsights_sitenote_category":0,"footnotes":""},"class_list":["post-8530","page","type-page","status-publish","hentry"],"_links":{"self":[{"href":"https:\/\/caminhodafe.com.br\/ptbr\/wp-json\/wp\/v2\/pages\/8530","targetHints":{"allow":["GET"]}}],"collection":[{"href":"https:\/\/caminhodafe.com.br\/ptbr\/wp-json\/wp\/v2\/pages"}],"about":[{"href":"https:\/\/caminhodafe.com.br\/ptbr\/wp-json\/wp\/v2\/types\/page"}],"author":[{"embeddable":true,"href":"https:\/\/caminhodafe.com.br\/ptbr\/wp-json\/wp\/v2\/users\/2"}],"replies":[{"embeddable":true,"href":"https:\/\/caminhodafe.com.br\/ptbr\/wp-json\/wp\/v2\/comments?post=8530"}],"version-history":[{"count":6,"href":"https:\/\/caminhodafe.com.br\/ptbr\/wp-json\/wp\/v2\/pages\/8530\/revisions"}],"predecessor-version":[{"id":9040,"href":"https:\/\/caminhodafe.com.br\/ptbr\/wp-json\/wp\/v2\/pages\/8530\/revisions\/9040"}],"wp:attachment":[{"href":"https:\/\/caminhodafe.com.br\/ptbr\/wp-json\/wp\/v2\/media?parent=8530"}],"curies":[{"name":"wp","href":"https:\/\/api.w.org\/{rel}","templated":true}]}}