{"id":8513,"date":"2023-08-08T15:45:22","date_gmt":"2023-08-08T18:45:22","guid":{"rendered":"https:\/\/caminhodafe.com.br\/ptbr\/?page_id=8513"},"modified":"2023-08-08T17:13:02","modified_gmt":"2023-08-08T20:13:02","slug":"apresentacoes","status":"publish","type":"page","link":"https:\/\/caminhodafe.com.br\/ptbr\/apresentacoes\/","title":{"rendered":"Apresenta\u00e7\u00f5es"},"content":{"rendered":"<section class=\"wpb-content-wrapper\"><p>[vc_row][vc_column][vc_column_text]<\/p>\n<h2 style=\"text-align: center;\"><span style=\"color: #000080;\">Confira aqui apresenta\u00e7\u00f5es do Caminho da F\u00e9 em Semin\u00e1rios, Congressos e Palestras<\/span><\/h2>\n<p>[\/vc_column_text][\/vc_column][\/vc_row][vc_row][vc_column width=&#8221;1\/3&#8243;][vc_single_image image=&#8221;8519&#8243; alignment=&#8221;center&#8221; onclick=&#8221;custom_link&#8221; title=&#8221;Caminho da F\u00e9 &#8211; Religiosidade, Cultura, Natureza e Esporte&#8221; link=&#8221;https:\/\/caminhodafe.com.br\/ptbr\/wp-content\/uploads\/2023\/08\/apresentacao-seminario-interanacional-de-turismo-religioso.pdf&#8221;][\/vc_column][vc_column width=&#8221;1\/3&#8243;][\/vc_column][vc_column width=&#8221;1\/3&#8243;][\/vc_column][\/vc_row]<\/p>\n<\/section>","protected":false},"excerpt":{"rendered":"<p>[vc_row][vc_column][vc_column_text] Confira aqui apresenta\u00e7\u00f5es do Caminho da F\u00e9 em Semin\u00e1rios, Congressos e Palestras [\/vc_column_text][\/vc_column][\/vc_row][vc_row][vc_column width=&#8221;1\/3&#8243;][vc_single_image image=&#8221;8519&#8243; alignment=&#8221;center&#8221; onclick=&#8221;custom_link&#8221; title=&#8221;Caminho da F\u00e9 &#8211; Religiosidade, Cultura, Natureza e Esporte&#8221; link=&#8221;https:\/\/caminhodafe.com.br\/ptbr\/wp-content\/uploads\/2023\/08\/apresentacao-seminario-interanacional-de-turismo-religioso.pdf&#8221;][\/vc_column][vc_column width=&#8221;1\/3&#8243;][\/vc_column][vc_column width=&#8221;1\/3&#8243;][\/vc_column][\/vc_row]<\/p>\n","protected":false},"author":2,"featured_media":0,"parent":0,"menu_order":0,"comment_status":"closed","ping_status":"closed","template":"","meta":{"content-type":"","_monsterinsights_skip_tracking":false,"_monsterinsights_sitenote_active":false,"_monsterinsights_sitenote_note":"","_monsterinsights_sitenote_category":0,"footnotes":""},"class_list":["post-8513","page","type-page","status-publish","hentry"],"_links":{"self":[{"href":"https:\/\/caminhodafe.com.br\/ptbr\/wp-json\/wp\/v2\/pages\/8513","targetHints":{"allow":["GET"]}}],"collection":[{"href":"https:\/\/caminhodafe.com.br\/ptbr\/wp-json\/wp\/v2\/pages"}],"about":[{"href":"https:\/\/caminhodafe.com.br\/ptbr\/wp-json\/wp\/v2\/types\/page"}],"author":[{"embeddable":true,"href":"https:\/\/caminhodafe.com.br\/ptbr\/wp-json\/wp\/v2\/users\/2"}],"replies":[{"embeddable":true,"href":"https:\/\/caminhodafe.com.br\/ptbr\/wp-json\/wp\/v2\/comments?post=8513"}],"version-history":[{"count":2,"href":"https:\/\/caminhodafe.com.br\/ptbr\/wp-json\/wp\/v2\/pages\/8513\/revisions"}],"predecessor-version":[{"id":8520,"href":"https:\/\/caminhodafe.com.br\/ptbr\/wp-json\/wp\/v2\/pages\/8513\/revisions\/8520"}],"wp:attachment":[{"href":"https:\/\/caminhodafe.com.br\/ptbr\/wp-json\/wp\/v2\/media?parent=8513"}],"curies":[{"name":"wp","href":"https:\/\/api.w.org\/{rel}","templated":true}]}}