{"id":8440,"date":"2023-06-21T08:20:28","date_gmt":"2023-06-21T11:20:28","guid":{"rendered":"https:\/\/caminhodafe.com.br\/ptbr\/?page_id=8440"},"modified":"2023-06-21T09:00:56","modified_gmt":"2023-06-21T12:00:56","slug":"credencial-passaporte","status":"publish","type":"page","link":"https:\/\/caminhodafe.com.br\/ptbr\/credencial-passaporte\/","title":{"rendered":"Credencial passaporte"},"content":{"rendered":"<section class=\"wpb-content-wrapper\"><p>[vc_row][vc_column][vc_column_text]<\/p>\n<h2 class=\"wpb_heading wpb_singleimage_heading\">Credencial passaporte<\/h2>\n<p>[\/vc_column_text][\/vc_column][\/vc_row][vc_row][vc_column width=&#8221;2\/3&#8243;][vc_single_image image=&#8221;8442&#8243; img_size=&#8221;medium&#8221; alignment=&#8221;right&#8221; onclick=&#8221;link_image&#8221;][vc_row_inner][vc_column_inner width=&#8221;1\/3&#8243;][vc_single_image image=&#8221;8441&#8243; onclick=&#8221;link_image&#8221;][\/vc_column_inner][vc_column_inner width=&#8221;1\/3&#8243;][\/vc_column_inner][vc_column_inner width=&#8221;1\/3&#8243;][\/vc_column_inner][\/vc_row_inner][\/vc_column][vc_column width=&#8221;1\/3&#8243;][vc_column_text]<\/p>\n<h3><strong>Detalhes do Produto<\/strong><\/h3>\n<h3>Credencial passaporte<\/h3>\n<p>Mais um lan\u00e7amento em comemora\u00e7\u00e3o aos 20 anos do Caminho da F\u00e9.<br \/>\nEm edi\u00e7\u00e3o limitada a credencial cheia de encantos pode ser usada em qualquer ponto de partida e s\u00f3 \u00e9 disponibilizada na AACF em \u00c1guas da Prata. Entre em contato confira o regulamento e adquira a sua.<\/p>\n<p>&nbsp;<\/p>\n<h3>Pre\u00e7o: R$ 100,00<\/h3>\n<p>[\/vc_column_text][vc_row_inner][vc_column_inner][vc_btn title=&#8221;Comprar (Voc\u00ea ser\u00e1 redirecionado para o WhastApp da Associa\u00e7\u00e3o)&#8221; color=&#8221;success&#8221; align=&#8221;center&#8221; button_block=&#8221;true&#8221; link=&#8221;url:https%3A%2F%2Fapi.whatsapp.com%2Fsend%3Fphone%3D5519998562620%26text%3DOl%C3%A1.%20Gostaria%20de%20mais%20informa%C3%A7%C3%B5es%20sobre%20a%20Credencial%20passaporte|||&#8221;][\/vc_column_inner][\/vc_row_inner][\/vc_column][\/vc_row]<\/p>\n<\/section>","protected":false},"excerpt":{"rendered":"<p>[vc_row][vc_column][vc_column_text] Credencial passaporte [\/vc_column_text][\/vc_column][\/vc_row][vc_row][vc_column width=&#8221;2\/3&#8243;][vc_single_image image=&#8221;8442&#8243; img_size=&#8221;medium&#8221; alignment=&#8221;right&#8221; onclick=&#8221;link_image&#8221;][vc_row_inner][vc_column_inner width=&#8221;1\/3&#8243;][vc_single_image image=&#8221;8441&#8243; onclick=&#8221;link_image&#8221;][\/vc_column_inner][vc_column_inner width=&#8221;1\/3&#8243;][\/vc_column_inner][vc_column_inner width=&#8221;1\/3&#8243;][\/vc_column_inner][\/vc_row_inner][\/vc_column][vc_column width=&#8221;1\/3&#8243;][vc_column_text] Detalhes do Produto Credencial passaporte Mais um lan\u00e7amento em comemora\u00e7\u00e3o aos 20 anos do Caminho da F\u00e9. Em edi\u00e7\u00e3o limitada a credencial cheia de encantos pode ser usada em qualquer ponto de partida e s\u00f3 \u00e9 disponibilizada na AACF em \u00c1guas da Prata. Entre em contato confira o regulamento e adquira a sua. &nbsp; Pre\u00e7o: R$ 100,00 [\/vc_column_text][vc_row_inner][vc_column_inner][vc_btn title=&#8221;Comprar (Voc\u00ea ser\u00e1 redirecionado para o WhastApp da Associa\u00e7\u00e3o)&#8221; color=&#8221;success&#8221; align=&#8221;center&#8221; button_block=&#8221;true&#8221; link=&#8221;url:https%3A%2F%2Fapi.whatsapp.com%2Fsend%3Fphone%3D5519998562620%26text%3DOl%C3%A1.%20Gostaria%20de%20mais%20informa%C3%A7%C3%B5es%20sobre%20a%20Credencial%20passaporte|||&#8221;][\/vc_column_inner][\/vc_row_inner][\/vc_column][\/vc_row]<\/p>\n","protected":false},"author":2,"featured_media":0,"parent":0,"menu_order":0,"comment_status":"closed","ping_status":"closed","template":"","meta":{"content-type":"","_monsterinsights_skip_tracking":false,"_monsterinsights_sitenote_active":false,"_monsterinsights_sitenote_note":"","_monsterinsights_sitenote_category":0,"footnotes":""},"class_list":["post-8440","page","type-page","status-publish","hentry"],"_links":{"self":[{"href":"https:\/\/caminhodafe.com.br\/ptbr\/wp-json\/wp\/v2\/pages\/8440","targetHints":{"allow":["GET"]}}],"collection":[{"href":"https:\/\/caminhodafe.com.br\/ptbr\/wp-json\/wp\/v2\/pages"}],"about":[{"href":"https:\/\/caminhodafe.com.br\/ptbr\/wp-json\/wp\/v2\/types\/page"}],"author":[{"embeddable":true,"href":"https:\/\/caminhodafe.com.br\/ptbr\/wp-json\/wp\/v2\/users\/2"}],"replies":[{"embeddable":true,"href":"https:\/\/caminhodafe.com.br\/ptbr\/wp-json\/wp\/v2\/comments?post=8440"}],"version-history":[{"count":3,"href":"https:\/\/caminhodafe.com.br\/ptbr\/wp-json\/wp\/v2\/pages\/8440\/revisions"}],"predecessor-version":[{"id":8449,"href":"https:\/\/caminhodafe.com.br\/ptbr\/wp-json\/wp\/v2\/pages\/8440\/revisions\/8449"}],"wp:attachment":[{"href":"https:\/\/caminhodafe.com.br\/ptbr\/wp-json\/wp\/v2\/media?parent=8440"}],"curies":[{"name":"wp","href":"https:\/\/api.w.org\/{rel}","templated":true}]}}