{"id":8396,"date":"2023-05-16T18:26:48","date_gmt":"2023-05-16T21:26:48","guid":{"rendered":"https:\/\/caminhodafe.com.br\/ptbr\/?page_id=8396"},"modified":"2023-05-16T18:26:48","modified_gmt":"2023-05-16T21:26:48","slug":"livro-licoes","status":"publish","type":"page","link":"https:\/\/caminhodafe.com.br\/ptbr\/livro-licoes\/","title":{"rendered":"LIVRO Caminho da F\u00e9 &#8211; Li\u00e7\u00f5es Aprendidas"},"content":{"rendered":"<section class=\"wpb-content-wrapper\"><p>[vc_row][vc_column][vc_column_text]<\/p>\n<h2 class=\"wpb_heading wpb_singleimage_heading\">E-book: Caminho da F\u00e9 &#8211; Li\u00e7\u00f5es Aprendidas<\/h2>\n<p>[\/vc_column_text][\/vc_column][\/vc_row][vc_row][vc_column width=&#8221;2\/3&#8243;][vc_single_image image=&#8221;8397&#8243; img_size=&#8221;full&#8221; onclick=&#8221;link_image&#8221;][vc_row_inner][vc_column_inner width=&#8221;1\/3&#8243;][\/vc_column_inner][vc_column_inner width=&#8221;1\/3&#8243;][\/vc_column_inner][vc_column_inner width=&#8221;1\/3&#8243;][\/vc_column_inner][\/vc_row_inner][\/vc_column][vc_column width=&#8221;1\/3&#8243;][vc_column_text]<\/p>\n<h3><strong>Detalhes do Produto<\/strong><\/h3>\n<h3 style=\"padding-left: 40px;\">E-book: Caminho da F\u00e9 &#8211; Li\u00e7\u00f5es Aprendidas<\/h3>\n<h3 style=\"padding-left: 40px;\">Autora: ANDREA AGUIAR<\/h3>\n<p style=\"padding-left: 40px;\">Um e-book onde conto minhas experi\u00eancias e li\u00e7\u00f5es aprendidas numa peregrina\u00e7\u00e3o de 160 Km, caminhando junto com meu irm\u00e3o, no Caminho da F\u00e9, de Estiva rumo \u00e0 Aparecida\/SP &#8211; Brasil, um dos percursos mais encantadores do nosso Pa\u00eds.<\/p>\n<h3 style=\"padding-left: 40px;\">Pre\u00e7o: R$ 26,00<\/h3>\n<p>[\/vc_column_text][vc_row_inner][vc_column_inner][vc_btn title=&#8221;Comprar (Voc\u00ea ser\u00e1 redirecionado para a p\u00e1gina de vendas do livro)&#8221; color=&#8221;success&#8221; align=&#8221;center&#8221; button_block=&#8221;true&#8221; link=&#8221;url:https%3A%2F%2Fhotmart.com%2Fpt-br%2Fmarketplace%2Fprodutos%2Fcaminho-da-fe-licoes-aprendidas%2FW81341544R|||&#8221;][\/vc_column_inner][\/vc_row_inner][\/vc_column][\/vc_row]<\/p>\n<\/section>","protected":false},"excerpt":{"rendered":"<p>[vc_row][vc_column][vc_column_text] E-book: Caminho da F\u00e9 &#8211; Li\u00e7\u00f5es Aprendidas [\/vc_column_text][\/vc_column][\/vc_row][vc_row][vc_column width=&#8221;2\/3&#8243;][vc_single_image image=&#8221;8397&#8243; img_size=&#8221;full&#8221; onclick=&#8221;link_image&#8221;][vc_row_inner][vc_column_inner width=&#8221;1\/3&#8243;][\/vc_column_inner][vc_column_inner width=&#8221;1\/3&#8243;][\/vc_column_inner][vc_column_inner width=&#8221;1\/3&#8243;][\/vc_column_inner][\/vc_row_inner][\/vc_column][vc_column width=&#8221;1\/3&#8243;][vc_column_text] Detalhes do Produto E-book: Caminho da F\u00e9 &#8211; Li\u00e7\u00f5es Aprendidas Autora: ANDREA AGUIAR Um e-book onde conto minhas experi\u00eancias e li\u00e7\u00f5es aprendidas numa peregrina\u00e7\u00e3o de 160 Km, caminhando junto com meu irm\u00e3o, no Caminho da F\u00e9, de Estiva rumo \u00e0 Aparecida\/SP &#8211; Brasil, um dos percursos mais encantadores do nosso Pa\u00eds. Pre\u00e7o: R$ 26,00 [\/vc_column_text][vc_row_inner][vc_column_inner][vc_btn title=&#8221;Comprar (Voc\u00ea ser\u00e1 redirecionado para a p\u00e1gina de vendas do livro)&#8221; color=&#8221;success&#8221; align=&#8221;center&#8221; button_block=&#8221;true&#8221; link=&#8221;url:https%3A%2F%2Fhotmart.com%2Fpt-br%2Fmarketplace%2Fprodutos%2Fcaminho-da-fe-licoes-aprendidas%2FW81341544R|||&#8221;][\/vc_column_inner][\/vc_row_inner][\/vc_column][\/vc_row]<\/p>\n","protected":false},"author":2,"featured_media":0,"parent":0,"menu_order":0,"comment_status":"closed","ping_status":"closed","template":"","meta":{"content-type":"","_monsterinsights_skip_tracking":false,"_monsterinsights_sitenote_active":false,"_monsterinsights_sitenote_note":"","_monsterinsights_sitenote_category":0,"footnotes":""},"class_list":["post-8396","page","type-page","status-publish","hentry"],"_links":{"self":[{"href":"https:\/\/caminhodafe.com.br\/ptbr\/wp-json\/wp\/v2\/pages\/8396","targetHints":{"allow":["GET"]}}],"collection":[{"href":"https:\/\/caminhodafe.com.br\/ptbr\/wp-json\/wp\/v2\/pages"}],"about":[{"href":"https:\/\/caminhodafe.com.br\/ptbr\/wp-json\/wp\/v2\/types\/page"}],"author":[{"embeddable":true,"href":"https:\/\/caminhodafe.com.br\/ptbr\/wp-json\/wp\/v2\/users\/2"}],"replies":[{"embeddable":true,"href":"https:\/\/caminhodafe.com.br\/ptbr\/wp-json\/wp\/v2\/comments?post=8396"}],"version-history":[{"count":2,"href":"https:\/\/caminhodafe.com.br\/ptbr\/wp-json\/wp\/v2\/pages\/8396\/revisions"}],"predecessor-version":[{"id":8400,"href":"https:\/\/caminhodafe.com.br\/ptbr\/wp-json\/wp\/v2\/pages\/8396\/revisions\/8400"}],"wp:attachment":[{"href":"https:\/\/caminhodafe.com.br\/ptbr\/wp-json\/wp\/v2\/media?parent=8396"}],"curies":[{"name":"wp","href":"https:\/\/api.w.org\/{rel}","templated":true}]}}