{"id":8068,"date":"2023-02-23T11:03:43","date_gmt":"2023-02-23T14:03:43","guid":{"rendered":"https:\/\/caminhodafe.com.br\/ptbr\/?page_id=8068"},"modified":"2023-02-23T11:03:43","modified_gmt":"2023-02-23T14:03:43","slug":"adesivo-caminho-da-fe-20-anos-gde","status":"publish","type":"page","link":"https:\/\/caminhodafe.com.br\/ptbr\/adesivo-caminho-da-fe-20-anos-gde\/","title":{"rendered":"ADESIVO CAMINHO DA F\u00c9 20 ANOS Grande"},"content":{"rendered":"<section class=\"wpb-content-wrapper\"><p>[vc_row][vc_column][vc_column_text]<\/p>\n<h2 class=\"wpb_heading wpb_singleimage_heading\">ADESIVO CAMINHO DA F\u00c9 20 ANOS Grande<\/h2>\n<p>[\/vc_column_text][\/vc_column][\/vc_row][vc_row][vc_column width=&#8221;2\/3&#8243;][vc_single_image image=&#8221;8045&#8243; img_size=&#8221;full&#8221; onclick=&#8221;link_image&#8221;][vc_row_inner][vc_column_inner width=&#8221;1\/3&#8243;][vc_single_image image=&#8221;8039&#8243; alignment=&#8221;center&#8221; onclick=&#8221;link_image&#8221;][\/vc_column_inner][vc_column_inner width=&#8221;1\/3&#8243;][vc_single_image image=&#8221;8044&#8243; alignment=&#8221;center&#8221; onclick=&#8221;link_image&#8221;][\/vc_column_inner][vc_column_inner width=&#8221;1\/3&#8243;][vc_single_image image=&#8221;8043&#8243; alignment=&#8221;center&#8221; onclick=&#8221;link_image&#8221;][\/vc_column_inner][\/vc_row_inner][\/vc_column][vc_column width=&#8221;1\/3&#8243;][vc_column_text]<\/p>\n<h3><strong>Detalhes do Produto<\/strong><\/h3>\n<h3 style=\"padding-left: 40px;\">Adesivo Caminho da F\u00e9 20 anos grande<\/h3>\n<h3 style=\"padding-left: 40px;\">Pre\u00e7o: R$ 10,00<\/h3>\n<p>[\/vc_column_text][vc_row_inner][vc_column_inner][vc_btn title=&#8221;Comprar (Voc\u00ea ser\u00e1 redirecionado para o WhastApp da Associa\u00e7\u00e3o)&#8221; color=&#8221;success&#8221; align=&#8221;center&#8221; button_block=&#8221;true&#8221; link=&#8221;url:https%3A%2F%2Fapi.whatsapp.com%2Fsend%3Fphone%3D5519998562620%26text%3DOl%C3%A1.%20Gostaria%20de%20mais%20informa%C3%A7%C3%B5es%20sobre%20o%20Adesivo%20Caminho%20da%20F%C3%A9%2020%20anos%20grande|||&#8221;][\/vc_column_inner][\/vc_row_inner][\/vc_column][\/vc_row]<\/p>\n<\/section>","protected":false},"excerpt":{"rendered":"<p>[vc_row][vc_column][vc_column_text] ADESIVO CAMINHO DA F\u00c9 20 ANOS Grande [\/vc_column_text][\/vc_column][\/vc_row][vc_row][vc_column width=&#8221;2\/3&#8243;][vc_single_image image=&#8221;8045&#8243; img_size=&#8221;full&#8221; onclick=&#8221;link_image&#8221;][vc_row_inner][vc_column_inner width=&#8221;1\/3&#8243;][vc_single_image image=&#8221;8039&#8243; alignment=&#8221;center&#8221; onclick=&#8221;link_image&#8221;][\/vc_column_inner][vc_column_inner width=&#8221;1\/3&#8243;][vc_single_image image=&#8221;8044&#8243; alignment=&#8221;center&#8221; onclick=&#8221;link_image&#8221;][\/vc_column_inner][vc_column_inner width=&#8221;1\/3&#8243;][vc_single_image image=&#8221;8043&#8243; alignment=&#8221;center&#8221; onclick=&#8221;link_image&#8221;][\/vc_column_inner][\/vc_row_inner][\/vc_column][vc_column width=&#8221;1\/3&#8243;][vc_column_text] Detalhes do Produto Adesivo Caminho da F\u00e9 20 anos grande Pre\u00e7o: R$ 10,00 [\/vc_column_text][vc_row_inner][vc_column_inner][vc_btn title=&#8221;Comprar (Voc\u00ea ser\u00e1 redirecionado para o WhastApp da Associa\u00e7\u00e3o)&#8221; color=&#8221;success&#8221; align=&#8221;center&#8221; button_block=&#8221;true&#8221; link=&#8221;url:https%3A%2F%2Fapi.whatsapp.com%2Fsend%3Fphone%3D5519998562620%26text%3DOl%C3%A1.%20Gostaria%20de%20mais%20informa%C3%A7%C3%B5es%20sobre%20o%20Adesivo%20Caminho%20da%20F%C3%A9%2020%20anos%20grande|||&#8221;][\/vc_column_inner][\/vc_row_inner][\/vc_column][\/vc_row]<\/p>\n","protected":false},"author":2,"featured_media":0,"parent":0,"menu_order":0,"comment_status":"closed","ping_status":"closed","template":"","meta":{"content-type":"","_monsterinsights_skip_tracking":false,"_monsterinsights_sitenote_active":false,"_monsterinsights_sitenote_note":"","_monsterinsights_sitenote_category":0,"footnotes":""},"class_list":["post-8068","page","type-page","status-publish","hentry"],"_links":{"self":[{"href":"https:\/\/caminhodafe.com.br\/ptbr\/wp-json\/wp\/v2\/pages\/8068","targetHints":{"allow":["GET"]}}],"collection":[{"href":"https:\/\/caminhodafe.com.br\/ptbr\/wp-json\/wp\/v2\/pages"}],"about":[{"href":"https:\/\/caminhodafe.com.br\/ptbr\/wp-json\/wp\/v2\/types\/page"}],"author":[{"embeddable":true,"href":"https:\/\/caminhodafe.com.br\/ptbr\/wp-json\/wp\/v2\/users\/2"}],"replies":[{"embeddable":true,"href":"https:\/\/caminhodafe.com.br\/ptbr\/wp-json\/wp\/v2\/comments?post=8068"}],"version-history":[{"count":1,"href":"https:\/\/caminhodafe.com.br\/ptbr\/wp-json\/wp\/v2\/pages\/8068\/revisions"}],"predecessor-version":[{"id":8069,"href":"https:\/\/caminhodafe.com.br\/ptbr\/wp-json\/wp\/v2\/pages\/8068\/revisions\/8069"}],"wp:attachment":[{"href":"https:\/\/caminhodafe.com.br\/ptbr\/wp-json\/wp\/v2\/media?parent=8068"}],"curies":[{"name":"wp","href":"https:\/\/api.w.org\/{rel}","templated":true}]}}