{"id":7940,"date":"2022-12-19T13:52:59","date_gmt":"2022-12-19T16:52:59","guid":{"rendered":"https:\/\/caminhodafe.com.br\/ptbr\/?page_id=7940"},"modified":"2024-07-31T17:07:56","modified_gmt":"2024-07-31T20:07:56","slug":"agenda-interativa","status":"publish","type":"page","link":"https:\/\/caminhodafe.com.br\/ptbr\/agenda-interativa\/","title":{"rendered":"Agenda Interativa"},"content":{"rendered":"<section class=\"wpb-content-wrapper\"><p>[vc_row][vc_column offset=&#8221;vc_hidden-md vc_hidden-sm vc_hidden-xs&#8221;][vc_column_text]<\/p>\n<h3>A agenda interativa \u00e9 um espa\u00e7o simples para comunica\u00e7\u00e3o entre os peregrinos.<\/h3>\n<h3>Foi idealizada com base no mural de recados, um espa\u00e7o na antiga plataforma do Caminho da F\u00e9 onde os peregrinos se comunicavam e organizavam suas viagens.<\/h3>\n<h3>Nesta nova roupagem da plataforma digital, organizamos as informa\u00e7\u00f5es necess\u00e1rias para que os peregrinos possam se conhecer e, talvez, se encontrarem para fazer sua viagem juntos.<\/h3>\n<h3>Um canal que tem por objetivo mostrar quem, quando e como vai percorrer o Caminho da F\u00e9.<\/h3>\n<h2>Para que voc\u00ea possa interagir com outros peregrinos (as) que far\u00e3o o Caminho da F\u00e9 \u00e9 importante que todos aqui usem a ferramenta e fa\u00e7am a sua entrada no grupo do Telegram.<\/h2>\n<h2><\/h2>\n<div id=\"telegram\">\n<p>&nbsp;<\/p>\n<h2 style=\"text-align: center;\">TELEGRAM<\/h2>\n<h2 style=\"text-align: center;\">Entre em nosso canal do Telegram para poder se comunicar com outros peregrinos<\/h2>\n<p style=\"text-align: center;\"><a title=\"Entre em nosso canal do Telegram para poder se comunicar com outros peregrinos\" href=\"https:\/\/t.me\/+arMh5bJMpsZhZTU5\"><br \/>\n<img decoding=\"async\" title=\"Telegram\" src=\"https:\/\/caminhodafe.com.br\/ptbr\/wp-content\/uploads\/2022\/12\/telegram.png\" alt=\"Telegram\" \/><br \/>\n<\/a><\/p>\n<p>&nbsp;<\/p>\n<\/div>\n<p>[\/vc_column_text][\/vc_column][\/vc_row][vc_row][vc_column offset=&#8221;vc_hidden-lg&#8221;][vc_column_text]<\/p>\n<h3>A agenda interativa \u00e9 um espa\u00e7o simples para comunica\u00e7\u00e3o entre os peregrinos.<\/h3>\n<h3>Foi idealizada com base no mural de recados, um espa\u00e7o na antiga plataforma do Caminho da F\u00e9 onde os peregrinos se comunicavam e organizavam suas viagens.<\/h3>\n<h3>Nesta nova roupagem da plataforma digital, organizamos as informa\u00e7\u00f5es necess\u00e1rias para que os peregrinos possam se conhecer e, talvez, se encontrarem para fazer sua viagem juntos.<\/h3>\n<h3>Um canal que tem por objetivo mostrar quem, quando e como vai percorrer o Caminho da F\u00e9.<\/h3>\n<h2>Para que voc\u00ea possa interagir com outros peregrinos (as) que far\u00e3o o Caminho da F\u00e9 \u00e9 importante que todos aqui usem a ferramenta e fa\u00e7am a sua entrada no grupo do Telegram.<\/h2>\n<h2><\/h2>\n<div id=\"telegram\">\n<p>&nbsp;<\/p>\n<h2 style=\"text-align: center;\">TELEGRAM<\/h2>\n<h2 style=\"text-align: center;\">Entre em nosso canal do Telegram para poder se comunicar com outros peregrinos<\/h2>\n<p style=\"text-align: center;\"><a title=\"Entre em nosso canal do Telegram para poder se comunicar com outros peregrinos\" href=\"https:\/\/t.me\/+arMh5bJMpsZhZTU5\"><br \/>\n<img decoding=\"async\" title=\"Telegram\" src=\"https:\/\/caminhodafe.com.br\/ptbr\/wp-content\/uploads\/2022\/12\/telegram.png\" alt=\"Telegram\" \/><br \/>\n<\/a><\/p>\n<p style=\"text-align: center;\">\n<\/div>\n<p>[\/vc_column_text][\/vc_column][\/vc_row][vc_row][vc_column offset=&#8221;vc_hidden-lg&#8221;][vc_column_text]<iframe loading=\"lazy\" src=\"http:\/\/caminhodafe.com.br\/ptbr\/agenda\/agenda2.php\" width=\"100%\" height=\"1500px\" frameborder=\"0\"><\/iframe><\/p>\n<div id=\"telegram\">\n<p>&nbsp;<\/p>\n<h1 style=\"text-align: center;\">TELEGRAM<\/h1>\n<h2 style=\"text-align: center;\">Entre em nosso canal do Telegram para poder se comunicar com outros peregrinos<\/h2>\n<p style=\"text-align: center;\"><a title=\"Entre em nosso canal do Telegram para poder se comunicar com outros peregrinos\" href=\"https:\/\/t.me\/+arMh5bJMpsZhZTU5\"><br \/>\n<img decoding=\"async\" title=\"Telegram\" src=\"https:\/\/caminhodafe.com.br\/ptbr\/wp-content\/uploads\/2022\/12\/telegram.png\" alt=\"Telegram\" \/><br \/>\n<\/a><\/p>\n<p style=\"text-align: center;\">\n<\/div>\n<p>[\/vc_column_text][\/vc_column][\/vc_row][vc_row][vc_column offset=&#8221;vc_hidden-md vc_hidden-sm vc_hidden-xs&#8221;][vc_column_text]<iframe loading=\"lazy\" src=\"http:\/\/caminhodafe.com.br\/ptbr\/agenda\/agenda.php\" width=\"100%\" height=\"1500px\" frameborder=\"0\"><\/iframe><\/p>\n<div id=\"telegram\">\n<p>&nbsp;<\/p>\n<h1 style=\"text-align: center;\">TELEGRAM<\/h1>\n<h2 style=\"text-align: center;\">Entre em nosso canal do Telegram para poder se comunicar com outros peregrinos<\/h2>\n<p style=\"text-align: center;\"><a title=\"Entre em nosso canal do Telegram para poder se comunicar com outros peregrinos\" href=\"https:\/\/t.me\/+arMh5bJMpsZhZTU5\"><br \/>\n<img decoding=\"async\" title=\"Telegram\" src=\"https:\/\/caminhodafe.com.br\/ptbr\/wp-content\/uploads\/2022\/12\/telegram.png\" alt=\"Telegram\" \/><br \/>\n<\/a><\/p>\n<p style=\"text-align: center;\">\n<\/div>\n<p>[\/vc_column_text][\/vc_column][\/vc_row]<\/p>\n<\/section>","protected":false},"excerpt":{"rendered":"<p>[vc_row][vc_column offset=&#8221;vc_hidden-md vc_hidden-sm vc_hidden-xs&#8221;][vc_column_text] A agenda interativa \u00e9 um espa\u00e7o simples para comunica\u00e7\u00e3o entre os peregrinos. Foi idealizada com base no mural de recados, um espa\u00e7o na antiga plataforma do Caminho da F\u00e9 onde os peregrinos se comunicavam e organizavam suas viagens. Nesta nova roupagem da plataforma digital, organizamos as informa\u00e7\u00f5es necess\u00e1rias para que os peregrinos possam se conhecer e, talvez, se encontrarem para fazer sua viagem juntos. Um canal que tem por objetivo mostrar quem, quando e como vai percorrer o Caminho da F\u00e9. Para que voc\u00ea possa interagir com outros peregrinos (as) que far\u00e3o o Caminho da F\u00e9 \u00e9 importante que todos aqui usem a ferramenta e fa\u00e7am a sua entrada no grupo do Telegram. &nbsp; TELEGRAM Entre em nosso canal do Telegram para poder se comunicar com outros peregrinos &nbsp; [\/vc_column_text][\/vc_column][\/vc_row][vc_row][vc_column offset=&#8221;vc_hidden-lg&#8221;][vc_column_text] A agenda interativa \u00e9 um espa\u00e7o simples para comunica\u00e7\u00e3o entre os peregrinos. Foi idealizada com base no mural de recados, um espa\u00e7o na antiga plataforma do Caminho da F\u00e9 onde os peregrinos se comunicavam e organizavam suas viagens. Nesta nova roupagem da plataforma digital, organizamos as informa\u00e7\u00f5es necess\u00e1rias para que os peregrinos possam se conhecer e, talvez, se encontrarem para fazer sua viagem juntos. Um canal que tem por objetivo mostrar quem, quando e como vai percorrer o Caminho da F\u00e9. Para que voc\u00ea possa interagir com outros peregrinos (as) que far\u00e3o o Caminho da F\u00e9 \u00e9 importante que todos aqui usem a ferramenta e fa\u00e7am a sua entrada no grupo do Telegram. &nbsp; TELEGRAM Entre em nosso canal do Telegram para poder se comunicar com outros peregrinos [\/vc_column_text][\/vc_column][\/vc_row][vc_row][vc_column offset=&#8221;vc_hidden-lg&#8221;][vc_column_text] &nbsp; TELEGRAM Entre em nosso canal do Telegram para poder se comunicar com outros peregrinos [\/vc_column_text][\/vc_column][\/vc_row][vc_row][vc_column offset=&#8221;vc_hidden-md vc_hidden-sm vc_hidden-xs&#8221;][vc_column_text] &nbsp; TELEGRAM Entre em nosso canal do Telegram para poder se comunicar com outros peregrinos [\/vc_column_text][\/vc_column][\/vc_row]<\/p>\n","protected":false},"author":2,"featured_media":399,"parent":0,"menu_order":0,"comment_status":"closed","ping_status":"closed","template":"","meta":{"content-type":"","_monsterinsights_skip_tracking":false,"_monsterinsights_sitenote_active":false,"_monsterinsights_sitenote_note":"","_monsterinsights_sitenote_category":0,"footnotes":""},"class_list":["post-7940","page","type-page","status-publish","has-post-thumbnail","hentry"],"_links":{"self":[{"href":"https:\/\/caminhodafe.com.br\/ptbr\/wp-json\/wp\/v2\/pages\/7940","targetHints":{"allow":["GET"]}}],"collection":[{"href":"https:\/\/caminhodafe.com.br\/ptbr\/wp-json\/wp\/v2\/pages"}],"about":[{"href":"https:\/\/caminhodafe.com.br\/ptbr\/wp-json\/wp\/v2\/types\/page"}],"author":[{"embeddable":true,"href":"https:\/\/caminhodafe.com.br\/ptbr\/wp-json\/wp\/v2\/users\/2"}],"replies":[{"embeddable":true,"href":"https:\/\/caminhodafe.com.br\/ptbr\/wp-json\/wp\/v2\/comments?post=7940"}],"version-history":[{"count":5,"href":"https:\/\/caminhodafe.com.br\/ptbr\/wp-json\/wp\/v2\/pages\/7940\/revisions"}],"predecessor-version":[{"id":7945,"href":"https:\/\/caminhodafe.com.br\/ptbr\/wp-json\/wp\/v2\/pages\/7940\/revisions\/7945"}],"wp:featuredmedia":[{"embeddable":true,"href":"https:\/\/caminhodafe.com.br\/ptbr\/wp-json\/wp\/v2\/media\/399"}],"wp:attachment":[{"href":"https:\/\/caminhodafe.com.br\/ptbr\/wp-json\/wp\/v2\/media?parent=7940"}],"curies":[{"name":"wp","href":"https:\/\/api.w.org\/{rel}","templated":true}]}}