{"id":7592,"date":"2022-10-10T17:29:46","date_gmt":"2022-10-10T20:29:46","guid":{"rendered":"https:\/\/caminhodafe.com.br\/ptbr\/?page_id=7592"},"modified":"2022-11-25T18:00:57","modified_gmt":"2022-11-25T21:00:57","slug":"equipe-tartaruga","status":"publish","type":"page","link":"https:\/\/caminhodafe.com.br\/ptbr\/equipe-tartaruga\/","title":{"rendered":"Equipe Tartaruga"},"content":{"rendered":"<section class=\"wpb-content-wrapper\"><p>[vc_row][vc_column][vc_single_image image=&#8221;7601&#8243; img_size=&#8221;400&#215;400&#8243; alignment=&#8221;center&#8221;][\/vc_column][\/vc_row][vc_row][vc_column width=&#8221;1\/2&#8243;][vc_single_image image=&#8221;7762&#8243; img_size=&#8221;200&#215;200&#8243; alignment=&#8221;center&#8221; title=&#8221;THIAGO FADEL&#8221;][vc_column_text]<\/p>\n<h4><strong>QUEM SOMOS<\/strong><\/h4>\n<h4>A Equipe Tartaruga cicloturismo \u00e9 uma empresa familiar, atuando no Caminho da F\u00e9 desde 2016 como apoio e com 16 anos de experi\u00eancia como peregrino, conseguimos elaborar cronogramas que se encaixam em cada grupo.<\/h4>\n<h4>Comprometidos com a seriedade do turismo de natureza e aventura, a Equipe Tartaruga \u00e9 filiada ao Minist\u00e9rio do Turismo \u201cCADASTUR\u201d.<\/h4>\n<h4><strong>\u00a0<\/strong><\/h4>\n<h4><strong>NOSSO OBJETIVO<\/strong><\/h4>\n<h4>Desde o 1\u00ba contato com o peregrino at\u00e9 nossa despedida na bas\u00edlica sempre prezamos pelo carinho e respeito com cada um, o que nos faz ficarmos pr\u00f3ximos e nos sentirmos parte da fam\u00edlia de cada grupo.<\/h4>\n<h4>Nosso maior objetivo \u00e9 fazer com que cada cliente\/amigo fa\u00e7a sua peregrina\u00e7\u00e3o em seguran\u00e7a e que cada um tenha uma experi\u00eancia \u00fanica, tanto espiritualmente como de supera\u00e7\u00e3o dos seus pr\u00f3prios limites.<\/h4>\n<h4><strong>\u00a0<\/strong><\/h4>\n<h4><strong>NOSSA ESTRUTURA<\/strong><\/h4>\n<h4>A Equipe Tartaruga Cicloturismo conta com:<\/h4>\n<h4>&#8211; 3 carros de apoio 4&#215;4,<\/h4>\n<h4>&#8211; 3 carretas adaptadas com suporte de bicicleta thule (para bikes e e- bikes),<\/h4>\n<h4>&#8211; van com carretinha para 16 bicicletas,<\/h4>\n<h4>&#8211; drone para filmagens,<\/h4>\n<h4>Al\u00e9m de todo nosso servi\u00e7o de reservas de pousadas e restaurantes!<\/h4>\n<p>[\/vc_column_text][\/vc_column][vc_column width=&#8221;1\/2&#8243;][vc_gallery interval=&#8221;3&#8243; images=&#8221;7598,7599,7734,7735&#8243; img_size=&#8221;large&#8221;][\/vc_column][\/vc_row][vc_row][vc_column][vc_column_text]<\/p>\n<h3><strong>CONTATO <\/strong><strong>&#x1f4f2;<\/strong><\/h3>\n<h4><strong>(19) 98232-4656<\/strong><\/h4>\n<h4><strong>\u00a0<\/strong><\/h4>\n<h4><strong>Instagram<\/strong><\/h4>\n<h4><a href=\"https:\/\/www.instagram.com\/equipetartaruga_oficial\/\"><strong>@equipetartaruga_oficial<\/strong><\/a><\/h4>\n<p>[\/vc_column_text][\/vc_column][\/vc_row][vc_row][vc_column][vc_separator color=&#8221;blue&#8221;][vc_column_text]<\/p>\n<h3 style=\"text-align: center;\"><span style=\"color: #000080;\"><strong>DEPOIMENTOS<\/strong><\/span><\/h3>\n<p>[\/vc_column_text][\/vc_column][\/vc_row][vc_row][vc_column width=&#8221;1\/3&#8243;][vc_column_text]<\/p>\n<h4><img loading=\"lazy\" decoding=\"async\" class=\"aligncenter wp-image-7596 size-medium\" src=\"https:\/\/caminhodafe.com.br\/ptbr\/wp-content\/uploads\/2022\/10\/Beto-Lima-169x300.jpeg\" alt=\"\" width=\"169\" height=\"300\" srcset=\"https:\/\/caminhodafe.com.br\/ptbr\/wp-content\/uploads\/2022\/10\/Beto-Lima-169x300.jpeg 169w, https:\/\/caminhodafe.com.br\/ptbr\/wp-content\/uploads\/2022\/10\/Beto-Lima.jpeg 576w\" sizes=\"auto, (max-width: 169px) 100vw, 169px\" \/><\/h4>\n<h4><\/h4>\n<h4>Agrade\u00e7o ao Thiago Fadel e equipe tartaruga &#x1f422;, por poder ter feito 7 vezes o caminho da f\u00e9 juntos e poder sentir o quanto \u00e9 importante ter um apoio de qualidade e conhecimento,esses s\u00e3o feras.<\/h4>\n<h4><strong>Beto Lima<\/strong><\/h4>\n<p>[\/vc_column_text][\/vc_column][vc_column width=&#8221;1\/3&#8243;][vc_column_text]<\/p>\n<h4><img loading=\"lazy\" decoding=\"async\" class=\"aligncenter wp-image-7600 size-medium\" src=\"https:\/\/caminhodafe.com.br\/ptbr\/wp-content\/uploads\/2022\/10\/Luciano-e-Iara-Bidoia-300x225.jpeg\" alt=\"\" width=\"300\" height=\"225\" srcset=\"https:\/\/caminhodafe.com.br\/ptbr\/wp-content\/uploads\/2022\/10\/Luciano-e-Iara-Bidoia-300x225.jpeg 300w, https:\/\/caminhodafe.com.br\/ptbr\/wp-content\/uploads\/2022\/10\/Luciano-e-Iara-Bidoia-1024x768.jpeg 1024w, https:\/\/caminhodafe.com.br\/ptbr\/wp-content\/uploads\/2022\/10\/Luciano-e-Iara-Bidoia-768x576.jpeg 768w, https:\/\/caminhodafe.com.br\/ptbr\/wp-content\/uploads\/2022\/10\/Luciano-e-Iara-Bidoia-1536x1152.jpeg 1536w, https:\/\/caminhodafe.com.br\/ptbr\/wp-content\/uploads\/2022\/10\/Luciano-e-Iara-Bidoia.jpeg 1600w\" sizes=\"auto, (max-width: 300px) 100vw, 300px\" \/><\/h4>\n<h4><\/h4>\n<p>&nbsp;<\/p>\n<h4><\/h4>\n<p>&nbsp;<\/p>\n<h4>A Equipe Tartaruga conduz seus clientes peregrinos com amor , carinho e responsabilidade , o amor e a devo\u00e7\u00e3o a Nossa Senhora est\u00e1 no cora\u00e7\u00e3o deles, eles tem um cuidado todo especial com o caminho da F\u00e9 , conduzindo e orientando at\u00e9 a casa da M\u00e3e. Equipe tartaruga &#x1f422; nota 1000&#x2764;&#xfe0f;super recomendo &#x1f64f;&#x1f64f;<\/h4>\n<h4><strong>Luciano e Iara Bid\u00f3ia<\/strong><\/h4>\n<p>[\/vc_column_text][\/vc_column][vc_column width=&#8221;1\/3&#8243;][vc_column_text]<\/p>\n<h4><img loading=\"lazy\" decoding=\"async\" class=\"aligncenter wp-image-7595 size-medium\" src=\"https:\/\/caminhodafe.com.br\/ptbr\/wp-content\/uploads\/2022\/10\/Natalia-e-Adriano-Gomes-135x300.jpeg\" alt=\"\" width=\"135\" height=\"300\" srcset=\"https:\/\/caminhodafe.com.br\/ptbr\/wp-content\/uploads\/2022\/10\/Natalia-e-Adriano-Gomes-135x300.jpeg 135w, https:\/\/caminhodafe.com.br\/ptbr\/wp-content\/uploads\/2022\/10\/Natalia-e-Adriano-Gomes-461x1024.jpeg 461w, https:\/\/caminhodafe.com.br\/ptbr\/wp-content\/uploads\/2022\/10\/Natalia-e-Adriano-Gomes-691x1536.jpeg 691w, https:\/\/caminhodafe.com.br\/ptbr\/wp-content\/uploads\/2022\/10\/Natalia-e-Adriano-Gomes.jpeg 720w\" sizes=\"auto, (max-width: 135px) 100vw, 135px\" \/><\/h4>\n<h4><\/h4>\n<h4>Seria imposs\u00edvel chegar aonde chegamos sem o apoio e a dedica\u00e7\u00e3o da Equipe Tartaruga, 1.000kms de Jos\u00e9 Bonif\u00e1cio-SP \u00e0 Aparecida-SP (Ramal S\u00e3o Jos\u00e9).<\/h4>\n<h4><strong>Nat\u00e1lia e Adriano Gomes<\/strong><\/h4>\n<p>[\/vc_column_text][\/vc_column][\/vc_row][vc_row][vc_column][vc_separator color=&#8221;blue&#8221;][vc_column_text]<\/p>\n<h3 style=\"text-align: center;\"><span style=\"color: #000080;\"><strong>P\u00daBLICO<\/strong><\/span><\/h3>\n<p>[\/vc_column_text][\/vc_column][\/vc_row][vc_row][vc_column width=&#8221;1\/5&#8243;][vc_single_image image=&#8221;7549&#8243; alignment=&#8221;center&#8221; onclick=&#8221;link_image&#8221; css=&#8221;.vc_custom_1665428583204{border-radius: 1px !important;}&#8221; title=&#8221;Homens&#8221;][\/vc_column][vc_column width=&#8221;1\/5&#8243;][vc_single_image image=&#8221;7548&#8243; alignment=&#8221;center&#8221; onclick=&#8221;link_image&#8221; css=&#8221;.vc_custom_1665428591409{border-radius: 1px !important;}&#8221; title=&#8221;Mulheres&#8221;][\/vc_column][vc_column width=&#8221;1\/5&#8243;][vc_single_image image=&#8221;7547&#8243; alignment=&#8221;center&#8221; onclick=&#8221;link_image&#8221; css=&#8221;.vc_custom_1665428598480{border-radius: 1px !important;}&#8221; title=&#8221;Fam\u00edlias&#8221;][\/vc_column][vc_column width=&#8221;1\/5&#8243;][vc_single_image image=&#8221;7555&#8243; alignment=&#8221;center&#8221; onclick=&#8221;link_image&#8221; css=&#8221;.vc_custom_1665428605080{border-radius: 1px !important;}&#8221; title=&#8221;Grupos&#8221;][\/vc_column][vc_column width=&#8221;1\/5&#8243;][vc_single_image image=&#8221;7550&#8243; alignment=&#8221;center&#8221; onclick=&#8221;link_image&#8221; css=&#8221;.vc_custom_1665669364104{border-radius: 1px !important;}&#8221; title=&#8221;60 +&#8221;][\/vc_column][\/vc_row][vc_row][vc_column width=&#8221;1\/5&#8243;][vc_single_image image=&#8221;7552&#8243; alignment=&#8221;center&#8221; onclick=&#8221;link_image&#8221; css=&#8221;.vc_custom_1665433498690{border-radius: 1px !important;}&#8221; title=&#8221;Pet Friendly&#8221;][\/vc_column][vc_column width=&#8221;1\/5&#8243;][vc_single_image image=&#8221;7546&#8243; alignment=&#8221;center&#8221; onclick=&#8221;link_image&#8221; css=&#8221;.vc_custom_1665669382290{border-radius: 1px !important;}&#8221; title=&#8221;Pessoa com Defici\u00eancia Visual&#8221;][\/vc_column][vc_column width=&#8221;1\/5&#8243;][vc_single_image image=&#8221;7540&#8243; alignment=&#8221;center&#8221; onclick=&#8221;link_image&#8221; css=&#8221;.vc_custom_1665669441203{border-radius: 1px !important;}&#8221; title=&#8221;Pessoa com Defici\u00eancia Auditiva&#8221;][\/vc_column][vc_column width=&#8221;1\/5&#8243;][vc_single_image image=&#8221;7613&#8243; alignment=&#8221;center&#8221; onclick=&#8221;link_image&#8221; css=&#8221;.vc_custom_1665669492330{border-radius: 1px !important;}&#8221; title=&#8221;Pessoa com Defici\u00eancia F\u00edsica&#8221;][\/vc_column][vc_column width=&#8221;1\/5&#8243;][\/vc_column][\/vc_row][vc_row][vc_column][vc_separator color=&#8221;blue&#8221;][vc_column_text]<\/p>\n<h3 style=\"text-align: center;\"><span style=\"color: #000080;\"><strong>MODAL<\/strong><\/span><\/h3>\n<p>[\/vc_column_text][\/vc_column][\/vc_row][vc_row][vc_column width=&#8221;1\/5&#8243;][vc_single_image image=&#8221;7551&#8243; alignment=&#8221;center&#8221; onclick=&#8221;link_image&#8221; css=&#8221;.vc_custom_1665428664295{border-radius: 1px !important;}&#8221; title=&#8221;Peregrino&#8221;][\/vc_column][vc_column width=&#8221;1\/5&#8243;][vc_single_image image=&#8221;7544&#8243; alignment=&#8221;center&#8221; onclick=&#8221;link_image&#8221; css=&#8221;.vc_custom_1665433750790{border-radius: 1px !important;}&#8221; title=&#8221;Ciclista&#8221;][\/vc_column][vc_column width=&#8221;1\/5&#8243;][\/vc_column][vc_column width=&#8221;1\/5&#8243;][\/vc_column][vc_column width=&#8221;1\/5&#8243;][\/vc_column][\/vc_row][vc_row][vc_column][vc_separator color=&#8221;blue&#8221;][vc_column_text]<\/p>\n<h3 style=\"text-align: center;\"><span style=\"color: #000080;\"><strong>INFRAESTRUTURA TUR\u00cdSTICA<\/strong><\/span><\/h3>\n<p>[\/vc_column_text][\/vc_column][\/vc_row][vc_row][vc_column width=&#8221;1\/5&#8243;][vc_single_image image=&#8221;7556&#8243; alignment=&#8221;center&#8221; onclick=&#8221;link_image&#8221; css=&#8221;.vc_custom_1665669077740{border-radius: 1px !important;}&#8221; title=&#8221;Qualifica\u00e7\u00e3o Profissional&#8221;][\/vc_column][vc_column width=&#8221;1\/5&#8243;][vc_single_image image=&#8221;7543&#8243; alignment=&#8221;center&#8221; onclick=&#8221;link_image&#8221; css=&#8221;.vc_custom_1665428757241{border-radius: 1px !important;}&#8221; title=&#8221;Transporte de Bagagem&#8221;][\/vc_column][vc_column width=&#8221;1\/5&#8243;][vc_single_image image=&#8221;7545&#8243; alignment=&#8221;center&#8221; onclick=&#8221;link_image&#8221; css=&#8221;.vc_custom_1665428765161{border-radius: 1px !important;}&#8221; title=&#8221;Hospedagem&#8221;][\/vc_column][vc_column width=&#8221;1\/5&#8243;][vc_single_image image=&#8221;7541&#8243; alignment=&#8221;center&#8221; onclick=&#8221;link_image&#8221; css=&#8221;.vc_custom_1665428772488{border-radius: 1px !important;}&#8221; title=&#8221;Alimenta\u00e7\u00e3o&#8221;][\/vc_column][vc_column width=&#8221;1\/5&#8243;][\/vc_column][\/vc_row][vc_row][vc_column][vc_separator color=&#8221;blue&#8221;][vc_column_text]<\/p>\n<h3 style=\"text-align: center;\"><span style=\"color: #000080;\"><strong>APOIO<\/strong><\/span><\/h3>\n<p>[\/vc_column_text][\/vc_column][\/vc_row][vc_row][vc_column width=&#8221;1\/5&#8243;][vc_single_image image=&#8221;7542&#8243; alignment=&#8221;center&#8221; onclick=&#8221;link_image&#8221; css=&#8221;.vc_custom_1665433779918{border-radius: 1px !important;}&#8221; title=&#8221;Ve\u00edculo&#8221;][\/vc_column][vc_column width=&#8221;1\/5&#8243;][\/vc_column][vc_column width=&#8221;1\/5&#8243;][\/vc_column][vc_column width=&#8221;1\/5&#8243;][\/vc_column][vc_column width=&#8221;1\/5&#8243;][\/vc_column][\/vc_row][vc_row][vc_column][vc_separator color=&#8221;blue&#8221;][vc_column_text]<\/p>\n<h3 style=\"text-align: center;\"><span style=\"color: #000080;\"><strong>SEGURAN\u00c7A<\/strong><\/span><\/h3>\n<p>[\/vc_column_text][\/vc_column][\/vc_row][vc_row][vc_column width=&#8221;1\/5&#8243;][vc_single_image image=&#8221;7557&#8243; alignment=&#8221;center&#8221; onclick=&#8221;link_image&#8221; css=&#8221;.vc_custom_1665428886366{border-radius: 1px !important;}&#8221; title=&#8221;Sistema de Gest\u00e3o de Seguran\u00e7a&#8221;][\/vc_column][vc_column width=&#8221;1\/5&#8243;][vc_single_image image=&#8221;7553&#8243; alignment=&#8221;center&#8221; onclick=&#8221;link_image&#8221; css=&#8221;.vc_custom_1665428859352{border-radius: 1px !important;}&#8221; title=&#8221;Primeiros Socorros&#8221;][\/vc_column][vc_column width=&#8221;1\/5&#8243;][\/vc_column][vc_column width=&#8221;1\/5&#8243;][\/vc_column][vc_column width=&#8221;1\/5&#8243;][\/vc_column][\/vc_row]<\/p>\n<\/section>","protected":false},"excerpt":{"rendered":"<p>[vc_row][vc_column][vc_single_image image=&#8221;7601&#8243; img_size=&#8221;400&#215;400&#8243; alignment=&#8221;center&#8221;][\/vc_column][\/vc_row][vc_row][vc_column width=&#8221;1\/2&#8243;][vc_single_image image=&#8221;7762&#8243; img_size=&#8221;200&#215;200&#8243; alignment=&#8221;center&#8221; title=&#8221;THIAGO FADEL&#8221;][vc_column_text] QUEM SOMOS A Equipe Tartaruga cicloturismo \u00e9 uma empresa familiar, atuando no Caminho da F\u00e9 desde 2016 como apoio e com 16 anos de experi\u00eancia como peregrino, conseguimos elaborar cronogramas que se encaixam em cada grupo. Comprometidos com a seriedade do turismo de natureza e aventura, a Equipe Tartaruga \u00e9 filiada ao Minist\u00e9rio do Turismo \u201cCADASTUR\u201d. \u00a0 NOSSO OBJETIVO Desde o 1\u00ba contato com o peregrino at\u00e9 nossa despedida na bas\u00edlica sempre prezamos pelo carinho e respeito com cada um, o que nos faz ficarmos pr\u00f3ximos e nos sentirmos parte da fam\u00edlia de cada grupo. Nosso maior objetivo \u00e9 fazer com que cada cliente\/amigo fa\u00e7a sua peregrina\u00e7\u00e3o em seguran\u00e7a e que cada um tenha uma experi\u00eancia \u00fanica, tanto espiritualmente como de supera\u00e7\u00e3o dos seus pr\u00f3prios limites. \u00a0 NOSSA ESTRUTURA A Equipe Tartaruga Cicloturismo conta com: &#8211; 3 carros de apoio 4&#215;4, &#8211; 3 carretas adaptadas com suporte de bicicleta thule (para bikes e e- bikes), &#8211; van com carretinha para 16 bicicletas, &#8211; drone para filmagens, Al\u00e9m de todo nosso servi\u00e7o de reservas de pousadas e restaurantes! [\/vc_column_text][\/vc_column][vc_column width=&#8221;1\/2&#8243;][vc_gallery interval=&#8221;3&#8243; images=&#8221;7598,7599,7734,7735&#8243; img_size=&#8221;large&#8221;][\/vc_column][\/vc_row][vc_row][vc_column][vc_column_text] CONTATO &#x1f4f2; (19) 98232-4656 \u00a0 Instagram @equipetartaruga_oficial [\/vc_column_text][\/vc_column][\/vc_row][vc_row][vc_column][vc_separator color=&#8221;blue&#8221;][vc_column_text] DEPOIMENTOS [\/vc_column_text][\/vc_column][\/vc_row][vc_row][vc_column width=&#8221;1\/3&#8243;][vc_column_text] Agrade\u00e7o ao Thiago Fadel e equipe tartaruga &#x1f422;, por poder ter feito 7 vezes o caminho da f\u00e9 juntos e poder sentir o quanto \u00e9 importante ter um apoio de qualidade e conhecimento,esses s\u00e3o feras. Beto Lima [\/vc_column_text][\/vc_column][vc_column width=&#8221;1\/3&#8243;][vc_column_text] &nbsp; &nbsp; A Equipe Tartaruga conduz seus clientes peregrinos com amor , carinho e responsabilidade , o amor e a devo\u00e7\u00e3o a Nossa Senhora est\u00e1 no cora\u00e7\u00e3o deles, eles tem um cuidado todo especial com o caminho da F\u00e9 , conduzindo e orientando at\u00e9 a casa da M\u00e3e. Equipe tartaruga &#x1f422; nota 1000&#x2764;&#xfe0f;super recomendo &#x1f64f;&#x1f64f; Luciano e Iara Bid\u00f3ia [\/vc_column_text][\/vc_column][vc_column width=&#8221;1\/3&#8243;][vc_column_text] Seria imposs\u00edvel chegar aonde chegamos sem o apoio e a dedica\u00e7\u00e3o da Equipe Tartaruga, 1.000kms de Jos\u00e9 Bonif\u00e1cio-SP \u00e0 Aparecida-SP (Ramal S\u00e3o Jos\u00e9). Nat\u00e1lia e Adriano Gomes [\/vc_column_text][\/vc_column][\/vc_row][vc_row][vc_column][vc_separator color=&#8221;blue&#8221;][vc_column_text] P\u00daBLICO [\/vc_column_text][\/vc_column][\/vc_row][vc_row][vc_column width=&#8221;1\/5&#8243;][vc_single_image image=&#8221;7549&#8243; alignment=&#8221;center&#8221; onclick=&#8221;link_image&#8221; css=&#8221;.vc_custom_1665428583204{border-radius: 1px !important;}&#8221; title=&#8221;Homens&#8221;][\/vc_column][vc_column width=&#8221;1\/5&#8243;][vc_single_image image=&#8221;7548&#8243; alignment=&#8221;center&#8221; onclick=&#8221;link_image&#8221; css=&#8221;.vc_custom_1665428591409{border-radius: 1px !important;}&#8221; title=&#8221;Mulheres&#8221;][\/vc_column][vc_column width=&#8221;1\/5&#8243;][vc_single_image image=&#8221;7547&#8243; alignment=&#8221;center&#8221; onclick=&#8221;link_image&#8221; css=&#8221;.vc_custom_1665428598480{border-radius: 1px !important;}&#8221; title=&#8221;Fam\u00edlias&#8221;][\/vc_column][vc_column width=&#8221;1\/5&#8243;][vc_single_image image=&#8221;7555&#8243; alignment=&#8221;center&#8221; onclick=&#8221;link_image&#8221; css=&#8221;.vc_custom_1665428605080{border-radius: 1px !important;}&#8221; title=&#8221;Grupos&#8221;][\/vc_column][vc_column width=&#8221;1\/5&#8243;][vc_single_image image=&#8221;7550&#8243; alignment=&#8221;center&#8221; onclick=&#8221;link_image&#8221; css=&#8221;.vc_custom_1665669364104{border-radius: 1px !important;}&#8221; title=&#8221;60 +&#8221;][\/vc_column][\/vc_row][vc_row][vc_column width=&#8221;1\/5&#8243;][vc_single_image image=&#8221;7552&#8243; alignment=&#8221;center&#8221; onclick=&#8221;link_image&#8221; css=&#8221;.vc_custom_1665433498690{border-radius: 1px !important;}&#8221; title=&#8221;Pet Friendly&#8221;][\/vc_column][vc_column width=&#8221;1\/5&#8243;][vc_single_image image=&#8221;7546&#8243; alignment=&#8221;center&#8221; onclick=&#8221;link_image&#8221; css=&#8221;.vc_custom_1665669382290{border-radius: 1px !important;}&#8221; title=&#8221;Pessoa com Defici\u00eancia Visual&#8221;][\/vc_column][vc_column width=&#8221;1\/5&#8243;][vc_single_image image=&#8221;7540&#8243; alignment=&#8221;center&#8221; onclick=&#8221;link_image&#8221; css=&#8221;.vc_custom_1665669441203{border-radius: 1px !important;}&#8221; title=&#8221;Pessoa com Defici\u00eancia Auditiva&#8221;][\/vc_column][vc_column width=&#8221;1\/5&#8243;][vc_single_image image=&#8221;7613&#8243; alignment=&#8221;center&#8221; onclick=&#8221;link_image&#8221; css=&#8221;.vc_custom_1665669492330{border-radius: 1px !important;}&#8221; title=&#8221;Pessoa com Defici\u00eancia F\u00edsica&#8221;][\/vc_column][vc_column width=&#8221;1\/5&#8243;][\/vc_column][\/vc_row][vc_row][vc_column][vc_separator color=&#8221;blue&#8221;][vc_column_text] MODAL [\/vc_column_text][\/vc_column][\/vc_row][vc_row][vc_column width=&#8221;1\/5&#8243;][vc_single_image image=&#8221;7551&#8243; alignment=&#8221;center&#8221; onclick=&#8221;link_image&#8221; css=&#8221;.vc_custom_1665428664295{border-radius: 1px !important;}&#8221; title=&#8221;Peregrino&#8221;][\/vc_column][vc_column width=&#8221;1\/5&#8243;][vc_single_image image=&#8221;7544&#8243; alignment=&#8221;center&#8221; onclick=&#8221;link_image&#8221; css=&#8221;.vc_custom_1665433750790{border-radius: 1px !important;}&#8221; title=&#8221;Ciclista&#8221;][\/vc_column][vc_column width=&#8221;1\/5&#8243;][\/vc_column][vc_column width=&#8221;1\/5&#8243;][\/vc_column][vc_column width=&#8221;1\/5&#8243;][\/vc_column][\/vc_row][vc_row][vc_column][vc_separator color=&#8221;blue&#8221;][vc_column_text] INFRAESTRUTURA TUR\u00cdSTICA [\/vc_column_text][\/vc_column][\/vc_row][vc_row][vc_column width=&#8221;1\/5&#8243;][vc_single_image image=&#8221;7556&#8243; alignment=&#8221;center&#8221; onclick=&#8221;link_image&#8221; css=&#8221;.vc_custom_1665669077740{border-radius: 1px !important;}&#8221; title=&#8221;Qualifica\u00e7\u00e3o Profissional&#8221;][\/vc_column][vc_column width=&#8221;1\/5&#8243;][vc_single_image image=&#8221;7543&#8243; alignment=&#8221;center&#8221; onclick=&#8221;link_image&#8221; css=&#8221;.vc_custom_1665428757241{border-radius: 1px !important;}&#8221; title=&#8221;Transporte de Bagagem&#8221;][\/vc_column][vc_column width=&#8221;1\/5&#8243;][vc_single_image image=&#8221;7545&#8243; alignment=&#8221;center&#8221; onclick=&#8221;link_image&#8221; css=&#8221;.vc_custom_1665428765161{border-radius: 1px !important;}&#8221; title=&#8221;Hospedagem&#8221;][\/vc_column][vc_column width=&#8221;1\/5&#8243;][vc_single_image image=&#8221;7541&#8243; alignment=&#8221;center&#8221; onclick=&#8221;link_image&#8221; css=&#8221;.vc_custom_1665428772488{border-radius: 1px !important;}&#8221; title=&#8221;Alimenta\u00e7\u00e3o&#8221;][\/vc_column][vc_column width=&#8221;1\/5&#8243;][\/vc_column][\/vc_row][vc_row][vc_column][vc_separator color=&#8221;blue&#8221;][vc_column_text] APOIO [\/vc_column_text][\/vc_column][\/vc_row][vc_row][vc_column width=&#8221;1\/5&#8243;][vc_single_image image=&#8221;7542&#8243; alignment=&#8221;center&#8221; onclick=&#8221;link_image&#8221; css=&#8221;.vc_custom_1665433779918{border-radius: 1px !important;}&#8221; title=&#8221;Ve\u00edculo&#8221;][\/vc_column][vc_column width=&#8221;1\/5&#8243;][\/vc_column][vc_column width=&#8221;1\/5&#8243;][\/vc_column][vc_column width=&#8221;1\/5&#8243;][\/vc_column][vc_column width=&#8221;1\/5&#8243;][\/vc_column][\/vc_row][vc_row][vc_column][vc_separator color=&#8221;blue&#8221;][vc_column_text] SEGURAN\u00c7A [\/vc_column_text][\/vc_column][\/vc_row][vc_row][vc_column width=&#8221;1\/5&#8243;][vc_single_image image=&#8221;7557&#8243; alignment=&#8221;center&#8221; onclick=&#8221;link_image&#8221; css=&#8221;.vc_custom_1665428886366{border-radius: 1px !important;}&#8221; title=&#8221;Sistema de Gest\u00e3o de Seguran\u00e7a&#8221;][\/vc_column][vc_column width=&#8221;1\/5&#8243;][vc_single_image image=&#8221;7553&#8243; alignment=&#8221;center&#8221; onclick=&#8221;link_image&#8221; css=&#8221;.vc_custom_1665428859352{border-radius: 1px !important;}&#8221; title=&#8221;Primeiros Socorros&#8221;][\/vc_column][vc_column width=&#8221;1\/5&#8243;][\/vc_column][vc_column width=&#8221;1\/5&#8243;][\/vc_column][vc_column width=&#8221;1\/5&#8243;][\/vc_column][\/vc_row]<\/p>\n","protected":false},"author":2,"featured_media":0,"parent":0,"menu_order":0,"comment_status":"closed","ping_status":"closed","template":"","meta":{"content-type":"","_monsterinsights_skip_tracking":false,"_monsterinsights_sitenote_active":false,"_monsterinsights_sitenote_note":"","_monsterinsights_sitenote_category":0,"footnotes":""},"class_list":["post-7592","page","type-page","status-publish","hentry"],"_links":{"self":[{"href":"https:\/\/caminhodafe.com.br\/ptbr\/wp-json\/wp\/v2\/pages\/7592","targetHints":{"allow":["GET"]}}],"collection":[{"href":"https:\/\/caminhodafe.com.br\/ptbr\/wp-json\/wp\/v2\/pages"}],"about":[{"href":"https:\/\/caminhodafe.com.br\/ptbr\/wp-json\/wp\/v2\/types\/page"}],"author":[{"embeddable":true,"href":"https:\/\/caminhodafe.com.br\/ptbr\/wp-json\/wp\/v2\/users\/2"}],"replies":[{"embeddable":true,"href":"https:\/\/caminhodafe.com.br\/ptbr\/wp-json\/wp\/v2\/comments?post=7592"}],"version-history":[{"count":15,"href":"https:\/\/caminhodafe.com.br\/ptbr\/wp-json\/wp\/v2\/pages\/7592\/revisions"}],"predecessor-version":[{"id":7769,"href":"https:\/\/caminhodafe.com.br\/ptbr\/wp-json\/wp\/v2\/pages\/7592\/revisions\/7769"}],"wp:attachment":[{"href":"https:\/\/caminhodafe.com.br\/ptbr\/wp-json\/wp\/v2\/media?parent=7592"}],"curies":[{"name":"wp","href":"https:\/\/api.w.org\/{rel}","templated":true}]}}