{"id":7412,"date":"2022-09-13T15:04:12","date_gmt":"2022-09-13T18:04:12","guid":{"rendered":"https:\/\/caminhodafe.com.br\/ptbr\/?page_id=7412"},"modified":"2026-02-10T08:31:52","modified_gmt":"2026-02-10T11:31:52","slug":"operadores-credenciados","status":"publish","type":"page","link":"https:\/\/caminhodafe.com.br\/ptbr\/operadores-credenciados\/","title":{"rendered":"Operadores credenciados"},"content":{"rendered":"<section class=\"wpb-content-wrapper\"><p>[vc_row][vc_column][vc_column_text]<\/p>\n<h3 style=\"text-align: center\">Com foco em organiza\u00e7\u00e3o e sistematiza\u00e7\u00e3o dos processos da Associa\u00e7\u00e3o dos Amigos do Caminho da F\u00e9 iniciamos a implanta\u00e7\u00e3o do SISTEMA DE GEST\u00c3O DE SEGURAN\u00c7A DO CAMINHO DA F\u00c9.<\/h3>\n<h3 style=\"text-align: center\">A primeira a\u00e7\u00e3o desse processo \u00e9 a proposta de regulamenta\u00e7\u00e3o do trabalho realizado pelos guias e operadores, por meio da estrat\u00e9gia de credenciamento das empresas que prestam servi\u00e7os de apoio e organiza\u00e7\u00e3o da viagem aos peregrinos.<\/h3>\n<h3 style=\"text-align: center\">O processo se deu atrav\u00e9s do contato realizado com a primeira rela\u00e7\u00e3o de operadores, apresentamos a proposta do sistema de credenciamento, realizamos o Curso de Sistema de Gest\u00e3o de Seguran\u00e7a realizado pela ABETA, a oficina de primeiros socorros realizada pela Padilha Treinamentos e ap\u00f3s essas a\u00e7\u00f5es orientamos a estrutura\u00e7\u00e3o e implementa\u00e7\u00e3o do projeto.<\/h3>\n<h3 style=\"text-align: center\">O resultado apresentamos abaixo com a regulamenta\u00e7\u00e3o dos operadores credenciados na primeira turma.<\/h3>\n<h3 style=\"text-align: center\">Disponibilizamos informa\u00e7\u00f5es b\u00e1sicas sobre o trabalho realizado por eles. A contrata\u00e7\u00e3o, an\u00e1lise de servi\u00e7os e pre\u00e7os \u00e9 feita diretamente com os prestadores de servi\u00e7o conforme sua necessidade e desejo.<\/h3>\n<h3 style=\"text-align: center\">Cada operador \u00e9 respons\u00e1vel pelas informa\u00e7\u00f5es oferecidas e nosso papel \u00e9 o de conectar essa rela\u00e7\u00e3o com os peregrinos, assim como j\u00e1 fazemos com a rela\u00e7\u00e3o de pousadas.<\/h3>\n<p>[\/vc_column_text][\/vc_column][\/vc_row][vc_row gap=&#8221;10&#8243;][vc_column width=&#8221;1\/3&#8243;][vc_single_image image=&#8221;7536&#8243; img_size=&#8221;300&#215;300&#8243; alignment=&#8221;center&#8221; onclick=&#8221;custom_link&#8221; img_link_target=&#8221;_blank&#8221; link=&#8221;https:\/\/caminhodafe.com.br\/ptbr\/daniel-longo\/&#8221;][vc_column_text]<\/p>\n<h3 style=\"text-align: center\"><a href=\"https:\/\/caminhodafe.com.br\/ptbr\/daniel-longo\/\">DANIEL LONGO<\/a><\/h3>\n<p>[\/vc_column_text][\/vc_column][vc_column width=&#8221;1\/3&#8243;][vc_single_image image=&#8221;8811&#8243; img_size=&#8221;300&#215;300&#8243; alignment=&#8221;center&#8221; onclick=&#8221;custom_link&#8221; img_link_target=&#8221;_blank&#8221; link=&#8221;https:\/\/caminhodafe.com.br\/ptbr\/vamuanda\/&#8221;][vc_column_text]<\/p>\n<h3 style=\"text-align: center\"><a href=\"https:\/\/caminhodafe.com.br\/ptbr\/vamuanda\/\">VAMUAND\u00c1<\/a><\/h3>\n<p>[\/vc_column_text][\/vc_column][vc_column width=&#8221;1\/3&#8243;][vc_single_image image=&#8221;7808&#8243; img_size=&#8221;300&#215;300&#8243; alignment=&#8221;center&#8221; onclick=&#8221;custom_link&#8221; img_link_target=&#8221;_blank&#8221; link=&#8221;https:\/\/caminhodafe.com.br\/ptbr\/nova-equipe&#8221;][vc_column_text]<\/p>\n<h3 style=\"text-align: center\"><a href=\"https:\/\/caminhodafe.com.br\/ptbr\/nova-equipe\/\">NOVA EQUIPE<\/a><\/h3>\n<p>[\/vc_column_text][\/vc_column][\/vc_row][vc_row gap=&#8221;10&#8243;][vc_column width=&#8221;1\/3&#8243;][vc_single_image image=&#8221;9519&#8243; img_size=&#8221;300&#215;300&#8243; alignment=&#8221;center&#8221; onclick=&#8221;custom_link&#8221; img_link_target=&#8221;_blank&#8221; link=&#8221;https:\/\/caminhodafe.com.br\/ptbr\/natrilhas\/&#8221;][vc_column_text]<\/p>\n<h3 style=\"text-align: center\"><a href=\"https:\/\/caminhodafe.com.br\/ptbr\/natrilhas\/\">NATRILHAS<\/a><\/h3>\n<p>[\/vc_column_text][\/vc_column][vc_column width=&#8221;1\/3&#8243;][vc_single_image image=&#8221;7414&#8243; img_size=&#8221;300&#215;300&#8243; alignment=&#8221;center&#8221; onclick=&#8221;custom_link&#8221; img_link_target=&#8221;_blank&#8221; link=&#8221;https:\/\/caminhodafe.com.br\/ptbr\/caminho-fe\/&#8221;][vc_column_text]<\/p>\n<h3 style=\"text-align: center\"><a href=\"https:\/\/caminhodafe.com.br\/ptbr\/caminho-fe\/\">CAMINHO.F\u00c9<\/a><\/h3>\n<p>[\/vc_column_text][\/vc_column][vc_column width=&#8221;1\/3&#8243;][vc_single_image image=&#8221;8710&#8243; img_size=&#8221;300&#215;300&#8243; alignment=&#8221;center&#8221; onclick=&#8221;custom_link&#8221; img_link_target=&#8221;_blank&#8221; link=&#8221;https:\/\/caminhodafe.com.br\/ptbr\/bikers-rio-pardo-2\/&#8221;][vc_column_text]<\/p>\n<h3 style=\"text-align: center\"><a href=\"https:\/\/caminhodafe.com.br\/ptbr\/bikers-rio-pardo-2\/\">BIKERS RIO PARDO<\/a><\/h3>\n<p>[\/vc_column_text][\/vc_column][\/vc_row][vc_row gap=&#8221;10&#8243;][vc_column width=&#8221;1\/3&#8243;][vc_single_image image=&#8221;9452&#8243; img_size=&#8221;300&#215;300&#8243; alignment=&#8221;center&#8221; onclick=&#8221;custom_link&#8221; img_link_target=&#8221;_blank&#8221; link=&#8221;https:\/\/caminhodafe.com.br\/ptbr\/equipe-tartaruga\/&#8221;][vc_column_text]<\/p>\n<h3 style=\"text-align: center\"><a href=\"https:\/\/caminhodafe.com.br\/ptbr\/equipe-tartaruga\/\">EQUIPE TARTARUGA<\/a><\/h3>\n<p>[\/vc_column_text][\/vc_column][vc_column width=&#8221;1\/3&#8243;][vc_single_image image=&#8221;9183&#8243; img_size=&#8221;300&#215;300&#8243; alignment=&#8221;center&#8221; onclick=&#8221;custom_link&#8221; img_link_target=&#8221;_blank&#8221; link=&#8221;https:\/\/caminhodafe.com.br\/ptbr\/sao-judas-tadeu&#8221;][vc_column_text]<\/p>\n<h3 style=\"text-align: center\"><a href=\"https:\/\/caminhodafe.com.br\/ptbr\/sao-judas-tadeu\/\">S\u00c3O JUDAS TADEU PEREGRINA\u00c7\u00d5ES<\/a><\/h3>\n<p>[\/vc_column_text][\/vc_column][vc_column width=&#8221;1\/3&#8243;][vc_single_image image=&#8221;10280&#8243; img_size=&#8221;300&#215;300&#8243; alignment=&#8221;center&#8221; onclick=&#8221;custom_link&#8221; img_link_target=&#8221;_blank&#8221; link=&#8221;https:\/\/caminhodafe.com.br\/ptbr\/caminhar-pra-dentro\/&#8221;][vc_column_text]<\/p>\n<h3 style=\"text-align: center\"><a href=\"https:\/\/caminhodafe.com.br\/ptbr\/caminhar-pra-dentro\/\">CAMINHAR PRA DENTRO<\/a><\/h3>\n<p>[\/vc_column_text][\/vc_column][\/vc_row][vc_row gap=&#8221;10&#8243;][vc_column width=&#8221;1\/3&#8243;][vc_single_image image=&#8221;9395&#8243; img_size=&#8221;300&#215;300&#8243; alignment=&#8221;center&#8221; onclick=&#8221;custom_link&#8221; img_link_target=&#8221;_blank&#8221; link=&#8221;https:\/\/caminhodafe.com.br\/ptbr\/ze-roque\/&#8221;][vc_column_text]<\/p>\n<h3 style=\"text-align: center\"><a href=\"https:\/\/caminhodafe.com.br\/ptbr\/ze-roque\/\">CHAMA Z\u00c9 ROQUE<\/a><\/h3>\n<p>[\/vc_column_text][\/vc_column][vc_column width=&#8221;1\/3&#8243;][vc_single_image image=&#8221;11472&#8243; img_size=&#8221;300&#215;300&#8243; alignment=&#8221;center&#8221; onclick=&#8221;custom_link&#8221; img_link_target=&#8221;_blank&#8221; link=&#8221;https:\/\/caminhodafe.com.br\/ptbr\/voce-nos-caminhos\/&#8221;][vc_column_text]<\/p>\n<h3 style=\"text-align: center\"><a href=\"https:\/\/caminhodafe.com.br\/ptbr\/sao-judas-tadeu\/\">VOC\u00ca nos Caminhos<\/a><\/h3>\n<p>[\/vc_column_text][\/vc_column][vc_column width=&#8221;1\/3&#8243;][vc_single_image image=&#8221;10298&#8243; img_size=&#8221;300&#215;300&#8243; alignment=&#8221;center&#8221; onclick=&#8221;custom_link&#8221; link=&#8221;https:\/\/caminhodafe.com.br\/ptbr\/pegada-na-trilha\/&#8221;][vc_column_text]<\/p>\n<h3 style=\"text-align: center\"><a href=\"https:\/\/caminhodafe.com.br\/ptbr\/pegada-na-trilha\/\"><strong>PEGADA NA TRILHA<\/strong><\/a><\/h3>\n<p>[\/vc_column_text][\/vc_column][\/vc_row][vc_row gap=&#8221;10&#8243;][vc_column width=&#8221;1\/3&#8243;][vc_single_image image=&#8221;10337&#8243; img_size=&#8221;300&#215;300&#8243; alignment=&#8221;center&#8221; onclick=&#8221;custom_link&#8221; img_link_target=&#8221;_blank&#8221; link=&#8221;https:\/\/caminhodafe.com.br\/ptbr\/sinais-do-caminho\/&#8221;][vc_column_text]<\/p>\n<h3 style=\"text-align: center\"><a href=\"https:\/\/caminhodafe.com.br\/ptbr\/sinais-do-caminho\/\">SINAIS DO CAMINHO<\/a><\/h3>\n<p>[\/vc_column_text][\/vc_column][vc_column width=&#8221;1\/3&#8243;][vc_single_image image=&#8221;10429&#8243; img_size=&#8221;300&#215;300&#8243; alignment=&#8221;center&#8221; onclick=&#8221;custom_link&#8221; img_link_target=&#8221;_blank&#8221; link=&#8221;https:\/\/caminhodafe.com.br\/ptbr\/bom-caminho\/&#8221;][vc_column_text]<\/p>\n<h4 style=\"text-align: center\"><a href=\"https:\/\/caminhodafe.com.br\/ptbr\/bom-caminho\/\">BOM CAMINHO PEREGRINOS<\/a><\/h4>\n<p>[\/vc_column_text][\/vc_column][vc_column width=&#8221;1\/3&#8243;][vc_single_image image=&#8221;10600&#8243; img_size=&#8221;300&#215;300&#8243; alignment=&#8221;center&#8221; onclick=&#8221;custom_link&#8221; img_link_target=&#8221;_blank&#8221; link=&#8221;https:\/\/caminhodafe.com.br\/ptbr\/manto-sagrado\/&#8221;][vc_column_text]<\/p>\n<h4 style=\"text-align: center\"><a href=\"https:\/\/caminhodafe.com.br\/ptbr\/manto-sagrado\/\">MANTO SAGRADO PEREGRINOS<\/a><\/h4>\n<p>[\/vc_column_text][\/vc_column][\/vc_row][vc_row gap=&#8221;10&#8243;][vc_column width=&#8221;1\/3&#8243;][vc_single_image image=&#8221;10501&#8243; img_size=&#8221;300&#215;300&#8243; alignment=&#8221;center&#8221; onclick=&#8221;custom_link&#8221; img_link_target=&#8221;_blank&#8221; link=&#8221;https:\/\/caminhodafe.com.br\/ptbr\/nosso-grupo&#8221;][vc_column_text]<\/p>\n<h3 style=\"text-align: center\"><a href=\"https:\/\/caminhodafe.com.br\/ptbr\/nosso-grupo\">NOSSO GRUPO<\/a><\/h3>\n<p>[\/vc_column_text][\/vc_column][vc_column width=&#8221;1\/3&#8243;][vc_single_image image=&#8221;10590&#8243; img_size=&#8221;300&#215;300&#8243; alignment=&#8221;center&#8221; onclick=&#8221;custom_link&#8221; img_link_target=&#8221;_blank&#8221; link=&#8221;https:\/\/caminhodafe.com.br\/ptbr\/roots-adventure\/&#8221;][vc_column_text]<\/p>\n<h3 style=\"text-align: center\"><a href=\"https:\/\/caminhodafe.com.br\/ptbr\/roots-adventure\/\">ROOTS ADVENTURE<\/a><\/h3>\n<p>[\/vc_column_text][\/vc_column][vc_column width=&#8221;1\/3&#8243;][\/vc_column][\/vc_row]<\/p>\n<\/section>","protected":false},"excerpt":{"rendered":"<p>[vc_row][vc_column][vc_column_text] Com foco em organiza\u00e7\u00e3o e sistematiza\u00e7\u00e3o dos processos da Associa\u00e7\u00e3o dos Amigos do Caminho da F\u00e9 iniciamos a implanta\u00e7\u00e3o do SISTEMA DE GEST\u00c3O DE SEGURAN\u00c7A DO CAMINHO DA F\u00c9. A primeira a\u00e7\u00e3o desse processo \u00e9 a proposta de regulamenta\u00e7\u00e3o do trabalho realizado pelos guias e operadores, por meio da estrat\u00e9gia de credenciamento das empresas que prestam servi\u00e7os de apoio e organiza\u00e7\u00e3o da viagem aos peregrinos. O processo se deu atrav\u00e9s do contato realizado com a primeira rela\u00e7\u00e3o de operadores, apresentamos a proposta do sistema de credenciamento, realizamos o Curso de Sistema de Gest\u00e3o de Seguran\u00e7a realizado pela ABETA, a oficina de primeiros socorros realizada pela Padilha Treinamentos e ap\u00f3s essas a\u00e7\u00f5es orientamos a estrutura\u00e7\u00e3o e implementa\u00e7\u00e3o do projeto. O resultado apresentamos abaixo com a regulamenta\u00e7\u00e3o dos operadores credenciados na primeira turma. Disponibilizamos informa\u00e7\u00f5es b\u00e1sicas sobre o trabalho realizado por eles. A contrata\u00e7\u00e3o, an\u00e1lise de servi\u00e7os e pre\u00e7os \u00e9 feita diretamente com os prestadores de servi\u00e7o conforme sua necessidade e desejo. Cada operador \u00e9 respons\u00e1vel pelas informa\u00e7\u00f5es oferecidas e nosso papel \u00e9 o de conectar essa rela\u00e7\u00e3o com os peregrinos, assim como j\u00e1 fazemos com a rela\u00e7\u00e3o de pousadas. [\/vc_column_text][\/vc_column][\/vc_row][vc_row gap=&#8221;10&#8243;][vc_column width=&#8221;1\/3&#8243;][vc_single_image image=&#8221;7536&#8243; img_size=&#8221;300&#215;300&#8243; alignment=&#8221;center&#8221; onclick=&#8221;custom_link&#8221; img_link_target=&#8221;_blank&#8221; link=&#8221;https:\/\/caminhodafe.com.br\/ptbr\/daniel-longo\/&#8221;][vc_column_text] DANIEL LONGO [\/vc_column_text][\/vc_column][vc_column width=&#8221;1\/3&#8243;][vc_single_image image=&#8221;8811&#8243; img_size=&#8221;300&#215;300&#8243; alignment=&#8221;center&#8221; onclick=&#8221;custom_link&#8221; img_link_target=&#8221;_blank&#8221; link=&#8221;https:\/\/caminhodafe.com.br\/ptbr\/vamuanda\/&#8221;][vc_column_text] VAMUAND\u00c1 [\/vc_column_text][\/vc_column][vc_column width=&#8221;1\/3&#8243;][vc_single_image image=&#8221;7808&#8243; img_size=&#8221;300&#215;300&#8243; alignment=&#8221;center&#8221; onclick=&#8221;custom_link&#8221; img_link_target=&#8221;_blank&#8221; link=&#8221;https:\/\/caminhodafe.com.br\/ptbr\/nova-equipe&#8221;][vc_column_text] NOVA EQUIPE [\/vc_column_text][\/vc_column][\/vc_row][vc_row gap=&#8221;10&#8243;][vc_column width=&#8221;1\/3&#8243;][vc_single_image image=&#8221;9519&#8243; img_size=&#8221;300&#215;300&#8243; alignment=&#8221;center&#8221; onclick=&#8221;custom_link&#8221; img_link_target=&#8221;_blank&#8221; link=&#8221;https:\/\/caminhodafe.com.br\/ptbr\/natrilhas\/&#8221;][vc_column_text] NATRILHAS [\/vc_column_text][\/vc_column][vc_column width=&#8221;1\/3&#8243;][vc_single_image image=&#8221;7414&#8243; img_size=&#8221;300&#215;300&#8243; alignment=&#8221;center&#8221; onclick=&#8221;custom_link&#8221; img_link_target=&#8221;_blank&#8221; link=&#8221;https:\/\/caminhodafe.com.br\/ptbr\/caminho-fe\/&#8221;][vc_column_text] CAMINHO.F\u00c9 [\/vc_column_text][\/vc_column][vc_column width=&#8221;1\/3&#8243;][vc_single_image image=&#8221;8710&#8243; img_size=&#8221;300&#215;300&#8243; alignment=&#8221;center&#8221; onclick=&#8221;custom_link&#8221; img_link_target=&#8221;_blank&#8221; link=&#8221;https:\/\/caminhodafe.com.br\/ptbr\/bikers-rio-pardo-2\/&#8221;][vc_column_text] BIKERS RIO PARDO [\/vc_column_text][\/vc_column][\/vc_row][vc_row gap=&#8221;10&#8243;][vc_column width=&#8221;1\/3&#8243;][vc_single_image image=&#8221;9452&#8243; img_size=&#8221;300&#215;300&#8243; alignment=&#8221;center&#8221; onclick=&#8221;custom_link&#8221; img_link_target=&#8221;_blank&#8221; link=&#8221;https:\/\/caminhodafe.com.br\/ptbr\/equipe-tartaruga\/&#8221;][vc_column_text] EQUIPE TARTARUGA [\/vc_column_text][\/vc_column][vc_column width=&#8221;1\/3&#8243;][vc_single_image image=&#8221;9183&#8243; img_size=&#8221;300&#215;300&#8243; alignment=&#8221;center&#8221; onclick=&#8221;custom_link&#8221; img_link_target=&#8221;_blank&#8221; link=&#8221;https:\/\/caminhodafe.com.br\/ptbr\/sao-judas-tadeu&#8221;][vc_column_text] S\u00c3O JUDAS TADEU PEREGRINA\u00c7\u00d5ES [\/vc_column_text][\/vc_column][vc_column width=&#8221;1\/3&#8243;][vc_single_image image=&#8221;10280&#8243; img_size=&#8221;300&#215;300&#8243; alignment=&#8221;center&#8221; onclick=&#8221;custom_link&#8221; img_link_target=&#8221;_blank&#8221; link=&#8221;https:\/\/caminhodafe.com.br\/ptbr\/caminhar-pra-dentro\/&#8221;][vc_column_text] CAMINHAR PRA DENTRO [\/vc_column_text][\/vc_column][\/vc_row][vc_row gap=&#8221;10&#8243;][vc_column width=&#8221;1\/3&#8243;][vc_single_image image=&#8221;9395&#8243; img_size=&#8221;300&#215;300&#8243; alignment=&#8221;center&#8221; onclick=&#8221;custom_link&#8221; img_link_target=&#8221;_blank&#8221; link=&#8221;https:\/\/caminhodafe.com.br\/ptbr\/ze-roque\/&#8221;][vc_column_text] CHAMA Z\u00c9 ROQUE [\/vc_column_text][\/vc_column][vc_column width=&#8221;1\/3&#8243;][vc_single_image image=&#8221;11472&#8243; img_size=&#8221;300&#215;300&#8243; alignment=&#8221;center&#8221; onclick=&#8221;custom_link&#8221; img_link_target=&#8221;_blank&#8221; link=&#8221;https:\/\/caminhodafe.com.br\/ptbr\/voce-nos-caminhos\/&#8221;][vc_column_text] VOC\u00ca nos Caminhos [\/vc_column_text][\/vc_column][vc_column width=&#8221;1\/3&#8243;][vc_single_image image=&#8221;10298&#8243; img_size=&#8221;300&#215;300&#8243; alignment=&#8221;center&#8221; onclick=&#8221;custom_link&#8221; link=&#8221;https:\/\/caminhodafe.com.br\/ptbr\/pegada-na-trilha\/&#8221;][vc_column_text] PEGADA NA TRILHA [\/vc_column_text][\/vc_column][\/vc_row][vc_row gap=&#8221;10&#8243;][vc_column width=&#8221;1\/3&#8243;][vc_single_image image=&#8221;10337&#8243; img_size=&#8221;300&#215;300&#8243; alignment=&#8221;center&#8221; onclick=&#8221;custom_link&#8221; img_link_target=&#8221;_blank&#8221; link=&#8221;https:\/\/caminhodafe.com.br\/ptbr\/sinais-do-caminho\/&#8221;][vc_column_text] SINAIS DO CAMINHO [\/vc_column_text][\/vc_column][vc_column width=&#8221;1\/3&#8243;][vc_single_image image=&#8221;10429&#8243; img_size=&#8221;300&#215;300&#8243; alignment=&#8221;center&#8221; onclick=&#8221;custom_link&#8221; img_link_target=&#8221;_blank&#8221; link=&#8221;https:\/\/caminhodafe.com.br\/ptbr\/bom-caminho\/&#8221;][vc_column_text] BOM CAMINHO PEREGRINOS [\/vc_column_text][\/vc_column][vc_column width=&#8221;1\/3&#8243;][vc_single_image image=&#8221;10600&#8243; img_size=&#8221;300&#215;300&#8243; alignment=&#8221;center&#8221; onclick=&#8221;custom_link&#8221; img_link_target=&#8221;_blank&#8221; link=&#8221;https:\/\/caminhodafe.com.br\/ptbr\/manto-sagrado\/&#8221;][vc_column_text] MANTO SAGRADO PEREGRINOS [\/vc_column_text][\/vc_column][\/vc_row][vc_row gap=&#8221;10&#8243;][vc_column width=&#8221;1\/3&#8243;][vc_single_image image=&#8221;10501&#8243; img_size=&#8221;300&#215;300&#8243; alignment=&#8221;center&#8221; onclick=&#8221;custom_link&#8221; img_link_target=&#8221;_blank&#8221; link=&#8221;https:\/\/caminhodafe.com.br\/ptbr\/nosso-grupo&#8221;][vc_column_text] NOSSO GRUPO [\/vc_column_text][\/vc_column][vc_column width=&#8221;1\/3&#8243;][vc_single_image image=&#8221;10590&#8243; img_size=&#8221;300&#215;300&#8243; alignment=&#8221;center&#8221; onclick=&#8221;custom_link&#8221; img_link_target=&#8221;_blank&#8221; link=&#8221;https:\/\/caminhodafe.com.br\/ptbr\/roots-adventure\/&#8221;][vc_column_text] ROOTS ADVENTURE [\/vc_column_text][\/vc_column][vc_column width=&#8221;1\/3&#8243;][\/vc_column][\/vc_row]<\/p>\n","protected":false},"author":2,"featured_media":0,"parent":0,"menu_order":0,"comment_status":"closed","ping_status":"closed","template":"","meta":{"content-type":"","_monsterinsights_skip_tracking":false,"_monsterinsights_sitenote_active":false,"_monsterinsights_sitenote_note":"","_monsterinsights_sitenote_category":0,"footnotes":""},"class_list":["post-7412","page","type-page","status-publish","hentry"],"_links":{"self":[{"href":"https:\/\/caminhodafe.com.br\/ptbr\/wp-json\/wp\/v2\/pages\/7412","targetHints":{"allow":["GET"]}}],"collection":[{"href":"https:\/\/caminhodafe.com.br\/ptbr\/wp-json\/wp\/v2\/pages"}],"about":[{"href":"https:\/\/caminhodafe.com.br\/ptbr\/wp-json\/wp\/v2\/types\/page"}],"author":[{"embeddable":true,"href":"https:\/\/caminhodafe.com.br\/ptbr\/wp-json\/wp\/v2\/users\/2"}],"replies":[{"embeddable":true,"href":"https:\/\/caminhodafe.com.br\/ptbr\/wp-json\/wp\/v2\/comments?post=7412"}],"version-history":[{"count":54,"href":"https:\/\/caminhodafe.com.br\/ptbr\/wp-json\/wp\/v2\/pages\/7412\/revisions"}],"predecessor-version":[{"id":11476,"href":"https:\/\/caminhodafe.com.br\/ptbr\/wp-json\/wp\/v2\/pages\/7412\/revisions\/11476"}],"wp:attachment":[{"href":"https:\/\/caminhodafe.com.br\/ptbr\/wp-json\/wp\/v2\/media?parent=7412"}],"curies":[{"name":"wp","href":"https:\/\/api.w.org\/{rel}","templated":true}]}}