{"id":7186,"date":"2022-07-21T09:50:08","date_gmt":"2022-07-21T12:50:08","guid":{"rendered":"https:\/\/caminhodafe.com.br\/ptbr\/?page_id=7186"},"modified":"2022-07-21T11:26:22","modified_gmt":"2022-07-21T14:26:22","slug":"leis-caminho-da-fe","status":"publish","type":"page","link":"https:\/\/caminhodafe.com.br\/ptbr\/leis-caminho-da-fe\/","title":{"rendered":"Leis de reconhecimento do Caminho da F\u00e9"},"content":{"rendered":"<section class=\"wpb-content-wrapper\"><p>[vc_row][vc_column][vc_column_text]<\/p>\n<h2 style=\"text-align: center;\"><span style=\"color: #000080;\">Leis e Decretos de reconhecimento do Caminho da F\u00e9<\/span><\/h2>\n<p>[\/vc_column_text][vc_row_inner][vc_column_inner width=&#8221;1\/3&#8243;][vc_single_image image=&#8221;7209&#8243; alignment=&#8221;center&#8221; onclick=&#8221;custom_link&#8221; img_link_target=&#8221;_blank&#8221; title=&#8221;Estado de S\u00e3o Paulo &#8211; Publica\u00e7\u00e3o Di\u00e1rio Oficial lei 11.653&#8243; link=&#8221;http:\/https:\/\/caminhodafe.com.br\/ptbr\/wp-content\/uploads\/2022\/07\/Publicacao-Diario-Oficial-lei-11.653.pdf&#8221;][\/vc_column_inner][vc_column_inner width=&#8221;1\/3&#8243;][vc_single_image image=&#8221;7210&#8243; alignment=&#8221;center&#8221; onclick=&#8221;custom_link&#8221; img_link_target=&#8221;_blank&#8221; title=&#8221;Estado de Minas Gerais &#8211; Lei Ordin\u00e1ria 18058 2009&#8243; link=&#8221;https:\/\/caminhodafe.com.br\/ptbr\/wp-content\/uploads\/2022\/07\/Lei-Ordinaria-18058-2009-de-Minas-Gerais-MG.pdf&#8221;][\/vc_column_inner][vc_column_inner width=&#8221;1\/3&#8243;][vc_single_image image=&#8221;7211&#8243; alignment=&#8221;center&#8221; onclick=&#8221;custom_link&#8221; img_link_target=&#8221;_blank&#8221; title=&#8221;Estado de S\u00e3o Paulo &#8211; Lei n\u00ba 15229 Declara Utilidade P\u00fablica&#8221; link=&#8221;https:\/\/caminhodafe.com.br\/ptbr\/wp-content\/uploads\/2022\/07\/Lei-no-15229-Declara-Utilidade-Publica-.pdf&#8221;][\/vc_column_inner][\/vc_row_inner][vc_row_inner][vc_column_inner width=&#8221;1\/3&#8243;][vc_single_image image=&#8221;7212&#8243; alignment=&#8221;center&#8221; onclick=&#8221;custom_link&#8221; img_link_target=&#8221;_blank&#8221; title=&#8221;Assembleia Legislativa do Estado de S\u00e3o Paulo &#8211; Lei n\u00ba 11.653, de 13 de janeiro de 2004&#8243; link=&#8221;https:\/\/caminhodafe.com.br\/ptbr\/wp-content\/uploads\/2022\/07\/Lei-no-11.653-de-13-de-janeiro-de-2004-Assembleia-Legislativa-do-Estado-de-Sao-Paulo-1.pdf&#8221;][\/vc_column_inner][vc_column_inner width=&#8221;1\/3&#8243;][vc_single_image image=&#8221;7213&#8243; alignment=&#8221;center&#8221; onclick=&#8221;custom_link&#8221; img_link_target=&#8221;_blank&#8221; title=&#8221;C\u00e2mara Municipal da Est\u00e2ncia Hidromineral de Aguas da Prata &#8211; Decreto Legislativo 06 2012&#8243; link=&#8221;https:\/\/caminhodafe.com.br\/ptbr\/wp-content\/uploads\/2022\/07\/Decreto-Legislativo-06-2012-Camara-Municipal-da-Estancia-Hidromineral-de-Aguas-da-Prata.pdf&#8221;][\/vc_column_inner][vc_column_inner width=&#8221;1\/3&#8243;][vc_single_image image=&#8221;7214&#8243; alignment=&#8221;center&#8221; onclick=&#8221;custom_link&#8221; img_link_target=&#8221;_blank&#8221; title=&#8221;\u00c1guas da Prata &#8211; Declara\u00e7\u00e3o Utilidade Publica Municipal Lei 1.724&#8243; link=&#8221;https:\/\/caminhodafe.com.br\/ptbr\/wp-content\/uploads\/2022\/07\/Declaracao-Utilidade-Publica-Municipal-Lei-1.724.pdf&#8221;][\/vc_column_inner][\/vc_row_inner][\/vc_column][\/vc_row][vc_row][vc_column][vc_empty_space][vc_separator color=&#8221;blue&#8221; border_width=&#8221;3&#8243;][vc_column_text]<\/p>\n<h2 style=\"text-align: center;\"><span style=\"color: #000080;\">Leis Municipais que autorizam a Ades\u00e3o ao Caminho da F\u00e9<\/span><\/h2>\n<p>[\/vc_column_text][vc_column_text]<\/p>\n<h4>Clique <a href=\"https:\/\/drive.google.com\/drive\/u\/0\/folders\/1EJsWehs0i15zudDtnQ4UITykZKZ6MJ-b\">AQUI<\/a> para acessar as leis municipais de todos os munic\u00edpios que fazem parte do Caminho da F\u00e9.<\/h4>\n<h4>Voc\u00ea ser\u00e1 redirecionado para uma <a href=\"https:\/\/drive.google.com\/drive\/u\/0\/folders\/1EJsWehs0i15zudDtnQ4UITykZKZ6MJ-b\">pasta do Google Drive<\/a>.<\/h4>\n<p>[\/vc_column_text][\/vc_column][\/vc_row]<\/p>\n<\/section>","protected":false},"excerpt":{"rendered":"<p>[vc_row][vc_column][vc_column_text] Leis e Decretos de reconhecimento do Caminho da F\u00e9 [\/vc_column_text][vc_row_inner][vc_column_inner width=&#8221;1\/3&#8243;][vc_single_image image=&#8221;7209&#8243; alignment=&#8221;center&#8221; onclick=&#8221;custom_link&#8221; img_link_target=&#8221;_blank&#8221; title=&#8221;Estado de S\u00e3o Paulo &#8211; Publica\u00e7\u00e3o Di\u00e1rio Oficial lei 11.653&#8243; link=&#8221;http:\/https:\/\/caminhodafe.com.br\/ptbr\/wp-content\/uploads\/2022\/07\/Publicacao-Diario-Oficial-lei-11.653.pdf&#8221;][\/vc_column_inner][vc_column_inner width=&#8221;1\/3&#8243;][vc_single_image image=&#8221;7210&#8243; alignment=&#8221;center&#8221; onclick=&#8221;custom_link&#8221; img_link_target=&#8221;_blank&#8221; title=&#8221;Estado de Minas Gerais &#8211; Lei Ordin\u00e1ria 18058 2009&#8243; link=&#8221;https:\/\/caminhodafe.com.br\/ptbr\/wp-content\/uploads\/2022\/07\/Lei-Ordinaria-18058-2009-de-Minas-Gerais-MG.pdf&#8221;][\/vc_column_inner][vc_column_inner width=&#8221;1\/3&#8243;][vc_single_image image=&#8221;7211&#8243; alignment=&#8221;center&#8221; onclick=&#8221;custom_link&#8221; img_link_target=&#8221;_blank&#8221; title=&#8221;Estado de S\u00e3o Paulo &#8211; Lei n\u00ba 15229 Declara Utilidade P\u00fablica&#8221; link=&#8221;https:\/\/caminhodafe.com.br\/ptbr\/wp-content\/uploads\/2022\/07\/Lei-no-15229-Declara-Utilidade-Publica-.pdf&#8221;][\/vc_column_inner][\/vc_row_inner][vc_row_inner][vc_column_inner width=&#8221;1\/3&#8243;][vc_single_image image=&#8221;7212&#8243; alignment=&#8221;center&#8221; onclick=&#8221;custom_link&#8221; img_link_target=&#8221;_blank&#8221; title=&#8221;Assembleia Legislativa do Estado de S\u00e3o Paulo &#8211; Lei n\u00ba 11.653, de 13 de janeiro de 2004&#8243; link=&#8221;https:\/\/caminhodafe.com.br\/ptbr\/wp-content\/uploads\/2022\/07\/Lei-no-11.653-de-13-de-janeiro-de-2004-Assembleia-Legislativa-do-Estado-de-Sao-Paulo-1.pdf&#8221;][\/vc_column_inner][vc_column_inner width=&#8221;1\/3&#8243;][vc_single_image image=&#8221;7213&#8243; alignment=&#8221;center&#8221; onclick=&#8221;custom_link&#8221; img_link_target=&#8221;_blank&#8221; title=&#8221;C\u00e2mara Municipal da Est\u00e2ncia Hidromineral de Aguas da Prata &#8211; Decreto Legislativo 06 2012&#8243; link=&#8221;https:\/\/caminhodafe.com.br\/ptbr\/wp-content\/uploads\/2022\/07\/Decreto-Legislativo-06-2012-Camara-Municipal-da-Estancia-Hidromineral-de-Aguas-da-Prata.pdf&#8221;][\/vc_column_inner][vc_column_inner width=&#8221;1\/3&#8243;][vc_single_image image=&#8221;7214&#8243; alignment=&#8221;center&#8221; onclick=&#8221;custom_link&#8221; img_link_target=&#8221;_blank&#8221; title=&#8221;\u00c1guas da Prata &#8211; Declara\u00e7\u00e3o Utilidade Publica Municipal Lei 1.724&#8243; link=&#8221;https:\/\/caminhodafe.com.br\/ptbr\/wp-content\/uploads\/2022\/07\/Declaracao-Utilidade-Publica-Municipal-Lei-1.724.pdf&#8221;][\/vc_column_inner][\/vc_row_inner][\/vc_column][\/vc_row][vc_row][vc_column][vc_empty_space][vc_separator color=&#8221;blue&#8221; border_width=&#8221;3&#8243;][vc_column_text] Leis Municipais que autorizam a Ades\u00e3o ao Caminho da F\u00e9 [\/vc_column_text][vc_column_text] Clique AQUI para acessar as leis municipais de todos os munic\u00edpios que fazem parte do Caminho da F\u00e9. Voc\u00ea ser\u00e1 redirecionado para uma pasta do Google Drive. [\/vc_column_text][\/vc_column][\/vc_row]<\/p>\n","protected":false},"author":2,"featured_media":0,"parent":0,"menu_order":0,"comment_status":"closed","ping_status":"closed","template":"","meta":{"content-type":"","_monsterinsights_skip_tracking":false,"_monsterinsights_sitenote_active":false,"_monsterinsights_sitenote_note":"","_monsterinsights_sitenote_category":0,"footnotes":""},"class_list":["post-7186","page","type-page","status-publish","hentry"],"_links":{"self":[{"href":"https:\/\/caminhodafe.com.br\/ptbr\/wp-json\/wp\/v2\/pages\/7186","targetHints":{"allow":["GET"]}}],"collection":[{"href":"https:\/\/caminhodafe.com.br\/ptbr\/wp-json\/wp\/v2\/pages"}],"about":[{"href":"https:\/\/caminhodafe.com.br\/ptbr\/wp-json\/wp\/v2\/types\/page"}],"author":[{"embeddable":true,"href":"https:\/\/caminhodafe.com.br\/ptbr\/wp-json\/wp\/v2\/users\/2"}],"replies":[{"embeddable":true,"href":"https:\/\/caminhodafe.com.br\/ptbr\/wp-json\/wp\/v2\/comments?post=7186"}],"version-history":[{"count":16,"href":"https:\/\/caminhodafe.com.br\/ptbr\/wp-json\/wp\/v2\/pages\/7186\/revisions"}],"predecessor-version":[{"id":7241,"href":"https:\/\/caminhodafe.com.br\/ptbr\/wp-json\/wp\/v2\/pages\/7186\/revisions\/7241"}],"wp:attachment":[{"href":"https:\/\/caminhodafe.com.br\/ptbr\/wp-json\/wp\/v2\/media?parent=7186"}],"curies":[{"name":"wp","href":"https:\/\/api.w.org\/{rel}","templated":true}]}}