{"id":6798,"date":"2022-02-03T17:36:01","date_gmt":"2022-02-03T20:36:01","guid":{"rendered":"https:\/\/caminhodafe.com.br\/ptbr\/?page_id=6798"},"modified":"2023-10-03T14:23:35","modified_gmt":"2023-10-03T17:23:35","slug":"camiseta-v","status":"publish","type":"page","link":"https:\/\/caminhodafe.com.br\/ptbr\/camiseta-v\/","title":{"rendered":"Camiseta &#8220;V&#8221;"},"content":{"rendered":"<section class=\"wpb-content-wrapper\"><p>[vc_row][vc_column width=&#8221;2\/3&#8243;][vc_single_image image=&#8221;7253&#8243; img_size=&#8221;medium&#8221; onclick=&#8221;link_image&#8221;][vc_row_inner][vc_column_inner width=&#8221;1\/3&#8243;][vc_single_image image=&#8221;7253&#8243; onclick=&#8221;link_image&#8221;][\/vc_column_inner][vc_column_inner width=&#8221;1\/3&#8243;][vc_single_image image=&#8221;7249&#8243; onclick=&#8221;link_image&#8221;][\/vc_column_inner][vc_column_inner width=&#8221;1\/3&#8243;][vc_single_image image=&#8221;6801&#8243; img_size=&#8221;medium&#8221; onclick=&#8221;link_image&#8221;][\/vc_column_inner][\/vc_row_inner][vc_row_inner][vc_column_inner width=&#8221;1\/3&#8243;][vc_single_image image=&#8221;6794&#8243; onclick=&#8221;link_image&#8221;][\/vc_column_inner][vc_column_inner width=&#8221;1\/3&#8243;][\/vc_column_inner][vc_column_inner width=&#8221;1\/3&#8243;][\/vc_column_inner][\/vc_row_inner][\/vc_column][vc_column width=&#8221;1\/3&#8243;][vc_column_text]<\/p>\n<h3><strong>Detalhes do Produto<\/strong><\/h3>\n<h3 class=\"wpb_heading wpb_singleimage_heading\">Camiseta Caminho da F\u00e9 gola em &#8220;V&#8221;<\/h3>\n<p>Tecido: THERMO AIR 100% POLIAMIDA AMNI ACTION PROTE\u00c7\u00c3O UV25+<\/p>\n<p>Tamanhos dispon\u00edveis:<\/p>\n<p>P, M, G, GG<\/p>\n<p>Cores: Branca ou Azul<\/p>\n<h3>Pre\u00e7o: R$ 79,90<\/h3>\n<p>[\/vc_column_text][vc_row_inner][vc_column_inner][vc_btn title=&#8221;Comprar (Voc\u00ea ser\u00e1 redirecionado para o WhastApp da Associa\u00e7\u00e3o)&#8221; color=&#8221;success&#8221; align=&#8221;center&#8221; button_block=&#8221;true&#8221; link=&#8221;url:https%3A%2F%2Fapi.whatsapp.com%2Fsend%3Fphone%3D5519998562620%26text%3DOl%C3%A1.%20Gostaria%20de%20mais%20informa%C3%A7%C3%B5es%20sobre%20a%20Camiseta%20gola%20V|||&#8221;][\/vc_column_inner][\/vc_row_inner][\/vc_column][\/vc_row]<\/p>\n<\/section>","protected":false},"excerpt":{"rendered":"<p>[vc_row][vc_column width=&#8221;2\/3&#8243;][vc_single_image image=&#8221;7253&#8243; img_size=&#8221;medium&#8221; onclick=&#8221;link_image&#8221;][vc_row_inner][vc_column_inner width=&#8221;1\/3&#8243;][vc_single_image image=&#8221;7253&#8243; onclick=&#8221;link_image&#8221;][\/vc_column_inner][vc_column_inner width=&#8221;1\/3&#8243;][vc_single_image image=&#8221;7249&#8243; onclick=&#8221;link_image&#8221;][\/vc_column_inner][vc_column_inner width=&#8221;1\/3&#8243;][vc_single_image image=&#8221;6801&#8243; img_size=&#8221;medium&#8221; onclick=&#8221;link_image&#8221;][\/vc_column_inner][\/vc_row_inner][vc_row_inner][vc_column_inner width=&#8221;1\/3&#8243;][vc_single_image image=&#8221;6794&#8243; onclick=&#8221;link_image&#8221;][\/vc_column_inner][vc_column_inner width=&#8221;1\/3&#8243;][\/vc_column_inner][vc_column_inner width=&#8221;1\/3&#8243;][\/vc_column_inner][\/vc_row_inner][\/vc_column][vc_column width=&#8221;1\/3&#8243;][vc_column_text] Detalhes do Produto Camiseta Caminho da F\u00e9 gola em &#8220;V&#8221; Tecido: THERMO AIR 100% POLIAMIDA AMNI ACTION PROTE\u00c7\u00c3O UV25+ Tamanhos dispon\u00edveis: P, M, G, GG Cores: Branca ou Azul Pre\u00e7o: R$ 79,90 [\/vc_column_text][vc_row_inner][vc_column_inner][vc_btn title=&#8221;Comprar (Voc\u00ea ser\u00e1 redirecionado para o WhastApp da Associa\u00e7\u00e3o)&#8221; color=&#8221;success&#8221; align=&#8221;center&#8221; button_block=&#8221;true&#8221; link=&#8221;url:https%3A%2F%2Fapi.whatsapp.com%2Fsend%3Fphone%3D5519998562620%26text%3DOl%C3%A1.%20Gostaria%20de%20mais%20informa%C3%A7%C3%B5es%20sobre%20a%20Camiseta%20gola%20V|||&#8221;][\/vc_column_inner][\/vc_row_inner][\/vc_column][\/vc_row]<\/p>\n","protected":false},"author":2,"featured_media":0,"parent":0,"menu_order":0,"comment_status":"closed","ping_status":"closed","template":"","meta":{"content-type":"","_monsterinsights_skip_tracking":false,"_monsterinsights_sitenote_active":false,"_monsterinsights_sitenote_note":"","_monsterinsights_sitenote_category":0,"footnotes":""},"class_list":["post-6798","page","type-page","status-publish","hentry"],"_links":{"self":[{"href":"https:\/\/caminhodafe.com.br\/ptbr\/wp-json\/wp\/v2\/pages\/6798","targetHints":{"allow":["GET"]}}],"collection":[{"href":"https:\/\/caminhodafe.com.br\/ptbr\/wp-json\/wp\/v2\/pages"}],"about":[{"href":"https:\/\/caminhodafe.com.br\/ptbr\/wp-json\/wp\/v2\/types\/page"}],"author":[{"embeddable":true,"href":"https:\/\/caminhodafe.com.br\/ptbr\/wp-json\/wp\/v2\/users\/2"}],"replies":[{"embeddable":true,"href":"https:\/\/caminhodafe.com.br\/ptbr\/wp-json\/wp\/v2\/comments?post=6798"}],"version-history":[{"count":4,"href":"https:\/\/caminhodafe.com.br\/ptbr\/wp-json\/wp\/v2\/pages\/6798\/revisions"}],"predecessor-version":[{"id":8576,"href":"https:\/\/caminhodafe.com.br\/ptbr\/wp-json\/wp\/v2\/pages\/6798\/revisions\/8576"}],"wp:attachment":[{"href":"https:\/\/caminhodafe.com.br\/ptbr\/wp-json\/wp\/v2\/media?parent=6798"}],"curies":[{"name":"wp","href":"https:\/\/api.w.org\/{rel}","templated":true}]}}