{"id":6723,"date":"2022-01-27T15:16:50","date_gmt":"2022-01-27T18:16:50","guid":{"rendered":"https:\/\/caminhodafe.com.br\/ptbr\/?page_id=6723"},"modified":"2022-12-06T14:56:57","modified_gmt":"2022-12-06T17:56:57","slug":"jersey-oficial-caminho-da-fe-sol","status":"publish","type":"page","link":"https:\/\/caminhodafe.com.br\/ptbr\/jersey-oficial-caminho-da-fe-sol\/","title":{"rendered":"JERSEY OFICIAL CAMINHO DA F\u00c9 \u2013 C\u00c9U"},"content":{"rendered":"<section class=\"wpb-content-wrapper\"><p>[vc_row][vc_column width=&#8221;2\/3&#8243;][vc_single_image image=&#8221;6724&#8243; img_size=&#8221;large&#8221; onclick=&#8221;zoom&#8221;][vc_row_inner][vc_column_inner width=&#8221;1\/3&#8243;][vc_single_image image=&#8221;6725&#8243; onclick=&#8221;link_image&#8221;][\/vc_column_inner][vc_column_inner width=&#8221;1\/3&#8243;][vc_single_image image=&#8221;6726&#8243; onclick=&#8221;link_image&#8221;][\/vc_column_inner][vc_column_inner width=&#8221;1\/3&#8243;][vc_single_image image=&#8221;6727&#8243; onclick=&#8221;link_image&#8221;][\/vc_column_inner][\/vc_row_inner][\/vc_column][vc_column width=&#8221;1\/3&#8243;][vc_column_text]<\/p>\n<h1 class=\"product-name\">JERSEY OFICIAL CAMINHO DA F\u00c9 &#8211; C\u00c9U<\/h1>\n<div class=\"line-info flex align-center\"><\/div>\n<h4>Tipos dispon\u00edveis<\/h4>\n<h4 style=\"padding-left: 40px;\">Manga Curta<\/h4>\n<h4 style=\"padding-left: 40px;\">Manga Longa<\/h4>\n<p>&nbsp;<\/p>\n<h2><strong>A partir de R$ 198,90<\/strong><\/h2>\n<h4><\/h4>\n<p>[\/vc_column_text][vc_row_inner][vc_column_inner][vc_btn title=&#8221;Comprar &#8211; Voc\u00ea ser\u00e1 redirecionado para a loja oficial da LA MAGLIA&#8221; color=&#8221;success&#8221; align=&#8221;center&#8221; button_block=&#8221;true&#8221; link=&#8221;url:https%3A%2F%2Fwww.lamaglia.com.br%2Fjerseys%2Fjersey-oficial-caminho-da-fe-ceu||target:%20_blank|&#8221;][\/vc_column_inner][\/vc_row_inner][\/vc_column][\/vc_row][vc_row][vc_column][vc_empty_space][vc_column_text]<\/p>\n<h2>DESCRI\u00c7\u00c3O GERAL<\/h2>\n<hr \/>\n<h3><strong>PR\u00c9-VENDA DISPON\u00cdVEL PARA ENVIO AP\u00d3S O DIA 28\/02\/2022.<\/strong><\/h3>\n<h4>Produto oficial, comprando voc\u00ea estar\u00e1 colaborando com a Associa\u00e7\u00e3o Amigos do Caminho da F\u00e9.<\/h4>\n<h4>Modelagem ProTeam &#8211; Unissex<br \/>\nMangas com corte a laser<br \/>\nZ\u00edper Semi-autom\u00e1tico<\/h4>\n<h4>TECNOLOGIA:<\/h4>\n<h4>Modelagem Fit, mangas com corte a laser e tecido com tecnologia que<br \/>\nproporciona prote\u00e7\u00e3o com n\u00edvel de bloqueio dos raios UVA e UVB<br \/>\nsuperior a 96% e tamb\u00e9m com Dry que transporta o suor para parte<br \/>\nexterna com absor\u00e7\u00e3o instant\u00e2nea e secagem r\u00e1pida, mantendo<br \/>\no corpo seco e confort\u00e1vel.<\/h4>\n<h4>A cor pode sofrer altera\u00e7\u00e3o em telas de celulares e tablet\u00b4s divergindo da original.<\/h4>\n<h4>Aten\u00e7\u00e3o:<\/h4>\n<h4>Nas fotos voc\u00ea encontrar\u00e1 uma tabela de tamanho do produto.<br \/>\nCaso queira se basear no tamanho corporal, veja a tabela abaixo:<br \/>\n<a href=\"https:\/\/www.lamaglia.com.br\/medidas\">https:\/\/www.lamaglia.com.br\/medidas<\/a><\/h4>\n<p>[\/vc_column_text][\/vc_column][\/vc_row]<\/p>\n<\/section>","protected":false},"excerpt":{"rendered":"<p>[vc_row][vc_column width=&#8221;2\/3&#8243;][vc_single_image image=&#8221;6724&#8243; img_size=&#8221;large&#8221; onclick=&#8221;zoom&#8221;][vc_row_inner][vc_column_inner width=&#8221;1\/3&#8243;][vc_single_image image=&#8221;6725&#8243; onclick=&#8221;link_image&#8221;][\/vc_column_inner][vc_column_inner width=&#8221;1\/3&#8243;][vc_single_image image=&#8221;6726&#8243; onclick=&#8221;link_image&#8221;][\/vc_column_inner][vc_column_inner width=&#8221;1\/3&#8243;][vc_single_image image=&#8221;6727&#8243; onclick=&#8221;link_image&#8221;][\/vc_column_inner][\/vc_row_inner][\/vc_column][vc_column width=&#8221;1\/3&#8243;][vc_column_text] JERSEY OFICIAL CAMINHO DA F\u00c9 &#8211; C\u00c9U Tipos dispon\u00edveis Manga Curta Manga Longa &nbsp; A partir de R$ 198,90 [\/vc_column_text][vc_row_inner][vc_column_inner][vc_btn title=&#8221;Comprar &#8211; Voc\u00ea ser\u00e1 redirecionado para a loja oficial da LA MAGLIA&#8221; color=&#8221;success&#8221; align=&#8221;center&#8221; button_block=&#8221;true&#8221; link=&#8221;url:https%3A%2F%2Fwww.lamaglia.com.br%2Fjerseys%2Fjersey-oficial-caminho-da-fe-ceu||target:%20_blank|&#8221;][\/vc_column_inner][\/vc_row_inner][\/vc_column][\/vc_row][vc_row][vc_column][vc_empty_space][vc_column_text] DESCRI\u00c7\u00c3O GERAL PR\u00c9-VENDA DISPON\u00cdVEL PARA ENVIO AP\u00d3S O DIA 28\/02\/2022. Produto oficial, comprando voc\u00ea estar\u00e1 colaborando com a Associa\u00e7\u00e3o Amigos do Caminho da F\u00e9. Modelagem ProTeam &#8211; Unissex Mangas com corte a laser Z\u00edper Semi-autom\u00e1tico TECNOLOGIA: Modelagem Fit, mangas com corte a laser e tecido com tecnologia que proporciona prote\u00e7\u00e3o com n\u00edvel de bloqueio dos raios UVA e UVB superior a 96% e tamb\u00e9m com Dry que transporta o suor para parte externa com absor\u00e7\u00e3o instant\u00e2nea e secagem r\u00e1pida, mantendo o corpo seco e confort\u00e1vel. A cor pode sofrer altera\u00e7\u00e3o em telas de celulares e tablet\u00b4s divergindo da original. Aten\u00e7\u00e3o: Nas fotos voc\u00ea encontrar\u00e1 uma tabela de tamanho do produto. Caso queira se basear no tamanho corporal, veja a tabela abaixo: https:\/\/www.lamaglia.com.br\/medidas [\/vc_column_text][\/vc_column][\/vc_row]<\/p>\n","protected":false},"author":2,"featured_media":0,"parent":0,"menu_order":0,"comment_status":"closed","ping_status":"closed","template":"","meta":{"content-type":"","_monsterinsights_skip_tracking":false,"_monsterinsights_sitenote_active":false,"_monsterinsights_sitenote_note":"","_monsterinsights_sitenote_category":0,"footnotes":""},"class_list":["post-6723","page","type-page","status-publish","hentry"],"_links":{"self":[{"href":"https:\/\/caminhodafe.com.br\/ptbr\/wp-json\/wp\/v2\/pages\/6723","targetHints":{"allow":["GET"]}}],"collection":[{"href":"https:\/\/caminhodafe.com.br\/ptbr\/wp-json\/wp\/v2\/pages"}],"about":[{"href":"https:\/\/caminhodafe.com.br\/ptbr\/wp-json\/wp\/v2\/types\/page"}],"author":[{"embeddable":true,"href":"https:\/\/caminhodafe.com.br\/ptbr\/wp-json\/wp\/v2\/users\/2"}],"replies":[{"embeddable":true,"href":"https:\/\/caminhodafe.com.br\/ptbr\/wp-json\/wp\/v2\/comments?post=6723"}],"version-history":[{"count":4,"href":"https:\/\/caminhodafe.com.br\/ptbr\/wp-json\/wp\/v2\/pages\/6723\/revisions"}],"predecessor-version":[{"id":7851,"href":"https:\/\/caminhodafe.com.br\/ptbr\/wp-json\/wp\/v2\/pages\/6723\/revisions\/7851"}],"wp:attachment":[{"href":"https:\/\/caminhodafe.com.br\/ptbr\/wp-json\/wp\/v2\/media?parent=6723"}],"curies":[{"name":"wp","href":"https:\/\/api.w.org\/{rel}","templated":true}]}}