{"id":6567,"date":"2022-01-24T18:30:33","date_gmt":"2022-01-24T21:30:33","guid":{"rendered":"https:\/\/caminhodafe.com.br\/ptbr\/?page_id=6567"},"modified":"2026-03-06T14:00:17","modified_gmt":"2026-03-06T17:00:17","slug":"livros","status":"publish","type":"page","link":"https:\/\/caminhodafe.com.br\/ptbr\/livros\/","title":{"rendered":"Livros"},"content":{"rendered":"<section class=\"wpb-content-wrapper\"><p>[vc_row][vc_column][vc_column_text]<\/p>\n<h2 style=\"text-align: center\">LIVROS<\/h2>\n<p>[\/vc_column_text][vc_empty_space height=&#8221;50px&#8221;][\/vc_column][\/vc_row][vc_row][vc_column width=&#8221;1\/3&#8243;][vc_single_image image=&#8221;8397&#8243; alignment=&#8221;center&#8221; onclick=&#8221;custom_link&#8221; link=&#8221;https:\/\/caminhodafe.com.br\/ptbr\/livro-licoes\/&#8221;][vc_column_text]<\/p>\n<h3 style=\"text-align: center\">E-book: Caminho da F\u00e9 &#8211; Li\u00e7\u00f5es Aprendidas<\/h3>\n<p>[\/vc_column_text][vc_btn title=&#8221;Ver produto&#8221; color=&#8221;success&#8221; align=&#8221;center&#8221; button_block=&#8221;true&#8221; link=&#8221;url:https%3A%2F%2Fcaminhodafe.com.br%2Fptbr%2Flivro-licoes%2F|title:LIVRO%20Caminho%20da%20F%C3%A9%20%E2%80%93%20Li%C3%A7%C3%B5es%20Aprendidas||&#8221;][\/vc_column][vc_column width=&#8221;1\/3&#8243;][vc_single_image image=&#8221;11570&#8243; alignment=&#8221;center&#8221; onclick=&#8221;custom_link&#8221; link=&#8221;https:\/\/caminhodafe.com.br\/ptbr\/lucky-a-true-story\/&#8221;][vc_column_text]<\/p>\n<h2 style=\"text-align: center\">Lucky<br \/>\na True Story<\/h2>\n<p>[\/vc_column_text][vc_btn title=&#8221;Ver produto&#8221; color=&#8221;success&#8221; align=&#8221;center&#8221; button_block=&#8221;true&#8221; link=&#8221;url:https%3A%2F%2Fcaminhodafe.com.br%2Fptbr%2Flucky-a-true-story%2F&#8221;][\/vc_column][vc_column width=&#8221;1\/3&#8243;][vc_single_image image=&#8221;11571&#8243; alignment=&#8221;center&#8221; onclick=&#8221;custom_link&#8221; link=&#8221;https:\/\/caminhodafe.com.br\/ptbr\/historia-sorte-lucky\/&#8221;][vc_column_text]<\/p>\n<h2 style=\"text-align: center\">A hist\u00f3ria de sorte do Lucky<\/h2>\n<p>[\/vc_column_text][vc_btn title=&#8221;Ver produto&#8221; color=&#8221;success&#8221; align=&#8221;center&#8221; button_block=&#8221;true&#8221; link=&#8221;url:https%3A%2F%2Fcaminhodafe.com.br%2Fptbr%2Fhistoria-sorte-lucky%2F|title:LIVRO%20Caminho%20da%20F%C3%A9%20%E2%80%93%20Li%C3%A7%C3%B5es%20Aprendidas&#8221;][\/vc_column][\/vc_row][vc_row][vc_column width=&#8221;1\/3&#8243;][vc_single_image image=&#8221;6580&#8243; alignment=&#8221;center&#8221; onclick=&#8221;custom_link&#8221; link=&#8221;https:\/\/caminhodafe.com.br\/ptbr\/livro-caminhos-do-brasil\/&#8221;][vc_column_text]<\/p>\n<h2 style=\"text-align: center\">Caminhos do Brasil<\/h2>\n<p>[\/vc_column_text][vc_btn title=&#8221;Ver produto&#8221; color=&#8221;success&#8221; align=&#8221;center&#8221; button_block=&#8221;true&#8221; link=&#8221;url:https%3A%2F%2Fcaminhodafe.com.br%2Fptbr%2Flivro-caminhos-do-brasil%2F|||&#8221;][\/vc_column][vc_column width=&#8221;1\/3&#8243;][vc_single_image image=&#8221;11568&#8243; alignment=&#8221;center&#8221; onclick=&#8221;custom_link&#8221; link=&#8221;https:\/\/caminhodafe.com.br\/ptbr\/livro-com-passos-abracos\/&#8221;][vc_column_text]<\/p>\n<h2 style=\"text-align: center\">Com Passos e Abra\u00e7os Peregrinos<\/h2>\n<p>[\/vc_column_text][vc_btn title=&#8221;Ver produto&#8221; color=&#8221;success&#8221; align=&#8221;center&#8221; button_block=&#8221;true&#8221; link=&#8221;url:https%3A%2F%2Fcaminhodafe.com.br%2Fptbr%2Flivro-com-passos-abracos%2F&#8221;][\/vc_column][vc_column width=&#8221;1\/3&#8243;][vc_single_image image=&#8221;11573&#8243; alignment=&#8221;center&#8221; onclick=&#8221;custom_link&#8221; link=&#8221;https:\/\/caminhodafe.com.br\/ptbr\/caminho-da-fe-descobertas-na-estrada-da-alma\/&#8221;][vc_column_text]<\/p>\n<h2 style=\"text-align: center\">Caminho da F\u00e9 descobertas na estrada da alma<\/h2>\n<p>[\/vc_column_text][vc_btn title=&#8221;Ver produto&#8221; color=&#8221;success&#8221; align=&#8221;center&#8221; button_block=&#8221;true&#8221; link=&#8221;url:https%3A%2F%2Fcaminhodafe.com.br%2Fptbr%2Fcaminho-da-fe-descobertas-na-estrada-da-alma%2F&#8221;][\/vc_column][\/vc_row]<\/p>\n<\/section>","protected":false},"excerpt":{"rendered":"<p>[vc_row][vc_column][vc_column_text] LIVROS [\/vc_column_text][vc_empty_space height=&#8221;50px&#8221;][\/vc_column][\/vc_row][vc_row][vc_column width=&#8221;1\/3&#8243;][vc_single_image image=&#8221;8397&#8243; alignment=&#8221;center&#8221; onclick=&#8221;custom_link&#8221; link=&#8221;https:\/\/caminhodafe.com.br\/ptbr\/livro-licoes\/&#8221;][vc_column_text] E-book: Caminho da F\u00e9 &#8211; Li\u00e7\u00f5es Aprendidas [\/vc_column_text][vc_btn title=&#8221;Ver produto&#8221; color=&#8221;success&#8221; align=&#8221;center&#8221; button_block=&#8221;true&#8221; link=&#8221;url:https%3A%2F%2Fcaminhodafe.com.br%2Fptbr%2Flivro-licoes%2F|title:LIVRO%20Caminho%20da%20F%C3%A9%20%E2%80%93%20Li%C3%A7%C3%B5es%20Aprendidas||&#8221;][\/vc_column][vc_column width=&#8221;1\/3&#8243;][vc_single_image image=&#8221;11570&#8243; alignment=&#8221;center&#8221; onclick=&#8221;custom_link&#8221; link=&#8221;https:\/\/caminhodafe.com.br\/ptbr\/lucky-a-true-story\/&#8221;][vc_column_text] Lucky a True Story [\/vc_column_text][vc_btn title=&#8221;Ver produto&#8221; color=&#8221;success&#8221; align=&#8221;center&#8221; button_block=&#8221;true&#8221; link=&#8221;url:https%3A%2F%2Fcaminhodafe.com.br%2Fptbr%2Flucky-a-true-story%2F&#8221;][\/vc_column][vc_column width=&#8221;1\/3&#8243;][vc_single_image image=&#8221;11571&#8243; alignment=&#8221;center&#8221; onclick=&#8221;custom_link&#8221; link=&#8221;https:\/\/caminhodafe.com.br\/ptbr\/historia-sorte-lucky\/&#8221;][vc_column_text] A hist\u00f3ria de sorte do Lucky [\/vc_column_text][vc_btn title=&#8221;Ver produto&#8221; color=&#8221;success&#8221; align=&#8221;center&#8221; button_block=&#8221;true&#8221; link=&#8221;url:https%3A%2F%2Fcaminhodafe.com.br%2Fptbr%2Fhistoria-sorte-lucky%2F|title:LIVRO%20Caminho%20da%20F%C3%A9%20%E2%80%93%20Li%C3%A7%C3%B5es%20Aprendidas&#8221;][\/vc_column][\/vc_row][vc_row][vc_column width=&#8221;1\/3&#8243;][vc_single_image image=&#8221;6580&#8243; alignment=&#8221;center&#8221; onclick=&#8221;custom_link&#8221; link=&#8221;https:\/\/caminhodafe.com.br\/ptbr\/livro-caminhos-do-brasil\/&#8221;][vc_column_text] Caminhos do Brasil [\/vc_column_text][vc_btn title=&#8221;Ver produto&#8221; color=&#8221;success&#8221; align=&#8221;center&#8221; button_block=&#8221;true&#8221; link=&#8221;url:https%3A%2F%2Fcaminhodafe.com.br%2Fptbr%2Flivro-caminhos-do-brasil%2F|||&#8221;][\/vc_column][vc_column width=&#8221;1\/3&#8243;][vc_single_image image=&#8221;11568&#8243; alignment=&#8221;center&#8221; onclick=&#8221;custom_link&#8221; link=&#8221;https:\/\/caminhodafe.com.br\/ptbr\/livro-com-passos-abracos\/&#8221;][vc_column_text] Com Passos e Abra\u00e7os Peregrinos [\/vc_column_text][vc_btn title=&#8221;Ver produto&#8221; color=&#8221;success&#8221; align=&#8221;center&#8221; button_block=&#8221;true&#8221; link=&#8221;url:https%3A%2F%2Fcaminhodafe.com.br%2Fptbr%2Flivro-com-passos-abracos%2F&#8221;][\/vc_column][vc_column width=&#8221;1\/3&#8243;][vc_single_image image=&#8221;11573&#8243; alignment=&#8221;center&#8221; onclick=&#8221;custom_link&#8221; link=&#8221;https:\/\/caminhodafe.com.br\/ptbr\/caminho-da-fe-descobertas-na-estrada-da-alma\/&#8221;][vc_column_text] Caminho da F\u00e9 descobertas na estrada da alma [\/vc_column_text][vc_btn title=&#8221;Ver produto&#8221; color=&#8221;success&#8221; align=&#8221;center&#8221; button_block=&#8221;true&#8221; link=&#8221;url:https%3A%2F%2Fcaminhodafe.com.br%2Fptbr%2Fcaminho-da-fe-descobertas-na-estrada-da-alma%2F&#8221;][\/vc_column][\/vc_row]<\/p>\n","protected":false},"author":2,"featured_media":0,"parent":0,"menu_order":0,"comment_status":"closed","ping_status":"closed","template":"","meta":{"content-type":"","_monsterinsights_skip_tracking":false,"_monsterinsights_sitenote_active":false,"_monsterinsights_sitenote_note":"","_monsterinsights_sitenote_category":0,"footnotes":""},"class_list":["post-6567","page","type-page","status-publish","hentry"],"_links":{"self":[{"href":"https:\/\/caminhodafe.com.br\/ptbr\/wp-json\/wp\/v2\/pages\/6567","targetHints":{"allow":["GET"]}}],"collection":[{"href":"https:\/\/caminhodafe.com.br\/ptbr\/wp-json\/wp\/v2\/pages"}],"about":[{"href":"https:\/\/caminhodafe.com.br\/ptbr\/wp-json\/wp\/v2\/types\/page"}],"author":[{"embeddable":true,"href":"https:\/\/caminhodafe.com.br\/ptbr\/wp-json\/wp\/v2\/users\/2"}],"replies":[{"embeddable":true,"href":"https:\/\/caminhodafe.com.br\/ptbr\/wp-json\/wp\/v2\/comments?post=6567"}],"version-history":[{"count":20,"href":"https:\/\/caminhodafe.com.br\/ptbr\/wp-json\/wp\/v2\/pages\/6567\/revisions"}],"predecessor-version":[{"id":11596,"href":"https:\/\/caminhodafe.com.br\/ptbr\/wp-json\/wp\/v2\/pages\/6567\/revisions\/11596"}],"wp:attachment":[{"href":"https:\/\/caminhodafe.com.br\/ptbr\/wp-json\/wp\/v2\/media?parent=6567"}],"curies":[{"name":"wp","href":"https:\/\/api.w.org\/{rel}","templated":true}]}}