{"id":5412,"date":"2021-01-04T16:22:38","date_gmt":"2021-01-04T19:22:38","guid":{"rendered":"https:\/\/caminhodafe.com.br\/ptbr\/?page_id=5412"},"modified":"2025-03-20T14:18:51","modified_gmt":"2025-03-20T17:18:51","slug":"novo-horizonte-prestacao-de-contas","status":"publish","type":"page","link":"https:\/\/caminhodafe.com.br\/ptbr\/novo-horizonte-prestacao-de-contas\/","title":{"rendered":"Novo Horizonte \u2013 presta\u00e7\u00e3o de contas"},"content":{"rendered":"<section class=\"wpb-content-wrapper\"><p>[vc_row][vc_column][vc_column_text]<\/p>\n<h3 style=\"text-align: center;\">Clique nas imagens para visualizar os documentos.<\/h3>\n<p>[\/vc_column_text][vc_column_text]<\/p>\n<h3 style=\"text-align: center;\"><span style=\"color: #000080;\">DOCUMENTOS<\/span><\/h3>\n<p>[\/vc_column_text][\/vc_column][\/vc_row][vc_row][vc_column width=&#8221;1\/3&#8243;][vc_single_image image=&#8221;5415&#8243; alignment=&#8221;center&#8221; onclick=&#8221;custom_link&#8221; title=&#8221;Lei 5053&#8243; link=&#8221;https:\/\/drive.google.com\/file\/d\/1wX6yEcKDbvgYEwWyUSho6Uh8cwjePc2M\/view?usp=sharing&#8221; css=&#8221;.vc_custom_1609787950760{border-radius: 5px !important;}&#8221;][\/vc_column][vc_column width=&#8221;1\/3&#8243;][\/vc_column][vc_column width=&#8221;1\/3&#8243;][\/vc_column][\/vc_row][vc_row][vc_column][vc_separator color=&#8221;green&#8221;][vc_column_text]<\/p>\n<h3 style=\"text-align: center;\"><span style=\"color: #000080;\">DOCUMENTOS DE 2025<\/span><\/h3>\n<p>[\/vc_column_text][\/vc_column][\/vc_row][vc_row][vc_column width=&#8221;1\/3&#8243;][vc_single_image image=&#8221;7036&#8243; alignment=&#8221;center&#8221; onclick=&#8221;custom_link&#8221; title=&#8221;Plano de Trabalho&#8221; link=&#8221;https:\/\/drive.google.com\/file\/d\/1s8USlZ5R82aFhsRTFiwxcHjPmpVJJOcG\/view?usp=sharing&#8221;][\/vc_column][vc_column width=&#8221;1\/3&#8243;][vc_single_image image=&#8221;6393&#8243; alignment=&#8221;center&#8221; onclick=&#8221;custom_link&#8221; title=&#8221;Termo de Divulga\u00e7\u00e3o&#8221; link=&#8221;https:\/\/drive.google.com\/file\/d\/1gmMOQ7X2VcEMJZo-YHNnudy1CFsParEd\/view?usp=sharing&#8221;][\/vc_column][vc_column width=&#8221;1\/3&#8243;][vc_single_image image=&#8221;7038&#8243; alignment=&#8221;center&#8221; onclick=&#8221;custom_link&#8221; title=&#8221;Termo de Ci\u00eancia e de Notifica\u00e7\u00e3o&#8221; link=&#8221;https:\/\/drive.google.com\/file\/d\/17NY3L5THsL_ZPH5ONtQCkASLcfaVmh71\/view?usp=sharing&#8221;][\/vc_column][\/vc_row][vc_row][vc_column width=&#8221;1\/3&#8243;][vc_single_image image=&#8221;7039&#8243; alignment=&#8221;center&#8221; onclick=&#8221;custom_link&#8221; title=&#8221;3\u00ba Aditamento ao Termo de Fomento N\u00ba 01_2022&#8243; link=&#8221;https:\/\/drive.google.com\/file\/d\/1aGP2gGWVTQX547rhP7LA9uFaJ6o1Xzc-\/view?usp=sharing&#8221;][\/vc_column][vc_column width=&#8221;1\/3&#8243;][\/vc_column][vc_column width=&#8221;1\/3&#8243;][\/vc_column][\/vc_row][vc_row][vc_column][vc_separator color=&#8221;green&#8221;][vc_column_text]<\/p>\n<h3 style=\"text-align: center;\"><span style=\"color: #000080;\">DOCUMENTOS DE 2024<\/span><\/h3>\n<p>[\/vc_column_text][\/vc_column][\/vc_row][vc_row][vc_column width=&#8221;1\/3&#8243;][vc_single_image image=&#8221;7036&#8243; alignment=&#8221;center&#8221; onclick=&#8221;custom_link&#8221; title=&#8221;Plano de Trabalho 2024&#8243; link=&#8221;https:\/\/drive.google.com\/file\/d\/1cvbfvis6ISm34FkUZGwJi-7O5MOWV2eK\/view?usp=sharing&#8221;][\/vc_column][vc_column width=&#8221;1\/3&#8243;][vc_single_image image=&#8221;6393&#8243; alignment=&#8221;center&#8221; onclick=&#8221;custom_link&#8221; title=&#8221;Termo de Divulga\u00e7\u00e3o 2024&#8243; link=&#8221;https:\/\/drive.google.com\/file\/d\/105-DQId1eZRq-c8-s0p4IN6Dy2IFvu4K\/view?usp=sharing&#8221;][\/vc_column][vc_column width=&#8221;1\/3&#8243;][vc_single_image image=&#8221;7038&#8243; alignment=&#8221;center&#8221; onclick=&#8221;custom_link&#8221; title=&#8221;Termo de Ci\u00eancia e de Notifica\u00e7\u00e3o&#8221; link=&#8221;https:\/\/drive.google.com\/file\/d\/1a0_lB50t8hU-aHxZiMoa_4aU-3yJo-Nd\/view?usp=sharing&#8221;][\/vc_column][\/vc_row][vc_row][vc_column width=&#8221;1\/3&#8243;][vc_single_image image=&#8221;7039&#8243; alignment=&#8221;center&#8221; onclick=&#8221;custom_link&#8221; title=&#8221;2\u00ba Aditamento ao Termo de Fomento N\u00ba 01_2022&#8243; link=&#8221;https:\/\/drive.google.com\/file\/d\/1LyYH4tIX_IQBMfm346tKhCYhkGEiKL7L\/view?usp=sharing&#8221;][\/vc_column][vc_column width=&#8221;1\/3&#8243;][vc_single_image image=&#8221;8319&#8243; alignment=&#8221;center&#8221; onclick=&#8221;custom_link&#8221; title=&#8221;Presta\u00e7\u00e3o de Contas Novo Horizonte Anual&#8221; link=&#8221;https:\/\/drive.google.com\/file\/d\/1suNpwihhQlDFA6ECpABEYt2uHRK0XVik\/view?usp=sharing&#8221;][\/vc_column][vc_column width=&#8221;1\/3&#8243;][\/vc_column][\/vc_row][vc_row][vc_column][vc_separator color=&#8221;green&#8221;][vc_column_text]<\/p>\n<h3 style=\"text-align: center;\"><span style=\"color: #000080;\">DOCUMENTOS DE 2023<\/span><\/h3>\n<p>[\/vc_column_text][\/vc_column][\/vc_row][vc_row][vc_column width=&#8221;1\/3&#8243;][vc_single_image image=&#8221;7036&#8243; alignment=&#8221;center&#8221; onclick=&#8221;custom_link&#8221; title=&#8221;Plano de Trabalho 2023&#8243; link=&#8221;https:\/\/drive.google.com\/file\/d\/1Y3_6fIzEMGC-ZTDQctBU1I6uL6NtLtbq\/view?usp=share_link&#8221;][\/vc_column][vc_column width=&#8221;1\/3&#8243;][vc_single_image image=&#8221;6393&#8243; alignment=&#8221;center&#8221; onclick=&#8221;custom_link&#8221; title=&#8221;Termo de Divulga\u00e7\u00e3o 2023&#8243; link=&#8221;https:\/\/drive.google.com\/file\/d\/1SJH_JAPWINms0shCQxdZYjctJWM7QeBM\/view?usp=share_link&#8221;][\/vc_column][vc_column width=&#8221;1\/3&#8243;][vc_single_image image=&#8221;7038&#8243; alignment=&#8221;center&#8221; onclick=&#8221;custom_link&#8221; title=&#8221;Termo de Ci\u00eancia e de Notifica\u00e7\u00e3o&#8221; link=&#8221;https:\/\/drive.google.com\/file\/d\/1Di9l3Oritn3BC5Q1PINVALWsVDqb7Cd9\/view?usp=share_link&#8221;][\/vc_column][\/vc_row][vc_row][vc_column width=&#8221;1\/3&#8243;][vc_single_image image=&#8221;7039&#8243; alignment=&#8221;center&#8221; onclick=&#8221;custom_link&#8221; title=&#8221;1\u00ba Aditamento ao Termo de Fomento N\u00ba 01_2022&#8243; link=&#8221;https:\/\/drive.google.com\/file\/d\/17IXZj992Ke-k9NymwxJpYQBexfw_Of-k\/view?usp=share_link&#8221;][\/vc_column][vc_column width=&#8221;1\/3&#8243;][vc_single_image image=&#8221;8319&#8243; alignment=&#8221;center&#8221; onclick=&#8221;custom_link&#8221; title=&#8221;Presta\u00e7\u00e3o de Contas Novo Horizonte jan a dez 2023&#8243; link=&#8221;https:\/\/drive.google.com\/file\/d\/1nPGp69AMpb3O46vl0FgJlCdhK1CGk0Ky\/view?usp=sharing&#8221;][\/vc_column][vc_column width=&#8221;1\/3&#8243;][\/vc_column][\/vc_row][vc_row][vc_column][vc_separator color=&#8221;green&#8221;][vc_column_text]<\/p>\n<h3 style=\"text-align: center;\"><span style=\"color: #000080;\">DOCUMENTOS DE 2022<\/span><\/h3>\n<p>[\/vc_column_text][\/vc_column][\/vc_row][vc_row][vc_column width=&#8221;1\/3&#8243;][vc_single_image image=&#8221;6393&#8243; alignment=&#8221;center&#8221; onclick=&#8221;custom_link&#8221; title=&#8221;Termo de Divulga\u00e7\u00e3o 2022&#8243; link=&#8221;https:\/\/drive.google.com\/file\/d\/1tu7s7Wd7DnSFBo95qw8ELCcHdx8IUljN\/view?usp=sharing&#8221;][\/vc_column][vc_column width=&#8221;1\/3&#8243;][vc_single_image image=&#8221;7036&#8243; alignment=&#8221;center&#8221; onclick=&#8221;custom_link&#8221; title=&#8221;Plano de Trabalho 2022&#8243; link=&#8221;https:\/\/drive.google.com\/file\/d\/1QjTAGrbojmlcbaegvDIBEVwM_gUlyufo\/view?usp=sharing&#8221;][\/vc_column][vc_column width=&#8221;1\/3&#8243;][vc_single_image image=&#8221;7038&#8243; alignment=&#8221;center&#8221; onclick=&#8221;custom_link&#8221; title=&#8221;Termo de Ci\u00eancia e de Notifica\u00e7\u00e3o&#8221; link=&#8221;https:\/\/drive.google.com\/file\/d\/11o4pvtJQF8EKIm6a39R4ahJm9h3wXnhm\/view?usp=sharing&#8221;][\/vc_column][\/vc_row][vc_row][vc_column width=&#8221;1\/3&#8243;][vc_single_image image=&#8221;7039&#8243; alignment=&#8221;center&#8221; onclick=&#8221;custom_link&#8221; title=&#8221;Termo de Fomento N\u00ba 01_2022&#8243; link=&#8221;https:\/\/drive.google.com\/file\/d\/1oskzWl_A2heyOlwtV9w8aSsXeWnHR2M0\/view?usp=sharing&#8221;][\/vc_column][vc_column width=&#8221;1\/3&#8243;][vc_single_image image=&#8221;8319&#8243; alignment=&#8221;center&#8221; onclick=&#8221;custom_link&#8221; title=&#8221;Presta\u00e7\u00e3o de Contas Novo Horizonte jan a dez 2022&#8243; link=&#8221;https:\/\/caminhodafe.com.br\/ptbr\/wp-content\/uploads\/2023\/04\/Prestacao-de-Contas-Novo-Horizonte-jan-a-dez-2022_compressed-2.pdf&#8221;][\/vc_column][vc_column width=&#8221;1\/3&#8243;][\/vc_column][\/vc_row][vc_row][vc_column][vc_separator color=&#8221;green&#8221;][vc_column_text]<\/p>\n<h3 style=\"text-align: center;\"><span style=\"color: #000080;\">DOCUMENTOS DE 2021<\/span><\/h3>\n<p>[\/vc_column_text][\/vc_column][\/vc_row][vc_row][vc_column width=&#8221;1\/3&#8243;][vc_single_image image=&#8221;6393&#8243; alignment=&#8221;center&#8221; onclick=&#8221;custom_link&#8221; title=&#8221;Termo de Divulga\u00e7\u00e3o 2021&#8243; link=&#8221;https:\/\/drive.google.com\/file\/d\/1qJ54-024sri66TyGDiHSPdTp3T10pYt9\/view?usp=sharing&#8221;][\/vc_column][vc_column width=&#8221;1\/3&#8243;][vc_single_image image=&#8221;7036&#8243; alignment=&#8221;center&#8221; onclick=&#8221;custom_link&#8221; title=&#8221;Plano de Trabalho 2021&#8243; link=&#8221;https:\/\/drive.google.com\/file\/d\/1LYZEranlvNgCPfuWgiRfJAwMYSO29JFN\/view?usp=sharing&#8221;][\/vc_column][vc_column width=&#8221;1\/3&#8243;][vc_single_image image=&#8221;7037&#8243; alignment=&#8221;center&#8221; onclick=&#8221;custom_link&#8221; title=&#8221;Novo Horizonte &#8211; altera\u00e7\u00e3o plano de aplica\u00e7\u00e3o&#8221; link=&#8221;https:\/\/drive.google.com\/file\/d\/1OtG-zzqz4QKE_eEISFwGoLyIDe6sCOIs\/view?usp=sharing&#8221;][\/vc_column][\/vc_row][vc_row][vc_column width=&#8221;1\/3&#8243;][vc_single_image image=&#8221;7038&#8243; alignment=&#8221;center&#8221; onclick=&#8221;custom_link&#8221; title=&#8221;Termo de Ci\u00eancia e de Notifica\u00e7\u00e3o&#8221; link=&#8221;https:\/\/drive.google.com\/file\/d\/1tIHEPNOh641X0PcABTkR7SpiKjD5X_Ct\/view?usp=sharing&#8221;][\/vc_column][vc_column width=&#8221;1\/3&#8243;][vc_single_image image=&#8221;7039&#8243; alignment=&#8221;center&#8221; onclick=&#8221;custom_link&#8221; title=&#8221;Termo de Fomento N\u00ba 01_2021&#8243; link=&#8221;https:\/\/drive.google.com\/file\/d\/18lp5ElV9Jwmo_yD4-3b_nCkd_QjI9rz8\/view?usp=sharing&#8221;][\/vc_column][vc_column width=&#8221;1\/3&#8243;][vc_single_image image=&#8221;8339&#8243; alignment=&#8221;center&#8221; onclick=&#8221;custom_link&#8221; title=&#8221;Presta\u00e7\u00e3o Contas 2021 &#8211; Anual Novo Horizonte&#8221; link=&#8221;https:\/\/caminhodafe.com.br\/ptbr\/wp-content\/uploads\/2023\/04\/Prestacao-Contas-2021-Anual-Novo-Horizonte_compressed.pdf&#8221;][\/vc_column][\/vc_row][vc_row][vc_column][vc_separator color=&#8221;green&#8221;][vc_column_text]<\/p>\n<h3 style=\"text-align: center;\"><span style=\"color: #000080;\">DOCUMENTOS DE 2020<\/span><\/h3>\n<p>[\/vc_column_text][\/vc_column][\/vc_row][vc_row][vc_column width=&#8221;1\/3&#8243;][vc_single_image image=&#8221;5413&#8243; alignment=&#8221;center&#8221; onclick=&#8221;custom_link&#8221; title=&#8221;Plano de Trabalho 2020&#8243; link=&#8221;https:\/\/drive.google.com\/file\/d\/1kwKgzBeyMaDUzHQ96rp7zdLuA7zM6CuD\/view?usp=sharing&#8221;][\/vc_column][vc_column width=&#8221;1\/3&#8243;][vc_single_image image=&#8221;5416&#8243; alignment=&#8221;center&#8221; onclick=&#8221;custom_link&#8221; title=&#8221;Termo de Ci\u00eancia e de Notifica\u00e7\u00e3o&#8221; link=&#8221;https:\/\/drive.google.com\/file\/d\/1HDHZGHujS7DBubv1Y4jySAUlAu6okNyl\/view?usp=sharing&#8221;][\/vc_column][vc_column width=&#8221;1\/3&#8243;][vc_single_image image=&#8221;5414&#8243; alignment=&#8221;center&#8221; onclick=&#8221;custom_link&#8221; title=&#8221;Termo de Fomento 01_2020&#8243; link=&#8221;https:\/\/drive.google.com\/file\/d\/1ohQVVRBeHRIkU3DJzsmq0oDwRo7g&#8211;9J\/view?usp=sharing&#8221;][\/vc_column][\/vc_row][vc_row][vc_column width=&#8221;1\/3&#8243;][vc_single_image image=&#8221;5841&#8243; alignment=&#8221;center&#8221; onclick=&#8221;custom_link&#8221; title=&#8221;Presta\u00e7\u00e3o de Contas Anual&#8221; link=&#8221;https:\/\/caminhodafe.com.br\/ptbr\/wp-content\/uploads\/2021\/03\/Copia-de-Prestacao-de-Contas-Novo-Horizonte-Aual.pdf&#8221;][\/vc_column][vc_column width=&#8221;1\/3&#8243;][\/vc_column][vc_column width=&#8221;1\/3&#8243;][\/vc_column][\/vc_row]<\/p>\n<\/section>","protected":false},"excerpt":{"rendered":"<p>[vc_row][vc_column][vc_column_text] Clique nas imagens para visualizar os documentos. [\/vc_column_text][vc_column_text] DOCUMENTOS [\/vc_column_text][\/vc_column][\/vc_row][vc_row][vc_column width=&#8221;1\/3&#8243;][vc_single_image image=&#8221;5415&#8243; alignment=&#8221;center&#8221; onclick=&#8221;custom_link&#8221; title=&#8221;Lei 5053&#8243; link=&#8221;https:\/\/drive.google.com\/file\/d\/1wX6yEcKDbvgYEwWyUSho6Uh8cwjePc2M\/view?usp=sharing&#8221; css=&#8221;.vc_custom_1609787950760{border-radius: 5px !important;}&#8221;][\/vc_column][vc_column width=&#8221;1\/3&#8243;][\/vc_column][vc_column width=&#8221;1\/3&#8243;][\/vc_column][\/vc_row][vc_row][vc_column][vc_separator color=&#8221;green&#8221;][vc_column_text] DOCUMENTOS DE 2025 [\/vc_column_text][\/vc_column][\/vc_row][vc_row][vc_column width=&#8221;1\/3&#8243;][vc_single_image image=&#8221;7036&#8243; alignment=&#8221;center&#8221; onclick=&#8221;custom_link&#8221; title=&#8221;Plano de Trabalho&#8221; link=&#8221;https:\/\/drive.google.com\/file\/d\/1s8USlZ5R82aFhsRTFiwxcHjPmpVJJOcG\/view?usp=sharing&#8221;][\/vc_column][vc_column width=&#8221;1\/3&#8243;][vc_single_image image=&#8221;6393&#8243; alignment=&#8221;center&#8221; onclick=&#8221;custom_link&#8221; title=&#8221;Termo de Divulga\u00e7\u00e3o&#8221; link=&#8221;https:\/\/drive.google.com\/file\/d\/1gmMOQ7X2VcEMJZo-YHNnudy1CFsParEd\/view?usp=sharing&#8221;][\/vc_column][vc_column width=&#8221;1\/3&#8243;][vc_single_image image=&#8221;7038&#8243; alignment=&#8221;center&#8221; onclick=&#8221;custom_link&#8221; title=&#8221;Termo de Ci\u00eancia e de Notifica\u00e7\u00e3o&#8221; link=&#8221;https:\/\/drive.google.com\/file\/d\/17NY3L5THsL_ZPH5ONtQCkASLcfaVmh71\/view?usp=sharing&#8221;][\/vc_column][\/vc_row][vc_row][vc_column width=&#8221;1\/3&#8243;][vc_single_image image=&#8221;7039&#8243; alignment=&#8221;center&#8221; onclick=&#8221;custom_link&#8221; title=&#8221;3\u00ba Aditamento ao Termo de Fomento N\u00ba 01_2022&#8243; link=&#8221;https:\/\/drive.google.com\/file\/d\/1aGP2gGWVTQX547rhP7LA9uFaJ6o1Xzc-\/view?usp=sharing&#8221;][\/vc_column][vc_column width=&#8221;1\/3&#8243;][\/vc_column][vc_column width=&#8221;1\/3&#8243;][\/vc_column][\/vc_row][vc_row][vc_column][vc_separator color=&#8221;green&#8221;][vc_column_text] DOCUMENTOS DE 2024 [\/vc_column_text][\/vc_column][\/vc_row][vc_row][vc_column width=&#8221;1\/3&#8243;][vc_single_image image=&#8221;7036&#8243; alignment=&#8221;center&#8221; onclick=&#8221;custom_link&#8221; title=&#8221;Plano de Trabalho 2024&#8243; link=&#8221;https:\/\/drive.google.com\/file\/d\/1cvbfvis6ISm34FkUZGwJi-7O5MOWV2eK\/view?usp=sharing&#8221;][\/vc_column][vc_column width=&#8221;1\/3&#8243;][vc_single_image image=&#8221;6393&#8243; alignment=&#8221;center&#8221; onclick=&#8221;custom_link&#8221; title=&#8221;Termo de Divulga\u00e7\u00e3o 2024&#8243; link=&#8221;https:\/\/drive.google.com\/file\/d\/105-DQId1eZRq-c8-s0p4IN6Dy2IFvu4K\/view?usp=sharing&#8221;][\/vc_column][vc_column width=&#8221;1\/3&#8243;][vc_single_image image=&#8221;7038&#8243; alignment=&#8221;center&#8221; onclick=&#8221;custom_link&#8221; title=&#8221;Termo de Ci\u00eancia e de Notifica\u00e7\u00e3o&#8221; link=&#8221;https:\/\/drive.google.com\/file\/d\/1a0_lB50t8hU-aHxZiMoa_4aU-3yJo-Nd\/view?usp=sharing&#8221;][\/vc_column][\/vc_row][vc_row][vc_column width=&#8221;1\/3&#8243;][vc_single_image image=&#8221;7039&#8243; alignment=&#8221;center&#8221; onclick=&#8221;custom_link&#8221; title=&#8221;2\u00ba Aditamento ao Termo de Fomento N\u00ba 01_2022&#8243; link=&#8221;https:\/\/drive.google.com\/file\/d\/1LyYH4tIX_IQBMfm346tKhCYhkGEiKL7L\/view?usp=sharing&#8221;][\/vc_column][vc_column width=&#8221;1\/3&#8243;][vc_single_image image=&#8221;8319&#8243; alignment=&#8221;center&#8221; onclick=&#8221;custom_link&#8221; title=&#8221;Presta\u00e7\u00e3o de Contas Novo Horizonte Anual&#8221; link=&#8221;https:\/\/drive.google.com\/file\/d\/1suNpwihhQlDFA6ECpABEYt2uHRK0XVik\/view?usp=sharing&#8221;][\/vc_column][vc_column width=&#8221;1\/3&#8243;][\/vc_column][\/vc_row][vc_row][vc_column][vc_separator color=&#8221;green&#8221;][vc_column_text] DOCUMENTOS DE 2023 [\/vc_column_text][\/vc_column][\/vc_row][vc_row][vc_column width=&#8221;1\/3&#8243;][vc_single_image image=&#8221;7036&#8243; alignment=&#8221;center&#8221; onclick=&#8221;custom_link&#8221; title=&#8221;Plano de Trabalho 2023&#8243; link=&#8221;https:\/\/drive.google.com\/file\/d\/1Y3_6fIzEMGC-ZTDQctBU1I6uL6NtLtbq\/view?usp=share_link&#8221;][\/vc_column][vc_column width=&#8221;1\/3&#8243;][vc_single_image image=&#8221;6393&#8243; alignment=&#8221;center&#8221; onclick=&#8221;custom_link&#8221; title=&#8221;Termo de Divulga\u00e7\u00e3o 2023&#8243; link=&#8221;https:\/\/drive.google.com\/file\/d\/1SJH_JAPWINms0shCQxdZYjctJWM7QeBM\/view?usp=share_link&#8221;][\/vc_column][vc_column width=&#8221;1\/3&#8243;][vc_single_image image=&#8221;7038&#8243; alignment=&#8221;center&#8221; onclick=&#8221;custom_link&#8221; title=&#8221;Termo de Ci\u00eancia e de Notifica\u00e7\u00e3o&#8221; link=&#8221;https:\/\/drive.google.com\/file\/d\/1Di9l3Oritn3BC5Q1PINVALWsVDqb7Cd9\/view?usp=share_link&#8221;][\/vc_column][\/vc_row][vc_row][vc_column width=&#8221;1\/3&#8243;][vc_single_image image=&#8221;7039&#8243; alignment=&#8221;center&#8221; onclick=&#8221;custom_link&#8221; title=&#8221;1\u00ba Aditamento ao Termo de Fomento N\u00ba 01_2022&#8243; link=&#8221;https:\/\/drive.google.com\/file\/d\/17IXZj992Ke-k9NymwxJpYQBexfw_Of-k\/view?usp=share_link&#8221;][\/vc_column][vc_column width=&#8221;1\/3&#8243;][vc_single_image image=&#8221;8319&#8243; alignment=&#8221;center&#8221; onclick=&#8221;custom_link&#8221; title=&#8221;Presta\u00e7\u00e3o de Contas Novo Horizonte jan a dez 2023&#8243; link=&#8221;https:\/\/drive.google.com\/file\/d\/1nPGp69AMpb3O46vl0FgJlCdhK1CGk0Ky\/view?usp=sharing&#8221;][\/vc_column][vc_column width=&#8221;1\/3&#8243;][\/vc_column][\/vc_row][vc_row][vc_column][vc_separator color=&#8221;green&#8221;][vc_column_text] DOCUMENTOS DE 2022 [\/vc_column_text][\/vc_column][\/vc_row][vc_row][vc_column width=&#8221;1\/3&#8243;][vc_single_image image=&#8221;6393&#8243; alignment=&#8221;center&#8221; onclick=&#8221;custom_link&#8221; title=&#8221;Termo de Divulga\u00e7\u00e3o 2022&#8243; link=&#8221;https:\/\/drive.google.com\/file\/d\/1tu7s7Wd7DnSFBo95qw8ELCcHdx8IUljN\/view?usp=sharing&#8221;][\/vc_column][vc_column width=&#8221;1\/3&#8243;][vc_single_image image=&#8221;7036&#8243; alignment=&#8221;center&#8221; onclick=&#8221;custom_link&#8221; title=&#8221;Plano de Trabalho 2022&#8243; link=&#8221;https:\/\/drive.google.com\/file\/d\/1QjTAGrbojmlcbaegvDIBEVwM_gUlyufo\/view?usp=sharing&#8221;][\/vc_column][vc_column width=&#8221;1\/3&#8243;][vc_single_image image=&#8221;7038&#8243; alignment=&#8221;center&#8221; onclick=&#8221;custom_link&#8221; title=&#8221;Termo de Ci\u00eancia e de Notifica\u00e7\u00e3o&#8221; link=&#8221;https:\/\/drive.google.com\/file\/d\/11o4pvtJQF8EKIm6a39R4ahJm9h3wXnhm\/view?usp=sharing&#8221;][\/vc_column][\/vc_row][vc_row][vc_column width=&#8221;1\/3&#8243;][vc_single_image image=&#8221;7039&#8243; alignment=&#8221;center&#8221; onclick=&#8221;custom_link&#8221; title=&#8221;Termo de Fomento N\u00ba 01_2022&#8243; link=&#8221;https:\/\/drive.google.com\/file\/d\/1oskzWl_A2heyOlwtV9w8aSsXeWnHR2M0\/view?usp=sharing&#8221;][\/vc_column][vc_column width=&#8221;1\/3&#8243;][vc_single_image image=&#8221;8319&#8243; alignment=&#8221;center&#8221; onclick=&#8221;custom_link&#8221; title=&#8221;Presta\u00e7\u00e3o de Contas Novo Horizonte jan a dez 2022&#8243; link=&#8221;https:\/\/caminhodafe.com.br\/ptbr\/wp-content\/uploads\/2023\/04\/Prestacao-de-Contas-Novo-Horizonte-jan-a-dez-2022_compressed-2.pdf&#8221;][\/vc_column][vc_column width=&#8221;1\/3&#8243;][\/vc_column][\/vc_row][vc_row][vc_column][vc_separator color=&#8221;green&#8221;][vc_column_text] DOCUMENTOS DE 2021 [\/vc_column_text][\/vc_column][\/vc_row][vc_row][vc_column width=&#8221;1\/3&#8243;][vc_single_image image=&#8221;6393&#8243; alignment=&#8221;center&#8221; onclick=&#8221;custom_link&#8221; title=&#8221;Termo de Divulga\u00e7\u00e3o 2021&#8243; link=&#8221;https:\/\/drive.google.com\/file\/d\/1qJ54-024sri66TyGDiHSPdTp3T10pYt9\/view?usp=sharing&#8221;][\/vc_column][vc_column width=&#8221;1\/3&#8243;][vc_single_image image=&#8221;7036&#8243; alignment=&#8221;center&#8221; onclick=&#8221;custom_link&#8221; title=&#8221;Plano de Trabalho 2021&#8243; link=&#8221;https:\/\/drive.google.com\/file\/d\/1LYZEranlvNgCPfuWgiRfJAwMYSO29JFN\/view?usp=sharing&#8221;][\/vc_column][vc_column width=&#8221;1\/3&#8243;][vc_single_image image=&#8221;7037&#8243; alignment=&#8221;center&#8221; onclick=&#8221;custom_link&#8221; title=&#8221;Novo Horizonte &#8211; altera\u00e7\u00e3o plano de aplica\u00e7\u00e3o&#8221; link=&#8221;https:\/\/drive.google.com\/file\/d\/1OtG-zzqz4QKE_eEISFwGoLyIDe6sCOIs\/view?usp=sharing&#8221;][\/vc_column][\/vc_row][vc_row][vc_column width=&#8221;1\/3&#8243;][vc_single_image image=&#8221;7038&#8243; alignment=&#8221;center&#8221; onclick=&#8221;custom_link&#8221; title=&#8221;Termo de Ci\u00eancia e de Notifica\u00e7\u00e3o&#8221; link=&#8221;https:\/\/drive.google.com\/file\/d\/1tIHEPNOh641X0PcABTkR7SpiKjD5X_Ct\/view?usp=sharing&#8221;][\/vc_column][vc_column width=&#8221;1\/3&#8243;][vc_single_image image=&#8221;7039&#8243; alignment=&#8221;center&#8221; onclick=&#8221;custom_link&#8221; title=&#8221;Termo de Fomento N\u00ba 01_2021&#8243; link=&#8221;https:\/\/drive.google.com\/file\/d\/18lp5ElV9Jwmo_yD4-3b_nCkd_QjI9rz8\/view?usp=sharing&#8221;][\/vc_column][vc_column width=&#8221;1\/3&#8243;][vc_single_image image=&#8221;8339&#8243; alignment=&#8221;center&#8221; onclick=&#8221;custom_link&#8221; title=&#8221;Presta\u00e7\u00e3o Contas 2021 &#8211; Anual Novo Horizonte&#8221; link=&#8221;https:\/\/caminhodafe.com.br\/ptbr\/wp-content\/uploads\/2023\/04\/Prestacao-Contas-2021-Anual-Novo-Horizonte_compressed.pdf&#8221;][\/vc_column][\/vc_row][vc_row][vc_column][vc_separator color=&#8221;green&#8221;][vc_column_text] DOCUMENTOS DE 2020 [\/vc_column_text][\/vc_column][\/vc_row][vc_row][vc_column width=&#8221;1\/3&#8243;][vc_single_image image=&#8221;5413&#8243; alignment=&#8221;center&#8221; onclick=&#8221;custom_link&#8221; title=&#8221;Plano de Trabalho 2020&#8243; link=&#8221;https:\/\/drive.google.com\/file\/d\/1kwKgzBeyMaDUzHQ96rp7zdLuA7zM6CuD\/view?usp=sharing&#8221;][\/vc_column][vc_column width=&#8221;1\/3&#8243;][vc_single_image image=&#8221;5416&#8243; alignment=&#8221;center&#8221; onclick=&#8221;custom_link&#8221; title=&#8221;Termo de Ci\u00eancia e de Notifica\u00e7\u00e3o&#8221; link=&#8221;https:\/\/drive.google.com\/file\/d\/1HDHZGHujS7DBubv1Y4jySAUlAu6okNyl\/view?usp=sharing&#8221;][\/vc_column][vc_column width=&#8221;1\/3&#8243;][vc_single_image image=&#8221;5414&#8243; alignment=&#8221;center&#8221; onclick=&#8221;custom_link&#8221; title=&#8221;Termo de Fomento 01_2020&#8243; link=&#8221;https:\/\/drive.google.com\/file\/d\/1ohQVVRBeHRIkU3DJzsmq0oDwRo7g&#8211;9J\/view?usp=sharing&#8221;][\/vc_column][\/vc_row][vc_row][vc_column width=&#8221;1\/3&#8243;][vc_single_image image=&#8221;5841&#8243; alignment=&#8221;center&#8221; onclick=&#8221;custom_link&#8221; title=&#8221;Presta\u00e7\u00e3o de Contas Anual&#8221; link=&#8221;https:\/\/caminhodafe.com.br\/ptbr\/wp-content\/uploads\/2021\/03\/Copia-de-Prestacao-de-Contas-Novo-Horizonte-Aual.pdf&#8221;][\/vc_column][vc_column width=&#8221;1\/3&#8243;][\/vc_column][vc_column width=&#8221;1\/3&#8243;][\/vc_column][\/vc_row]<\/p>\n","protected":false},"author":2,"featured_media":0,"parent":0,"menu_order":0,"comment_status":"closed","ping_status":"closed","template":"","meta":{"content-type":"","_monsterinsights_skip_tracking":false,"_monsterinsights_sitenote_active":false,"_monsterinsights_sitenote_note":"","_monsterinsights_sitenote_category":0,"footnotes":""},"class_list":["post-5412","page","type-page","status-publish","hentry"],"_links":{"self":[{"href":"https:\/\/caminhodafe.com.br\/ptbr\/wp-json\/wp\/v2\/pages\/5412","targetHints":{"allow":["GET"]}}],"collection":[{"href":"https:\/\/caminhodafe.com.br\/ptbr\/wp-json\/wp\/v2\/pages"}],"about":[{"href":"https:\/\/caminhodafe.com.br\/ptbr\/wp-json\/wp\/v2\/types\/page"}],"author":[{"embeddable":true,"href":"https:\/\/caminhodafe.com.br\/ptbr\/wp-json\/wp\/v2\/users\/2"}],"replies":[{"embeddable":true,"href":"https:\/\/caminhodafe.com.br\/ptbr\/wp-json\/wp\/v2\/comments?post=5412"}],"version-history":[{"count":10,"href":"https:\/\/caminhodafe.com.br\/ptbr\/wp-json\/wp\/v2\/pages\/5412\/revisions"}],"predecessor-version":[{"id":9957,"href":"https:\/\/caminhodafe.com.br\/ptbr\/wp-json\/wp\/v2\/pages\/5412\/revisions\/9957"}],"wp:attachment":[{"href":"https:\/\/caminhodafe.com.br\/ptbr\/wp-json\/wp\/v2\/media?parent=5412"}],"curies":[{"name":"wp","href":"https:\/\/api.w.org\/{rel}","templated":true}]}}