{"id":5351,"date":"2020-11-26T15:17:32","date_gmt":"2020-11-26T18:17:32","guid":{"rendered":"https:\/\/caminhodafe.com.br\/ptbr\/?page_id=5351"},"modified":"2025-03-20T14:43:43","modified_gmt":"2025-03-20T17:43:43","slug":"sao-jose-do-rio-preto-prestacao-de-contas","status":"publish","type":"page","link":"https:\/\/caminhodafe.com.br\/ptbr\/sao-jose-do-rio-preto-prestacao-de-contas\/","title":{"rendered":"S\u00e3o Jos\u00e9 do Rio Preto \u2013 presta\u00e7\u00e3o de contas"},"content":{"rendered":"<section class=\"wpb-content-wrapper\"><p>[vc_row][vc_column][vc_column_text]<\/p>\n<h3 style=\"text-align: center;\">Clique nas imagens para visualizar os documentos.<\/h3>\n<p>[\/vc_column_text][vc_column_text]<\/p>\n<h3 style=\"text-align: center;\"><span style=\"color: #000080;\">DOCUMENTOS<\/span><\/h3>\n<p>[\/vc_column_text][\/vc_column][\/vc_row][vc_row][vc_column width=&#8221;1\/3&#8243;][vc_single_image image=&#8221;5342&#8243; alignment=&#8221;center&#8221; onclick=&#8221;custom_link&#8221; title=&#8221;Lei_13650 Disp\u00f5e sobre a cria\u00e7\u00e3o do Termo de Participa\u00e7\u00e3o ao CAMINHO DA F\u00c9&#8221; link=&#8221;https:\/\/drive.google.com\/file\/d\/1iMinZDldmX-m05baYI-shVAIO_csOwlf\/view?usp=sharing&#8221; css=&#8221;.vc_custom_1606414742174{border-radius: 5px !important;}&#8221;][\/vc_column][vc_column width=&#8221;1\/3&#8243;][\/vc_column][vc_column width=&#8221;1\/3&#8243;][\/vc_column][\/vc_row][vc_row][vc_column][vc_separator color=&#8221;green&#8221;][vc_column_text]<\/p>\n<h3 style=\"text-align: center;\"><span style=\"color: #000080;\">DOCUMENTOS DE 2025<\/span><\/h3>\n<p>[\/vc_column_text][\/vc_column][\/vc_row][vc_row][vc_column width=&#8221;1\/3&#8243;][vc_single_image image=&#8221;5405&#8243; alignment=&#8221;center&#8221; onclick=&#8221;custom_link&#8221; title=&#8221;Plano de Trabalho&#8221; link=&#8221;https:\/\/drive.google.com\/file\/d\/1tgaLr-qBUaMAnm8PbP3UnUW9qe03MuzT\/view?usp=sharing&#8221; css=&#8221;.vc_custom_1737563223423{border-radius: 5px !important;}&#8221;][\/vc_column][vc_column width=&#8221;1\/3&#8243;][vc_single_image image=&#8221;5406&#8243; alignment=&#8221;center&#8221; onclick=&#8221;custom_link&#8221; title=&#8221;5\u00ba Termo Aditivo de M\u00fatua Coopera\u00e7\u00e3o&#8221; link=&#8221;https:\/\/drive.google.com\/file\/d\/1QBFoQL-iwBvKWfW5a0qB5GitGZQw7lPD\/view?usp=sharing&#8221; css=&#8221;.vc_custom_1737563246823{border-radius: 5px !important;}&#8221;][\/vc_column][vc_column width=&#8221;1\/3&#8243;][vc_single_image image=&#8221;6393&#8243; alignment=&#8221;center&#8221; onclick=&#8221;custom_link&#8221; title=&#8221;Termo de Divulga\u00e7\u00e3o&#8221; link=&#8221;https:\/\/drive.google.com\/file\/d\/1Z0ZXMWuip2U0SvLwwhTP9nq4yViKDyTl\/view?usp=sharing&#8221; css=&#8221;.vc_custom_1737563266508{border-radius: 5px !important;}&#8221;][\/vc_column][\/vc_row][vc_row][vc_column][vc_separator color=&#8221;green&#8221;][vc_column_text]<\/p>\n<h3 style=\"text-align: center;\"><span style=\"color: #000080;\">DOCUMENTOS DE 2024<\/span><\/h3>\n<p>[\/vc_column_text][\/vc_column][\/vc_row][vc_row][vc_column width=&#8221;1\/3&#8243;][vc_single_image image=&#8221;5405&#8243; alignment=&#8221;center&#8221; onclick=&#8221;custom_link&#8221; title=&#8221;Plano de Trabalho 2024&#8243; link=&#8221;https:\/\/drive.google.com\/file\/d\/1AYbZOiQt3UCKNY31rf7JdcRUGKKznss7\/view?usp=sharing&#8221; css=&#8221;.vc_custom_1704984527731{border-radius: 5px !important;}&#8221;][vc_single_image image=&#8221;5857&#8243; alignment=&#8221;center&#8221; onclick=&#8221;custom_link&#8221; title=&#8221;Presta\u00e7\u00e3o de Contas Anual&#8221; link=&#8221;https:\/\/drive.google.com\/file\/d\/1tas4ile9tW84FJ9Tlr0tfyKCuyTdN2J5\/view?usp=sharing&#8221; css=&#8221;.vc_custom_1742492620944{border-radius: 5px !important;}&#8221;][\/vc_column][vc_column width=&#8221;1\/3&#8243;][vc_single_image image=&#8221;5406&#8243; alignment=&#8221;center&#8221; onclick=&#8221;custom_link&#8221; title=&#8221;4\u00ba Termo Aditivo de M\u00fatua Coopera\u00e7\u00e3o&#8221; link=&#8221;https:\/\/drive.google.com\/file\/d\/1q6heXF41YAlXVZdDhzJAUlAYatnUwLk9\/view?usp=sharing&#8221; css=&#8221;.vc_custom_1704984549668{border-radius: 5px !important;}&#8221;][\/vc_column][vc_column width=&#8221;1\/3&#8243;][vc_single_image image=&#8221;6393&#8243; alignment=&#8221;center&#8221; onclick=&#8221;custom_link&#8221; title=&#8221;Termo de Divulga\u00e7\u00e3o 2024&#8243; link=&#8221;https:\/\/drive.google.com\/file\/d\/16hhsfqpo5Vnr5QZVJEfj8asHj_7s3Lun\/view?usp=sharing&#8221; css=&#8221;.vc_custom_1704984568682{border-radius: 5px !important;}&#8221;][\/vc_column][\/vc_row][vc_row][vc_column][vc_separator color=&#8221;green&#8221;][vc_column_text]<\/p>\n<h3 style=\"text-align: center;\"><span style=\"color: #000080;\">DOCUMENTOS DE 2023<\/span><\/h3>\n<p>[\/vc_column_text][\/vc_column][\/vc_row][vc_row][vc_column width=&#8221;1\/3&#8243;][vc_single_image image=&#8221;5405&#8243; alignment=&#8221;center&#8221; onclick=&#8221;custom_link&#8221; title=&#8221;Plano de Trabalho 2023&#8243; link=&#8221;https:\/\/drive.google.com\/file\/d\/1A77FhUXxxzlRw6m9lXYPqMmmvD3HParF\/view?usp=share_link&#8221; css=&#8221;.vc_custom_1679417166173{border-radius: 5px !important;}&#8221;][vc_single_image image=&#8221;5857&#8243; alignment=&#8221;center&#8221; onclick=&#8221;custom_link&#8221; title=&#8221;Presta\u00e7\u00e3o de Contas Anual&#8221; link=&#8221;https:\/\/drive.google.com\/file\/d\/1oVx485JvJnpIOAIvVUzGjj4sIhXklQVu\/view?usp=sharing&#8221; css=&#8221;.vc_custom_1711388545276{border-radius: 5px !important;}&#8221;][\/vc_column][vc_column width=&#8221;1\/3&#8243;][vc_single_image image=&#8221;5406&#8243; alignment=&#8221;center&#8221; onclick=&#8221;custom_link&#8221; title=&#8221;3\u00ba Termo Aditivo de M\u00fatua Coopera\u00e7\u00e3o&#8221; link=&#8221;https:\/\/drive.google.com\/file\/d\/1JnzCN0J4jYTXXLAzKcs3T51BdzNLBP6A\/view?usp=share_link&#8221; css=&#8221;.vc_custom_1679417195958{border-radius: 5px !important;}&#8221;][\/vc_column][vc_column width=&#8221;1\/3&#8243;][vc_single_image image=&#8221;6393&#8243; alignment=&#8221;center&#8221; onclick=&#8221;custom_link&#8221; title=&#8221;Termo de Divulga\u00e7\u00e3o 2023&#8243; link=&#8221;https:\/\/drive.google.com\/file\/d\/1WaMhjmtFLsR8aPzw8Yh61_lyoyWMrOe5\/view?usp=share_link&#8221; css=&#8221;.vc_custom_1679417219402{border-radius: 5px !important;}&#8221;][\/vc_column][\/vc_row][vc_row][vc_column][vc_separator color=&#8221;green&#8221;][vc_column_text]<\/p>\n<h3 style=\"text-align: center;\"><span style=\"color: #000080;\">DOCUMENTOS DE 2022<\/span><\/h3>\n<p>[\/vc_column_text][\/vc_column][\/vc_row][vc_row][vc_column width=&#8221;1\/3&#8243;][vc_single_image image=&#8221;5405&#8243; alignment=&#8221;center&#8221; onclick=&#8221;custom_link&#8221; title=&#8221;Plano de Trabalho 2022&#8243; link=&#8221;https:\/\/drive.google.com\/file\/d\/1skEtTTgucoxYuR93fpLVG6hCAInGg231\/view?usp=sharing&#8221; css=&#8221;.vc_custom_1644339407934{border-radius: 5px !important;}&#8221;][\/vc_column][vc_column width=&#8221;1\/3&#8243;][vc_single_image image=&#8221;5406&#8243; alignment=&#8221;center&#8221; onclick=&#8221;custom_link&#8221; title=&#8221;2\u00ba Termo Aditivo de M\u00fatua Coopera\u00e7\u00e3o&#8221; link=&#8221;https:\/\/drive.google.com\/file\/d\/1hPLGQfHmxyyszwOj21nxJlhRB9JKkfqB\/view?usp=sharing&#8221; css=&#8221;.vc_custom_1644339484890{border-radius: 5px !important;}&#8221;][\/vc_column][vc_column width=&#8221;1\/3&#8243;][vc_single_image image=&#8221;6393&#8243; alignment=&#8221;center&#8221; onclick=&#8221;custom_link&#8221; title=&#8221;Termo de Divulga\u00e7\u00e3o 2022&#8243; link=&#8221;https:\/\/drive.google.com\/file\/d\/1UMm5zdU3mikKaRSmGmO73HLS5dCQZFbC\/view?usp=sharing&#8221; css=&#8221;.vc_custom_1644339507297{border-radius: 5px !important;}&#8221;][\/vc_column][\/vc_row][vc_row][vc_column width=&#8221;1\/3&#8243;][vc_single_image image=&#8221;5857&#8243; alignment=&#8221;center&#8221; onclick=&#8221;custom_link&#8221; title=&#8221;Presta\u00e7\u00e3o de Contas Anual&#8221; link=&#8221;https:\/\/drive.google.com\/file\/d\/1a8LGyZmm4ILLS60vhvR5ahm-Hn4LqZg1\/view?usp=share_link&#8221; css=&#8221;.vc_custom_1679318320870{border-radius: 5px !important;}&#8221;][\/vc_column][vc_column width=&#8221;1\/3&#8243;][\/vc_column][vc_column width=&#8221;1\/3&#8243;][\/vc_column][\/vc_row][vc_row][vc_column][vc_separator color=&#8221;green&#8221;][vc_column_text]<\/p>\n<h3 style=\"text-align: center;\"><span style=\"color: #000080;\">DOCUMENTOS DE 2021<\/span><\/h3>\n<p>[\/vc_column_text][\/vc_column][\/vc_row][vc_row][vc_column width=&#8221;1\/3&#8243;][vc_single_image image=&#8221;5405&#8243; alignment=&#8221;center&#8221; onclick=&#8221;custom_link&#8221; title=&#8221;Plano de Trabalho 2021&#8243; link=&#8221;https:\/\/drive.google.com\/file\/d\/1Sh_kzhFWmuiNOYksHAh4vztzXk7z0oJY\/view?usp=sharing&#8221; css=&#8221;.vc_custom_1608745942527{border-radius: 5px !important;}&#8221;][\/vc_column][vc_column width=&#8221;1\/3&#8243;][vc_single_image image=&#8221;5406&#8243; alignment=&#8221;center&#8221; onclick=&#8221;custom_link&#8221; title=&#8221;Termo Associativo 2021&#8243; link=&#8221;https:\/\/drive.google.com\/file\/d\/1B_qR4HWX5uEoNAc3Fj-KKJT6rVeLKZZ6\/view?usp=sharing&#8221; css=&#8221;.vc_custom_1608746392398{border-radius: 5px !important;}&#8221;][\/vc_column][vc_column width=&#8221;1\/3&#8243;][vc_single_image image=&#8221;6393&#8243; alignment=&#8221;center&#8221; onclick=&#8221;custom_link&#8221; title=&#8221;Termo de Divulga\u00e7\u00e3o 2021&#8243; link=&#8221;https:\/\/drive.google.com\/file\/d\/1l606NLsYq0Ofbb5HZCkwcD5weMQRhieU\/view?usp=sharing&#8221; css=&#8221;.vc_custom_1636041998213{border-radius: 5px !important;}&#8221;][\/vc_column][\/vc_row][vc_row][vc_column width=&#8221;1\/3&#8243;][vc_single_image image=&#8221;5857&#8243; alignment=&#8221;center&#8221; onclick=&#8221;custom_link&#8221; title=&#8221;Presta\u00e7\u00e3o de Contas Anual&#8221; link=&#8221;https:\/\/drive.google.com\/file\/d\/17tkyuW2y9iCcAFZvbli2uUY31Om9vS06\/view?usp=sharing&#8221; css=&#8221;.vc_custom_1647542187603{border-radius: 5px !important;}&#8221;][\/vc_column][vc_column width=&#8221;1\/3&#8243;][\/vc_column][vc_column width=&#8221;1\/3&#8243;][\/vc_column][\/vc_row][vc_row][vc_column][vc_separator color=&#8221;green&#8221;][vc_column_text]<\/p>\n<h3 style=\"text-align: center;\"><span style=\"color: #000080;\">DOCUMENTOS DE 2020<\/span><\/h3>\n<p>[\/vc_column_text][\/vc_column][\/vc_row][vc_row][vc_column width=&#8221;1\/3&#8243;][vc_single_image image=&#8221;5354&#8243; alignment=&#8221;center&#8221; onclick=&#8221;custom_link&#8221; title=&#8221;Plano de Trabalho 2020&#8243; link=&#8221;https:\/\/drive.google.com\/file\/d\/1wZ-FaCBtp0j8fBy00wyf8j19efDVgQvT\/view?usp=sharing&#8221; css=&#8221;.vc_custom_1606421996434{border-radius: 5px !important;}&#8221;][\/vc_column][vc_column width=&#8221;1\/3&#8243;][vc_single_image image=&#8221;5341&#8243; alignment=&#8221;center&#8221; onclick=&#8221;custom_link&#8221; title=&#8221;Termo Associativo 2020&#8243; link=&#8221;https:\/\/drive.google.com\/file\/d\/1yjIzoIq-PL8HDRUXFPgiehna377M0G20\/view?usp=sharing&#8221; css=&#8221;.vc_custom_1608746401148{border-radius: 5px !important;}&#8221;][\/vc_column][vc_column width=&#8221;1\/3&#8243;][vc_single_image image=&#8221;5857&#8243; alignment=&#8221;center&#8221; onclick=&#8221;custom_link&#8221; title=&#8221;Presta\u00e7\u00e3o de Contas Anual&#8221; link=&#8221;https:\/\/caminhodafe.com.br\/ptbr\/wp-content\/uploads\/2021\/03\/Copia-de-Prestacao-de-Contas-Sao-Jose-do-Rio-Preto-anual.pdf&#8221; css=&#8221;.vc_custom_1616000612648{border-radius: 5px !important;}&#8221;][\/vc_column][\/vc_row]<\/p>\n<\/section>","protected":false},"excerpt":{"rendered":"<p>[vc_row][vc_column][vc_column_text] Clique nas imagens para visualizar os documentos. [\/vc_column_text][vc_column_text] DOCUMENTOS [\/vc_column_text][\/vc_column][\/vc_row][vc_row][vc_column width=&#8221;1\/3&#8243;][vc_single_image image=&#8221;5342&#8243; alignment=&#8221;center&#8221; onclick=&#8221;custom_link&#8221; title=&#8221;Lei_13650 Disp\u00f5e sobre a cria\u00e7\u00e3o do Termo de Participa\u00e7\u00e3o ao CAMINHO DA F\u00c9&#8221; link=&#8221;https:\/\/drive.google.com\/file\/d\/1iMinZDldmX-m05baYI-shVAIO_csOwlf\/view?usp=sharing&#8221; css=&#8221;.vc_custom_1606414742174{border-radius: 5px !important;}&#8221;][\/vc_column][vc_column width=&#8221;1\/3&#8243;][\/vc_column][vc_column width=&#8221;1\/3&#8243;][\/vc_column][\/vc_row][vc_row][vc_column][vc_separator color=&#8221;green&#8221;][vc_column_text] DOCUMENTOS DE 2025 [\/vc_column_text][\/vc_column][\/vc_row][vc_row][vc_column width=&#8221;1\/3&#8243;][vc_single_image image=&#8221;5405&#8243; alignment=&#8221;center&#8221; onclick=&#8221;custom_link&#8221; title=&#8221;Plano de Trabalho&#8221; link=&#8221;https:\/\/drive.google.com\/file\/d\/1tgaLr-qBUaMAnm8PbP3UnUW9qe03MuzT\/view?usp=sharing&#8221; css=&#8221;.vc_custom_1737563223423{border-radius: 5px !important;}&#8221;][\/vc_column][vc_column width=&#8221;1\/3&#8243;][vc_single_image image=&#8221;5406&#8243; alignment=&#8221;center&#8221; onclick=&#8221;custom_link&#8221; title=&#8221;5\u00ba Termo Aditivo de M\u00fatua Coopera\u00e7\u00e3o&#8221; link=&#8221;https:\/\/drive.google.com\/file\/d\/1QBFoQL-iwBvKWfW5a0qB5GitGZQw7lPD\/view?usp=sharing&#8221; css=&#8221;.vc_custom_1737563246823{border-radius: 5px !important;}&#8221;][\/vc_column][vc_column width=&#8221;1\/3&#8243;][vc_single_image image=&#8221;6393&#8243; alignment=&#8221;center&#8221; onclick=&#8221;custom_link&#8221; title=&#8221;Termo de Divulga\u00e7\u00e3o&#8221; link=&#8221;https:\/\/drive.google.com\/file\/d\/1Z0ZXMWuip2U0SvLwwhTP9nq4yViKDyTl\/view?usp=sharing&#8221; css=&#8221;.vc_custom_1737563266508{border-radius: 5px !important;}&#8221;][\/vc_column][\/vc_row][vc_row][vc_column][vc_separator color=&#8221;green&#8221;][vc_column_text] DOCUMENTOS DE 2024 [\/vc_column_text][\/vc_column][\/vc_row][vc_row][vc_column width=&#8221;1\/3&#8243;][vc_single_image image=&#8221;5405&#8243; alignment=&#8221;center&#8221; onclick=&#8221;custom_link&#8221; title=&#8221;Plano de Trabalho 2024&#8243; link=&#8221;https:\/\/drive.google.com\/file\/d\/1AYbZOiQt3UCKNY31rf7JdcRUGKKznss7\/view?usp=sharing&#8221; css=&#8221;.vc_custom_1704984527731{border-radius: 5px !important;}&#8221;][vc_single_image image=&#8221;5857&#8243; alignment=&#8221;center&#8221; onclick=&#8221;custom_link&#8221; title=&#8221;Presta\u00e7\u00e3o de Contas Anual&#8221; link=&#8221;https:\/\/drive.google.com\/file\/d\/1tas4ile9tW84FJ9Tlr0tfyKCuyTdN2J5\/view?usp=sharing&#8221; css=&#8221;.vc_custom_1742492620944{border-radius: 5px !important;}&#8221;][\/vc_column][vc_column width=&#8221;1\/3&#8243;][vc_single_image image=&#8221;5406&#8243; alignment=&#8221;center&#8221; onclick=&#8221;custom_link&#8221; title=&#8221;4\u00ba Termo Aditivo de M\u00fatua Coopera\u00e7\u00e3o&#8221; link=&#8221;https:\/\/drive.google.com\/file\/d\/1q6heXF41YAlXVZdDhzJAUlAYatnUwLk9\/view?usp=sharing&#8221; css=&#8221;.vc_custom_1704984549668{border-radius: 5px !important;}&#8221;][\/vc_column][vc_column width=&#8221;1\/3&#8243;][vc_single_image image=&#8221;6393&#8243; alignment=&#8221;center&#8221; onclick=&#8221;custom_link&#8221; title=&#8221;Termo de Divulga\u00e7\u00e3o 2024&#8243; link=&#8221;https:\/\/drive.google.com\/file\/d\/16hhsfqpo5Vnr5QZVJEfj8asHj_7s3Lun\/view?usp=sharing&#8221; css=&#8221;.vc_custom_1704984568682{border-radius: 5px !important;}&#8221;][\/vc_column][\/vc_row][vc_row][vc_column][vc_separator color=&#8221;green&#8221;][vc_column_text] DOCUMENTOS DE 2023 [\/vc_column_text][\/vc_column][\/vc_row][vc_row][vc_column width=&#8221;1\/3&#8243;][vc_single_image image=&#8221;5405&#8243; alignment=&#8221;center&#8221; onclick=&#8221;custom_link&#8221; title=&#8221;Plano de Trabalho 2023&#8243; link=&#8221;https:\/\/drive.google.com\/file\/d\/1A77FhUXxxzlRw6m9lXYPqMmmvD3HParF\/view?usp=share_link&#8221; css=&#8221;.vc_custom_1679417166173{border-radius: 5px !important;}&#8221;][vc_single_image image=&#8221;5857&#8243; alignment=&#8221;center&#8221; onclick=&#8221;custom_link&#8221; title=&#8221;Presta\u00e7\u00e3o de Contas Anual&#8221; link=&#8221;https:\/\/drive.google.com\/file\/d\/1oVx485JvJnpIOAIvVUzGjj4sIhXklQVu\/view?usp=sharing&#8221; css=&#8221;.vc_custom_1711388545276{border-radius: 5px !important;}&#8221;][\/vc_column][vc_column width=&#8221;1\/3&#8243;][vc_single_image image=&#8221;5406&#8243; alignment=&#8221;center&#8221; onclick=&#8221;custom_link&#8221; title=&#8221;3\u00ba Termo Aditivo de M\u00fatua Coopera\u00e7\u00e3o&#8221; link=&#8221;https:\/\/drive.google.com\/file\/d\/1JnzCN0J4jYTXXLAzKcs3T51BdzNLBP6A\/view?usp=share_link&#8221; css=&#8221;.vc_custom_1679417195958{border-radius: 5px !important;}&#8221;][\/vc_column][vc_column width=&#8221;1\/3&#8243;][vc_single_image image=&#8221;6393&#8243; alignment=&#8221;center&#8221; onclick=&#8221;custom_link&#8221; title=&#8221;Termo de Divulga\u00e7\u00e3o 2023&#8243; link=&#8221;https:\/\/drive.google.com\/file\/d\/1WaMhjmtFLsR8aPzw8Yh61_lyoyWMrOe5\/view?usp=share_link&#8221; css=&#8221;.vc_custom_1679417219402{border-radius: 5px !important;}&#8221;][\/vc_column][\/vc_row][vc_row][vc_column][vc_separator color=&#8221;green&#8221;][vc_column_text] DOCUMENTOS DE 2022 [\/vc_column_text][\/vc_column][\/vc_row][vc_row][vc_column width=&#8221;1\/3&#8243;][vc_single_image image=&#8221;5405&#8243; alignment=&#8221;center&#8221; onclick=&#8221;custom_link&#8221; title=&#8221;Plano de Trabalho 2022&#8243; link=&#8221;https:\/\/drive.google.com\/file\/d\/1skEtTTgucoxYuR93fpLVG6hCAInGg231\/view?usp=sharing&#8221; css=&#8221;.vc_custom_1644339407934{border-radius: 5px !important;}&#8221;][\/vc_column][vc_column width=&#8221;1\/3&#8243;][vc_single_image image=&#8221;5406&#8243; alignment=&#8221;center&#8221; onclick=&#8221;custom_link&#8221; title=&#8221;2\u00ba Termo Aditivo de M\u00fatua Coopera\u00e7\u00e3o&#8221; link=&#8221;https:\/\/drive.google.com\/file\/d\/1hPLGQfHmxyyszwOj21nxJlhRB9JKkfqB\/view?usp=sharing&#8221; css=&#8221;.vc_custom_1644339484890{border-radius: 5px !important;}&#8221;][\/vc_column][vc_column width=&#8221;1\/3&#8243;][vc_single_image image=&#8221;6393&#8243; alignment=&#8221;center&#8221; onclick=&#8221;custom_link&#8221; title=&#8221;Termo de Divulga\u00e7\u00e3o 2022&#8243; link=&#8221;https:\/\/drive.google.com\/file\/d\/1UMm5zdU3mikKaRSmGmO73HLS5dCQZFbC\/view?usp=sharing&#8221; css=&#8221;.vc_custom_1644339507297{border-radius: 5px !important;}&#8221;][\/vc_column][\/vc_row][vc_row][vc_column width=&#8221;1\/3&#8243;][vc_single_image image=&#8221;5857&#8243; alignment=&#8221;center&#8221; onclick=&#8221;custom_link&#8221; title=&#8221;Presta\u00e7\u00e3o de Contas Anual&#8221; link=&#8221;https:\/\/drive.google.com\/file\/d\/1a8LGyZmm4ILLS60vhvR5ahm-Hn4LqZg1\/view?usp=share_link&#8221; css=&#8221;.vc_custom_1679318320870{border-radius: 5px !important;}&#8221;][\/vc_column][vc_column width=&#8221;1\/3&#8243;][\/vc_column][vc_column width=&#8221;1\/3&#8243;][\/vc_column][\/vc_row][vc_row][vc_column][vc_separator color=&#8221;green&#8221;][vc_column_text] DOCUMENTOS DE 2021 [\/vc_column_text][\/vc_column][\/vc_row][vc_row][vc_column width=&#8221;1\/3&#8243;][vc_single_image image=&#8221;5405&#8243; alignment=&#8221;center&#8221; onclick=&#8221;custom_link&#8221; title=&#8221;Plano de Trabalho 2021&#8243; link=&#8221;https:\/\/drive.google.com\/file\/d\/1Sh_kzhFWmuiNOYksHAh4vztzXk7z0oJY\/view?usp=sharing&#8221; css=&#8221;.vc_custom_1608745942527{border-radius: 5px !important;}&#8221;][\/vc_column][vc_column width=&#8221;1\/3&#8243;][vc_single_image image=&#8221;5406&#8243; alignment=&#8221;center&#8221; onclick=&#8221;custom_link&#8221; title=&#8221;Termo Associativo 2021&#8243; link=&#8221;https:\/\/drive.google.com\/file\/d\/1B_qR4HWX5uEoNAc3Fj-KKJT6rVeLKZZ6\/view?usp=sharing&#8221; css=&#8221;.vc_custom_1608746392398{border-radius: 5px !important;}&#8221;][\/vc_column][vc_column width=&#8221;1\/3&#8243;][vc_single_image image=&#8221;6393&#8243; alignment=&#8221;center&#8221; onclick=&#8221;custom_link&#8221; title=&#8221;Termo de Divulga\u00e7\u00e3o 2021&#8243; link=&#8221;https:\/\/drive.google.com\/file\/d\/1l606NLsYq0Ofbb5HZCkwcD5weMQRhieU\/view?usp=sharing&#8221; css=&#8221;.vc_custom_1636041998213{border-radius: 5px !important;}&#8221;][\/vc_column][\/vc_row][vc_row][vc_column width=&#8221;1\/3&#8243;][vc_single_image image=&#8221;5857&#8243; alignment=&#8221;center&#8221; onclick=&#8221;custom_link&#8221; title=&#8221;Presta\u00e7\u00e3o de Contas Anual&#8221; link=&#8221;https:\/\/drive.google.com\/file\/d\/17tkyuW2y9iCcAFZvbli2uUY31Om9vS06\/view?usp=sharing&#8221; css=&#8221;.vc_custom_1647542187603{border-radius: 5px !important;}&#8221;][\/vc_column][vc_column width=&#8221;1\/3&#8243;][\/vc_column][vc_column width=&#8221;1\/3&#8243;][\/vc_column][\/vc_row][vc_row][vc_column][vc_separator color=&#8221;green&#8221;][vc_column_text] DOCUMENTOS DE 2020 [\/vc_column_text][\/vc_column][\/vc_row][vc_row][vc_column width=&#8221;1\/3&#8243;][vc_single_image image=&#8221;5354&#8243; alignment=&#8221;center&#8221; onclick=&#8221;custom_link&#8221; title=&#8221;Plano de Trabalho 2020&#8243; link=&#8221;https:\/\/drive.google.com\/file\/d\/1wZ-FaCBtp0j8fBy00wyf8j19efDVgQvT\/view?usp=sharing&#8221; css=&#8221;.vc_custom_1606421996434{border-radius: 5px !important;}&#8221;][\/vc_column][vc_column width=&#8221;1\/3&#8243;][vc_single_image image=&#8221;5341&#8243; alignment=&#8221;center&#8221; onclick=&#8221;custom_link&#8221; title=&#8221;Termo Associativo 2020&#8243; link=&#8221;https:\/\/drive.google.com\/file\/d\/1yjIzoIq-PL8HDRUXFPgiehna377M0G20\/view?usp=sharing&#8221; css=&#8221;.vc_custom_1608746401148{border-radius: 5px !important;}&#8221;][\/vc_column][vc_column width=&#8221;1\/3&#8243;][vc_single_image image=&#8221;5857&#8243; alignment=&#8221;center&#8221; onclick=&#8221;custom_link&#8221; title=&#8221;Presta\u00e7\u00e3o de Contas Anual&#8221; link=&#8221;https:\/\/caminhodafe.com.br\/ptbr\/wp-content\/uploads\/2021\/03\/Copia-de-Prestacao-de-Contas-Sao-Jose-do-Rio-Preto-anual.pdf&#8221; css=&#8221;.vc_custom_1616000612648{border-radius: 5px !important;}&#8221;][\/vc_column][\/vc_row]<\/p>\n","protected":false},"author":2,"featured_media":0,"parent":0,"menu_order":0,"comment_status":"closed","ping_status":"closed","template":"","meta":{"content-type":"","_monsterinsights_skip_tracking":false,"_monsterinsights_sitenote_active":false,"_monsterinsights_sitenote_note":"","_monsterinsights_sitenote_category":0,"footnotes":""},"class_list":["post-5351","page","type-page","status-publish","hentry"],"_links":{"self":[{"href":"https:\/\/caminhodafe.com.br\/ptbr\/wp-json\/wp\/v2\/pages\/5351","targetHints":{"allow":["GET"]}}],"collection":[{"href":"https:\/\/caminhodafe.com.br\/ptbr\/wp-json\/wp\/v2\/pages"}],"about":[{"href":"https:\/\/caminhodafe.com.br\/ptbr\/wp-json\/wp\/v2\/types\/page"}],"author":[{"embeddable":true,"href":"https:\/\/caminhodafe.com.br\/ptbr\/wp-json\/wp\/v2\/users\/2"}],"replies":[{"embeddable":true,"href":"https:\/\/caminhodafe.com.br\/ptbr\/wp-json\/wp\/v2\/comments?post=5351"}],"version-history":[{"count":7,"href":"https:\/\/caminhodafe.com.br\/ptbr\/wp-json\/wp\/v2\/pages\/5351\/revisions"}],"predecessor-version":[{"id":9972,"href":"https:\/\/caminhodafe.com.br\/ptbr\/wp-json\/wp\/v2\/pages\/5351\/revisions\/9972"}],"wp:attachment":[{"href":"https:\/\/caminhodafe.com.br\/ptbr\/wp-json\/wp\/v2\/media?parent=5351"}],"curies":[{"name":"wp","href":"https:\/\/api.w.org\/{rel}","templated":true}]}}