{"id":4386,"date":"2020-02-17T14:41:04","date_gmt":"2020-02-17T17:41:04","guid":{"rendered":"https:\/\/caminhodafe.com.br\/ptbr\/?page_id=4386"},"modified":"2020-04-28T16:17:12","modified_gmt":"2020-04-28T19:17:12","slug":"clima","status":"publish","type":"page","link":"https:\/\/caminhodafe.com.br\/ptbr\/clima\/","title":{"rendered":"Clima"},"content":{"rendered":"<section class=\"wpb-content-wrapper\"><p>[vc_row][vc_column][\/vc_column][\/vc_row][vc_row][vc_column][vc_column_text]<\/p>\n<h3 style=\"font-weight: 400;\">\u00c9 incr\u00edvel como a ajuda de peregrinos torna o Caminho da F\u00e9 melhor.<\/h3>\n<h3 style=\"font-weight: 400;\">No intuito de se programar melhor com o que podia esperar \u00a0e encontrar pelo caminho, o peregrino <strong>Jos\u00e9 Augusto Valmor\u00e9<\/strong> pesquisou onde poderia obter informa\u00e7\u00f5es hist\u00f3ricas e confi\u00e1veis sobre meteorologia e dados sobre o clima.<\/h3>\n<h3 style=\"font-weight: 400;\">Feito isto, compilou as informa\u00e7\u00f5es num documento e nos encaminhou para que pudesse disponibilizar \u00e0 peregrinos que tivessem a mesma necessidade.<\/h3>\n<h3 style=\"font-weight: 400;\">O material \u00e9 t\u00e3o interessante e informativo que decidimos criar uma p\u00e1gina para compartilh\u00e1-las. Vale ressaltar que as informa\u00e7\u00f5es s\u00e3o dados estat\u00edsticos embasados em dados hist\u00f3ricos e pesquisas e que, na pr\u00e1tica, o cen\u00e1rio pode mudar j\u00e1 que estamos falando de fen\u00f4menos naturais.<\/h3>\n<h3><span style=\"font-size: 18.72px;\">Fonte:<\/span><span style=\"font-size: 16px;\">\u00a0<\/span><a style=\"font-size: 16px;\" href=\"https:\/\/pt.climate-data.org\/\">https:\/\/pt.climate-data.org\/<\/a><\/h3>\n<p>[\/vc_column_text][\/vc_column][\/vc_row][vc_row][vc_column width=&#8221;1\/3&#8243;][\/vc_column][vc_column width=&#8221;1\/3&#8243;][vc_single_image image=&#8221;4410&#8243; alignment=&#8221;center&#8221; style=&#8221;vc_box_rounded&#8221; onclick=&#8221;custom_link&#8221; title=&#8221;Clique na imagem abaixo para acessar as Informa\u00e7\u00f5es clim\u00e1ticas do Ramal Principal (\u00c1guas da Prata &#8211; Aparecida)&#8221; link=&#8221;https:\/\/caminhodafe.com.br\/ptbr\/wp-content\/uploads\/2020\/04\/Caminho-da-F\u00e9-Hist\u00f3rico-do-clima-1.pdf&#8221;][\/vc_column][vc_column width=&#8221;1\/3&#8243;][\/vc_column][\/vc_row]<\/p>\n<\/section>","protected":false},"excerpt":{"rendered":"<p>[vc_row][vc_column][\/vc_column][\/vc_row][vc_row][vc_column][vc_column_text] \u00c9 incr\u00edvel como a ajuda de peregrinos torna o Caminho da F\u00e9 melhor. No intuito de se programar melhor com o que podia esperar \u00a0e encontrar pelo caminho, o peregrino Jos\u00e9 Augusto Valmor\u00e9 pesquisou onde poderia obter informa\u00e7\u00f5es hist\u00f3ricas e confi\u00e1veis sobre meteorologia e dados sobre o clima. Feito isto, compilou as informa\u00e7\u00f5es num documento e nos encaminhou para que pudesse disponibilizar \u00e0 peregrinos que tivessem a mesma necessidade. O material \u00e9 t\u00e3o interessante e informativo que decidimos criar uma p\u00e1gina para compartilh\u00e1-las. Vale ressaltar que as informa\u00e7\u00f5es s\u00e3o dados estat\u00edsticos embasados em dados hist\u00f3ricos e pesquisas e que, na pr\u00e1tica, o cen\u00e1rio pode mudar j\u00e1 que estamos falando de fen\u00f4menos naturais. Fonte:\u00a0https:\/\/pt.climate-data.org\/ [\/vc_column_text][\/vc_column][\/vc_row][vc_row][vc_column width=&#8221;1\/3&#8243;][\/vc_column][vc_column width=&#8221;1\/3&#8243;][vc_single_image image=&#8221;4410&#8243; alignment=&#8221;center&#8221; style=&#8221;vc_box_rounded&#8221; onclick=&#8221;custom_link&#8221; title=&#8221;Clique na imagem abaixo para acessar as Informa\u00e7\u00f5es clim\u00e1ticas do Ramal Principal (\u00c1guas da Prata &#8211; Aparecida)&#8221; link=&#8221;https:\/\/caminhodafe.com.br\/ptbr\/wp-content\/uploads\/2020\/04\/Caminho-da-F\u00e9-Hist\u00f3rico-do-clima-1.pdf&#8221;][\/vc_column][vc_column width=&#8221;1\/3&#8243;][\/vc_column][\/vc_row]<\/p>\n","protected":false},"author":1,"featured_media":0,"parent":0,"menu_order":0,"comment_status":"closed","ping_status":"closed","template":"","meta":{"content-type":"","_monsterinsights_skip_tracking":false,"_monsterinsights_sitenote_active":false,"_monsterinsights_sitenote_note":"","_monsterinsights_sitenote_category":0,"footnotes":""},"class_list":["post-4386","page","type-page","status-publish","hentry"],"_links":{"self":[{"href":"https:\/\/caminhodafe.com.br\/ptbr\/wp-json\/wp\/v2\/pages\/4386","targetHints":{"allow":["GET"]}}],"collection":[{"href":"https:\/\/caminhodafe.com.br\/ptbr\/wp-json\/wp\/v2\/pages"}],"about":[{"href":"https:\/\/caminhodafe.com.br\/ptbr\/wp-json\/wp\/v2\/types\/page"}],"author":[{"embeddable":true,"href":"https:\/\/caminhodafe.com.br\/ptbr\/wp-json\/wp\/v2\/users\/1"}],"replies":[{"embeddable":true,"href":"https:\/\/caminhodafe.com.br\/ptbr\/wp-json\/wp\/v2\/comments?post=4386"}],"version-history":[{"count":0,"href":"https:\/\/caminhodafe.com.br\/ptbr\/wp-json\/wp\/v2\/pages\/4386\/revisions"}],"wp:attachment":[{"href":"https:\/\/caminhodafe.com.br\/ptbr\/wp-json\/wp\/v2\/media?parent=4386"}],"curies":[{"name":"wp","href":"https:\/\/api.w.org\/{rel}","templated":true}]}}