{"id":4357,"date":"2020-02-05T14:30:51","date_gmt":"2020-02-05T16:30:51","guid":{"rendered":"https:\/\/caminhodafe.com.br\/ptbr\/?page_id=4357"},"modified":"2025-03-20T14:00:23","modified_gmt":"2025-03-20T17:00:23","slug":"leme-prestacao-de-contas","status":"publish","type":"page","link":"https:\/\/caminhodafe.com.br\/ptbr\/leme-prestacao-de-contas\/","title":{"rendered":"Leme \u2013 presta\u00e7\u00e3o de contas"},"content":{"rendered":"<section class=\"wpb-content-wrapper\"><p>[vc_row][vc_column][vc_column_text]<\/p>\n<h3 style=\"text-align: center;\">Clique nas imagens para visualizar os documentos.<\/h3>\n<p>[\/vc_column_text][vc_column_text]<\/p>\n<h3 style=\"text-align: center;\"><span style=\"color: #000080;\">DOCUMENTOS<\/span><\/h3>\n<p>[\/vc_column_text][\/vc_column][\/vc_row][vc_row][vc_column width=&#8221;1\/3&#8243;][vc_single_image image=&#8221;4358&#8243; alignment=&#8221;center&#8221; onclick=&#8221;custom_link&#8221; title=&#8221;Lei 3862 2019&#8243; link=&#8221;https:\/\/drive.google.com\/open?id=1F2kFoamC1ARikdKTo8IwNoFKvFbW2W9Y&#8221; css=&#8221;.vc_custom_1580920180647{border-radius: 5px !important;}&#8221;][\/vc_column][vc_column width=&#8221;1\/3&#8243;][\/vc_column][vc_column width=&#8221;1\/3&#8243;][\/vc_column][\/vc_row][vc_row][vc_column][vc_separator color=&#8221;green&#8221;][vc_column_text]<\/p>\n<h3 style=\"text-align: center;\"><span style=\"color: #000080;\">DOCUMENTOS DE 2025<\/span><\/h3>\n<p>[\/vc_column_text][\/vc_column][\/vc_row][vc_row][vc_column width=&#8221;1\/3&#8243;][vc_single_image image=&#8221;6259&#8243; alignment=&#8221;center&#8221; onclick=&#8221;custom_link&#8221; title=&#8221;Plano de Trabalho 2025&#8243; link=&#8221;https:\/\/drive.google.com\/file\/d\/1bRamn9QrUgHINipZ-G-p7gUV88OvAeRZ\/view?usp=sharing&#8221;][\/vc_column][vc_column width=&#8221;1\/3&#8243;][vc_single_image image=&#8221;4360&#8243; alignment=&#8221;center&#8221; onclick=&#8221;custom_link&#8221; title=&#8221;Termo de Divulga\u00e7\u00e3o&#8221; link=&#8221;https:\/\/drive.google.com\/file\/d\/1hoEeAi10mXSFYPxIbDsBCzCXbIwbt1oe\/view?usp=sharing&#8221;][\/vc_column][vc_column width=&#8221;1\/3&#8243;][vc_single_image image=&#8221;6393&#8243; alignment=&#8221;center&#8221; onclick=&#8221;custom_link&#8221; title=&#8221;2\u00ba Termo Aditivo de M\u00fatua Coopera\u00e7\u00e3o&#8221; link=&#8221;https:\/\/drive.google.com\/file\/d\/1RPqU9oxd2StJsxkDjL4ki1gol3k04fSv\/view?usp=sharing&#8221;][\/vc_column][\/vc_row][vc_row][vc_column][vc_separator color=&#8221;green&#8221;][vc_column_text]<\/p>\n<h3 style=\"text-align: center;\"><span style=\"color: #000080;\">DOCUMENTOS DE 2024<\/span><\/h3>\n<p>[\/vc_column_text][\/vc_column][\/vc_row][vc_row][vc_column width=&#8221;1\/3&#8243;][vc_single_image image=&#8221;6259&#8243; alignment=&#8221;center&#8221; onclick=&#8221;custom_link&#8221; title=&#8221;Presta\u00e7\u00e3o de Contas Leme&#8221; link=&#8221;https:\/\/drive.google.com\/file\/d\/1eLiy_0miGcopayW3HYPdKTI5i6Ti56p1\/view?usp=sharing&#8221;][\/vc_column][vc_column width=&#8221;1\/3&#8243;][vc_single_image image=&#8221;4360&#8243; alignment=&#8221;center&#8221; onclick=&#8221;custom_link&#8221; title=&#8221;Termo de Divulga\u00e7\u00e3o&#8221; link=&#8221;https:\/\/drive.google.com\/file\/d\/1rYOlndbxXgqh7cx30WcQ3uihX9AMQ5F9\/view?usp=sharing&#8221;][\/vc_column][vc_column width=&#8221;1\/3&#8243;][vc_single_image image=&#8221;6393&#8243; alignment=&#8221;center&#8221; onclick=&#8221;custom_link&#8221; title=&#8221;1\u00ba Termo Aditivo de M\u00fatua Coopera\u00e7\u00e3o&#8221; link=&#8221;https:\/\/drive.google.com\/file\/d\/1i0QMnPZXrSdtGkOjPLKB3hB3n_e3bP1i\/view?usp=sharing&#8221;][\/vc_column][\/vc_row][vc_row][vc_column width=&#8221;1\/3&#8243;][vc_single_image image=&#8221;6259&#8243; alignment=&#8221;center&#8221; onclick=&#8221;custom_link&#8221; title=&#8221;Presta\u00e7\u00e3o de Contas Leme 2024&#8243; link=&#8221;https:\/\/drive.google.com\/file\/d\/1sZVUZTEwknwil1NXyCb2o7gf2JJUZgUr\/view?usp=sharing&#8221;][\/vc_column][vc_column width=&#8221;1\/3&#8243;][\/vc_column][vc_column width=&#8221;1\/3&#8243;][\/vc_column][\/vc_row][vc_row][vc_column][vc_separator color=&#8221;green&#8221;][vc_column_text]<\/p>\n<h3 style=\"text-align: center;\"><span style=\"color: #000080;\">DOCUMENTOS DE 2023<\/span><\/h3>\n<p>[\/vc_column_text][\/vc_column][\/vc_row][vc_row][vc_column width=&#8221;1\/3&#8243;][vc_single_image image=&#8221;6259&#8243; alignment=&#8221;center&#8221; onclick=&#8221;custom_link&#8221; title=&#8221;Presta\u00e7\u00e3o de Contas Leme 2023&#8243; link=&#8221;https:\/\/drive.google.com\/file\/d\/1nJJYsCe2v0RbOaZvimHgIywiZZLivbQO\/view?usp=sharing&#8221;][\/vc_column][vc_column width=&#8221;1\/3&#8243;][vc_single_image image=&#8221;4360&#8243; alignment=&#8221;center&#8221; onclick=&#8221;custom_link&#8221; title=&#8221;Termo Associativo&#8221; link=&#8221;https:\/\/drive.google.com\/file\/d\/1E5pHC5VQYuR1DeBEPvbXjZxO0xruO_GB\/view?usp=sharing&#8221;][\/vc_column][vc_column width=&#8221;1\/3&#8243;][vc_single_image image=&#8221;6393&#8243; alignment=&#8221;center&#8221; onclick=&#8221;custom_link&#8221; title=&#8221;Termo de Divulga\u00e7\u00e3o 2023&#8243; link=&#8221;https:\/\/drive.google.com\/file\/d\/1ommIW54sTlZh_jZSPj_qQMA6IUES4B1z\/view?usp=sharing&#8221;][\/vc_column][\/vc_row][vc_row][vc_column width=&#8221;1\/3&#8243;][vc_single_image image=&#8221;6259&#8243; alignment=&#8221;center&#8221; onclick=&#8221;custom_link&#8221; title=&#8221;Plano de Trabalho&#8221; link=&#8221;https:\/\/drive.google.com\/file\/d\/1e61PE9nHvLQxzm_-ItHq6V5tZPMftCo6\/view?usp=sharing&#8221;][\/vc_column][vc_column width=&#8221;1\/3&#8243;][\/vc_column][vc_column width=&#8221;1\/3&#8243;][\/vc_column][\/vc_row][vc_row][vc_column][vc_separator color=&#8221;green&#8221;][vc_column_text]<\/p>\n<h3 style=\"text-align: center;\"><span style=\"color: #000080;\">DOCUMENTOS DE 2022<\/span><\/h3>\n<p>[\/vc_column_text][\/vc_column][\/vc_row][vc_row][vc_column width=&#8221;1\/3&#8243;][vc_single_image image=&#8221;4359&#8243; alignment=&#8221;center&#8221; onclick=&#8221;custom_link&#8221; title=&#8221;Plano de Trabalho 2022&#8243; link=&#8221;https:\/\/drive.google.com\/file\/d\/1nhRpYNGCK1uG4P0UYej97VpLBc9fHyJJ\/view?usp=sharing&#8221;][\/vc_column][vc_column width=&#8221;1\/3&#8243;][vc_single_image image=&#8221;4360&#8243; alignment=&#8221;center&#8221; onclick=&#8221;custom_link&#8221; title=&#8221;Termo Associativo&#8221; link=&#8221;https:\/\/drive.google.com\/file\/d\/1dRGrF6i3gv1iyIw8faJaMjCkYs0I3NcV\/view?usp=sharing&#8221;][\/vc_column][vc_column width=&#8221;1\/3&#8243;][vc_single_image image=&#8221;6393&#8243; alignment=&#8221;center&#8221; onclick=&#8221;custom_link&#8221; title=&#8221;Termo de Divulga\u00e7\u00e3o 2022&#8243; link=&#8221;https:\/\/drive.google.com\/file\/d\/1pHKcby4FH7b3vWP0P6yG1RvU8NL8N3uj\/view?usp=sharing&#8221;][\/vc_column][\/vc_row][vc_row][vc_column width=&#8221;1\/3&#8243;][vc_single_image image=&#8221;6259&#8243; alignment=&#8221;center&#8221; onclick=&#8221;custom_link&#8221; title=&#8221;Presta\u00e7\u00e3o de Contas Leme 2022&#8243; link=&#8221;https:\/\/drive.google.com\/file\/d\/1eywL4kj2yfVhudxNbiRwXBz9RifzeY_i\/view?usp=share_link&#8221;][\/vc_column][vc_column width=&#8221;1\/3&#8243;][\/vc_column][vc_column width=&#8221;1\/3&#8243;][\/vc_column][\/vc_row][vc_row][vc_column][vc_separator color=&#8221;green&#8221;][vc_column_text]<\/p>\n<h3 style=\"text-align: center;\"><span style=\"color: #000080;\">DOCUMENTOS DE 2021<\/span><\/h3>\n<p>[\/vc_column_text][\/vc_column][\/vc_row][vc_row][vc_column width=&#8221;1\/3&#8243;][vc_single_image image=&#8221;4359&#8243; alignment=&#8221;center&#8221; onclick=&#8221;custom_link&#8221; title=&#8221;Plano de Trabalho 2021&#8243; link=&#8221;https:\/\/drive.google.com\/file\/d\/1MQ7-F13PisiGx5KrTTJkkVv1CCJaSjjm\/view?usp=sharing&#8221;][\/vc_column][vc_column width=&#8221;1\/3&#8243;][vc_single_image image=&#8221;4360&#8243; alignment=&#8221;center&#8221; onclick=&#8221;custom_link&#8221; title=&#8221;Termo Associativo&#8221; link=&#8221;https:\/\/drive.google.com\/file\/d\/1ZwNqet6nF-o&#8211;ZHcQUJtNW0Bfe4K-Gyv\/view?usp=sharing&#8221;][\/vc_column][vc_column width=&#8221;1\/3&#8243;][vc_single_image image=&#8221;6259&#8243; alignment=&#8221;center&#8221; onclick=&#8221;custom_link&#8221; title=&#8221;Presta\u00e7\u00e3o de Contas Leme 2021&#8243; link=&#8221;https:\/\/drive.google.com\/file\/d\/https:\/\/drive.google.com\/file\/d\/1H8yt2FYyd_SuJWPffjY_sCGOQkK_Bf2X\/view?usp=sharing-o&#8211;ZHcQUJtNW0Bfe4K-Gyv\/view?usp=sharing&#8221;][\/vc_column][\/vc_row][vc_row][vc_column width=&#8221;1\/3&#8243;][vc_single_image image=&#8221;6393&#8243; alignment=&#8221;center&#8221; onclick=&#8221;custom_link&#8221; title=&#8221;Termo de Divulga\u00e7\u00e3o 2021&#8243; link=&#8221;https:\/\/drive.google.com\/file\/d\/1AR4n-JfTmMykKi70FrK0MaQWnfUd-2Mt\/view?usp=sharing&#8221;][\/vc_column][vc_column width=&#8221;1\/3&#8243;][\/vc_column][vc_column width=&#8221;1\/3&#8243;][\/vc_column][\/vc_row][vc_row][vc_column][vc_separator color=&#8221;green&#8221;][vc_column_text]<\/p>\n<h3 style=\"text-align: center;\"><span style=\"color: #000080;\">DOCUMENTOS DE 2020<\/span><\/h3>\n<p>[\/vc_column_text][\/vc_column][\/vc_row][vc_row][vc_column width=&#8221;1\/3&#8243;][vc_single_image image=&#8221;4359&#8243; alignment=&#8221;center&#8221; onclick=&#8221;custom_link&#8221; title=&#8221;Plano de Trabalho 2020&#8243; link=&#8221;https:\/\/drive.google.com\/open?id=1p56rrRTBDM1obNNw5q0AF&#8211;nMB0zDcVp&#8221;][\/vc_column][vc_column width=&#8221;1\/3&#8243;][vc_single_image image=&#8221;4360&#8243; alignment=&#8221;center&#8221; onclick=&#8221;custom_link&#8221; title=&#8221;Termo Associativo&#8221; link=&#8221;https:\/\/drive.google.com\/open?id=1L4lrGVGj7VKf10WNj4B7y6YfmjVVM5GM&#8221;][\/vc_column][vc_column width=&#8221;1\/3&#8243;][vc_single_image image=&#8221;4803&#8243; alignment=&#8221;center&#8221; onclick=&#8221;custom_link&#8221; title=&#8221;Presta\u00e7\u00e3o de Contas jan a abril 2020&#8243; link=&#8221;https:\/\/drive.google.com\/file\/d\/1VMSiD7PgBi4SumFR-V3bCOozPe7kwtco\/view?usp=sharing&#8221;][\/vc_column][\/vc_row][vc_row][vc_column width=&#8221;1\/3&#8243;][vc_single_image image=&#8221;5820&#8243; alignment=&#8221;center&#8221; onclick=&#8221;custom_link&#8221; title=&#8221;Presta\u00e7\u00e3o de Contas Anual&#8221; link=&#8221;https:\/\/drive.google.com\/open?id=1p56rrRTBDM1obNNw5q0AF&#8211;nMB0zDcVp&#8221;][\/vc_column][vc_column width=&#8221;1\/3&#8243;][\/vc_column][vc_column width=&#8221;1\/3&#8243;][\/vc_column][\/vc_row]<\/p>\n<\/section>","protected":false},"excerpt":{"rendered":"<p>[vc_row][vc_column][vc_column_text] Clique nas imagens para visualizar os documentos. [\/vc_column_text][vc_column_text] DOCUMENTOS [\/vc_column_text][\/vc_column][\/vc_row][vc_row][vc_column width=&#8221;1\/3&#8243;][vc_single_image image=&#8221;4358&#8243; alignment=&#8221;center&#8221; onclick=&#8221;custom_link&#8221; title=&#8221;Lei 3862 2019&#8243; link=&#8221;https:\/\/drive.google.com\/open?id=1F2kFoamC1ARikdKTo8IwNoFKvFbW2W9Y&#8221; css=&#8221;.vc_custom_1580920180647{border-radius: 5px !important;}&#8221;][\/vc_column][vc_column width=&#8221;1\/3&#8243;][\/vc_column][vc_column width=&#8221;1\/3&#8243;][\/vc_column][\/vc_row][vc_row][vc_column][vc_separator color=&#8221;green&#8221;][vc_column_text] DOCUMENTOS DE 2025 [\/vc_column_text][\/vc_column][\/vc_row][vc_row][vc_column width=&#8221;1\/3&#8243;][vc_single_image image=&#8221;6259&#8243; alignment=&#8221;center&#8221; onclick=&#8221;custom_link&#8221; title=&#8221;Plano de Trabalho 2025&#8243; link=&#8221;https:\/\/drive.google.com\/file\/d\/1bRamn9QrUgHINipZ-G-p7gUV88OvAeRZ\/view?usp=sharing&#8221;][\/vc_column][vc_column width=&#8221;1\/3&#8243;][vc_single_image image=&#8221;4360&#8243; alignment=&#8221;center&#8221; onclick=&#8221;custom_link&#8221; title=&#8221;Termo de Divulga\u00e7\u00e3o&#8221; link=&#8221;https:\/\/drive.google.com\/file\/d\/1hoEeAi10mXSFYPxIbDsBCzCXbIwbt1oe\/view?usp=sharing&#8221;][\/vc_column][vc_column width=&#8221;1\/3&#8243;][vc_single_image image=&#8221;6393&#8243; alignment=&#8221;center&#8221; onclick=&#8221;custom_link&#8221; title=&#8221;2\u00ba Termo Aditivo de M\u00fatua Coopera\u00e7\u00e3o&#8221; link=&#8221;https:\/\/drive.google.com\/file\/d\/1RPqU9oxd2StJsxkDjL4ki1gol3k04fSv\/view?usp=sharing&#8221;][\/vc_column][\/vc_row][vc_row][vc_column][vc_separator color=&#8221;green&#8221;][vc_column_text] DOCUMENTOS DE 2024 [\/vc_column_text][\/vc_column][\/vc_row][vc_row][vc_column width=&#8221;1\/3&#8243;][vc_single_image image=&#8221;6259&#8243; alignment=&#8221;center&#8221; onclick=&#8221;custom_link&#8221; title=&#8221;Presta\u00e7\u00e3o de Contas Leme&#8221; link=&#8221;https:\/\/drive.google.com\/file\/d\/1eLiy_0miGcopayW3HYPdKTI5i6Ti56p1\/view?usp=sharing&#8221;][\/vc_column][vc_column width=&#8221;1\/3&#8243;][vc_single_image image=&#8221;4360&#8243; alignment=&#8221;center&#8221; onclick=&#8221;custom_link&#8221; title=&#8221;Termo de Divulga\u00e7\u00e3o&#8221; link=&#8221;https:\/\/drive.google.com\/file\/d\/1rYOlndbxXgqh7cx30WcQ3uihX9AMQ5F9\/view?usp=sharing&#8221;][\/vc_column][vc_column width=&#8221;1\/3&#8243;][vc_single_image image=&#8221;6393&#8243; alignment=&#8221;center&#8221; onclick=&#8221;custom_link&#8221; title=&#8221;1\u00ba Termo Aditivo de M\u00fatua Coopera\u00e7\u00e3o&#8221; link=&#8221;https:\/\/drive.google.com\/file\/d\/1i0QMnPZXrSdtGkOjPLKB3hB3n_e3bP1i\/view?usp=sharing&#8221;][\/vc_column][\/vc_row][vc_row][vc_column width=&#8221;1\/3&#8243;][vc_single_image image=&#8221;6259&#8243; alignment=&#8221;center&#8221; onclick=&#8221;custom_link&#8221; title=&#8221;Presta\u00e7\u00e3o de Contas Leme 2024&#8243; link=&#8221;https:\/\/drive.google.com\/file\/d\/1sZVUZTEwknwil1NXyCb2o7gf2JJUZgUr\/view?usp=sharing&#8221;][\/vc_column][vc_column width=&#8221;1\/3&#8243;][\/vc_column][vc_column width=&#8221;1\/3&#8243;][\/vc_column][\/vc_row][vc_row][vc_column][vc_separator color=&#8221;green&#8221;][vc_column_text] DOCUMENTOS DE 2023 [\/vc_column_text][\/vc_column][\/vc_row][vc_row][vc_column width=&#8221;1\/3&#8243;][vc_single_image image=&#8221;6259&#8243; alignment=&#8221;center&#8221; onclick=&#8221;custom_link&#8221; title=&#8221;Presta\u00e7\u00e3o de Contas Leme 2023&#8243; link=&#8221;https:\/\/drive.google.com\/file\/d\/1nJJYsCe2v0RbOaZvimHgIywiZZLivbQO\/view?usp=sharing&#8221;][\/vc_column][vc_column width=&#8221;1\/3&#8243;][vc_single_image image=&#8221;4360&#8243; alignment=&#8221;center&#8221; onclick=&#8221;custom_link&#8221; title=&#8221;Termo Associativo&#8221; link=&#8221;https:\/\/drive.google.com\/file\/d\/1E5pHC5VQYuR1DeBEPvbXjZxO0xruO_GB\/view?usp=sharing&#8221;][\/vc_column][vc_column width=&#8221;1\/3&#8243;][vc_single_image image=&#8221;6393&#8243; alignment=&#8221;center&#8221; onclick=&#8221;custom_link&#8221; title=&#8221;Termo de Divulga\u00e7\u00e3o 2023&#8243; link=&#8221;https:\/\/drive.google.com\/file\/d\/1ommIW54sTlZh_jZSPj_qQMA6IUES4B1z\/view?usp=sharing&#8221;][\/vc_column][\/vc_row][vc_row][vc_column width=&#8221;1\/3&#8243;][vc_single_image image=&#8221;6259&#8243; alignment=&#8221;center&#8221; onclick=&#8221;custom_link&#8221; title=&#8221;Plano de Trabalho&#8221; link=&#8221;https:\/\/drive.google.com\/file\/d\/1e61PE9nHvLQxzm_-ItHq6V5tZPMftCo6\/view?usp=sharing&#8221;][\/vc_column][vc_column width=&#8221;1\/3&#8243;][\/vc_column][vc_column width=&#8221;1\/3&#8243;][\/vc_column][\/vc_row][vc_row][vc_column][vc_separator color=&#8221;green&#8221;][vc_column_text] DOCUMENTOS DE 2022 [\/vc_column_text][\/vc_column][\/vc_row][vc_row][vc_column width=&#8221;1\/3&#8243;][vc_single_image image=&#8221;4359&#8243; alignment=&#8221;center&#8221; onclick=&#8221;custom_link&#8221; title=&#8221;Plano de Trabalho 2022&#8243; link=&#8221;https:\/\/drive.google.com\/file\/d\/1nhRpYNGCK1uG4P0UYej97VpLBc9fHyJJ\/view?usp=sharing&#8221;][\/vc_column][vc_column width=&#8221;1\/3&#8243;][vc_single_image image=&#8221;4360&#8243; alignment=&#8221;center&#8221; onclick=&#8221;custom_link&#8221; title=&#8221;Termo Associativo&#8221; link=&#8221;https:\/\/drive.google.com\/file\/d\/1dRGrF6i3gv1iyIw8faJaMjCkYs0I3NcV\/view?usp=sharing&#8221;][\/vc_column][vc_column width=&#8221;1\/3&#8243;][vc_single_image image=&#8221;6393&#8243; alignment=&#8221;center&#8221; onclick=&#8221;custom_link&#8221; title=&#8221;Termo de Divulga\u00e7\u00e3o 2022&#8243; link=&#8221;https:\/\/drive.google.com\/file\/d\/1pHKcby4FH7b3vWP0P6yG1RvU8NL8N3uj\/view?usp=sharing&#8221;][\/vc_column][\/vc_row][vc_row][vc_column width=&#8221;1\/3&#8243;][vc_single_image image=&#8221;6259&#8243; alignment=&#8221;center&#8221; onclick=&#8221;custom_link&#8221; title=&#8221;Presta\u00e7\u00e3o de Contas Leme 2022&#8243; link=&#8221;https:\/\/drive.google.com\/file\/d\/1eywL4kj2yfVhudxNbiRwXBz9RifzeY_i\/view?usp=share_link&#8221;][\/vc_column][vc_column width=&#8221;1\/3&#8243;][\/vc_column][vc_column width=&#8221;1\/3&#8243;][\/vc_column][\/vc_row][vc_row][vc_column][vc_separator color=&#8221;green&#8221;][vc_column_text] DOCUMENTOS DE 2021 [\/vc_column_text][\/vc_column][\/vc_row][vc_row][vc_column width=&#8221;1\/3&#8243;][vc_single_image image=&#8221;4359&#8243; alignment=&#8221;center&#8221; onclick=&#8221;custom_link&#8221; title=&#8221;Plano de Trabalho 2021&#8243; link=&#8221;https:\/\/drive.google.com\/file\/d\/1MQ7-F13PisiGx5KrTTJkkVv1CCJaSjjm\/view?usp=sharing&#8221;][\/vc_column][vc_column width=&#8221;1\/3&#8243;][vc_single_image image=&#8221;4360&#8243; alignment=&#8221;center&#8221; onclick=&#8221;custom_link&#8221; title=&#8221;Termo Associativo&#8221; link=&#8221;https:\/\/drive.google.com\/file\/d\/1ZwNqet6nF-o&#8211;ZHcQUJtNW0Bfe4K-Gyv\/view?usp=sharing&#8221;][\/vc_column][vc_column width=&#8221;1\/3&#8243;][vc_single_image image=&#8221;6259&#8243; alignment=&#8221;center&#8221; onclick=&#8221;custom_link&#8221; title=&#8221;Presta\u00e7\u00e3o de Contas Leme 2021&#8243; link=&#8221;https:\/\/drive.google.com\/file\/d\/https:\/\/drive.google.com\/file\/d\/1H8yt2FYyd_SuJWPffjY_sCGOQkK_Bf2X\/view?usp=sharing-o&#8211;ZHcQUJtNW0Bfe4K-Gyv\/view?usp=sharing&#8221;][\/vc_column][\/vc_row][vc_row][vc_column width=&#8221;1\/3&#8243;][vc_single_image image=&#8221;6393&#8243; alignment=&#8221;center&#8221; onclick=&#8221;custom_link&#8221; title=&#8221;Termo de Divulga\u00e7\u00e3o 2021&#8243; link=&#8221;https:\/\/drive.google.com\/file\/d\/1AR4n-JfTmMykKi70FrK0MaQWnfUd-2Mt\/view?usp=sharing&#8221;][\/vc_column][vc_column width=&#8221;1\/3&#8243;][\/vc_column][vc_column width=&#8221;1\/3&#8243;][\/vc_column][\/vc_row][vc_row][vc_column][vc_separator color=&#8221;green&#8221;][vc_column_text] DOCUMENTOS DE 2020 [\/vc_column_text][\/vc_column][\/vc_row][vc_row][vc_column width=&#8221;1\/3&#8243;][vc_single_image image=&#8221;4359&#8243; alignment=&#8221;center&#8221; onclick=&#8221;custom_link&#8221; title=&#8221;Plano de Trabalho 2020&#8243; link=&#8221;https:\/\/drive.google.com\/open?id=1p56rrRTBDM1obNNw5q0AF&#8211;nMB0zDcVp&#8221;][\/vc_column][vc_column width=&#8221;1\/3&#8243;][vc_single_image image=&#8221;4360&#8243; alignment=&#8221;center&#8221; onclick=&#8221;custom_link&#8221; title=&#8221;Termo Associativo&#8221; link=&#8221;https:\/\/drive.google.com\/open?id=1L4lrGVGj7VKf10WNj4B7y6YfmjVVM5GM&#8221;][\/vc_column][vc_column width=&#8221;1\/3&#8243;][vc_single_image image=&#8221;4803&#8243; alignment=&#8221;center&#8221; onclick=&#8221;custom_link&#8221; title=&#8221;Presta\u00e7\u00e3o de Contas jan a abril 2020&#8243; link=&#8221;https:\/\/drive.google.com\/file\/d\/1VMSiD7PgBi4SumFR-V3bCOozPe7kwtco\/view?usp=sharing&#8221;][\/vc_column][\/vc_row][vc_row][vc_column width=&#8221;1\/3&#8243;][vc_single_image image=&#8221;5820&#8243; alignment=&#8221;center&#8221; onclick=&#8221;custom_link&#8221; title=&#8221;Presta\u00e7\u00e3o de Contas Anual&#8221; link=&#8221;https:\/\/drive.google.com\/open?id=1p56rrRTBDM1obNNw5q0AF&#8211;nMB0zDcVp&#8221;][\/vc_column][vc_column width=&#8221;1\/3&#8243;][\/vc_column][vc_column width=&#8221;1\/3&#8243;][\/vc_column][\/vc_row]<\/p>\n","protected":false},"author":1,"featured_media":0,"parent":0,"menu_order":0,"comment_status":"closed","ping_status":"closed","template":"","meta":{"content-type":"","_monsterinsights_skip_tracking":false,"_monsterinsights_sitenote_active":false,"_monsterinsights_sitenote_note":"","_monsterinsights_sitenote_category":0,"footnotes":""},"class_list":["post-4357","page","type-page","status-publish","hentry"],"_links":{"self":[{"href":"https:\/\/caminhodafe.com.br\/ptbr\/wp-json\/wp\/v2\/pages\/4357","targetHints":{"allow":["GET"]}}],"collection":[{"href":"https:\/\/caminhodafe.com.br\/ptbr\/wp-json\/wp\/v2\/pages"}],"about":[{"href":"https:\/\/caminhodafe.com.br\/ptbr\/wp-json\/wp\/v2\/types\/page"}],"author":[{"embeddable":true,"href":"https:\/\/caminhodafe.com.br\/ptbr\/wp-json\/wp\/v2\/users\/1"}],"replies":[{"embeddable":true,"href":"https:\/\/caminhodafe.com.br\/ptbr\/wp-json\/wp\/v2\/comments?post=4357"}],"version-history":[{"count":7,"href":"https:\/\/caminhodafe.com.br\/ptbr\/wp-json\/wp\/v2\/pages\/4357\/revisions"}],"predecessor-version":[{"id":9953,"href":"https:\/\/caminhodafe.com.br\/ptbr\/wp-json\/wp\/v2\/pages\/4357\/revisions\/9953"}],"wp:attachment":[{"href":"https:\/\/caminhodafe.com.br\/ptbr\/wp-json\/wp\/v2\/media?parent=4357"}],"curies":[{"name":"wp","href":"https:\/\/api.w.org\/{rel}","templated":true}]}}