{"id":4197,"date":"2019-10-04T17:18:28","date_gmt":"2019-10-04T20:18:28","guid":{"rendered":"https:\/\/caminhodafe.com.br\/ptbr\/?page_id=4197"},"modified":"2022-10-26T14:54:30","modified_gmt":"2022-10-26T17:54:30","slug":"planeje-sua-viagem","status":"publish","type":"page","link":"https:\/\/caminhodafe.com.br\/ptbr\/planeje-sua-viagem\/","title":{"rendered":"Planeje sua viagem"},"content":{"rendered":"<section class=\"wpb-content-wrapper\"><p>[vc_row][vc_column][vc_column_text]<\/p>\n<h3 style=\"text-align: center;\">Todo o trabalho da Associa\u00e7\u00e3o dos Amigos do Caminho da F\u00e9, desde de sua funda\u00e7\u00e3o, foi o de disponibilizar toda e qualquer informa\u00e7\u00e3o para o planejamento de sua viagem de forma aut\u00f4noma.<\/h3>\n<h3 style=\"text-align: center;\">Sabemos que existe um universo muito grande de peregrinos (as) que gostam e preferem organizar sua pr\u00f3pria viagem. Foi diante dessa motiva\u00e7\u00e3o que reprojetamos o site e organizamos as informa\u00e7\u00f5es que auxiliam no planejamento da viagem.<\/h3>\n<h3 style=\"text-align: center;\">Considerando as principais informa\u00e7\u00f5es para que o planejamento atenda \u00e0s necessidades b\u00e1sicas e fundamentais para uma viagem segura, \u00e9 que elaboramos essa ferramenta do \u201cPlaneje sua viagem\u201d.<\/h3>\n<h3 style=\"text-align: center;\">Por meio do seu preenchimento, o peregrino (a), colocar\u00e1 informa\u00e7\u00f5es que auxiliar\u00e3o na simula\u00e7\u00e3o de roteiro, considerando, tempo dispon\u00edvel, ponto de partida, modalidade, etc. Assim ao final a simula\u00e7\u00e3o um arquivo ser\u00e1 gerado com uma base de planejamento da viagem, conforme as informa\u00e7\u00f5es preenchidas no formul\u00e1rio.<\/h3>\n<h3 style=\"text-align: center;\">Essa \u00e9 s\u00f3 uma previa de planejamento, as outras p\u00e1ginas dispon\u00edveis no site te auxiliam na composi\u00e7\u00e3o das informa\u00e7\u00f5es, como o link Trilha, planilhas de KM, listagem de pousadas, etc.<\/h3>\n<h3 style=\"text-align: center;\">N\u00e3o se esque\u00e7a de adquirir sua credencial que, al\u00e9m de ser o documento que identifica o peregrino, colabora para mantermos o Caminho vivo, funcionando para que sua viagem seja inesquec\u00edvel!<\/h3>\n<p>[\/vc_column_text][\/vc_column][\/vc_row][vc_row][vc_column][vc_empty_space][vc_column_text]<\/p>\n<h2 style=\"text-align: center;\"><span style=\"color: #000080;\">INSIRA SEUS DADOS<\/span><\/h2>\n<p>[\/vc_column_text][\/vc_column][\/vc_row]<\/p>\n<\/section>","protected":false},"excerpt":{"rendered":"<p>[vc_row][vc_column][vc_column_text] Todo o trabalho da Associa\u00e7\u00e3o dos Amigos do Caminho da F\u00e9, desde de sua funda\u00e7\u00e3o, foi o de disponibilizar toda e qualquer informa\u00e7\u00e3o para o planejamento de sua viagem de forma aut\u00f4noma. Sabemos que existe um universo muito grande de peregrinos (as) que gostam e preferem organizar sua pr\u00f3pria viagem. Foi diante dessa motiva\u00e7\u00e3o que reprojetamos o site e organizamos as informa\u00e7\u00f5es que auxiliam no planejamento da viagem. Considerando as principais informa\u00e7\u00f5es para que o planejamento atenda \u00e0s necessidades b\u00e1sicas e fundamentais para uma viagem segura, \u00e9 que elaboramos essa ferramenta do \u201cPlaneje sua viagem\u201d. Por meio do seu preenchimento, o peregrino (a), colocar\u00e1 informa\u00e7\u00f5es que auxiliar\u00e3o na simula\u00e7\u00e3o de roteiro, considerando, tempo dispon\u00edvel, ponto de partida, modalidade, etc. Assim ao final a simula\u00e7\u00e3o um arquivo ser\u00e1 gerado com uma base de planejamento da viagem, conforme as informa\u00e7\u00f5es preenchidas no formul\u00e1rio. Essa \u00e9 s\u00f3 uma previa de planejamento, as outras p\u00e1ginas dispon\u00edveis no site te auxiliam na composi\u00e7\u00e3o das informa\u00e7\u00f5es, como o link Trilha, planilhas de KM, listagem de pousadas, etc. N\u00e3o se esque\u00e7a de adquirir sua credencial que, al\u00e9m de ser o documento que identifica o peregrino, colabora para mantermos o Caminho vivo, funcionando para que sua viagem seja inesquec\u00edvel! [\/vc_column_text][\/vc_column][\/vc_row][vc_row][vc_column][vc_empty_space][vc_column_text] INSIRA SEUS DADOS [\/vc_column_text][\/vc_column][\/vc_row]<\/p>\n","protected":false},"author":1,"featured_media":0,"parent":0,"menu_order":0,"comment_status":"closed","ping_status":"closed","template":"","meta":{"content-type":"","_monsterinsights_skip_tracking":false,"_monsterinsights_sitenote_active":false,"_monsterinsights_sitenote_note":"","_monsterinsights_sitenote_category":0,"footnotes":""},"class_list":["post-4197","page","type-page","status-publish","hentry"],"_links":{"self":[{"href":"https:\/\/caminhodafe.com.br\/ptbr\/wp-json\/wp\/v2\/pages\/4197","targetHints":{"allow":["GET"]}}],"collection":[{"href":"https:\/\/caminhodafe.com.br\/ptbr\/wp-json\/wp\/v2\/pages"}],"about":[{"href":"https:\/\/caminhodafe.com.br\/ptbr\/wp-json\/wp\/v2\/types\/page"}],"author":[{"embeddable":true,"href":"https:\/\/caminhodafe.com.br\/ptbr\/wp-json\/wp\/v2\/users\/1"}],"replies":[{"embeddable":true,"href":"https:\/\/caminhodafe.com.br\/ptbr\/wp-json\/wp\/v2\/comments?post=4197"}],"version-history":[{"count":3,"href":"https:\/\/caminhodafe.com.br\/ptbr\/wp-json\/wp\/v2\/pages\/4197\/revisions"}],"predecessor-version":[{"id":7714,"href":"https:\/\/caminhodafe.com.br\/ptbr\/wp-json\/wp\/v2\/pages\/4197\/revisions\/7714"}],"wp:attachment":[{"href":"https:\/\/caminhodafe.com.br\/ptbr\/wp-json\/wp\/v2\/media?parent=4197"}],"curies":[{"name":"wp","href":"https:\/\/api.w.org\/{rel}","templated":true}]}}