{"id":3797,"date":"2019-07-16T07:44:06","date_gmt":"2019-07-16T10:44:06","guid":{"rendered":"https:\/\/caminhodafe.com.br\/ptbr\/?page_id=3797"},"modified":"2024-03-25T15:13:15","modified_gmt":"2024-03-25T18:13:15","slug":"nova-europa-prestacao-de-contas","status":"publish","type":"page","link":"https:\/\/caminhodafe.com.br\/ptbr\/nova-europa-prestacao-de-contas\/","title":{"rendered":"Nova Europa \u2013 presta\u00e7\u00e3o de contas"},"content":{"rendered":"<section class=\"wpb-content-wrapper\"><p>[vc_row][vc_column][vc_column_text]<\/p>\n<h3 style=\"text-align: center;\">Clique nas imagens para visualizar os documentos.<\/h3>\n<p>[\/vc_column_text][vc_column_text]<\/p>\n<h3 style=\"text-align: center;\"><span style=\"color: #000080;\">DOCUMENTOS<\/span><\/h3>\n<p>[\/vc_column_text][\/vc_column][\/vc_row][vc_row][vc_column width=&#8221;1\/3&#8243;][vc_single_image image=&#8221;3801&#8243; alignment=&#8221;center&#8221; onclick=&#8221;custom_link&#8221; title=&#8221;Lei 1965&#8243; link=&#8221;https:\/\/drive.google.com\/file\/d\/1VV7Ab-Wd9hw8kxPrugYiIc2sxxJIKVeU\/view?usp=sharing&#8221;][\/vc_column][vc_column width=&#8221;1\/3&#8243;][\/vc_column][vc_column width=&#8221;1\/3&#8243;][\/vc_column][\/vc_row][vc_row][vc_column][vc_separator color=&#8221;green&#8221;][vc_column_text]<\/p>\n<h3 style=\"text-align: center;\"><span style=\"color: #000080;\">DOCUMENTOS DE 2023<\/span><\/h3>\n<p>[\/vc_column_text][\/vc_column][\/vc_row][vc_row][vc_column width=&#8221;1\/3&#8243;][vc_single_image image=&#8221;6146&#8243; alignment=&#8221;center&#8221; onclick=&#8221;custom_link&#8221; title=&#8221;Plano de Trabalho 2023&#8243; link=&#8221;https:\/\/drive.google.com\/file\/d\/1i_oK69hcx6NQWgYD0wVNR8jh1aHETI09\/view?usp=share_link&#8221; css=&#8221;.vc_custom_1678456491035{border-radius: 5px !important;}&#8221;][\/vc_column][vc_column width=&#8221;1\/3&#8243;][vc_single_image image=&#8221;6148&#8243; alignment=&#8221;center&#8221; onclick=&#8221;custom_link&#8221; title=&#8221;Termo e Ci\u00eancia e e Notifica\u00e7\u00e3o&#8221; link=&#8221;https:\/\/drive.google.com\/file\/d\/1athIzT0QRHVJY-Jci7u4R2fMLAlTUci-\/view?usp=share_link&#8221; css=&#8221;.vc_custom_1678456506636{border-radius: 5px !important;}&#8221;][\/vc_column][vc_column width=&#8221;1\/3&#8243;][vc_single_image image=&#8221;6147&#8243; alignment=&#8221;center&#8221; onclick=&#8221;custom_link&#8221; title=&#8221;Termo de Colabora\u00e7\u00e3o N\u00ba 03_2023&#8243; link=&#8221;https:\/\/drive.google.com\/file\/d\/1L4HGr8IRU6Kcv5MFZnpfxMNCEeXYZghI\/view?usp=share_link&#8221; css=&#8221;.vc_custom_1678456527251{border-radius: 5px !important;}&#8221;][\/vc_column][\/vc_row][vc_row][vc_column width=&#8221;1\/3&#8243;][vc_single_image image=&#8221;6393&#8243; alignment=&#8221;center&#8221; onclick=&#8221;custom_link&#8221; title=&#8221;Termo de Divulga\u00e7\u00e3o 2023&#8243; link=&#8221;https:\/\/drive.google.com\/file\/d\/1NDNJZ9B41h2TRzUBYUKMWESF7yshx8k1\/view?usp=share_link&#8221; css=&#8221;.vc_custom_1678456546527{border-radius: 5px !important;}&#8221;][\/vc_column][vc_column width=&#8221;1\/3&#8243;][vc_single_image image=&#8221;4581&#8243; alignment=&#8221;center&#8221; onclick=&#8221;custom_link&#8221; title=&#8221;Presta\u00e7\u00e3o de Contas Anual&#8221; link=&#8221;https:\/\/drive.google.com\/file\/d\/1nNqGzXVRXyj1F1M5HE8s3kc2M1_MDaGR\/view?usp=sharing&#8221;][\/vc_column][vc_column width=&#8221;1\/3&#8243;][\/vc_column][\/vc_row][vc_row][vc_column][vc_separator color=&#8221;green&#8221;][vc_column_text]<\/p>\n<h3 style=\"text-align: center;\"><span style=\"color: #000080;\">DOCUMENTOS DE 2022<\/span><\/h3>\n<p>[\/vc_column_text][\/vc_column][\/vc_row][vc_row][vc_column width=&#8221;1\/3&#8243;][vc_single_image image=&#8221;6146&#8243; alignment=&#8221;center&#8221; onclick=&#8221;custom_link&#8221; title=&#8221;Plano de Trabalho 2022&#8243; link=&#8221;https:\/\/drive.google.com\/file\/d\/1KngW3N75g4lisdY0_gKwLPl4L2cENW60\/view?usp=share_link&#8221; css=&#8221;.vc_custom_1678456366513{border-radius: 5px !important;}&#8221;][\/vc_column][vc_column width=&#8221;1\/3&#8243;][vc_single_image image=&#8221;6148&#8243; alignment=&#8221;center&#8221; onclick=&#8221;custom_link&#8221; title=&#8221;Termo e Ci\u00eancia e e Notifica\u00e7\u00e3o&#8221; link=&#8221;https:\/\/drive.google.com\/file\/d\/1sGa3b3J4LM-Ad6fQWnLRFSyC_Mmk_24t\/view?usp=share_link&#8221; css=&#8221;.vc_custom_1678456385037{border-radius: 5px !important;}&#8221;][\/vc_column][vc_column width=&#8221;1\/3&#8243;][vc_single_image image=&#8221;6147&#8243; alignment=&#8221;center&#8221; onclick=&#8221;custom_link&#8221; title=&#8221;Termo de Colabora\u00e7\u00e3o N\u00ba 03_2022&#8243; link=&#8221;https:\/\/drive.google.com\/file\/d\/1Bp-J6I9B5RqdNdMkoQICEjUk_ihawUgX\/view?usp=share_link&#8221; css=&#8221;.vc_custom_1678456406678{border-radius: 5px !important;}&#8221;][\/vc_column][\/vc_row][vc_row][vc_column width=&#8221;1\/3&#8243;][vc_single_image image=&#8221;6393&#8243; alignment=&#8221;center&#8221; onclick=&#8221;custom_link&#8221; title=&#8221;Termo de Divulga\u00e7\u00e3o 2022&#8243; link=&#8221;https:\/\/drive.google.com\/file\/d\/1UHrRDZGNuPpT1LxEO07iC-02ccvBOpia\/view?usp=share_link&#8221; css=&#8221;.vc_custom_1678456425417{border-radius: 5px !important;}&#8221;][\/vc_column][vc_column width=&#8221;1\/3&#8243;][vc_single_image image=&#8221;4581&#8243; alignment=&#8221;center&#8221; onclick=&#8221;custom_link&#8221; title=&#8221;Presta\u00e7\u00e3o de Contas Anual&#8221; link=&#8221;https:\/\/drive.google.com\/file\/d\/1dL9HR34Gm0YuCMuTqvB7x0pG5_s53ytv\/view?usp=share_link&#8221;][\/vc_column][vc_column width=&#8221;1\/3&#8243;][\/vc_column][\/vc_row][vc_row][vc_column][vc_separator color=&#8221;green&#8221;][vc_column_text]<\/p>\n<h3 style=\"text-align: center;\"><span style=\"color: #000080;\">DOCUMENTOS DE 2021<\/span><\/h3>\n<p>[\/vc_column_text][\/vc_column][\/vc_row][vc_row][vc_column width=&#8221;1\/3&#8243;][vc_single_image image=&#8221;6145&#8243; alignment=&#8221;center&#8221; onclick=&#8221;custom_link&#8221; title=&#8221;Di\u00e1rio Oficial&#8221; link=&#8221;https:\/\/drive.google.com\/file\/d\/1fw3nBceN3zayrGBD7huITrs4LgVd06US\/view?usp=sharing&#8221; css=&#8221;.vc_custom_1620061996373{border-radius: 5px !important;}&#8221;][\/vc_column][vc_column width=&#8221;1\/3&#8243;][vc_single_image image=&#8221;6149&#8243; alignment=&#8221;center&#8221; onclick=&#8221;custom_link&#8221; title=&#8221;Declara\u00e7\u00f5es&#8221; link=&#8221;https:\/\/drive.google.com\/file\/d\/1PajbSrKg6-D0k3CkG5LMAP7rn8cQBdH_\/view?usp=sharing&#8221; css=&#8221;.vc_custom_1620062190773{border-radius: 5px !important;}&#8221;][\/vc_column][vc_column width=&#8221;1\/3&#8243;][vc_single_image image=&#8221;6146&#8243; alignment=&#8221;center&#8221; onclick=&#8221;custom_link&#8221; title=&#8221;Plano de Trabalho 2021&#8243; link=&#8221;https:\/\/drive.google.com\/file\/d\/1C6zHXB0FNBXtHX5IlUkZSAvJJEnE46EI\/view?usp=sharing&#8221; css=&#8221;.vc_custom_1620061739754{border-radius: 5px !important;}&#8221;][\/vc_column][\/vc_row][vc_row][vc_column width=&#8221;1\/3&#8243;][vc_single_image image=&#8221;6148&#8243; alignment=&#8221;center&#8221; onclick=&#8221;custom_link&#8221; title=&#8221;Termo e Ci\u00eancia e e Notifica\u00e7\u00e3o&#8221; link=&#8221;https:\/\/drive.google.com\/file\/d\/144R_QS8&#8211;Wo7yTStJHIpvQOcxLA2nZiz\/view?usp=sharing&#8221; css=&#8221;.vc_custom_1620061909525{border-radius: 5px !important;}&#8221;][\/vc_column][vc_column width=&#8221;1\/3&#8243;][vc_single_image image=&#8221;6147&#8243; alignment=&#8221;center&#8221; onclick=&#8221;custom_link&#8221; title=&#8221;Termo de Colabora\u00e7\u00e3o N\u00ba 04_2021&#8243; link=&#8221;https:\/\/drive.google.com\/file\/d\/1Xt_tlgPfn3WZ8_RInCfgC9Bnqg1gkXeZ\/view?usp=sharing&#8221; css=&#8221;.vc_custom_1620061950629{border-radius: 5px !important;}&#8221;][\/vc_column][vc_column width=&#8221;1\/3&#8243;][vc_single_image image=&#8221;6393&#8243; alignment=&#8221;center&#8221; onclick=&#8221;custom_link&#8221; title=&#8221;Termo de Divulga\u00e7\u00e3o 2021&#8243; link=&#8221;https:\/\/drive.google.com\/file\/d\/1RoZFzPrAniGSFpnFgnv-YAouttmYYDZ5\/view?usp=sharing&#8221; css=&#8221;.vc_custom_1636041372356{border-radius: 5px !important;}&#8221;][\/vc_column][\/vc_row][vc_row][vc_column width=&#8221;1\/3&#8243;][vc_single_image image=&#8221;4581&#8243; alignment=&#8221;center&#8221; onclick=&#8221;custom_link&#8221; title=&#8221;Presta\u00e7\u00e3o de Contas Anual&#8221; link=&#8221;https:\/\/drive.google.com\/file\/d\/18ZsUpQnbse2QxHHr-SNMaM854uJPgzBL\/view?usp=sharing&#8221;][\/vc_column][vc_column width=&#8221;1\/3&#8243;][\/vc_column][vc_column width=&#8221;1\/3&#8243;][\/vc_column][\/vc_row][vc_row][vc_column][vc_separator color=&#8221;green&#8221;][vc_column_text]<\/p>\n<h3 style=\"text-align: center;\"><span style=\"color: #000080;\">DOCUMENTOS DE 2020<\/span><\/h3>\n<p>[\/vc_column_text][\/vc_column][\/vc_row][vc_row][vc_column width=&#8221;1\/3&#8243;][vc_single_image image=&#8221;6144&#8243; alignment=&#8221;center&#8221; onclick=&#8221;custom_link&#8221; title=&#8221;Plano de Trabalho 2020&#8243; link=&#8221;https:\/\/drive.google.com\/file\/d\/1ATyKP1Y_CVyrk7uVCy-wvVrtLibsBQ_Q\/view?usp=sharing&#8221;][\/vc_column][vc_column width=&#8221;1\/3&#8243;][\/vc_column][vc_column width=&#8221;1\/3&#8243;][\/vc_column][\/vc_row][vc_row][vc_column][vc_separator color=&#8221;green&#8221;][vc_column_text]<\/p>\n<h3 style=\"text-align: center;\"><span style=\"color: #000080;\">DOCUMENTOS DE 2019<\/span><\/h3>\n<p>[\/vc_column_text][\/vc_column][\/vc_row][vc_row][vc_column width=&#8221;1\/3&#8243;][vc_single_image image=&#8221;4581&#8243; alignment=&#8221;center&#8221; onclick=&#8221;custom_link&#8221; title=&#8221;Presta\u00e7\u00e3o de Contas Anual&#8221; link=&#8221;https:\/\/drive.google.com\/open?id=1VCsIk7WflSoT-KAPFYVZNQ_KlL5tF2SH&#8221;][\/vc_column][vc_column width=&#8221;1\/3&#8243;][vc_single_image image=&#8221;3800&#8243; alignment=&#8221;center&#8221; onclick=&#8221;custom_link&#8221; title=&#8221;Plano de Trabalho 2019&#8243; link=&#8221;https:\/\/drive.google.com\/open?id=1LpNaAwWzZa7IX8fbb75YfJ74IaduEuoI&#8221;][\/vc_column][vc_column width=&#8221;1\/3&#8243;][vc_single_image image=&#8221;3798&#8243; alignment=&#8221;center&#8221; onclick=&#8221;custom_link&#8221; title=&#8221;Termo de Colabora\u00e7\u00e3o 2019&#8243; link=&#8221;https:\/\/drive.google.com\/open?id=1IIK7JRNGAGAHlidjxGnwW_vqK-Q792xp&#8221;][\/vc_column][\/vc_row][vc_row][vc_column width=&#8221;1\/3&#8243;][vc_single_image image=&#8221;3799&#8243; alignment=&#8221;center&#8221; onclick=&#8221;custom_link&#8221; title=&#8221;Termo de Ci\u00eancia e de Notifica\u00e7\u00e3o&#8221; link=&#8221;https:\/\/drive.google.com\/open?id=1XII-PB8_TxXlgOmuZ3kNqjwiMlw-bfG6&#8243;][\/vc_column][vc_column width=&#8221;1\/3&#8243;][\/vc_column][vc_column width=&#8221;1\/3&#8243;][\/vc_column][\/vc_row][vc_row][vc_column][vc_separator color=&#8221;green&#8221;][vc_column_text]<\/p>\n<h3 style=\"text-align: center;\"><span style=\"color: #000080;\">DOCUMENTOS DE 2018<\/span><\/h3>\n<p>[\/vc_column_text][\/vc_column][\/vc_row][vc_row][vc_column width=&#8221;1\/3&#8243;][vc_single_image image=&#8221;3774&#8243; alignment=&#8221;center&#8221; onclick=&#8221;custom_link&#8221; title=&#8221;Plano de Trabalho 2018&#8243; link=&#8221;https:\/\/drive.google.com\/open?id=1vzTSQpsifoz7vvnTInFtnK0grnLt_H1W&#8221;][\/vc_column][vc_column width=&#8221;1\/3&#8243;][vc_single_image image=&#8221;3719&#8243; alignment=&#8221;center&#8221; onclick=&#8221;custom_link&#8221; title=&#8221;Termo Associativo 2018&#8243; link=&#8221;https:\/\/drive.google.com\/open?id=1r0y8fRsSKqDELnJ68Oj6fi8C5zRzITG_&#8221;][\/vc_column][vc_column width=&#8221;1\/3&#8243;][\/vc_column][\/vc_row]<\/p>\n<\/section>","protected":false},"excerpt":{"rendered":"<p>[vc_row][vc_column][vc_column_text] Clique nas imagens para visualizar os documentos. [\/vc_column_text][vc_column_text] DOCUMENTOS [\/vc_column_text][\/vc_column][\/vc_row][vc_row][vc_column width=&#8221;1\/3&#8243;][vc_single_image image=&#8221;3801&#8243; alignment=&#8221;center&#8221; onclick=&#8221;custom_link&#8221; title=&#8221;Lei 1965&#8243; link=&#8221;https:\/\/drive.google.com\/file\/d\/1VV7Ab-Wd9hw8kxPrugYiIc2sxxJIKVeU\/view?usp=sharing&#8221;][\/vc_column][vc_column width=&#8221;1\/3&#8243;][\/vc_column][vc_column width=&#8221;1\/3&#8243;][\/vc_column][\/vc_row][vc_row][vc_column][vc_separator color=&#8221;green&#8221;][vc_column_text] DOCUMENTOS DE 2023 [\/vc_column_text][\/vc_column][\/vc_row][vc_row][vc_column width=&#8221;1\/3&#8243;][vc_single_image image=&#8221;6146&#8243; alignment=&#8221;center&#8221; onclick=&#8221;custom_link&#8221; title=&#8221;Plano de Trabalho 2023&#8243; link=&#8221;https:\/\/drive.google.com\/file\/d\/1i_oK69hcx6NQWgYD0wVNR8jh1aHETI09\/view?usp=share_link&#8221; css=&#8221;.vc_custom_1678456491035{border-radius: 5px !important;}&#8221;][\/vc_column][vc_column width=&#8221;1\/3&#8243;][vc_single_image image=&#8221;6148&#8243; alignment=&#8221;center&#8221; onclick=&#8221;custom_link&#8221; title=&#8221;Termo e Ci\u00eancia e e Notifica\u00e7\u00e3o&#8221; link=&#8221;https:\/\/drive.google.com\/file\/d\/1athIzT0QRHVJY-Jci7u4R2fMLAlTUci-\/view?usp=share_link&#8221; css=&#8221;.vc_custom_1678456506636{border-radius: 5px !important;}&#8221;][\/vc_column][vc_column width=&#8221;1\/3&#8243;][vc_single_image image=&#8221;6147&#8243; alignment=&#8221;center&#8221; onclick=&#8221;custom_link&#8221; title=&#8221;Termo de Colabora\u00e7\u00e3o N\u00ba 03_2023&#8243; link=&#8221;https:\/\/drive.google.com\/file\/d\/1L4HGr8IRU6Kcv5MFZnpfxMNCEeXYZghI\/view?usp=share_link&#8221; css=&#8221;.vc_custom_1678456527251{border-radius: 5px !important;}&#8221;][\/vc_column][\/vc_row][vc_row][vc_column width=&#8221;1\/3&#8243;][vc_single_image image=&#8221;6393&#8243; alignment=&#8221;center&#8221; onclick=&#8221;custom_link&#8221; title=&#8221;Termo de Divulga\u00e7\u00e3o 2023&#8243; link=&#8221;https:\/\/drive.google.com\/file\/d\/1NDNJZ9B41h2TRzUBYUKMWESF7yshx8k1\/view?usp=share_link&#8221; css=&#8221;.vc_custom_1678456546527{border-radius: 5px !important;}&#8221;][\/vc_column][vc_column width=&#8221;1\/3&#8243;][vc_single_image image=&#8221;4581&#8243; alignment=&#8221;center&#8221; onclick=&#8221;custom_link&#8221; title=&#8221;Presta\u00e7\u00e3o de Contas Anual&#8221; link=&#8221;https:\/\/drive.google.com\/file\/d\/1nNqGzXVRXyj1F1M5HE8s3kc2M1_MDaGR\/view?usp=sharing&#8221;][\/vc_column][vc_column width=&#8221;1\/3&#8243;][\/vc_column][\/vc_row][vc_row][vc_column][vc_separator color=&#8221;green&#8221;][vc_column_text] DOCUMENTOS DE 2022 [\/vc_column_text][\/vc_column][\/vc_row][vc_row][vc_column width=&#8221;1\/3&#8243;][vc_single_image image=&#8221;6146&#8243; alignment=&#8221;center&#8221; onclick=&#8221;custom_link&#8221; title=&#8221;Plano de Trabalho 2022&#8243; link=&#8221;https:\/\/drive.google.com\/file\/d\/1KngW3N75g4lisdY0_gKwLPl4L2cENW60\/view?usp=share_link&#8221; css=&#8221;.vc_custom_1678456366513{border-radius: 5px !important;}&#8221;][\/vc_column][vc_column width=&#8221;1\/3&#8243;][vc_single_image image=&#8221;6148&#8243; alignment=&#8221;center&#8221; onclick=&#8221;custom_link&#8221; title=&#8221;Termo e Ci\u00eancia e e Notifica\u00e7\u00e3o&#8221; link=&#8221;https:\/\/drive.google.com\/file\/d\/1sGa3b3J4LM-Ad6fQWnLRFSyC_Mmk_24t\/view?usp=share_link&#8221; css=&#8221;.vc_custom_1678456385037{border-radius: 5px !important;}&#8221;][\/vc_column][vc_column width=&#8221;1\/3&#8243;][vc_single_image image=&#8221;6147&#8243; alignment=&#8221;center&#8221; onclick=&#8221;custom_link&#8221; title=&#8221;Termo de Colabora\u00e7\u00e3o N\u00ba 03_2022&#8243; link=&#8221;https:\/\/drive.google.com\/file\/d\/1Bp-J6I9B5RqdNdMkoQICEjUk_ihawUgX\/view?usp=share_link&#8221; css=&#8221;.vc_custom_1678456406678{border-radius: 5px !important;}&#8221;][\/vc_column][\/vc_row][vc_row][vc_column width=&#8221;1\/3&#8243;][vc_single_image image=&#8221;6393&#8243; alignment=&#8221;center&#8221; onclick=&#8221;custom_link&#8221; title=&#8221;Termo de Divulga\u00e7\u00e3o 2022&#8243; link=&#8221;https:\/\/drive.google.com\/file\/d\/1UHrRDZGNuPpT1LxEO07iC-02ccvBOpia\/view?usp=share_link&#8221; css=&#8221;.vc_custom_1678456425417{border-radius: 5px !important;}&#8221;][\/vc_column][vc_column width=&#8221;1\/3&#8243;][vc_single_image image=&#8221;4581&#8243; alignment=&#8221;center&#8221; onclick=&#8221;custom_link&#8221; title=&#8221;Presta\u00e7\u00e3o de Contas Anual&#8221; link=&#8221;https:\/\/drive.google.com\/file\/d\/1dL9HR34Gm0YuCMuTqvB7x0pG5_s53ytv\/view?usp=share_link&#8221;][\/vc_column][vc_column width=&#8221;1\/3&#8243;][\/vc_column][\/vc_row][vc_row][vc_column][vc_separator color=&#8221;green&#8221;][vc_column_text] DOCUMENTOS DE 2021 [\/vc_column_text][\/vc_column][\/vc_row][vc_row][vc_column width=&#8221;1\/3&#8243;][vc_single_image image=&#8221;6145&#8243; alignment=&#8221;center&#8221; onclick=&#8221;custom_link&#8221; title=&#8221;Di\u00e1rio Oficial&#8221; link=&#8221;https:\/\/drive.google.com\/file\/d\/1fw3nBceN3zayrGBD7huITrs4LgVd06US\/view?usp=sharing&#8221; css=&#8221;.vc_custom_1620061996373{border-radius: 5px !important;}&#8221;][\/vc_column][vc_column width=&#8221;1\/3&#8243;][vc_single_image image=&#8221;6149&#8243; alignment=&#8221;center&#8221; onclick=&#8221;custom_link&#8221; title=&#8221;Declara\u00e7\u00f5es&#8221; link=&#8221;https:\/\/drive.google.com\/file\/d\/1PajbSrKg6-D0k3CkG5LMAP7rn8cQBdH_\/view?usp=sharing&#8221; css=&#8221;.vc_custom_1620062190773{border-radius: 5px !important;}&#8221;][\/vc_column][vc_column width=&#8221;1\/3&#8243;][vc_single_image image=&#8221;6146&#8243; alignment=&#8221;center&#8221; onclick=&#8221;custom_link&#8221; title=&#8221;Plano de Trabalho 2021&#8243; link=&#8221;https:\/\/drive.google.com\/file\/d\/1C6zHXB0FNBXtHX5IlUkZSAvJJEnE46EI\/view?usp=sharing&#8221; css=&#8221;.vc_custom_1620061739754{border-radius: 5px !important;}&#8221;][\/vc_column][\/vc_row][vc_row][vc_column width=&#8221;1\/3&#8243;][vc_single_image image=&#8221;6148&#8243; alignment=&#8221;center&#8221; onclick=&#8221;custom_link&#8221; title=&#8221;Termo e Ci\u00eancia e e Notifica\u00e7\u00e3o&#8221; link=&#8221;https:\/\/drive.google.com\/file\/d\/144R_QS8&#8211;Wo7yTStJHIpvQOcxLA2nZiz\/view?usp=sharing&#8221; css=&#8221;.vc_custom_1620061909525{border-radius: 5px !important;}&#8221;][\/vc_column][vc_column width=&#8221;1\/3&#8243;][vc_single_image image=&#8221;6147&#8243; alignment=&#8221;center&#8221; onclick=&#8221;custom_link&#8221; title=&#8221;Termo de Colabora\u00e7\u00e3o N\u00ba 04_2021&#8243; link=&#8221;https:\/\/drive.google.com\/file\/d\/1Xt_tlgPfn3WZ8_RInCfgC9Bnqg1gkXeZ\/view?usp=sharing&#8221; css=&#8221;.vc_custom_1620061950629{border-radius: 5px !important;}&#8221;][\/vc_column][vc_column width=&#8221;1\/3&#8243;][vc_single_image image=&#8221;6393&#8243; alignment=&#8221;center&#8221; onclick=&#8221;custom_link&#8221; title=&#8221;Termo de Divulga\u00e7\u00e3o 2021&#8243; link=&#8221;https:\/\/drive.google.com\/file\/d\/1RoZFzPrAniGSFpnFgnv-YAouttmYYDZ5\/view?usp=sharing&#8221; css=&#8221;.vc_custom_1636041372356{border-radius: 5px !important;}&#8221;][\/vc_column][\/vc_row][vc_row][vc_column width=&#8221;1\/3&#8243;][vc_single_image image=&#8221;4581&#8243; alignment=&#8221;center&#8221; onclick=&#8221;custom_link&#8221; title=&#8221;Presta\u00e7\u00e3o de Contas Anual&#8221; link=&#8221;https:\/\/drive.google.com\/file\/d\/18ZsUpQnbse2QxHHr-SNMaM854uJPgzBL\/view?usp=sharing&#8221;][\/vc_column][vc_column width=&#8221;1\/3&#8243;][\/vc_column][vc_column width=&#8221;1\/3&#8243;][\/vc_column][\/vc_row][vc_row][vc_column][vc_separator color=&#8221;green&#8221;][vc_column_text] DOCUMENTOS DE 2020 [\/vc_column_text][\/vc_column][\/vc_row][vc_row][vc_column width=&#8221;1\/3&#8243;][vc_single_image image=&#8221;6144&#8243; alignment=&#8221;center&#8221; onclick=&#8221;custom_link&#8221; title=&#8221;Plano de Trabalho 2020&#8243; link=&#8221;https:\/\/drive.google.com\/file\/d\/1ATyKP1Y_CVyrk7uVCy-wvVrtLibsBQ_Q\/view?usp=sharing&#8221;][\/vc_column][vc_column width=&#8221;1\/3&#8243;][\/vc_column][vc_column width=&#8221;1\/3&#8243;][\/vc_column][\/vc_row][vc_row][vc_column][vc_separator color=&#8221;green&#8221;][vc_column_text] DOCUMENTOS DE 2019 [\/vc_column_text][\/vc_column][\/vc_row][vc_row][vc_column width=&#8221;1\/3&#8243;][vc_single_image image=&#8221;4581&#8243; alignment=&#8221;center&#8221; onclick=&#8221;custom_link&#8221; title=&#8221;Presta\u00e7\u00e3o de Contas Anual&#8221; link=&#8221;https:\/\/drive.google.com\/open?id=1VCsIk7WflSoT-KAPFYVZNQ_KlL5tF2SH&#8221;][\/vc_column][vc_column width=&#8221;1\/3&#8243;][vc_single_image image=&#8221;3800&#8243; alignment=&#8221;center&#8221; onclick=&#8221;custom_link&#8221; title=&#8221;Plano de Trabalho 2019&#8243; link=&#8221;https:\/\/drive.google.com\/open?id=1LpNaAwWzZa7IX8fbb75YfJ74IaduEuoI&#8221;][\/vc_column][vc_column width=&#8221;1\/3&#8243;][vc_single_image image=&#8221;3798&#8243; alignment=&#8221;center&#8221; onclick=&#8221;custom_link&#8221; title=&#8221;Termo de Colabora\u00e7\u00e3o 2019&#8243; link=&#8221;https:\/\/drive.google.com\/open?id=1IIK7JRNGAGAHlidjxGnwW_vqK-Q792xp&#8221;][\/vc_column][\/vc_row][vc_row][vc_column width=&#8221;1\/3&#8243;][vc_single_image image=&#8221;3799&#8243; alignment=&#8221;center&#8221; onclick=&#8221;custom_link&#8221; title=&#8221;Termo de Ci\u00eancia e de Notifica\u00e7\u00e3o&#8221; link=&#8221;https:\/\/drive.google.com\/open?id=1XII-PB8_TxXlgOmuZ3kNqjwiMlw-bfG6&#8243;][\/vc_column][vc_column width=&#8221;1\/3&#8243;][\/vc_column][vc_column width=&#8221;1\/3&#8243;][\/vc_column][\/vc_row][vc_row][vc_column][vc_separator color=&#8221;green&#8221;][vc_column_text] DOCUMENTOS DE 2018 [\/vc_column_text][\/vc_column][\/vc_row][vc_row][vc_column width=&#8221;1\/3&#8243;][vc_single_image image=&#8221;3774&#8243; alignment=&#8221;center&#8221; onclick=&#8221;custom_link&#8221; title=&#8221;Plano de Trabalho 2018&#8243; link=&#8221;https:\/\/drive.google.com\/open?id=1vzTSQpsifoz7vvnTInFtnK0grnLt_H1W&#8221;][\/vc_column][vc_column width=&#8221;1\/3&#8243;][vc_single_image image=&#8221;3719&#8243; alignment=&#8221;center&#8221; onclick=&#8221;custom_link&#8221; title=&#8221;Termo Associativo 2018&#8243; link=&#8221;https:\/\/drive.google.com\/open?id=1r0y8fRsSKqDELnJ68Oj6fi8C5zRzITG_&#8221;][\/vc_column][vc_column width=&#8221;1\/3&#8243;][\/vc_column][\/vc_row]<\/p>\n","protected":false},"author":1,"featured_media":0,"parent":0,"menu_order":0,"comment_status":"closed","ping_status":"closed","template":"","meta":{"content-type":"","_monsterinsights_skip_tracking":false,"_monsterinsights_sitenote_active":false,"_monsterinsights_sitenote_note":"","_monsterinsights_sitenote_category":0,"footnotes":""},"class_list":["post-3797","page","type-page","status-publish","hentry"],"_links":{"self":[{"href":"https:\/\/caminhodafe.com.br\/ptbr\/wp-json\/wp\/v2\/pages\/3797","targetHints":{"allow":["GET"]}}],"collection":[{"href":"https:\/\/caminhodafe.com.br\/ptbr\/wp-json\/wp\/v2\/pages"}],"about":[{"href":"https:\/\/caminhodafe.com.br\/ptbr\/wp-json\/wp\/v2\/types\/page"}],"author":[{"embeddable":true,"href":"https:\/\/caminhodafe.com.br\/ptbr\/wp-json\/wp\/v2\/users\/1"}],"replies":[{"embeddable":true,"href":"https:\/\/caminhodafe.com.br\/ptbr\/wp-json\/wp\/v2\/comments?post=3797"}],"version-history":[{"count":4,"href":"https:\/\/caminhodafe.com.br\/ptbr\/wp-json\/wp\/v2\/pages\/3797\/revisions"}],"predecessor-version":[{"id":8915,"href":"https:\/\/caminhodafe.com.br\/ptbr\/wp-json\/wp\/v2\/pages\/3797\/revisions\/8915"}],"wp:attachment":[{"href":"https:\/\/caminhodafe.com.br\/ptbr\/wp-json\/wp\/v2\/media?parent=3797"}],"curies":[{"name":"wp","href":"https:\/\/api.w.org\/{rel}","templated":true}]}}