{"id":3770,"date":"2019-07-16T07:01:08","date_gmt":"2019-07-16T10:01:08","guid":{"rendered":"https:\/\/caminhodafe.com.br\/ptbr\/?page_id=3770"},"modified":"2025-03-20T13:57:24","modified_gmt":"2025-03-20T16:57:24","slug":"itirapua-prestacao-de-contas","status":"publish","type":"page","link":"https:\/\/caminhodafe.com.br\/ptbr\/itirapua-prestacao-de-contas\/","title":{"rendered":"Itirapu\u00e3 \u2013 presta\u00e7\u00e3o de contas"},"content":{"rendered":"<section class=\"wpb-content-wrapper\"><p>[vc_row][vc_column][vc_column_text]<\/p>\n<h3 style=\"text-align: center;\">Clique nas imagens para visualizar os documentos.<\/h3>\n<p>[\/vc_column_text][vc_column_text]<\/p>\n<h3 style=\"text-align: center;\"><span style=\"color: #000080;\">DOCUMENTOS<\/span><\/h3>\n<p>[\/vc_column_text][\/vc_column][\/vc_row][vc_row][vc_column width=&#8221;1\/3&#8243;][vc_single_image image=&#8221;3771&#8243; alignment=&#8221;center&#8221; onclick=&#8221;custom_link&#8221; title=&#8221;Lei 2268&#8243; link=&#8221;https:\/\/drive.google.com\/open?id=106UiJMMaYsd3jnlytw2rdkmyGYGvVePx&#8221; css=&#8221;.vc_custom_1563271140035{border-radius: 5px !important;}&#8221;][\/vc_column][vc_column width=&#8221;1\/3&#8243;][\/vc_column][vc_column width=&#8221;1\/3&#8243;][\/vc_column][\/vc_row][vc_row][vc_column][vc_separator color=&#8221;green&#8221;][vc_column_text]<\/p>\n<h3 style=\"text-align: center;\"><span style=\"color: #000080;\">DOCUMENTOS DE 2024<\/span><\/h3>\n<p>[\/vc_column_text][\/vc_column][\/vc_row][vc_row][vc_column width=&#8221;1\/3&#8243;][vc_single_image image=&#8221;6216&#8243; alignment=&#8221;center&#8221; onclick=&#8221;custom_link&#8221; title=&#8221;Plano de Trabalho 2024&#8243; link=&#8221;https:\/\/drive.google.com\/file\/d\/1lR14vWey6Cpf8IAfOOYYLpV50WIBhzJo\/view?usp=sharing&#8221;][\/vc_column][vc_column width=&#8221;1\/3&#8243;][vc_single_image image=&#8221;6215&#8243; alignment=&#8221;center&#8221; onclick=&#8221;custom_link&#8221; title=&#8221;Termo Associativo e de M\u00fatua Coopera\u00e7\u00e3o&#8221; link=&#8221;https:\/\/drive.google.com\/file\/d\/1dpHcOBvbABmT0h2H4_JSuNRq6sn32YSE\/view?usp=sharing&#8221;][\/vc_column][vc_column width=&#8221;1\/3&#8243;][vc_single_image image=&#8221;7029&#8243; alignment=&#8221;center&#8221; onclick=&#8221;custom_link&#8221; title=&#8221;Termo de Divulga\u00e7\u00e3o 2024&#8243; link=&#8221;https:\/\/drive.google.com\/file\/d\/1MjUh8D3yH5dgIvzBJB0HezoW45A0uN2h\/view?usp=sharing&#8221;][\/vc_column][\/vc_row][vc_row][vc_column width=&#8221;1\/3&#8243;][vc_single_image image=&#8221;4587&#8243; alignment=&#8221;center&#8221; onclick=&#8221;custom_link&#8221; title=&#8221;Presta\u00e7\u00e3o de Contas Anual&#8221; link=&#8221;https:\/\/drive.google.com\/file\/d\/1sUpA9026P7HcHWaLyQS4D-hZ2UwnXqN8\/view?usp=sharing&#8221;][\/vc_column][vc_column width=&#8221;1\/3&#8243;][\/vc_column][vc_column width=&#8221;1\/3&#8243;][\/vc_column][\/vc_row][vc_row][vc_column][vc_separator color=&#8221;green&#8221;][vc_column_text]<\/p>\n<h3 style=\"text-align: center;\"><span style=\"color: #000080;\">DOCUMENTOS DE 2023<\/span><\/h3>\n<p>[\/vc_column_text][\/vc_column][\/vc_row][vc_row][vc_column width=&#8221;1\/3&#8243;][vc_single_image image=&#8221;6216&#8243; alignment=&#8221;center&#8221; onclick=&#8221;custom_link&#8221; title=&#8221;Plano de Trabalho 2023&#8243; link=&#8221;https:\/\/drive.google.com\/file\/d\/1ES4BaGNuqNhjfw2h98q9c5wI8qOCd5Hn\/view?usp=sharing&#8221;][\/vc_column][vc_column width=&#8221;1\/3&#8243;][vc_single_image image=&#8221;6215&#8243; alignment=&#8221;center&#8221; onclick=&#8221;custom_link&#8221; title=&#8221;3\u00ba Termo Aditivo ao Termo Associativo&#8221; link=&#8221;https:\/\/drive.google.com\/file\/d\/1k9WVLPqeEFnNxNq1SrPr2JQpEE13HkFe\/view?usp=sharing&#8221;][\/vc_column][vc_column width=&#8221;1\/3&#8243;][vc_single_image image=&#8221;7029&#8243; alignment=&#8221;center&#8221; onclick=&#8221;custom_link&#8221; title=&#8221;Termo de Divulga\u00e7\u00e3o 2023&#8243; link=&#8221;https:\/\/drive.google.com\/file\/d\/1qrxhEcKdbO-uH7kKfZ6LPot4OSC1Grrs\/view?usp=sharing&#8221;][\/vc_column][\/vc_row][vc_row][vc_column width=&#8221;1\/3&#8243;][vc_single_image image=&#8221;4587&#8243; alignment=&#8221;center&#8221; onclick=&#8221;custom_link&#8221; title=&#8221;Presta\u00e7\u00e3o de Contas Anual&#8221; link=&#8221;https:\/\/drive.google.com\/file\/d\/1n7I63tDbiUl_BDryaeigIQKNDj4lxEP4\/view?usp=sharing&#8221;][\/vc_column][vc_column width=&#8221;1\/3&#8243;][\/vc_column][vc_column width=&#8221;1\/3&#8243;][\/vc_column][\/vc_row][vc_row][vc_column][vc_separator color=&#8221;green&#8221;][vc_column_text]<\/p>\n<h3 style=\"text-align: center;\"><span style=\"color: #000080;\">DOCUMENTOS DE 2022<\/span><\/h3>\n<p>[\/vc_column_text][\/vc_column][\/vc_row][vc_row][vc_column width=&#8221;1\/3&#8243;][vc_single_image image=&#8221;6216&#8243; alignment=&#8221;center&#8221; onclick=&#8221;custom_link&#8221; title=&#8221;Plano de Trabalho 2022&#8243; link=&#8221;https:\/\/drive.google.com\/file\/d\/1-BimTzMpbyjYf20h1cW-JpkkD2BcP44e\/view?usp=sharing&#8221;][\/vc_column][vc_column width=&#8221;1\/3&#8243;][vc_single_image image=&#8221;6215&#8243; alignment=&#8221;center&#8221; onclick=&#8221;custom_link&#8221; title=&#8221;1\u00ba Termo Aditivo ao Termo Associativo&#8221; link=&#8221;https:\/\/drive.google.com\/file\/d\/1Bl12L_opSeisvwnFVKd59bFx0rGzrwKQ\/view?usp=sharing&#8221;][\/vc_column][vc_column width=&#8221;1\/3&#8243;][vc_single_image image=&#8221;7029&#8243; alignment=&#8221;center&#8221; onclick=&#8221;custom_link&#8221; title=&#8221;Termo de Divulga\u00e7\u00e3o 2022&#8243; link=&#8221;https:\/\/drive.google.com\/file\/d\/19Bx70xOpjGnOEOARB4fAxnCGKvPO7O50\/view?usp=sharing&#8221;][\/vc_column][\/vc_row][vc_row][vc_column width=&#8221;1\/3&#8243;][vc_single_image image=&#8221;4587&#8243; alignment=&#8221;center&#8221; onclick=&#8221;custom_link&#8221; title=&#8221;Presta\u00e7\u00e3o de Contas Anual&#8221; link=&#8221;https:\/\/drive.google.com\/file\/d\/1d_ZOkvDqOptemTp90-m6VEVQQfTx8blX\/view?usp=share_link&#8221;][\/vc_column][vc_column width=&#8221;1\/3&#8243;][\/vc_column][vc_column width=&#8221;1\/3&#8243;][\/vc_column][\/vc_row][vc_row][vc_column][vc_separator color=&#8221;green&#8221;][vc_column_text]<\/p>\n<h3 style=\"text-align: center;\"><span style=\"color: #000080;\">DOCUMENTOS DE 2021<\/span><\/h3>\n<p>[\/vc_column_text][\/vc_column][\/vc_row][vc_row][vc_column width=&#8221;1\/3&#8243;][vc_single_image image=&#8221;6216&#8243; alignment=&#8221;center&#8221; onclick=&#8221;custom_link&#8221; title=&#8221;Plano de Trabalho 2021&#8243; link=&#8221;https:\/\/drive.google.com\/file\/d\/1_GQqnD4hxCPs19_bgEk08f_-hT_qA5N1\/view?usp=sharing&#8221;][\/vc_column][vc_column width=&#8221;1\/3&#8243;][vc_single_image image=&#8221;6215&#8243; alignment=&#8221;center&#8221; onclick=&#8221;custom_link&#8221; title=&#8221;Termo Associativo&#8221; link=&#8221;https:\/\/drive.google.com\/file\/d\/1z__4WTgWLQgDDM_YTSv-xWr14BuECM8s\/view?usp=sharing&#8221;][\/vc_column][vc_column width=&#8221;1\/3&#8243;][vc_single_image image=&#8221;4587&#8243; alignment=&#8221;center&#8221; onclick=&#8221;custom_link&#8221; title=&#8221;Presta\u00e7\u00e3o de Contas Anual&#8221; link=&#8221;https:\/\/drive.google.com\/file\/d\/1AAsb94FIPofgyGmnUIXHb6NqttrEbEJo\/view?usp=sharing&#8221;][\/vc_column][\/vc_row][vc_row][vc_column width=&#8221;1\/3&#8243;][vc_single_image image=&#8221;7029&#8243; alignment=&#8221;center&#8221; onclick=&#8221;custom_link&#8221; title=&#8221;Termo de Divulga\u00e7\u00e3o 2021&#8243; link=&#8221;https:\/\/drive.google.com\/file\/d\/1Jjv-IvcYM_S16gzkheWOT0kl_ISH4_9u\/view?usp=sharing&#8221;][\/vc_column][vc_column width=&#8221;1\/3&#8243;][\/vc_column][vc_column width=&#8221;1\/3&#8243;][\/vc_column][\/vc_row][vc_row][vc_column][vc_separator color=&#8221;green&#8221;][vc_column_text]<\/p>\n<h3 style=\"text-align: center;\"><span style=\"color: #000080;\">DOCUMENTOS DE 2020<\/span><\/h3>\n<p>[\/vc_column_text][\/vc_column][\/vc_row][vc_row][vc_column width=&#8221;1\/3&#8243;][vc_single_image image=&#8221;4587&#8243; alignment=&#8221;center&#8221; onclick=&#8221;custom_link&#8221; title=&#8221;Presta\u00e7\u00e3o de Contas Anual&#8221; link=&#8221;https:\/\/drive.google.com\/open?id=15KK7Nu3D3_Q71sqRwgKuCHpi_Vw3YLtF&#8221;][\/vc_column][vc_column width=&#8221;1\/3&#8243;][vc_single_image image=&#8221;4354&#8243; alignment=&#8221;center&#8221; onclick=&#8221;custom_link&#8221; title=&#8221;Plano de Trabalho 2020&#8243; link=&#8221;https:\/\/drive.google.com\/open?id=1SlZ6eqrHY2qi94XUcBa7mmyNSgZdu_T4&#8243;][\/vc_column][vc_column width=&#8221;1\/3&#8243;][vc_single_image image=&#8221;4353&#8243; alignment=&#8221;center&#8221; onclick=&#8221;custom_link&#8221; title=&#8221;1\u00ba Aditivo ao Termo Associativo&#8221; link=&#8221;https:\/\/drive.google.com\/open?id=1KI6Qyrf2jsGixbkdTP5OJMXS_dx4G0mf&#8221;][\/vc_column][\/vc_row][vc_row][vc_column][vc_separator color=&#8221;green&#8221;][vc_column_text]<\/p>\n<h3 style=\"text-align: center;\"><span style=\"color: #000080;\">DOCUMENTOS DE 2019<\/span><\/h3>\n<p>[\/vc_column_text][\/vc_column][\/vc_row][vc_row][vc_column width=&#8221;1\/3&#8243;][vc_single_image image=&#8221;3772&#8243; alignment=&#8221;center&#8221; onclick=&#8221;custom_link&#8221; title=&#8221;Plano de Trabalho 2019&#8243; link=&#8221;https:\/\/drive.google.com\/open?id=1EFXQVzu4ZkoEiWWrr8SB9OFqhMGR8L-h&#8221;][\/vc_column][vc_column width=&#8221;1\/3&#8243;][vc_single_image image=&#8221;3773&#8243; alignment=&#8221;center&#8221; onclick=&#8221;custom_link&#8221; title=&#8221;Termo Associativo 2019&#8243; link=&#8221;https:\/\/drive.google.com\/open?id=1TPGgLVmoIhbMwpW3l5KUr1OGucuKvLAp&#8221;][\/vc_column][vc_column width=&#8221;1\/3&#8243;][\/vc_column][\/vc_row][vc_row][vc_column][vc_separator color=&#8221;green&#8221;][vc_column_text]<\/p>\n<h3 style=\"text-align: center;\"><span style=\"color: #000080;\">DOCUMENTOS DE 2018<\/span><\/h3>\n<p>[\/vc_column_text][\/vc_column][\/vc_row][vc_row][vc_column width=&#8221;1\/3&#8243;][vc_single_image image=&#8221;3774&#8243; alignment=&#8221;center&#8221; onclick=&#8221;custom_link&#8221; title=&#8221;Plano de Trabalho 2018&#8243; link=&#8221;https:\/\/drive.google.com\/open?id=1vzTSQpsifoz7vvnTInFtnK0grnLt_H1W&#8221;][\/vc_column][vc_column width=&#8221;1\/3&#8243;][vc_single_image image=&#8221;3719&#8243; alignment=&#8221;center&#8221; onclick=&#8221;custom_link&#8221; title=&#8221;Termo Associativo 2018&#8243; link=&#8221;https:\/\/drive.google.com\/open?id=1r0y8fRsSKqDELnJ68Oj6fi8C5zRzITG_&#8221;][\/vc_column][vc_column width=&#8221;1\/3&#8243;][\/vc_column][\/vc_row]<\/p>\n<\/section>","protected":false},"excerpt":{"rendered":"<p>[vc_row][vc_column][vc_column_text] Clique nas imagens para visualizar os documentos. [\/vc_column_text][vc_column_text] DOCUMENTOS [\/vc_column_text][\/vc_column][\/vc_row][vc_row][vc_column width=&#8221;1\/3&#8243;][vc_single_image image=&#8221;3771&#8243; alignment=&#8221;center&#8221; onclick=&#8221;custom_link&#8221; title=&#8221;Lei 2268&#8243; link=&#8221;https:\/\/drive.google.com\/open?id=106UiJMMaYsd3jnlytw2rdkmyGYGvVePx&#8221; css=&#8221;.vc_custom_1563271140035{border-radius: 5px !important;}&#8221;][\/vc_column][vc_column width=&#8221;1\/3&#8243;][\/vc_column][vc_column width=&#8221;1\/3&#8243;][\/vc_column][\/vc_row][vc_row][vc_column][vc_separator color=&#8221;green&#8221;][vc_column_text] DOCUMENTOS DE 2024 [\/vc_column_text][\/vc_column][\/vc_row][vc_row][vc_column width=&#8221;1\/3&#8243;][vc_single_image image=&#8221;6216&#8243; alignment=&#8221;center&#8221; onclick=&#8221;custom_link&#8221; title=&#8221;Plano de Trabalho 2024&#8243; link=&#8221;https:\/\/drive.google.com\/file\/d\/1lR14vWey6Cpf8IAfOOYYLpV50WIBhzJo\/view?usp=sharing&#8221;][\/vc_column][vc_column width=&#8221;1\/3&#8243;][vc_single_image image=&#8221;6215&#8243; alignment=&#8221;center&#8221; onclick=&#8221;custom_link&#8221; title=&#8221;Termo Associativo e de M\u00fatua Coopera\u00e7\u00e3o&#8221; link=&#8221;https:\/\/drive.google.com\/file\/d\/1dpHcOBvbABmT0h2H4_JSuNRq6sn32YSE\/view?usp=sharing&#8221;][\/vc_column][vc_column width=&#8221;1\/3&#8243;][vc_single_image image=&#8221;7029&#8243; alignment=&#8221;center&#8221; onclick=&#8221;custom_link&#8221; title=&#8221;Termo de Divulga\u00e7\u00e3o 2024&#8243; link=&#8221;https:\/\/drive.google.com\/file\/d\/1MjUh8D3yH5dgIvzBJB0HezoW45A0uN2h\/view?usp=sharing&#8221;][\/vc_column][\/vc_row][vc_row][vc_column width=&#8221;1\/3&#8243;][vc_single_image image=&#8221;4587&#8243; alignment=&#8221;center&#8221; onclick=&#8221;custom_link&#8221; title=&#8221;Presta\u00e7\u00e3o de Contas Anual&#8221; link=&#8221;https:\/\/drive.google.com\/file\/d\/1sUpA9026P7HcHWaLyQS4D-hZ2UwnXqN8\/view?usp=sharing&#8221;][\/vc_column][vc_column width=&#8221;1\/3&#8243;][\/vc_column][vc_column width=&#8221;1\/3&#8243;][\/vc_column][\/vc_row][vc_row][vc_column][vc_separator color=&#8221;green&#8221;][vc_column_text] DOCUMENTOS DE 2023 [\/vc_column_text][\/vc_column][\/vc_row][vc_row][vc_column width=&#8221;1\/3&#8243;][vc_single_image image=&#8221;6216&#8243; alignment=&#8221;center&#8221; onclick=&#8221;custom_link&#8221; title=&#8221;Plano de Trabalho 2023&#8243; link=&#8221;https:\/\/drive.google.com\/file\/d\/1ES4BaGNuqNhjfw2h98q9c5wI8qOCd5Hn\/view?usp=sharing&#8221;][\/vc_column][vc_column width=&#8221;1\/3&#8243;][vc_single_image image=&#8221;6215&#8243; alignment=&#8221;center&#8221; onclick=&#8221;custom_link&#8221; title=&#8221;3\u00ba Termo Aditivo ao Termo Associativo&#8221; link=&#8221;https:\/\/drive.google.com\/file\/d\/1k9WVLPqeEFnNxNq1SrPr2JQpEE13HkFe\/view?usp=sharing&#8221;][\/vc_column][vc_column width=&#8221;1\/3&#8243;][vc_single_image image=&#8221;7029&#8243; alignment=&#8221;center&#8221; onclick=&#8221;custom_link&#8221; title=&#8221;Termo de Divulga\u00e7\u00e3o 2023&#8243; link=&#8221;https:\/\/drive.google.com\/file\/d\/1qrxhEcKdbO-uH7kKfZ6LPot4OSC1Grrs\/view?usp=sharing&#8221;][\/vc_column][\/vc_row][vc_row][vc_column width=&#8221;1\/3&#8243;][vc_single_image image=&#8221;4587&#8243; alignment=&#8221;center&#8221; onclick=&#8221;custom_link&#8221; title=&#8221;Presta\u00e7\u00e3o de Contas Anual&#8221; link=&#8221;https:\/\/drive.google.com\/file\/d\/1n7I63tDbiUl_BDryaeigIQKNDj4lxEP4\/view?usp=sharing&#8221;][\/vc_column][vc_column width=&#8221;1\/3&#8243;][\/vc_column][vc_column width=&#8221;1\/3&#8243;][\/vc_column][\/vc_row][vc_row][vc_column][vc_separator color=&#8221;green&#8221;][vc_column_text] DOCUMENTOS DE 2022 [\/vc_column_text][\/vc_column][\/vc_row][vc_row][vc_column width=&#8221;1\/3&#8243;][vc_single_image image=&#8221;6216&#8243; alignment=&#8221;center&#8221; onclick=&#8221;custom_link&#8221; title=&#8221;Plano de Trabalho 2022&#8243; link=&#8221;https:\/\/drive.google.com\/file\/d\/1-BimTzMpbyjYf20h1cW-JpkkD2BcP44e\/view?usp=sharing&#8221;][\/vc_column][vc_column width=&#8221;1\/3&#8243;][vc_single_image image=&#8221;6215&#8243; alignment=&#8221;center&#8221; onclick=&#8221;custom_link&#8221; title=&#8221;1\u00ba Termo Aditivo ao Termo Associativo&#8221; link=&#8221;https:\/\/drive.google.com\/file\/d\/1Bl12L_opSeisvwnFVKd59bFx0rGzrwKQ\/view?usp=sharing&#8221;][\/vc_column][vc_column width=&#8221;1\/3&#8243;][vc_single_image image=&#8221;7029&#8243; alignment=&#8221;center&#8221; onclick=&#8221;custom_link&#8221; title=&#8221;Termo de Divulga\u00e7\u00e3o 2022&#8243; link=&#8221;https:\/\/drive.google.com\/file\/d\/19Bx70xOpjGnOEOARB4fAxnCGKvPO7O50\/view?usp=sharing&#8221;][\/vc_column][\/vc_row][vc_row][vc_column width=&#8221;1\/3&#8243;][vc_single_image image=&#8221;4587&#8243; alignment=&#8221;center&#8221; onclick=&#8221;custom_link&#8221; title=&#8221;Presta\u00e7\u00e3o de Contas Anual&#8221; link=&#8221;https:\/\/drive.google.com\/file\/d\/1d_ZOkvDqOptemTp90-m6VEVQQfTx8blX\/view?usp=share_link&#8221;][\/vc_column][vc_column width=&#8221;1\/3&#8243;][\/vc_column][vc_column width=&#8221;1\/3&#8243;][\/vc_column][\/vc_row][vc_row][vc_column][vc_separator color=&#8221;green&#8221;][vc_column_text] DOCUMENTOS DE 2021 [\/vc_column_text][\/vc_column][\/vc_row][vc_row][vc_column width=&#8221;1\/3&#8243;][vc_single_image image=&#8221;6216&#8243; alignment=&#8221;center&#8221; onclick=&#8221;custom_link&#8221; title=&#8221;Plano de Trabalho 2021&#8243; link=&#8221;https:\/\/drive.google.com\/file\/d\/1_GQqnD4hxCPs19_bgEk08f_-hT_qA5N1\/view?usp=sharing&#8221;][\/vc_column][vc_column width=&#8221;1\/3&#8243;][vc_single_image image=&#8221;6215&#8243; alignment=&#8221;center&#8221; onclick=&#8221;custom_link&#8221; title=&#8221;Termo Associativo&#8221; link=&#8221;https:\/\/drive.google.com\/file\/d\/1z__4WTgWLQgDDM_YTSv-xWr14BuECM8s\/view?usp=sharing&#8221;][\/vc_column][vc_column width=&#8221;1\/3&#8243;][vc_single_image image=&#8221;4587&#8243; alignment=&#8221;center&#8221; onclick=&#8221;custom_link&#8221; title=&#8221;Presta\u00e7\u00e3o de Contas Anual&#8221; link=&#8221;https:\/\/drive.google.com\/file\/d\/1AAsb94FIPofgyGmnUIXHb6NqttrEbEJo\/view?usp=sharing&#8221;][\/vc_column][\/vc_row][vc_row][vc_column width=&#8221;1\/3&#8243;][vc_single_image image=&#8221;7029&#8243; alignment=&#8221;center&#8221; onclick=&#8221;custom_link&#8221; title=&#8221;Termo de Divulga\u00e7\u00e3o 2021&#8243; link=&#8221;https:\/\/drive.google.com\/file\/d\/1Jjv-IvcYM_S16gzkheWOT0kl_ISH4_9u\/view?usp=sharing&#8221;][\/vc_column][vc_column width=&#8221;1\/3&#8243;][\/vc_column][vc_column width=&#8221;1\/3&#8243;][\/vc_column][\/vc_row][vc_row][vc_column][vc_separator color=&#8221;green&#8221;][vc_column_text] DOCUMENTOS DE 2020 [\/vc_column_text][\/vc_column][\/vc_row][vc_row][vc_column width=&#8221;1\/3&#8243;][vc_single_image image=&#8221;4587&#8243; alignment=&#8221;center&#8221; onclick=&#8221;custom_link&#8221; title=&#8221;Presta\u00e7\u00e3o de Contas Anual&#8221; link=&#8221;https:\/\/drive.google.com\/open?id=15KK7Nu3D3_Q71sqRwgKuCHpi_Vw3YLtF&#8221;][\/vc_column][vc_column width=&#8221;1\/3&#8243;][vc_single_image image=&#8221;4354&#8243; alignment=&#8221;center&#8221; onclick=&#8221;custom_link&#8221; title=&#8221;Plano de Trabalho 2020&#8243; link=&#8221;https:\/\/drive.google.com\/open?id=1SlZ6eqrHY2qi94XUcBa7mmyNSgZdu_T4&#8243;][\/vc_column][vc_column width=&#8221;1\/3&#8243;][vc_single_image image=&#8221;4353&#8243; alignment=&#8221;center&#8221; onclick=&#8221;custom_link&#8221; title=&#8221;1\u00ba Aditivo ao Termo Associativo&#8221; link=&#8221;https:\/\/drive.google.com\/open?id=1KI6Qyrf2jsGixbkdTP5OJMXS_dx4G0mf&#8221;][\/vc_column][\/vc_row][vc_row][vc_column][vc_separator color=&#8221;green&#8221;][vc_column_text] DOCUMENTOS DE 2019 [\/vc_column_text][\/vc_column][\/vc_row][vc_row][vc_column width=&#8221;1\/3&#8243;][vc_single_image image=&#8221;3772&#8243; alignment=&#8221;center&#8221; onclick=&#8221;custom_link&#8221; title=&#8221;Plano de Trabalho 2019&#8243; link=&#8221;https:\/\/drive.google.com\/open?id=1EFXQVzu4ZkoEiWWrr8SB9OFqhMGR8L-h&#8221;][\/vc_column][vc_column width=&#8221;1\/3&#8243;][vc_single_image image=&#8221;3773&#8243; alignment=&#8221;center&#8221; onclick=&#8221;custom_link&#8221; title=&#8221;Termo Associativo 2019&#8243; link=&#8221;https:\/\/drive.google.com\/open?id=1TPGgLVmoIhbMwpW3l5KUr1OGucuKvLAp&#8221;][\/vc_column][vc_column width=&#8221;1\/3&#8243;][\/vc_column][\/vc_row][vc_row][vc_column][vc_separator color=&#8221;green&#8221;][vc_column_text] DOCUMENTOS DE 2018 [\/vc_column_text][\/vc_column][\/vc_row][vc_row][vc_column width=&#8221;1\/3&#8243;][vc_single_image image=&#8221;3774&#8243; alignment=&#8221;center&#8221; onclick=&#8221;custom_link&#8221; title=&#8221;Plano de Trabalho 2018&#8243; link=&#8221;https:\/\/drive.google.com\/open?id=1vzTSQpsifoz7vvnTInFtnK0grnLt_H1W&#8221;][\/vc_column][vc_column width=&#8221;1\/3&#8243;][vc_single_image image=&#8221;3719&#8243; alignment=&#8221;center&#8221; onclick=&#8221;custom_link&#8221; title=&#8221;Termo Associativo 2018&#8243; link=&#8221;https:\/\/drive.google.com\/open?id=1r0y8fRsSKqDELnJ68Oj6fi8C5zRzITG_&#8221;][\/vc_column][vc_column width=&#8221;1\/3&#8243;][\/vc_column][\/vc_row]<\/p>\n","protected":false},"author":1,"featured_media":0,"parent":0,"menu_order":0,"comment_status":"closed","ping_status":"closed","template":"","meta":{"content-type":"","_monsterinsights_skip_tracking":false,"_monsterinsights_sitenote_active":false,"_monsterinsights_sitenote_note":"","_monsterinsights_sitenote_category":0,"footnotes":""},"class_list":["post-3770","page","type-page","status-publish","hentry"],"_links":{"self":[{"href":"https:\/\/caminhodafe.com.br\/ptbr\/wp-json\/wp\/v2\/pages\/3770","targetHints":{"allow":["GET"]}}],"collection":[{"href":"https:\/\/caminhodafe.com.br\/ptbr\/wp-json\/wp\/v2\/pages"}],"about":[{"href":"https:\/\/caminhodafe.com.br\/ptbr\/wp-json\/wp\/v2\/types\/page"}],"author":[{"embeddable":true,"href":"https:\/\/caminhodafe.com.br\/ptbr\/wp-json\/wp\/v2\/users\/1"}],"replies":[{"embeddable":true,"href":"https:\/\/caminhodafe.com.br\/ptbr\/wp-json\/wp\/v2\/comments?post=3770"}],"version-history":[{"count":6,"href":"https:\/\/caminhodafe.com.br\/ptbr\/wp-json\/wp\/v2\/pages\/3770\/revisions"}],"predecessor-version":[{"id":9951,"href":"https:\/\/caminhodafe.com.br\/ptbr\/wp-json\/wp\/v2\/pages\/3770\/revisions\/9951"}],"wp:attachment":[{"href":"https:\/\/caminhodafe.com.br\/ptbr\/wp-json\/wp\/v2\/media?parent=3770"}],"curies":[{"name":"wp","href":"https:\/\/api.w.org\/{rel}","templated":true}]}}