{"id":3559,"date":"2019-06-28T12:31:59","date_gmt":"2019-06-28T15:31:59","guid":{"rendered":"https:\/\/caminhodafe.com.br\/ptbr\/?page_id=3559"},"modified":"2025-02-19T15:05:45","modified_gmt":"2025-02-19T18:05:45","slug":"tabatinga-prestacao-de-contas","status":"publish","type":"page","link":"https:\/\/caminhodafe.com.br\/ptbr\/tabatinga-prestacao-de-contas\/","title":{"rendered":"Tabatinga \u2013 presta\u00e7\u00e3o de contas"},"content":{"rendered":"<section class=\"wpb-content-wrapper\"><p>[vc_row][vc_column][vc_column_text]<\/p>\n<h3 style=\"text-align: center;\">Clique nas imagens para visualizar os documentos.<\/h3>\n<p>[\/vc_column_text][vc_column_text]<\/p>\n<h3 style=\"text-align: center;\"><span style=\"color: #000080;\">DOCUMENTOS<\/span><\/h3>\n<p>[\/vc_column_text][\/vc_column][\/vc_row][vc_row][vc_column width=&#8221;1\/3&#8243;][vc_single_image image=&#8221;3925&#8243; alignment=&#8221;center&#8221; onclick=&#8221;custom_link&#8221; title=&#8221;Lei 2191&#8243; link=&#8221;https:\/\/drive.google.com\/open?id=1ixZy3TLWHkn7vahoAcKseiF7PYomNimo&#8221; css=&#8221;.vc_custom_1563465547697{border-radius: 5px !important;}&#8221;][\/vc_column][vc_column width=&#8221;1\/3&#8243;][\/vc_column][vc_column width=&#8221;1\/3&#8243;][\/vc_column][\/vc_row][vc_row][vc_column width=&#8221;1\/3&#8243;][\/vc_column][vc_column width=&#8221;1\/3&#8243;][\/vc_column][vc_column width=&#8221;1\/3&#8243;][\/vc_column][\/vc_row][vc_row][vc_column][vc_separator color=&#8221;green&#8221;][vc_column_text]<\/p>\n<h3 style=\"text-align: center;\"><span style=\"color: #000080;\">DOCUMENTOS DE 2025<\/span><\/h3>\n<p>[\/vc_column_text][\/vc_column][\/vc_row][vc_row][vc_column width=&#8221;1\/3&#8243;][vc_single_image image=&#8221;5281&#8243; alignment=&#8221;center&#8221; onclick=&#8221;custom_link&#8221; title=&#8221;Termo de Divulga\u00e7\u00e3o&#8221; link=&#8221;https:\/\/drive.google.com\/file\/d\/1yqBAZNcoaMVQz3qjQKOKGGsF-uN-G1kn\/view?usp=sharing&#8221;][\/vc_column][vc_column width=&#8221;1\/3&#8243;][vc_single_image image=&#8221;5282&#8243; alignment=&#8221;center&#8221; onclick=&#8221;custom_link&#8221; title=&#8221;Plano de Trabalho &#8221; link=&#8221;https:\/\/drive.google.com\/file\/d\/1jrzLbprfKJm_LxGtRUwWlXHfSVquie3S\/view?usp=sharing&#8221;][\/vc_column][vc_column width=&#8221;1\/3&#8243;][vc_single_image image=&#8221;5283&#8243; alignment=&#8221;center&#8221; onclick=&#8221;custom_link&#8221; title=&#8221;Termo Associativo&#8221; link=&#8221;https:\/\/drive.google.com\/file\/d\/1EBg_p0deIHUqCdUafy65G-X4NizUd7HC\/view?usp=sharing&#8221;][\/vc_column][\/vc_row][vc_row][vc_column width=&#8221;1\/3&#8243;][vc_single_image image=&#8221;5869&#8243; alignment=&#8221;center&#8221; onclick=&#8221;custom_link&#8221; title=&#8221;Decreto&#8221; link=&#8221;https:\/\/drive.google.com\/file\/d\/15dla1qAO0mvoVrvyFOs3YSfPcXcqwBh2\/view?usp=sharing&#8221;][\/vc_column][vc_column width=&#8221;1\/3&#8243;][\/vc_column][vc_column width=&#8221;1\/3&#8243;][\/vc_column][\/vc_row][vc_row][vc_column][vc_separator color=&#8221;green&#8221;][vc_column_text]<\/p>\n<h3 style=\"text-align: center;\"><span style=\"color: #000080;\">DOCUMENTOS DE 2024<\/span><\/h3>\n<p>[\/vc_column_text][\/vc_column][\/vc_row][vc_row][vc_column width=&#8221;1\/3&#8243;][vc_single_image image=&#8221;5282&#8243; alignment=&#8221;center&#8221; onclick=&#8221;custom_link&#8221; title=&#8221;Plano de Trabalho &#8221; link=&#8221;https:\/\/drive.google.com\/file\/d\/1bn1VAol_KfywlY5XtiFLrz_gJbX7Hh8T\/view?usp=sharing&#8221;][\/vc_column][vc_column width=&#8221;1\/3&#8243;][\/vc_column][vc_column width=&#8221;1\/3&#8243;][\/vc_column][\/vc_row][vc_row][vc_column][vc_separator color=&#8221;green&#8221;][vc_column_text]<\/p>\n<h3 style=\"text-align: center;\"><span style=\"color: #000080;\">DOCUMENTOS DE 2023<\/span><\/h3>\n<p>[\/vc_column_text][\/vc_column][\/vc_row][vc_row][vc_column width=&#8221;1\/3&#8243;][vc_single_image image=&#8221;5281&#8243; alignment=&#8221;center&#8221; onclick=&#8221;custom_link&#8221; title=&#8221;Termo de Divulga\u00e7\u00e3o&#8221; link=&#8221;https:\/\/drive.google.com\/file\/d\/1PcCfbyN16Umd2wu_nEdlB_O8RXKkZ8hL\/view?usp=sharing&#8221;][\/vc_column][vc_column width=&#8221;1\/3&#8243;][vc_single_image image=&#8221;5282&#8243; alignment=&#8221;center&#8221; onclick=&#8221;custom_link&#8221; title=&#8221;Plano de Trabalho &#8221; link=&#8221;https:\/\/drive.google.com\/file\/d\/1j2Xhv9scUB3pL3BrjK8XWMJDCLRXkbLS\/view?usp=sharing&#8221;][\/vc_column][vc_column width=&#8221;1\/3&#8243;][vc_single_image image=&#8221;5283&#8243; alignment=&#8221;center&#8221; onclick=&#8221;custom_link&#8221; title=&#8221;Quinto Termo Aditivo ao Conv\u00eanio&#8221; link=&#8221;https:\/\/drive.google.com\/file\/d\/1I8kUA4Aqobgxnf_mGlLgqoz_69IxoxKJ\/view?usp=sharing&#8221;][\/vc_column][\/vc_row][vc_row][vc_column width=&#8221;1\/3&#8243;][vc_single_image image=&#8221;5869&#8243; alignment=&#8221;center&#8221; onclick=&#8221;custom_link&#8221; title=&#8221;Presta\u00e7\u00e3o de Contas Anual&#8221; link=&#8221;https:\/\/drive.google.com\/file\/d\/1opnPtLcRq65WoSJYxCFqExcajw9f0ZPA\/view?usp=sharing&#8221;][\/vc_column][vc_column width=&#8221;1\/3&#8243;][\/vc_column][vc_column width=&#8221;1\/3&#8243;][\/vc_column][\/vc_row][vc_row][vc_column][vc_separator color=&#8221;green&#8221;][vc_column_text]<\/p>\n<h3 style=\"text-align: center;\"><span style=\"color: #000080;\">DOCUMENTOS DE 2022<\/span><\/h3>\n<p>[\/vc_column_text][\/vc_column][\/vc_row][vc_row][vc_column width=&#8221;1\/3&#8243;][vc_single_image image=&#8221;5869&#8243; alignment=&#8221;center&#8221; onclick=&#8221;custom_link&#8221; title=&#8221;Presta\u00e7\u00e3o de Contas Anual&#8221; link=&#8221;https:\/\/drive.google.com\/file\/d\/1b4OtY69HvdUlHUOZnI75KOzX-lhO5jPL\/view?usp=share_link&#8221;][\/vc_column][vc_column width=&#8221;1\/3&#8243;][vc_single_image image=&#8221;5282&#8243; alignment=&#8221;center&#8221; onclick=&#8221;custom_link&#8221; title=&#8221;Plano de Trabalho &#8221; link=&#8221;https:\/\/drive.google.com\/file\/d\/1EXEwFkp5-uUPiKcTnxeW67kd0g2YnAGR\/view?usp=sharing&#8221;][\/vc_column][vc_column width=&#8221;1\/3&#8243;][\/vc_column][\/vc_row][vc_row][vc_column][vc_separator color=&#8221;green&#8221;][vc_column_text]<\/p>\n<h3 style=\"text-align: center;\"><span style=\"color: #000080;\">DOCUMENTOS DE 2021<\/span><\/h3>\n<p>[\/vc_column_text][\/vc_column][\/vc_row][vc_row][vc_column width=&#8221;1\/3&#8243;][vc_single_image image=&#8221;6393&#8243; alignment=&#8221;center&#8221; onclick=&#8221;custom_link&#8221; title=&#8221;Termo de Divulga\u00e7\u00e3o 2021&#8243; link=&#8221;https:\/\/drive.google.com\/file\/d\/1Lb8ri2K5dqVjkyn_mQ6CbDugME6zEK_A\/view?usp=sharing&#8221;][\/vc_column][vc_column width=&#8221;1\/3&#8243;][vc_single_image image=&#8221;5869&#8243; alignment=&#8221;center&#8221; onclick=&#8221;custom_link&#8221; title=&#8221;Presta\u00e7\u00e3o de Contas Setembro 2021&#8243; link=&#8221;https:\/\/caminhodafe.com.br\/ptbr\/wp-content\/uploads\/2021\/11\/Prestacao-de-Contas-Tabatinga-set-2021.pdf&#8221;][\/vc_column][vc_column width=&#8221;1\/3&#8243;][vc_single_image image=&#8221;5869&#8243; alignment=&#8221;center&#8221; onclick=&#8221;custom_link&#8221; title=&#8221;Presta\u00e7\u00e3o de Contas Outubro a Dezembro 2021&#8243; link=&#8221;https:\/\/drive.google.com\/file\/d\/16LByqgcjxVfbrRRGa1n4uXauKBzBcXmK\/view?usp=sharing&#8221;][\/vc_column][\/vc_row][vc_row][vc_column width=&#8221;1\/3&#8243;][vc_single_image image=&#8221;5869&#8243; alignment=&#8221;center&#8221; onclick=&#8221;custom_link&#8221; title=&#8221;Presta\u00e7\u00e3o de Contas Anual&#8221; link=&#8221;https:\/\/drive.google.com\/file\/d\/16Pl7f2WRB_xUvqoJvGUtRyj-kFKZDkjI\/view?usp=sharing&#8221;][\/vc_column][vc_column width=&#8221;1\/3&#8243;][\/vc_column][vc_column width=&#8221;1\/3&#8243;][\/vc_column][\/vc_row][vc_row][vc_column][vc_separator color=&#8221;green&#8221;][vc_column_text]<\/p>\n<h3 style=\"text-align: center;\"><span style=\"color: #000080;\">DOCUMENTOS DE 2020<\/span><\/h3>\n<p>[\/vc_column_text][\/vc_column][\/vc_row][vc_row][vc_column width=&#8221;1\/3&#8243;][vc_single_image image=&#8221;5281&#8243; alignment=&#8221;center&#8221; onclick=&#8221;custom_link&#8221; title=&#8221;Lei 2278_2020&#8243; link=&#8221;https:\/\/drive.google.com\/file\/d\/16P-J2nALATLSQ00T_V8q3mDsje4eTNgf\/view?usp=sharing&#8221;][\/vc_column][vc_column width=&#8221;1\/3&#8243;][vc_single_image image=&#8221;5282&#8243; alignment=&#8221;center&#8221; onclick=&#8221;custom_link&#8221; title=&#8221;Plano de Trabalho 2020&#8243; link=&#8221;https:\/\/drive.google.com\/file\/d\/1xZByBgWc6X13MKvcCq3LtGPzZ-alUem0\/view?usp=sharing&#8221;][\/vc_column][vc_column width=&#8221;1\/3&#8243;][vc_single_image image=&#8221;5283&#8243; alignment=&#8221;center&#8221; onclick=&#8221;custom_link&#8221; title=&#8221;Segundo Termo Aditivo ao Conv\u00eanio&#8221; link=&#8221;https:\/\/drive.google.com\/file\/d\/11I7huhPW4Y9kMDSZvwWj5Y7JdFYlVYul\/view?usp=sharing&#8221;][\/vc_column][\/vc_row][vc_row][vc_column width=&#8221;1\/3&#8243;][vc_single_image image=&#8221;5869&#8243; alignment=&#8221;center&#8221; onclick=&#8221;custom_link&#8221; title=&#8221;Presta\u00e7\u00e3o de Contas Anual&#8221; link=&#8221;https:\/\/caminhodafe.com.br\/ptbr\/wp-content\/uploads\/2021\/03\/Copia-de-Prestacao-de-Contas-Tabatinga-anual.pdf&#8221;][\/vc_column][vc_column width=&#8221;1\/3&#8243;][\/vc_column][vc_column width=&#8221;1\/3&#8243;][\/vc_column][\/vc_row][vc_row][vc_column][vc_separator color=&#8221;green&#8221;][vc_column_text]<\/p>\n<h3 style=\"text-align: center;\"><span style=\"color: #000080;\">DOCUMENTOS DE 2019<\/span><\/h3>\n<p>[\/vc_column_text][\/vc_column][\/vc_row][vc_row][vc_column width=&#8221;1\/3&#8243;][vc_single_image image=&#8221;4552&#8243; alignment=&#8221;center&#8221; onclick=&#8221;custom_link&#8221; title=&#8221;Presta\u00e7\u00e3o de Contas Tabatinga Anual&#8221; link=&#8221;https:\/\/drive.google.com\/open?id=1FtaHqla6_EwIUw_VlWqSaytCjiiDIgFR&#8221;][\/vc_column][vc_column width=&#8221;1\/3&#8243;][vc_single_image image=&#8221;4551&#8243; alignment=&#8221;center&#8221; onclick=&#8221;custom_link&#8221; title=&#8221;Presta\u00e7\u00e3o de Contas Tabatinga Outubro a Dezembro&#8221; link=&#8221;https:\/\/drive.google.com\/open?id=1cYMCyY4ACKkXKX9lurM9Ff3jBdviDEGX&#8221;][\/vc_column][vc_column width=&#8221;1\/3&#8243;][vc_single_image image=&#8221;4553&#8243; alignment=&#8221;center&#8221; onclick=&#8221;custom_link&#8221; title=&#8221;Presta\u00e7\u00e3o de Contas Tabatinga Julho a Setembro&#8221; link=&#8221;https:\/\/drive.google.com\/open?id=1cDVsefdXPC7i93XFixPezWjDMPnjM4Rw&#8221;][\/vc_column][\/vc_row][vc_row][vc_column width=&#8221;1\/3&#8243;][vc_single_image image=&#8221;4024&#8243; alignment=&#8221;center&#8221; onclick=&#8221;custom_link&#8221; title=&#8221;Presta\u00e7\u00e3o de Contas abril a junho&#8221; link=&#8221;https:\/\/drive.google.com\/open?id=1-CWmwfLDV1C5dOdYKjacXr3HPI45nCA4&#8243;][\/vc_column][vc_column width=&#8221;1\/3&#8243;][vc_single_image image=&#8221;4039&#8243; alignment=&#8221;center&#8221; onclick=&#8221;custom_link&#8221; title=&#8221;Presta\u00e7\u00e3o de contas Janeiro a Mar\u00e7o&#8221; link=&#8221;https:\/\/drive.google.com\/open?id=1hhTNhj5siIx0FUm_38J7RwyyOw-NJszh&#8221;][\/vc_column][vc_column width=&#8221;1\/3&#8243;][vc_single_image image=&#8221;3927&#8243; alignment=&#8221;center&#8221; onclick=&#8221;custom_link&#8221; title=&#8221;Plano de Trabalho 2019&#8243; link=&#8221;https:\/\/drive.google.com\/open?id=1z-PajHyOKdziAvB43JWHUaCyCo0pH52D&#8221;][\/vc_column][\/vc_row][vc_row][vc_column width=&#8221;1\/3&#8243;][vc_single_image image=&#8221;3926&#8243; alignment=&#8221;center&#8221; onclick=&#8221;custom_link&#8221; title=&#8221;Termo Associativo 2019&#8243; link=&#8221;https:\/\/drive.google.com\/open?id=11XJC5HqwuVeTsYx_tmIEcuzMNRC7HxpI&#8221;][\/vc_column][vc_column width=&#8221;1\/3&#8243;][\/vc_column][vc_column width=&#8221;1\/3&#8243;][\/vc_column][\/vc_row][vc_row][vc_column][vc_separator color=&#8221;green&#8221;][vc_column_text]<\/p>\n<h3 style=\"text-align: center;\"><span style=\"color: #000080;\">DOCUMENTOS DE 2018<\/span><\/h3>\n<p>[\/vc_column_text][\/vc_column][\/vc_row][vc_row][vc_column width=&#8221;1\/3&#8243;][vc_single_image image=&#8221;3774&#8243; alignment=&#8221;center&#8221; onclick=&#8221;custom_link&#8221; title=&#8221;Plano de Trabalho 2018&#8243; link=&#8221;https:\/\/drive.google.com\/open?id=1vzTSQpsifoz7vvnTInFtnK0grnLt_H1W&#8221;][\/vc_column][vc_column width=&#8221;1\/3&#8243;][vc_single_image image=&#8221;3719&#8243; alignment=&#8221;center&#8221; onclick=&#8221;custom_link&#8221; title=&#8221;Termo Associativo 2018&#8243; link=&#8221;https:\/\/drive.google.com\/open?id=1r0y8fRsSKqDELnJ68Oj6fi8C5zRzITG_&#8221;][\/vc_column][vc_column width=&#8221;1\/3&#8243;][\/vc_column][\/vc_row]<\/p>\n<\/section>","protected":false},"excerpt":{"rendered":"<p>[vc_row][vc_column][vc_column_text] Clique nas imagens para visualizar os documentos. [\/vc_column_text][vc_column_text] DOCUMENTOS [\/vc_column_text][\/vc_column][\/vc_row][vc_row][vc_column width=&#8221;1\/3&#8243;][vc_single_image image=&#8221;3925&#8243; alignment=&#8221;center&#8221; onclick=&#8221;custom_link&#8221; title=&#8221;Lei 2191&#8243; link=&#8221;https:\/\/drive.google.com\/open?id=1ixZy3TLWHkn7vahoAcKseiF7PYomNimo&#8221; css=&#8221;.vc_custom_1563465547697{border-radius: 5px !important;}&#8221;][\/vc_column][vc_column width=&#8221;1\/3&#8243;][\/vc_column][vc_column width=&#8221;1\/3&#8243;][\/vc_column][\/vc_row][vc_row][vc_column width=&#8221;1\/3&#8243;][\/vc_column][vc_column width=&#8221;1\/3&#8243;][\/vc_column][vc_column width=&#8221;1\/3&#8243;][\/vc_column][\/vc_row][vc_row][vc_column][vc_separator color=&#8221;green&#8221;][vc_column_text] DOCUMENTOS DE 2025 [\/vc_column_text][\/vc_column][\/vc_row][vc_row][vc_column width=&#8221;1\/3&#8243;][vc_single_image image=&#8221;5281&#8243; alignment=&#8221;center&#8221; onclick=&#8221;custom_link&#8221; title=&#8221;Termo de Divulga\u00e7\u00e3o&#8221; link=&#8221;https:\/\/drive.google.com\/file\/d\/1yqBAZNcoaMVQz3qjQKOKGGsF-uN-G1kn\/view?usp=sharing&#8221;][\/vc_column][vc_column width=&#8221;1\/3&#8243;][vc_single_image image=&#8221;5282&#8243; alignment=&#8221;center&#8221; onclick=&#8221;custom_link&#8221; title=&#8221;Plano de Trabalho &#8221; link=&#8221;https:\/\/drive.google.com\/file\/d\/1jrzLbprfKJm_LxGtRUwWlXHfSVquie3S\/view?usp=sharing&#8221;][\/vc_column][vc_column width=&#8221;1\/3&#8243;][vc_single_image image=&#8221;5283&#8243; alignment=&#8221;center&#8221; onclick=&#8221;custom_link&#8221; title=&#8221;Termo Associativo&#8221; link=&#8221;https:\/\/drive.google.com\/file\/d\/1EBg_p0deIHUqCdUafy65G-X4NizUd7HC\/view?usp=sharing&#8221;][\/vc_column][\/vc_row][vc_row][vc_column width=&#8221;1\/3&#8243;][vc_single_image image=&#8221;5869&#8243; alignment=&#8221;center&#8221; onclick=&#8221;custom_link&#8221; title=&#8221;Decreto&#8221; link=&#8221;https:\/\/drive.google.com\/file\/d\/15dla1qAO0mvoVrvyFOs3YSfPcXcqwBh2\/view?usp=sharing&#8221;][\/vc_column][vc_column width=&#8221;1\/3&#8243;][\/vc_column][vc_column width=&#8221;1\/3&#8243;][\/vc_column][\/vc_row][vc_row][vc_column][vc_separator color=&#8221;green&#8221;][vc_column_text] DOCUMENTOS DE 2024 [\/vc_column_text][\/vc_column][\/vc_row][vc_row][vc_column width=&#8221;1\/3&#8243;][vc_single_image image=&#8221;5282&#8243; alignment=&#8221;center&#8221; onclick=&#8221;custom_link&#8221; title=&#8221;Plano de Trabalho &#8221; link=&#8221;https:\/\/drive.google.com\/file\/d\/1bn1VAol_KfywlY5XtiFLrz_gJbX7Hh8T\/view?usp=sharing&#8221;][\/vc_column][vc_column width=&#8221;1\/3&#8243;][\/vc_column][vc_column width=&#8221;1\/3&#8243;][\/vc_column][\/vc_row][vc_row][vc_column][vc_separator color=&#8221;green&#8221;][vc_column_text] DOCUMENTOS DE 2023 [\/vc_column_text][\/vc_column][\/vc_row][vc_row][vc_column width=&#8221;1\/3&#8243;][vc_single_image image=&#8221;5281&#8243; alignment=&#8221;center&#8221; onclick=&#8221;custom_link&#8221; title=&#8221;Termo de Divulga\u00e7\u00e3o&#8221; link=&#8221;https:\/\/drive.google.com\/file\/d\/1PcCfbyN16Umd2wu_nEdlB_O8RXKkZ8hL\/view?usp=sharing&#8221;][\/vc_column][vc_column width=&#8221;1\/3&#8243;][vc_single_image image=&#8221;5282&#8243; alignment=&#8221;center&#8221; onclick=&#8221;custom_link&#8221; title=&#8221;Plano de Trabalho &#8221; link=&#8221;https:\/\/drive.google.com\/file\/d\/1j2Xhv9scUB3pL3BrjK8XWMJDCLRXkbLS\/view?usp=sharing&#8221;][\/vc_column][vc_column width=&#8221;1\/3&#8243;][vc_single_image image=&#8221;5283&#8243; alignment=&#8221;center&#8221; onclick=&#8221;custom_link&#8221; title=&#8221;Quinto Termo Aditivo ao Conv\u00eanio&#8221; link=&#8221;https:\/\/drive.google.com\/file\/d\/1I8kUA4Aqobgxnf_mGlLgqoz_69IxoxKJ\/view?usp=sharing&#8221;][\/vc_column][\/vc_row][vc_row][vc_column width=&#8221;1\/3&#8243;][vc_single_image image=&#8221;5869&#8243; alignment=&#8221;center&#8221; onclick=&#8221;custom_link&#8221; title=&#8221;Presta\u00e7\u00e3o de Contas Anual&#8221; link=&#8221;https:\/\/drive.google.com\/file\/d\/1opnPtLcRq65WoSJYxCFqExcajw9f0ZPA\/view?usp=sharing&#8221;][\/vc_column][vc_column width=&#8221;1\/3&#8243;][\/vc_column][vc_column width=&#8221;1\/3&#8243;][\/vc_column][\/vc_row][vc_row][vc_column][vc_separator color=&#8221;green&#8221;][vc_column_text] DOCUMENTOS DE 2022 [\/vc_column_text][\/vc_column][\/vc_row][vc_row][vc_column width=&#8221;1\/3&#8243;][vc_single_image image=&#8221;5869&#8243; alignment=&#8221;center&#8221; onclick=&#8221;custom_link&#8221; title=&#8221;Presta\u00e7\u00e3o de Contas Anual&#8221; link=&#8221;https:\/\/drive.google.com\/file\/d\/1b4OtY69HvdUlHUOZnI75KOzX-lhO5jPL\/view?usp=share_link&#8221;][\/vc_column][vc_column width=&#8221;1\/3&#8243;][vc_single_image image=&#8221;5282&#8243; alignment=&#8221;center&#8221; onclick=&#8221;custom_link&#8221; title=&#8221;Plano de Trabalho &#8221; link=&#8221;https:\/\/drive.google.com\/file\/d\/1EXEwFkp5-uUPiKcTnxeW67kd0g2YnAGR\/view?usp=sharing&#8221;][\/vc_column][vc_column width=&#8221;1\/3&#8243;][\/vc_column][\/vc_row][vc_row][vc_column][vc_separator color=&#8221;green&#8221;][vc_column_text] DOCUMENTOS DE 2021 [\/vc_column_text][\/vc_column][\/vc_row][vc_row][vc_column width=&#8221;1\/3&#8243;][vc_single_image image=&#8221;6393&#8243; alignment=&#8221;center&#8221; onclick=&#8221;custom_link&#8221; title=&#8221;Termo de Divulga\u00e7\u00e3o 2021&#8243; link=&#8221;https:\/\/drive.google.com\/file\/d\/1Lb8ri2K5dqVjkyn_mQ6CbDugME6zEK_A\/view?usp=sharing&#8221;][\/vc_column][vc_column width=&#8221;1\/3&#8243;][vc_single_image image=&#8221;5869&#8243; alignment=&#8221;center&#8221; onclick=&#8221;custom_link&#8221; title=&#8221;Presta\u00e7\u00e3o de Contas Setembro 2021&#8243; link=&#8221;https:\/\/caminhodafe.com.br\/ptbr\/wp-content\/uploads\/2021\/11\/Prestacao-de-Contas-Tabatinga-set-2021.pdf&#8221;][\/vc_column][vc_column width=&#8221;1\/3&#8243;][vc_single_image image=&#8221;5869&#8243; alignment=&#8221;center&#8221; onclick=&#8221;custom_link&#8221; title=&#8221;Presta\u00e7\u00e3o de Contas Outubro a Dezembro 2021&#8243; link=&#8221;https:\/\/drive.google.com\/file\/d\/16LByqgcjxVfbrRRGa1n4uXauKBzBcXmK\/view?usp=sharing&#8221;][\/vc_column][\/vc_row][vc_row][vc_column width=&#8221;1\/3&#8243;][vc_single_image image=&#8221;5869&#8243; alignment=&#8221;center&#8221; onclick=&#8221;custom_link&#8221; title=&#8221;Presta\u00e7\u00e3o de Contas Anual&#8221; link=&#8221;https:\/\/drive.google.com\/file\/d\/16Pl7f2WRB_xUvqoJvGUtRyj-kFKZDkjI\/view?usp=sharing&#8221;][\/vc_column][vc_column width=&#8221;1\/3&#8243;][\/vc_column][vc_column width=&#8221;1\/3&#8243;][\/vc_column][\/vc_row][vc_row][vc_column][vc_separator color=&#8221;green&#8221;][vc_column_text] DOCUMENTOS DE 2020 [\/vc_column_text][\/vc_column][\/vc_row][vc_row][vc_column width=&#8221;1\/3&#8243;][vc_single_image image=&#8221;5281&#8243; alignment=&#8221;center&#8221; onclick=&#8221;custom_link&#8221; title=&#8221;Lei 2278_2020&#8243; link=&#8221;https:\/\/drive.google.com\/file\/d\/16P-J2nALATLSQ00T_V8q3mDsje4eTNgf\/view?usp=sharing&#8221;][\/vc_column][vc_column width=&#8221;1\/3&#8243;][vc_single_image image=&#8221;5282&#8243; alignment=&#8221;center&#8221; onclick=&#8221;custom_link&#8221; title=&#8221;Plano de Trabalho 2020&#8243; link=&#8221;https:\/\/drive.google.com\/file\/d\/1xZByBgWc6X13MKvcCq3LtGPzZ-alUem0\/view?usp=sharing&#8221;][\/vc_column][vc_column width=&#8221;1\/3&#8243;][vc_single_image image=&#8221;5283&#8243; alignment=&#8221;center&#8221; onclick=&#8221;custom_link&#8221; title=&#8221;Segundo Termo Aditivo ao Conv\u00eanio&#8221; link=&#8221;https:\/\/drive.google.com\/file\/d\/11I7huhPW4Y9kMDSZvwWj5Y7JdFYlVYul\/view?usp=sharing&#8221;][\/vc_column][\/vc_row][vc_row][vc_column width=&#8221;1\/3&#8243;][vc_single_image image=&#8221;5869&#8243; alignment=&#8221;center&#8221; onclick=&#8221;custom_link&#8221; title=&#8221;Presta\u00e7\u00e3o de Contas Anual&#8221; link=&#8221;https:\/\/caminhodafe.com.br\/ptbr\/wp-content\/uploads\/2021\/03\/Copia-de-Prestacao-de-Contas-Tabatinga-anual.pdf&#8221;][\/vc_column][vc_column width=&#8221;1\/3&#8243;][\/vc_column][vc_column width=&#8221;1\/3&#8243;][\/vc_column][\/vc_row][vc_row][vc_column][vc_separator color=&#8221;green&#8221;][vc_column_text] DOCUMENTOS DE 2019 [\/vc_column_text][\/vc_column][\/vc_row][vc_row][vc_column width=&#8221;1\/3&#8243;][vc_single_image image=&#8221;4552&#8243; alignment=&#8221;center&#8221; onclick=&#8221;custom_link&#8221; title=&#8221;Presta\u00e7\u00e3o de Contas Tabatinga Anual&#8221; link=&#8221;https:\/\/drive.google.com\/open?id=1FtaHqla6_EwIUw_VlWqSaytCjiiDIgFR&#8221;][\/vc_column][vc_column width=&#8221;1\/3&#8243;][vc_single_image image=&#8221;4551&#8243; alignment=&#8221;center&#8221; onclick=&#8221;custom_link&#8221; title=&#8221;Presta\u00e7\u00e3o de Contas Tabatinga Outubro a Dezembro&#8221; link=&#8221;https:\/\/drive.google.com\/open?id=1cYMCyY4ACKkXKX9lurM9Ff3jBdviDEGX&#8221;][\/vc_column][vc_column width=&#8221;1\/3&#8243;][vc_single_image image=&#8221;4553&#8243; alignment=&#8221;center&#8221; onclick=&#8221;custom_link&#8221; title=&#8221;Presta\u00e7\u00e3o de Contas Tabatinga Julho a Setembro&#8221; link=&#8221;https:\/\/drive.google.com\/open?id=1cDVsefdXPC7i93XFixPezWjDMPnjM4Rw&#8221;][\/vc_column][\/vc_row][vc_row][vc_column width=&#8221;1\/3&#8243;][vc_single_image image=&#8221;4024&#8243; alignment=&#8221;center&#8221; onclick=&#8221;custom_link&#8221; title=&#8221;Presta\u00e7\u00e3o de Contas abril a junho&#8221; link=&#8221;https:\/\/drive.google.com\/open?id=1-CWmwfLDV1C5dOdYKjacXr3HPI45nCA4&#8243;][\/vc_column][vc_column width=&#8221;1\/3&#8243;][vc_single_image image=&#8221;4039&#8243; alignment=&#8221;center&#8221; onclick=&#8221;custom_link&#8221; title=&#8221;Presta\u00e7\u00e3o de contas Janeiro a Mar\u00e7o&#8221; link=&#8221;https:\/\/drive.google.com\/open?id=1hhTNhj5siIx0FUm_38J7RwyyOw-NJszh&#8221;][\/vc_column][vc_column width=&#8221;1\/3&#8243;][vc_single_image image=&#8221;3927&#8243; alignment=&#8221;center&#8221; onclick=&#8221;custom_link&#8221; title=&#8221;Plano de Trabalho 2019&#8243; link=&#8221;https:\/\/drive.google.com\/open?id=1z-PajHyOKdziAvB43JWHUaCyCo0pH52D&#8221;][\/vc_column][\/vc_row][vc_row][vc_column width=&#8221;1\/3&#8243;][vc_single_image image=&#8221;3926&#8243; alignment=&#8221;center&#8221; onclick=&#8221;custom_link&#8221; title=&#8221;Termo Associativo 2019&#8243; link=&#8221;https:\/\/drive.google.com\/open?id=11XJC5HqwuVeTsYx_tmIEcuzMNRC7HxpI&#8221;][\/vc_column][vc_column width=&#8221;1\/3&#8243;][\/vc_column][vc_column width=&#8221;1\/3&#8243;][\/vc_column][\/vc_row][vc_row][vc_column][vc_separator color=&#8221;green&#8221;][vc_column_text] DOCUMENTOS DE 2018 [\/vc_column_text][\/vc_column][\/vc_row][vc_row][vc_column width=&#8221;1\/3&#8243;][vc_single_image image=&#8221;3774&#8243; alignment=&#8221;center&#8221; onclick=&#8221;custom_link&#8221; title=&#8221;Plano de Trabalho 2018&#8243; link=&#8221;https:\/\/drive.google.com\/open?id=1vzTSQpsifoz7vvnTInFtnK0grnLt_H1W&#8221;][\/vc_column][vc_column width=&#8221;1\/3&#8243;][vc_single_image image=&#8221;3719&#8243; alignment=&#8221;center&#8221; onclick=&#8221;custom_link&#8221; title=&#8221;Termo Associativo 2018&#8243; link=&#8221;https:\/\/drive.google.com\/open?id=1r0y8fRsSKqDELnJ68Oj6fi8C5zRzITG_&#8221;][\/vc_column][vc_column width=&#8221;1\/3&#8243;][\/vc_column][\/vc_row]<\/p>\n","protected":false},"author":1,"featured_media":0,"parent":0,"menu_order":0,"comment_status":"closed","ping_status":"closed","template":"","meta":{"content-type":"","_monsterinsights_skip_tracking":false,"_monsterinsights_sitenote_active":false,"_monsterinsights_sitenote_note":"","_monsterinsights_sitenote_category":0,"footnotes":""},"class_list":["post-3559","page","type-page","status-publish","hentry"],"_links":{"self":[{"href":"https:\/\/caminhodafe.com.br\/ptbr\/wp-json\/wp\/v2\/pages\/3559","targetHints":{"allow":["GET"]}}],"collection":[{"href":"https:\/\/caminhodafe.com.br\/ptbr\/wp-json\/wp\/v2\/pages"}],"about":[{"href":"https:\/\/caminhodafe.com.br\/ptbr\/wp-json\/wp\/v2\/types\/page"}],"author":[{"embeddable":true,"href":"https:\/\/caminhodafe.com.br\/ptbr\/wp-json\/wp\/v2\/users\/1"}],"replies":[{"embeddable":true,"href":"https:\/\/caminhodafe.com.br\/ptbr\/wp-json\/wp\/v2\/comments?post=3559"}],"version-history":[{"count":4,"href":"https:\/\/caminhodafe.com.br\/ptbr\/wp-json\/wp\/v2\/pages\/3559\/revisions"}],"predecessor-version":[{"id":9798,"href":"https:\/\/caminhodafe.com.br\/ptbr\/wp-json\/wp\/v2\/pages\/3559\/revisions\/9798"}],"wp:attachment":[{"href":"https:\/\/caminhodafe.com.br\/ptbr\/wp-json\/wp\/v2\/media?parent=3559"}],"curies":[{"name":"wp","href":"https:\/\/api.w.org\/{rel}","templated":true}]}}