{"id":2697,"date":"2018-10-08T14:48:07","date_gmt":"2018-10-08T17:48:07","guid":{"rendered":"https:\/\/caminhodafe.com.br\/ptbr\/?page_id=2697"},"modified":"2025-03-25T09:12:41","modified_gmt":"2025-03-25T12:12:41","slug":"composicao-do-conselho","status":"publish","type":"page","link":"https:\/\/caminhodafe.com.br\/ptbr\/composicao-do-conselho\/","title":{"rendered":"Conselho Deliberativo, Diretoria Executiva e Conselho Fiscal"},"content":{"rendered":"<section class=\"wpb-content-wrapper\"><p>[vc_row disable_element=&#8221;yes&#8221;][vc_column][vc_column_text]<\/p>\n<h3><span style=\"color: #003366;\">DIRIGENTES E CONSELHEIROS<\/span><\/h3>\n<p>&nbsp;<\/p>\n<h3><span style=\"color: #003366;\">Conselho Deliberativo:<\/span><\/h3>\n<h4>Paulo S\u00e9rgio Miranda<br \/>\nPresidente do Conselho Deliberativo<\/h4>\n<p>Estiva Gerbi\/SP<\/p>\n<p>&nbsp;<\/p>\n<p>&nbsp;<\/p>\n<h4>Solange Vieira dos Santos Abari<br \/>\n1\u00aa Vice-presidente do Conselho Deliberativo<\/h4>\n<p>Ribeir\u00e3o Preto\/SP<\/p>\n<p>&nbsp;<\/p>\n<h4>Thiago Machado Lobo e Silva<br \/>\n2\u00b0 Vice-presidente do Conselho Deliberativo<\/h4>\n<p>Caconde\/SP<\/p>\n<h4>Marcelo Donizeti dos Santos<br \/>\n3\u00b0 Vice-presidente do Conselho Deliberativo<\/h4>\n<p>Cravinhos\/SP<\/p>\n<h4>Ant\u00f4nio Carlos Rodrigues<\/h4>\n<h4>4\u00b0 Vice-presidente do Conselho Deliberativo<\/h4>\n<p>Tamba\u00fa\/SP<\/p>\n<p>&nbsp;<\/p>\n<p>&nbsp;<\/p>\n<h3><span style=\"color: #003366;\">Diretoria Executiva:<\/span><\/h3>\n<h4>Ana Maria Costa Mancini<\/h4>\n<h4>Presidente da Diretoria Executiva<\/h4>\n<p>&nbsp;<\/p>\n<h4>Francisco de Assis Rovielo<\/h4>\n<h4>Vice-Presidente da Diretoria Executiva<\/h4>\n<p>&nbsp;<\/p>\n<h4>Jayme Alves Filho<\/h4>\n<h4>Diretor Administrativo<\/h4>\n<p>&nbsp;<\/p>\n<h4>F\u00e1bio Pinotti<\/h4>\n<h4>Diretor Administrativo Adjunto<\/h4>\n<p>&nbsp;<\/p>\n<h4>Alice de Abreu<\/h4>\n<h4>Diretora Financeira<\/h4>\n<p>&nbsp;<\/p>\n<h4>Cristiano Grings<\/h4>\n<h4>Diretor Financeiro Adjunto<\/h4>\n<p>&nbsp;<\/p>\n<h3><span style=\"color: #003366;\">Conselho Fiscal:<\/span><\/h3>\n<h4>Ferr\u00facio Paulo Cerri<\/h4>\n<h4>Membro Titular<\/h4>\n<p>&nbsp;<\/p>\n<h4>Angela Regina Bonfante Cabrelon da Silva<\/h4>\n<h4>Membro Titular<\/h4>\n<p>&nbsp;<\/p>\n<h4>Jos\u00e9 Renato MussolinValla<\/h4>\n<h4>Membro Titular<\/h4>\n<p>&nbsp;<\/p>\n<h4>Mauro Louren\u00e7o Cavenaghi<\/h4>\n<h4>Membro Substituto<\/h4>\n<p>&nbsp;<\/p>\n<h4>Sibele Lima Vasques Quirino<\/h4>\n<h4>Membro Substituto<\/h4>\n<p>&nbsp;<\/p>\n<h4>Ma\u00e9rcio Santamarina Lopes<\/h4>\n<h4>Membro Substituto<\/h4>\n<p>[\/vc_column_text][\/vc_column][\/vc_row][vc_row][vc_column][vc_column_text]<br \/>\n[\/vc_column_text][\/vc_column][\/vc_row][vc_row][vc_column][vc_column_text]<\/p>\n<h2><span style=\"color: #000080;\">DIRIGENTES E CONSELHEIROS<\/span><\/h2>\n<p>[\/vc_column_text][vc_empty_space][vc_column_text]<\/p>\n<h3><span style=\"color: #0000ff;\">Conselho Deliberativo:<\/span><\/h3>\n<p>[\/vc_column_text][\/vc_column][\/vc_row][vc_row][vc_column width=&#8221;1\/3&#8243;][vc_column_text]<\/p>\n<h2>Paulo S\u00e9rgio Miranda<br \/>\nPresidente do Conselho Deliberativo<\/h2>\n<p>Estiva Gerbi\/SP[\/vc_column_text][vc_single_image image=&#8221;7722&#8243; img_size=&#8221;full&#8221;][\/vc_column][vc_column width=&#8221;1\/3&#8243;][vc_column_text]<\/p>\n<h2>Solange Vieira dos Santos Abari<br \/>\n1\u00aa Vice-presidente do Conselho Deliberativo<\/h2>\n<p>Ribeir\u00e3o Preto\/SP[\/vc_column_text][vc_single_image image=&#8221;7721&#8243; img_size=&#8221;medium&#8221;][\/vc_column][vc_column width=&#8221;1\/3&#8243;][vc_column_text]<\/p>\n<h2>Thiago Machado Lobo e Silva<br \/>\n2\u00b0 Vice-presidente do Conselho Deliberativo<\/h2>\n<p>Caconde\/SP[\/vc_column_text][vc_single_image image=&#8221;7723&#8243; img_size=&#8221;medium&#8221;][\/vc_column][\/vc_row][vc_row][vc_column width=&#8221;1\/3&#8243;][vc_column_text]<\/p>\n<h2>Marcelo Donizeti dos Santos<br \/>\n3\u00b0 Vice-presidente do Conselho Deliberativo<\/h2>\n<p>Cravinhos\/SP[\/vc_column_text][vc_single_image img_size=&#8221;full&#8221;][\/vc_column][vc_column width=&#8221;1\/3&#8243;][vc_column_text]<\/p>\n<h2>Ant\u00f4nio Carlos Rodrigues<\/h2>\n<h2>4\u00b0 Vice-presidente do Conselho Deliberativo<\/h2>\n<p>Tamba\u00fa\/SP[\/vc_column_text][vc_single_image image=&#8221;7720&#8243; img_size=&#8221;medium&#8221;][\/vc_column][\/vc_row][vc_row][vc_column][vc_separator color=&#8221;blue&#8221; border_width=&#8221;3&#8243;][vc_column_text]<\/p>\n<h3><span style=\"color: #0000ff;\">Diretoria Executiva:<\/span><\/h3>\n<p>[\/vc_column_text][\/vc_column][\/vc_row][vc_row][vc_column width=&#8221;1\/3&#8243;][vc_column_text]<\/p>\n<h2>Jayme Alves Filho<\/h2>\n<h2>Presidente da Diretoria Executiva<\/h2>\n<p>[\/vc_column_text][vc_single_image image=&#8221;7829&#8243; img_size=&#8221;medium&#8221;][\/vc_column][vc_column width=&#8221;1\/3&#8243;][\/vc_column][vc_column width=&#8221;1\/3&#8243;][\/vc_column][\/vc_row][vc_row][vc_column width=&#8221;1\/3&#8243;][vc_column_text]<\/p>\n<h2>Ana Maria Costa Mancini Grings<\/h2>\n<h2>Diretora Financeira<\/h2>\n<p>[\/vc_column_text][vc_single_image img_size=&#8221;full&#8221;][\/vc_column][vc_column width=&#8221;1\/3&#8243;][vc_column_text]<\/p>\n<h2>Alice de Abreu<\/h2>\n<h2>Diretora Financeira Adjunta<\/h2>\n<p>[\/vc_column_text][vc_single_image image=&#8221;7739&#8243; img_size=&#8221;medium&#8221;][\/vc_column][vc_column width=&#8221;1\/3&#8243;][\/vc_column][\/vc_row][vc_row][vc_column width=&#8221;1\/3&#8243;][vc_column_text]<\/p>\n<h2>Francisco de Assis Rovielo<\/h2>\n<h2>Diretor Administrativo<\/h2>\n<p>[\/vc_column_text][vc_single_image image=&#8221;7725&#8243; img_size=&#8221;medium&#8221;][\/vc_column][vc_column width=&#8221;1\/3&#8243;][\/vc_column][\/vc_row][vc_row][vc_column][vc_separator color=&#8221;blue&#8221; border_width=&#8221;3&#8243;][vc_column_text]<\/p>\n<h3><span style=\"color: #0000ff;\">Conselho Fiscal:<\/span><\/h3>\n<p>[\/vc_column_text][\/vc_column][\/vc_row][vc_row][vc_column width=&#8221;1\/3&#8243;][vc_column_text]<\/p>\n<h2>Ferr\u00facio Paulo Cerri<\/h2>\n<h2>Membro Titular<\/h2>\n<p>[\/vc_column_text][vc_single_image img_size=&#8221;full&#8221;][\/vc_column][vc_column width=&#8221;1\/3&#8243;][vc_column_text]<\/p>\n<h2>Angela Regina Bonfante Cabrelon da Silva<\/h2>\n<h2>Membro Titular<\/h2>\n<p>[\/vc_column_text][vc_single_image image=&#8221;7728&#8243; img_size=&#8221;medium&#8221;][\/vc_column][vc_column width=&#8221;1\/3&#8243;][vc_column_text]<\/p>\n<h2>Jos\u00e9 Renato MussolinValla<\/h2>\n<h2>Membro Titular<\/h2>\n<p>[\/vc_column_text][vc_single_image image=&#8221;7729&#8243; img_size=&#8221;medium&#8221;][\/vc_column][\/vc_row][vc_row][vc_column width=&#8221;1\/3&#8243;][vc_column_text]<\/p>\n<h2>Mauro Louren\u00e7o Cavenaghi<\/h2>\n<h2>Membro Substituto<\/h2>\n<p>[\/vc_column_text][vc_single_image image=&#8221;7731&#8243; img_size=&#8221;full&#8221;][\/vc_column][vc_column width=&#8221;1\/3&#8243;][vc_column_text]<\/p>\n<h2>M\u00e1rio Lacerda<\/h2>\n<h2>Membro Substituto<\/h2>\n<p>[\/vc_column_text][\/vc_column][vc_column width=&#8221;1\/3&#8243;][vc_column_text]<\/p>\n<h2>Ma\u00e9rcio Santamarina Lopes<\/h2>\n<h2>Membro Substituto<\/h2>\n<p>[\/vc_column_text][vc_single_image image=&#8221;7724&#8243; img_size=&#8221;medium&#8221;][\/vc_column][\/vc_row]<\/p>\n<\/section>","protected":false},"excerpt":{"rendered":"<p>[vc_row disable_element=&#8221;yes&#8221;][vc_column][vc_column_text] DIRIGENTES E CONSELHEIROS &nbsp; Conselho Deliberativo: Paulo S\u00e9rgio Miranda Presidente do Conselho Deliberativo Estiva Gerbi\/SP &nbsp; &nbsp; Solange Vieira dos Santos Abari 1\u00aa Vice-presidente do Conselho Deliberativo Ribeir\u00e3o Preto\/SP &nbsp; Thiago Machado Lobo e Silva 2\u00b0 Vice-presidente do Conselho Deliberativo Caconde\/SP Marcelo Donizeti dos Santos 3\u00b0 Vice-presidente do Conselho Deliberativo Cravinhos\/SP Ant\u00f4nio Carlos Rodrigues 4\u00b0 Vice-presidente do Conselho Deliberativo Tamba\u00fa\/SP &nbsp; &nbsp; Diretoria Executiva: Ana Maria Costa Mancini Presidente da Diretoria Executiva &nbsp; Francisco de Assis Rovielo Vice-Presidente da Diretoria Executiva &nbsp; Jayme Alves Filho Diretor Administrativo &nbsp; F\u00e1bio Pinotti Diretor Administrativo Adjunto &nbsp; Alice de Abreu Diretora Financeira &nbsp; Cristiano Grings Diretor Financeiro Adjunto &nbsp; Conselho Fiscal: Ferr\u00facio Paulo Cerri Membro Titular &nbsp; Angela Regina Bonfante Cabrelon da Silva Membro Titular &nbsp; Jos\u00e9 Renato MussolinValla Membro Titular &nbsp; Mauro Louren\u00e7o Cavenaghi Membro Substituto &nbsp; Sibele Lima Vasques Quirino Membro Substituto &nbsp; Ma\u00e9rcio Santamarina Lopes Membro Substituto [\/vc_column_text][\/vc_column][\/vc_row][vc_row][vc_column][vc_column_text] [\/vc_column_text][\/vc_column][\/vc_row][vc_row][vc_column][vc_column_text] DIRIGENTES E CONSELHEIROS [\/vc_column_text][vc_empty_space][vc_column_text] Conselho Deliberativo: [\/vc_column_text][\/vc_column][\/vc_row][vc_row][vc_column width=&#8221;1\/3&#8243;][vc_column_text] Paulo S\u00e9rgio Miranda Presidente do Conselho Deliberativo Estiva Gerbi\/SP[\/vc_column_text][vc_single_image image=&#8221;7722&#8243; img_size=&#8221;full&#8221;][\/vc_column][vc_column width=&#8221;1\/3&#8243;][vc_column_text] Solange Vieira dos Santos Abari 1\u00aa Vice-presidente do Conselho Deliberativo Ribeir\u00e3o Preto\/SP[\/vc_column_text][vc_single_image image=&#8221;7721&#8243; img_size=&#8221;medium&#8221;][\/vc_column][vc_column width=&#8221;1\/3&#8243;][vc_column_text] Thiago Machado Lobo e Silva 2\u00b0 Vice-presidente do Conselho Deliberativo Caconde\/SP[\/vc_column_text][vc_single_image image=&#8221;7723&#8243; img_size=&#8221;medium&#8221;][\/vc_column][\/vc_row][vc_row][vc_column width=&#8221;1\/3&#8243;][vc_column_text] Marcelo Donizeti dos Santos 3\u00b0 Vice-presidente do Conselho Deliberativo Cravinhos\/SP[\/vc_column_text][vc_single_image img_size=&#8221;full&#8221;][\/vc_column][vc_column width=&#8221;1\/3&#8243;][vc_column_text] Ant\u00f4nio Carlos Rodrigues 4\u00b0 Vice-presidente do Conselho Deliberativo Tamba\u00fa\/SP[\/vc_column_text][vc_single_image image=&#8221;7720&#8243; img_size=&#8221;medium&#8221;][\/vc_column][\/vc_row][vc_row][vc_column][vc_separator color=&#8221;blue&#8221; border_width=&#8221;3&#8243;][vc_column_text] Diretoria Executiva: [\/vc_column_text][\/vc_column][\/vc_row][vc_row][vc_column width=&#8221;1\/3&#8243;][vc_column_text] Jayme Alves Filho Presidente da Diretoria Executiva [\/vc_column_text][vc_single_image image=&#8221;7829&#8243; img_size=&#8221;medium&#8221;][\/vc_column][vc_column width=&#8221;1\/3&#8243;][\/vc_column][vc_column width=&#8221;1\/3&#8243;][\/vc_column][\/vc_row][vc_row][vc_column width=&#8221;1\/3&#8243;][vc_column_text] Ana Maria Costa Mancini Grings Diretora Financeira [\/vc_column_text][vc_single_image img_size=&#8221;full&#8221;][\/vc_column][vc_column width=&#8221;1\/3&#8243;][vc_column_text] Alice de Abreu Diretora Financeira Adjunta [\/vc_column_text][vc_single_image image=&#8221;7739&#8243; img_size=&#8221;medium&#8221;][\/vc_column][vc_column width=&#8221;1\/3&#8243;][\/vc_column][\/vc_row][vc_row][vc_column width=&#8221;1\/3&#8243;][vc_column_text] Francisco de Assis Rovielo Diretor Administrativo [\/vc_column_text][vc_single_image image=&#8221;7725&#8243; img_size=&#8221;medium&#8221;][\/vc_column][vc_column width=&#8221;1\/3&#8243;][\/vc_column][\/vc_row][vc_row][vc_column][vc_separator color=&#8221;blue&#8221; border_width=&#8221;3&#8243;][vc_column_text] Conselho Fiscal: [\/vc_column_text][\/vc_column][\/vc_row][vc_row][vc_column width=&#8221;1\/3&#8243;][vc_column_text] Ferr\u00facio Paulo Cerri Membro Titular [\/vc_column_text][vc_single_image img_size=&#8221;full&#8221;][\/vc_column][vc_column width=&#8221;1\/3&#8243;][vc_column_text] Angela Regina Bonfante Cabrelon da Silva Membro Titular [\/vc_column_text][vc_single_image image=&#8221;7728&#8243; img_size=&#8221;medium&#8221;][\/vc_column][vc_column width=&#8221;1\/3&#8243;][vc_column_text] Jos\u00e9 Renato MussolinValla Membro Titular [\/vc_column_text][vc_single_image image=&#8221;7729&#8243; img_size=&#8221;medium&#8221;][\/vc_column][\/vc_row][vc_row][vc_column width=&#8221;1\/3&#8243;][vc_column_text] Mauro Louren\u00e7o Cavenaghi Membro Substituto [\/vc_column_text][vc_single_image image=&#8221;7731&#8243; img_size=&#8221;full&#8221;][\/vc_column][vc_column width=&#8221;1\/3&#8243;][vc_column_text] M\u00e1rio Lacerda Membro Substituto [\/vc_column_text][\/vc_column][vc_column width=&#8221;1\/3&#8243;][vc_column_text] Ma\u00e9rcio Santamarina Lopes Membro Substituto [\/vc_column_text][vc_single_image image=&#8221;7724&#8243; img_size=&#8221;medium&#8221;][\/vc_column][\/vc_row]<\/p>\n","protected":false},"author":1,"featured_media":0,"parent":0,"menu_order":0,"comment_status":"closed","ping_status":"closed","template":"","meta":{"content-type":"","_monsterinsights_skip_tracking":false,"_monsterinsights_sitenote_active":false,"_monsterinsights_sitenote_note":"","_monsterinsights_sitenote_category":0,"footnotes":""},"class_list":["post-2697","page","type-page","status-publish","hentry"],"_links":{"self":[{"href":"https:\/\/caminhodafe.com.br\/ptbr\/wp-json\/wp\/v2\/pages\/2697","targetHints":{"allow":["GET"]}}],"collection":[{"href":"https:\/\/caminhodafe.com.br\/ptbr\/wp-json\/wp\/v2\/pages"}],"about":[{"href":"https:\/\/caminhodafe.com.br\/ptbr\/wp-json\/wp\/v2\/types\/page"}],"author":[{"embeddable":true,"href":"https:\/\/caminhodafe.com.br\/ptbr\/wp-json\/wp\/v2\/users\/1"}],"replies":[{"embeddable":true,"href":"https:\/\/caminhodafe.com.br\/ptbr\/wp-json\/wp\/v2\/comments?post=2697"}],"version-history":[{"count":11,"href":"https:\/\/caminhodafe.com.br\/ptbr\/wp-json\/wp\/v2\/pages\/2697\/revisions"}],"predecessor-version":[{"id":9987,"href":"https:\/\/caminhodafe.com.br\/ptbr\/wp-json\/wp\/v2\/pages\/2697\/revisions\/9987"}],"wp:attachment":[{"href":"https:\/\/caminhodafe.com.br\/ptbr\/wp-json\/wp\/v2\/media?parent=2697"}],"curies":[{"name":"wp","href":"https:\/\/api.w.org\/{rel}","templated":true}]}}