{"id":2687,"date":"2018-10-02T18:50:56","date_gmt":"2018-10-02T21:50:56","guid":{"rendered":"https:\/\/caminhodafe.com.br\/ptbr\/?page_id=2687"},"modified":"2022-10-19T16:44:40","modified_gmt":"2022-10-19T19:44:40","slug":"missao","status":"publish","type":"page","link":"https:\/\/caminhodafe.com.br\/ptbr\/missao\/","title":{"rendered":"Teoria da Mudan\u00e7a"},"content":{"rendered":"<section class=\"wpb-content-wrapper\"><p>[vc_row disable_element=&#8221;yes&#8221;][vc_column][vc_column_text]<\/p>\n<div class=\"gdl-header-wrapper \">\n<h2><strong><span style=\"color: #000080;\">Miss\u00e3o<\/span><\/strong><\/h2>\n<\/div>\n<div class=\"gdl-column-item\">\n<h5>Proporcionar uma peregrina\u00e7\u00e3o segura e acess\u00edvel a quem por meio dela busque a renova\u00e7\u00e3o da f\u00e9 e o autoconhecimento disponibilizando infraestrutura adequada e uma trilha com condi\u00e7\u00f5es favor\u00e1veis.<\/h5>\n<h2><strong><span style=\"color: #000080;\">Vis\u00e3o<\/span><\/strong><\/h2>\n<ul>\n<li>\n<h5>Rela\u00e7\u00e3o de Transpar\u00eancia e Confian\u00e7a<\/h5>\n<\/li>\n<li>\n<h5>Respeito ao Pr\u00f3ximo<\/h5>\n<\/li>\n<li>\n<h5>Cuidado com o Meio Ambiente<\/h5>\n<\/li>\n<li>\n<h5>Humildade<\/h5>\n<\/li>\n<\/ul>\n<\/div>\n<p>[\/vc_column_text][\/vc_column][\/vc_row][vc_row][vc_column][vc_single_image image=&#8221;7658&#8243; img_size=&#8221;full&#8221; alignment=&#8221;center&#8221;][vc_separator color=&#8221;blue&#8221; border_width=&#8221;3&#8243;][vc_single_image image=&#8221;7659&#8243; img_size=&#8221;full&#8221; alignment=&#8221;center&#8221;][vc_separator color=&#8221;blue&#8221; border_width=&#8221;3&#8243;][vc_single_image image=&#8221;7660&#8243; img_size=&#8221;full&#8221; alignment=&#8221;center&#8221;][vc_separator color=&#8221;blue&#8221; border_width=&#8221;3&#8243;][vc_single_image image=&#8221;7661&#8243; img_size=&#8221;full&#8221; alignment=&#8221;center&#8221;][vc_separator color=&#8221;blue&#8221; border_width=&#8221;3&#8243;][vc_single_image image=&#8221;7662&#8243; img_size=&#8221;full&#8221; alignment=&#8221;center&#8221;][vc_separator color=&#8221;blue&#8221; border_width=&#8221;3&#8243;][vc_single_image image=&#8221;7663&#8243; img_size=&#8221;full&#8221; alignment=&#8221;center&#8221;][vc_separator color=&#8221;blue&#8221; border_width=&#8221;3&#8243;][vc_single_image image=&#8221;7656&#8243; img_size=&#8221;full&#8221; alignment=&#8221;center&#8221;][vc_separator color=&#8221;blue&#8221; border_width=&#8221;3&#8243;][vc_single_image image=&#8221;7657&#8243; img_size=&#8221;full&#8221; alignment=&#8221;center&#8221;][\/vc_column][\/vc_row]<\/p>\n<\/section>","protected":false},"excerpt":{"rendered":"<p>[vc_row disable_element=&#8221;yes&#8221;][vc_column][vc_column_text] Miss\u00e3o Proporcionar uma peregrina\u00e7\u00e3o segura e acess\u00edvel a quem por meio dela busque a renova\u00e7\u00e3o da f\u00e9 e o autoconhecimento disponibilizando infraestrutura adequada e uma trilha com condi\u00e7\u00f5es favor\u00e1veis. Vis\u00e3o Rela\u00e7\u00e3o de Transpar\u00eancia e Confian\u00e7a Respeito ao Pr\u00f3ximo Cuidado com o Meio Ambiente Humildade [\/vc_column_text][\/vc_column][\/vc_row][vc_row][vc_column][vc_single_image image=&#8221;7658&#8243; img_size=&#8221;full&#8221; alignment=&#8221;center&#8221;][vc_separator color=&#8221;blue&#8221; border_width=&#8221;3&#8243;][vc_single_image image=&#8221;7659&#8243; img_size=&#8221;full&#8221; alignment=&#8221;center&#8221;][vc_separator color=&#8221;blue&#8221; border_width=&#8221;3&#8243;][vc_single_image image=&#8221;7660&#8243; img_size=&#8221;full&#8221; alignment=&#8221;center&#8221;][vc_separator color=&#8221;blue&#8221; border_width=&#8221;3&#8243;][vc_single_image image=&#8221;7661&#8243; img_size=&#8221;full&#8221; alignment=&#8221;center&#8221;][vc_separator color=&#8221;blue&#8221; border_width=&#8221;3&#8243;][vc_single_image image=&#8221;7662&#8243; img_size=&#8221;full&#8221; alignment=&#8221;center&#8221;][vc_separator color=&#8221;blue&#8221; border_width=&#8221;3&#8243;][vc_single_image image=&#8221;7663&#8243; img_size=&#8221;full&#8221; alignment=&#8221;center&#8221;][vc_separator color=&#8221;blue&#8221; border_width=&#8221;3&#8243;][vc_single_image image=&#8221;7656&#8243; img_size=&#8221;full&#8221; alignment=&#8221;center&#8221;][vc_separator color=&#8221;blue&#8221; border_width=&#8221;3&#8243;][vc_single_image image=&#8221;7657&#8243; img_size=&#8221;full&#8221; alignment=&#8221;center&#8221;][\/vc_column][\/vc_row]<\/p>\n","protected":false},"author":1,"featured_media":0,"parent":0,"menu_order":0,"comment_status":"closed","ping_status":"closed","template":"","meta":{"content-type":"","_monsterinsights_skip_tracking":false,"_monsterinsights_sitenote_active":false,"_monsterinsights_sitenote_note":"","_monsterinsights_sitenote_category":0,"footnotes":""},"class_list":["post-2687","page","type-page","status-publish","hentry"],"_links":{"self":[{"href":"https:\/\/caminhodafe.com.br\/ptbr\/wp-json\/wp\/v2\/pages\/2687","targetHints":{"allow":["GET"]}}],"collection":[{"href":"https:\/\/caminhodafe.com.br\/ptbr\/wp-json\/wp\/v2\/pages"}],"about":[{"href":"https:\/\/caminhodafe.com.br\/ptbr\/wp-json\/wp\/v2\/types\/page"}],"author":[{"embeddable":true,"href":"https:\/\/caminhodafe.com.br\/ptbr\/wp-json\/wp\/v2\/users\/1"}],"replies":[{"embeddable":true,"href":"https:\/\/caminhodafe.com.br\/ptbr\/wp-json\/wp\/v2\/comments?post=2687"}],"version-history":[{"count":2,"href":"https:\/\/caminhodafe.com.br\/ptbr\/wp-json\/wp\/v2\/pages\/2687\/revisions"}],"predecessor-version":[{"id":7655,"href":"https:\/\/caminhodafe.com.br\/ptbr\/wp-json\/wp\/v2\/pages\/2687\/revisions\/7655"}],"wp:attachment":[{"href":"https:\/\/caminhodafe.com.br\/ptbr\/wp-json\/wp\/v2\/media?parent=2687"}],"curies":[{"name":"wp","href":"https:\/\/api.w.org\/{rel}","templated":true}]}}