{"id":2542,"date":"2018-08-27T13:27:04","date_gmt":"2018-08-27T16:27:04","guid":{"rendered":"https:\/\/caminhodafe.com.br\/ptbr\/?page_id=2542"},"modified":"2018-10-12T23:01:43","modified_gmt":"2018-10-13T02:01:43","slug":"transparencia","status":"publish","type":"page","link":"https:\/\/caminhodafe.com.br\/ptbr\/transparencia\/","title":{"rendered":"Transpar\u00eancia"},"content":{"rendered":"<div id=\"le_body_row_4_col_1\" class=\"one-half column cols\">\n<div id=\"le_body_row_4_col_1_el_1\" class=\"element-container cf\" data-style=\"\">\n<div class=\"element\">\n<h3 style=\"text-align: center;\"><span style=\"color: #000080;\"><strong>TRANSPAR\u00caNCIA &#8211; CAMINHO DA F\u00c9<\/strong><\/span><\/h3>\n<h4><\/h4>\n<h4><strong>O Portal Transpar\u00eancia, da Associa\u00e7\u00e3o do Amigos do Caminho da F\u00e9, \u00e9 um canal de divulga\u00e7\u00e3o de todo o sistema de gest\u00e3o da Institui\u00e7\u00e3o. <\/strong><\/h4>\n<h4><strong>Deixamos dispon\u00edveis para consulta, documentos que demonstram a rela\u00e7\u00e3o da AACF junto \u00e0s prefeituras municipais, que s\u00e3o nossos parceiros, e informa\u00e7\u00f5es sobre o exerc\u00edcio fiscal da Institui\u00e7\u00e3o.<\/strong><\/h4>\n<h4><strong>Tamb\u00e9m disponibilizamos para consulta, documentos de base que estabelecem normas e regras para o funcionamento legal da mesma, assim como relat\u00f3rios t\u00e9cnicos que apresentam nosso sistema operacional e de fomento.<\/strong><\/h4>\n<h4><strong>Aqui voc\u00ea encontrar\u00e1 a rela\u00e7\u00e3o jur\u00eddica com a prefeituras, assim como documenta\u00e7\u00e3o de presta\u00e7\u00e3o de contas, demonstrando a utiliza\u00e7\u00e3o do recurso conforme estabelecido no plano de trabalho anual.<\/strong><\/h4>\n<\/div>\n<\/div>\n<\/div>\n<div id=\"le_body_row_4_col_2\" class=\"one-half column cols\">\n<div id=\"le_body_row_4_col_2_el_1\" class=\"element-container cf\" data-style=\"\">\n<div class=\"element\">\n<p>&nbsp;<\/p>\n<\/div>\n<\/div>\n<\/div>\n","protected":false},"excerpt":{"rendered":"<p>TRANSPAR\u00caNCIA &#8211; CAMINHO DA F\u00c9 O Portal Transpar\u00eancia, da Associa\u00e7\u00e3o do Amigos do Caminho da F\u00e9, \u00e9 um canal de divulga\u00e7\u00e3o de todo o sistema de gest\u00e3o da Institui\u00e7\u00e3o. Deixamos dispon\u00edveis para consulta, documentos que demonstram a rela\u00e7\u00e3o da AACF junto \u00e0s prefeituras municipais, que s\u00e3o nossos parceiros, e informa\u00e7\u00f5es sobre o exerc\u00edcio fiscal da Institui\u00e7\u00e3o. Tamb\u00e9m disponibilizamos para consulta, documentos de base que estabelecem normas e regras para o funcionamento legal da mesma, assim como relat\u00f3rios t\u00e9cnicos que apresentam nosso sistema operacional e de fomento. Aqui voc\u00ea encontrar\u00e1 a rela\u00e7\u00e3o jur\u00eddica com a prefeituras, assim como documenta\u00e7\u00e3o de presta\u00e7\u00e3o de contas, demonstrando a utiliza\u00e7\u00e3o do recurso conforme estabelecido no plano de trabalho anual. &nbsp;<\/p>\n","protected":false},"author":1,"featured_media":0,"parent":0,"menu_order":0,"comment_status":"closed","ping_status":"closed","template":"","meta":{"content-type":"","_monsterinsights_skip_tracking":false,"_monsterinsights_sitenote_active":false,"_monsterinsights_sitenote_note":"","_monsterinsights_sitenote_category":0,"footnotes":""},"class_list":["post-2542","page","type-page","status-publish","hentry"],"_links":{"self":[{"href":"https:\/\/caminhodafe.com.br\/ptbr\/wp-json\/wp\/v2\/pages\/2542","targetHints":{"allow":["GET"]}}],"collection":[{"href":"https:\/\/caminhodafe.com.br\/ptbr\/wp-json\/wp\/v2\/pages"}],"about":[{"href":"https:\/\/caminhodafe.com.br\/ptbr\/wp-json\/wp\/v2\/types\/page"}],"author":[{"embeddable":true,"href":"https:\/\/caminhodafe.com.br\/ptbr\/wp-json\/wp\/v2\/users\/1"}],"replies":[{"embeddable":true,"href":"https:\/\/caminhodafe.com.br\/ptbr\/wp-json\/wp\/v2\/comments?post=2542"}],"version-history":[{"count":0,"href":"https:\/\/caminhodafe.com.br\/ptbr\/wp-json\/wp\/v2\/pages\/2542\/revisions"}],"wp:attachment":[{"href":"https:\/\/caminhodafe.com.br\/ptbr\/wp-json\/wp\/v2\/media?parent=2542"}],"curies":[{"name":"wp","href":"https:\/\/api.w.org\/{rel}","templated":true}]}}