{"id":2,"date":"2016-12-20T09:50:57","date_gmt":"2016-12-20T11:50:57","guid":{"rendered":"http:\/\/caminhodafe.com.br\/ptbr\/?page_id=2"},"modified":"2026-04-13T08:47:32","modified_gmt":"2026-04-13T11:47:32","slug":"pagina-exemplo-2-2","status":"publish","type":"page","link":"https:\/\/caminhodafe.com.br\/ptbr\/","title":{"rendered":"Home"},"content":{"rendered":"<section class=\"wpb-content-wrapper\"><p>[vc_row css=&#8221;.vc_custom_1737563818642{background-color: #5b8a9e !important;}&#8221;][vc_column][vc_column_text]<\/p>\n<h2 style=\"text-align: center;\"><span style=\"color: #000080;\">COMUNICADOS<\/span><\/h2>\n<p>[\/vc_column_text][vc_single_image image=&#8221;11765&#8243; img_size=&#8221;400&#215;600&#8243; alignment=&#8221;center&#8221; onclick=&#8221;link_image&#8221;][\/vc_column][\/vc_row][vc_row css=&#8221;.vc_custom_1758141135967{background-color: #98d66d !important;}&#8221;][vc_column][\/vc_column][\/vc_row][vc_row css=&#8221;.vc_custom_1712926950640{background-color: #156fbf !important;}&#8221;][vc_column width=&#8221;1\/3&#8243;][vc_empty_space][vc_single_image image=&#8221;9502&#8243; img_size=&#8221;500&#215;500&#8243; alignment=&#8221;center&#8221; onclick=&#8221;custom_link&#8221; link=&#8221;https:\/\/caminhodafe.com.br\/ptbr\/no-caminho-da-dignidade\/&#8221; title=&#8221;No Caminho da dignidade&#8221;][vc_btn title=&#8221;SAIBA COMO COLABORAR&#8221; color=&#8221;green&#8221; align=&#8221;center&#8221; button_block=&#8221;true&#8221; link=&#8221;url:https%3A%2F%2Fcaminhodafe.com.br%2Fptbr%2Fno-caminho-da-dignidade%2F|title:No%20Caminho%20da%20dignidade|target:%20_blank|&#8221;][\/vc_column][vc_column width=&#8221;1\/3&#8243;][vc_empty_space][vc_single_image image=&#8221;8965&#8243; img_size=&#8221;500&#215;500&#8243; alignment=&#8221;center&#8221; onclick=&#8221;custom_link&#8221; link=&#8221;https:\/\/caminhodafe.com.br\/ptbr\/blog\/2024\/04\/10\/seguro-avent\/&#8221; title=&#8221;SEGURO AVENTURA&#8221;][vc_btn title=&#8221;CLIQUE PARA CONTRATAR SEU SEGURO&#8221; color=&#8221;green&#8221; align=&#8221;center&#8221; button_block=&#8221;true&#8221; link=&#8221;url:https%3A%2F%2Fseguroaventura.com.br%2Fcontratar-day-use%2F%3Fa%3Damigos-caminho-fe||target:%20_blank|&#8221;][vc_btn title=&#8221;CLIQUE PARA MAIORES INFORMA\u00c7\u00d5ES&#8221; color=&#8221;green&#8221; align=&#8221;center&#8221; button_block=&#8221;true&#8221; link=&#8221;url:https%3A%2F%2Fcaminhodafe.com.br%2Fptbr%2Fblog%2F2024%2F04%2F10%2Fseguro-avent%2F|title:SEGURO%20AVENTURA|target:%20_blank|&#8221;][\/vc_column][vc_column width=&#8221;1\/3&#8243;][vc_empty_space][vc_single_image image=&#8221;8983&#8243; img_size=&#8221;500&#215;500&#8243; alignment=&#8221;center&#8221; onclick=&#8221;custom_link&#8221; title=&#8221;CREDENCIAIS&#8221; link=&#8221;https:\/\/caminhodafe.com.br\/ptbr\/credenciais-2\/&#8221;][vc_btn title=&#8221;CLIQUE PARA SABER TUDO SOBRE A CREDENCIAL&#8221; color=&#8221;green&#8221; align=&#8221;center&#8221; button_block=&#8221;true&#8221; link=&#8221;url:https%3A%2F%2Fcaminhodafe.com.br%2Fptbr%2Fcredenciais-2%2F|title:Caminho%20da%20F%C3%A9%20registrou%20mais%20de%203.600%20ciclistas%20em%20apenas%20um%20m%C3%AAs|target:%20_blank|&#8221;][\/vc_column][\/vc_row][vc_row][vc_column][vc_empty_space][vc_separator color=&#8221;blue&#8221; border_width=&#8221;3&#8243;][vc_empty_space][vc_column_text]<\/p>\n<h2 class=\"sc-1udf0fz-0 etxhCy\" style=\"text-align: center;\"><span style=\"color: #000080;\">OPERADORES CREDENCIADOS<\/span><\/h2>\n<p>[\/vc_column_text][\/vc_column][\/vc_row][vc_row][vc_column][vc_empty_space height=&#8221;20px&#8221;][vc_column_text]<\/p>\n<h3>Conhe\u00e7a os operadores credenciados pelo Caminho da F\u00e9 para dar suporte aos peregrinos.<\/h3>\n<h3>Disponibilizamos informa\u00e7\u00f5es b\u00e1sicas sobre o trabalho realizado por eles. A contrata\u00e7\u00e3o, an\u00e1lise de servi\u00e7os e pre\u00e7os \u00e9 feita diretamente com os prestadores de servi\u00e7o conforme sua necessidade e desejo.<\/h3>\n<h3>Cada operador \u00e9 respons\u00e1vel pelas informa\u00e7\u00f5es oferecidas e nosso papel \u00e9 o de conectar essa rela\u00e7\u00e3o com os peregrinos, assim como j\u00e1 fazemos com a rela\u00e7\u00e3o de pousadas.<\/h3>\n<p>[\/vc_column_text][\/vc_column][\/vc_row][vc_row][vc_column][vc_btn title=&#8221;Conhecer operadores&#8221; color=&#8221;success&#8221; align=&#8221;center&#8221; link=&#8221;url:https%3A%2F%2Fcaminhodafe.com.br%2Fptbr%2Foperadores-credenciados%2F|||&#8221;][vc_empty_space][vc_separator color=&#8221;blue&#8221; border_width=&#8221;3&#8243;][vc_column_text]<\/p>\n<h2 class=\"sc-1udf0fz-0 etxhCy\" style=\"text-align: center;\"><span style=\"color: #000080;\">LOJA DO CAMINHO<\/span><\/h2>\n<p>[\/vc_column_text][\/vc_column][\/vc_row][vc_row][vc_column width=&#8221;1\/3&#8243;][vc_single_image image=&#8221;9575&#8243; alignment=&#8221;center&#8221; onclick=&#8221;custom_link&#8221; link=&#8221;https:\/\/caminhodafe.com.br\/ptbr\/adesivo-eu-fui\/&#8221;][vc_column_text]<\/p>\n<h2 class=\"product-name\" style=\"text-align: center;\"><span style=\"color: #000080;\">ADESIVO &#8220;EU FUI&#8221;<\/span><\/h2>\n<p>[\/vc_column_text][vc_btn title=&#8221;Ver produto&#8221; color=&#8221;success&#8221; align=&#8221;center&#8221; link=&#8221;url:https%3A%2F%2Fcaminhodafe.com.br%2Fptbr%2Fadesivo-eu-fui%2F|title:ADESIVO%20%E2%80%9CEU%20FUI%E2%80%9D&#8221;][\/vc_column][vc_column width=&#8221;1\/3&#8243;][vc_single_image image=&#8221;9109&#8243; alignment=&#8221;center&#8221; onclick=&#8221;custom_link&#8221; link=&#8221;https:\/\/caminhodafe.com.br\/ptbr\/bone-do-caminho-da-fe\/&#8221;][vc_column_text]<\/p>\n<h2 style=\"text-align: center;\"><span style=\"color: #333399;\">BON\u00c9 DO CAMINHO DA F\u00c9<\/span><\/h2>\n<p>[\/vc_column_text][vc_btn title=&#8221;Ver produto&#8221; color=&#8221;success&#8221; align=&#8221;center&#8221; link=&#8221;url:https%3A%2F%2Fcaminhodafe.com.br%2Fptbr%2Fbones%2F|||&#8221;][vc_empty_space][vc_btn title=&#8221;Visitar a Loja&#8221; color=&#8221;primary&#8221; size=&#8221;lg&#8221; align=&#8221;center&#8221; link=&#8221;url:https%3A%2F%2Fcaminhodafe.com.br%2Fptbr%2Floja%2F|||&#8221;][\/vc_column][vc_column width=&#8221;1\/3&#8243;][vc_single_image image=&#8221;8763&#8243; alignment=&#8221;center&#8221; onclick=&#8221;custom_link&#8221; link=&#8221;https:\/\/caminhodafe.com.br\/ptbr\/meia-caminho-da-fe\/&#8221;][vc_column_text]<\/p>\n<h2 style=\"text-align: center;\"><span style=\"color: #333399;\">MEIA CAMINHO DA F\u00c9<\/span><\/h2>\n<p>[\/vc_column_text][vc_btn title=&#8221;Ver produto&#8221; color=&#8221;success&#8221; align=&#8221;center&#8221; link=&#8221;url:https%3A%2F%2Fcaminhodafe.com.br%2Fptbr%2Fmeia-caminho-da-fe%2F|title:MEIA%20CAMINHO%20DA%20F%C3%89||&#8221;][\/vc_column][\/vc_row]<\/p>\n<\/section>","protected":false},"excerpt":{"rendered":"<p>[vc_row css=&#8221;.vc_custom_1737563818642{background-color: #5b8a9e !important;}&#8221;][vc_column][vc_column_text] COMUNICADOS [\/vc_column_text][vc_single_image image=&#8221;11765&#8243; img_size=&#8221;400&#215;600&#8243; alignment=&#8221;center&#8221; onclick=&#8221;link_image&#8221;][\/vc_column][\/vc_row][vc_row css=&#8221;.vc_custom_1758141135967{background-color: #98d66d !important;}&#8221;][vc_column][\/vc_column][\/vc_row][vc_row css=&#8221;.vc_custom_1712926950640{background-color: #156fbf !important;}&#8221;][vc_column width=&#8221;1\/3&#8243;][vc_empty_space][vc_single_image image=&#8221;9502&#8243; img_size=&#8221;500&#215;500&#8243; alignment=&#8221;center&#8221; onclick=&#8221;custom_link&#8221; link=&#8221;https:\/\/caminhodafe.com.br\/ptbr\/no-caminho-da-dignidade\/&#8221; title=&#8221;No Caminho da dignidade&#8221;][vc_btn title=&#8221;SAIBA COMO COLABORAR&#8221; color=&#8221;green&#8221; align=&#8221;center&#8221; button_block=&#8221;true&#8221; link=&#8221;url:https%3A%2F%2Fcaminhodafe.com.br%2Fptbr%2Fno-caminho-da-dignidade%2F|title:No%20Caminho%20da%20dignidade|target:%20_blank|&#8221;][\/vc_column][vc_column width=&#8221;1\/3&#8243;][vc_empty_space][vc_single_image image=&#8221;8965&#8243; img_size=&#8221;500&#215;500&#8243; alignment=&#8221;center&#8221; onclick=&#8221;custom_link&#8221; link=&#8221;https:\/\/caminhodafe.com.br\/ptbr\/blog\/2024\/04\/10\/seguro-avent\/&#8221; title=&#8221;SEGURO AVENTURA&#8221;][vc_btn title=&#8221;CLIQUE PARA CONTRATAR SEU SEGURO&#8221; color=&#8221;green&#8221; align=&#8221;center&#8221; button_block=&#8221;true&#8221; link=&#8221;url:https%3A%2F%2Fseguroaventura.com.br%2Fcontratar-day-use%2F%3Fa%3Damigos-caminho-fe||target:%20_blank|&#8221;][vc_btn title=&#8221;CLIQUE PARA MAIORES INFORMA\u00c7\u00d5ES&#8221; color=&#8221;green&#8221; align=&#8221;center&#8221; button_block=&#8221;true&#8221; link=&#8221;url:https%3A%2F%2Fcaminhodafe.com.br%2Fptbr%2Fblog%2F2024%2F04%2F10%2Fseguro-avent%2F|title:SEGURO%20AVENTURA|target:%20_blank|&#8221;][\/vc_column][vc_column width=&#8221;1\/3&#8243;][vc_empty_space][vc_single_image image=&#8221;8983&#8243; img_size=&#8221;500&#215;500&#8243; alignment=&#8221;center&#8221; onclick=&#8221;custom_link&#8221; title=&#8221;CREDENCIAIS&#8221; link=&#8221;https:\/\/caminhodafe.com.br\/ptbr\/credenciais-2\/&#8221;][vc_btn title=&#8221;CLIQUE PARA SABER TUDO SOBRE A CREDENCIAL&#8221; color=&#8221;green&#8221; align=&#8221;center&#8221; button_block=&#8221;true&#8221; link=&#8221;url:https%3A%2F%2Fcaminhodafe.com.br%2Fptbr%2Fcredenciais-2%2F|title:Caminho%20da%20F%C3%A9%20registrou%20mais%20de%203.600%20ciclistas%20em%20apenas%20um%20m%C3%AAs|target:%20_blank|&#8221;][\/vc_column][\/vc_row][vc_row][vc_column][vc_empty_space][vc_separator color=&#8221;blue&#8221; border_width=&#8221;3&#8243;][vc_empty_space][vc_column_text] OPERADORES CREDENCIADOS [\/vc_column_text][\/vc_column][\/vc_row][vc_row][vc_column][vc_empty_space height=&#8221;20px&#8221;][vc_column_text] Conhe\u00e7a os operadores credenciados pelo Caminho da F\u00e9 para dar suporte aos peregrinos. Disponibilizamos informa\u00e7\u00f5es b\u00e1sicas sobre o trabalho realizado por eles. A contrata\u00e7\u00e3o, an\u00e1lise de servi\u00e7os e pre\u00e7os \u00e9 feita diretamente com os prestadores de servi\u00e7o conforme sua necessidade e desejo. Cada operador \u00e9 respons\u00e1vel pelas informa\u00e7\u00f5es oferecidas e nosso papel \u00e9 o de conectar essa rela\u00e7\u00e3o com os peregrinos, assim como j\u00e1 fazemos com a rela\u00e7\u00e3o de pousadas. [\/vc_column_text][\/vc_column][\/vc_row][vc_row][vc_column][vc_btn title=&#8221;Conhecer operadores&#8221; color=&#8221;success&#8221; align=&#8221;center&#8221; link=&#8221;url:https%3A%2F%2Fcaminhodafe.com.br%2Fptbr%2Foperadores-credenciados%2F|||&#8221;][vc_empty_space][vc_separator color=&#8221;blue&#8221; border_width=&#8221;3&#8243;][vc_column_text] LOJA DO CAMINHO [\/vc_column_text][\/vc_column][\/vc_row][vc_row][vc_column width=&#8221;1\/3&#8243;][vc_single_image image=&#8221;9575&#8243; alignment=&#8221;center&#8221; onclick=&#8221;custom_link&#8221; link=&#8221;https:\/\/caminhodafe.com.br\/ptbr\/adesivo-eu-fui\/&#8221;][vc_column_text] ADESIVO &#8220;EU FUI&#8221; [\/vc_column_text][vc_btn title=&#8221;Ver produto&#8221; color=&#8221;success&#8221; align=&#8221;center&#8221; link=&#8221;url:https%3A%2F%2Fcaminhodafe.com.br%2Fptbr%2Fadesivo-eu-fui%2F|title:ADESIVO%20%E2%80%9CEU%20FUI%E2%80%9D&#8221;][\/vc_column][vc_column width=&#8221;1\/3&#8243;][vc_single_image image=&#8221;9109&#8243; alignment=&#8221;center&#8221; onclick=&#8221;custom_link&#8221; link=&#8221;https:\/\/caminhodafe.com.br\/ptbr\/bone-do-caminho-da-fe\/&#8221;][vc_column_text] BON\u00c9 DO CAMINHO DA F\u00c9 [\/vc_column_text][vc_btn title=&#8221;Ver produto&#8221; color=&#8221;success&#8221; align=&#8221;center&#8221; link=&#8221;url:https%3A%2F%2Fcaminhodafe.com.br%2Fptbr%2Fbones%2F|||&#8221;][vc_empty_space][vc_btn title=&#8221;Visitar a Loja&#8221; color=&#8221;primary&#8221; size=&#8221;lg&#8221; align=&#8221;center&#8221; link=&#8221;url:https%3A%2F%2Fcaminhodafe.com.br%2Fptbr%2Floja%2F|||&#8221;][\/vc_column][vc_column width=&#8221;1\/3&#8243;][vc_single_image image=&#8221;8763&#8243; alignment=&#8221;center&#8221; onclick=&#8221;custom_link&#8221; link=&#8221;https:\/\/caminhodafe.com.br\/ptbr\/meia-caminho-da-fe\/&#8221;][vc_column_text] MEIA CAMINHO DA F\u00c9 [\/vc_column_text][vc_btn title=&#8221;Ver produto&#8221; color=&#8221;success&#8221; align=&#8221;center&#8221; link=&#8221;url:https%3A%2F%2Fcaminhodafe.com.br%2Fptbr%2Fmeia-caminho-da-fe%2F|title:MEIA%20CAMINHO%20DA%20F%C3%89||&#8221;][\/vc_column][\/vc_row]<\/p>\n","protected":false},"author":1,"featured_media":0,"parent":0,"menu_order":0,"comment_status":"closed","ping_status":"open","template":"","meta":{"content-type":"","_monsterinsights_skip_tracking":false,"_monsterinsights_sitenote_active":false,"_monsterinsights_sitenote_note":"","_monsterinsights_sitenote_category":0,"footnotes":""},"class_list":["post-2","page","type-page","status-publish","hentry"],"_links":{"self":[{"href":"https:\/\/caminhodafe.com.br\/ptbr\/wp-json\/wp\/v2\/pages\/2","targetHints":{"allow":["GET"]}}],"collection":[{"href":"https:\/\/caminhodafe.com.br\/ptbr\/wp-json\/wp\/v2\/pages"}],"about":[{"href":"https:\/\/caminhodafe.com.br\/ptbr\/wp-json\/wp\/v2\/types\/page"}],"author":[{"embeddable":true,"href":"https:\/\/caminhodafe.com.br\/ptbr\/wp-json\/wp\/v2\/users\/1"}],"replies":[{"embeddable":true,"href":"https:\/\/caminhodafe.com.br\/ptbr\/wp-json\/wp\/v2\/comments?post=2"}],"version-history":[{"count":159,"href":"https:\/\/caminhodafe.com.br\/ptbr\/wp-json\/wp\/v2\/pages\/2\/revisions"}],"predecessor-version":[{"id":11767,"href":"https:\/\/caminhodafe.com.br\/ptbr\/wp-json\/wp\/v2\/pages\/2\/revisions\/11767"}],"wp:attachment":[{"href":"https:\/\/caminhodafe.com.br\/ptbr\/wp-json\/wp\/v2\/media?parent=2"}],"curies":[{"name":"wp","href":"https:\/\/api.w.org\/{rel}","templated":true}]}}