{"id":149,"date":"2016-12-20T23:05:54","date_gmt":"2016-12-21T01:05:54","guid":{"rendered":"http:\/\/caminhodafe.com.br\/ptbr\/?page_id=149"},"modified":"2023-05-12T09:34:10","modified_gmt":"2023-05-12T12:34:10","slug":"parceiros","status":"publish","type":"page","link":"https:\/\/caminhodafe.com.br\/ptbr\/parceiros\/","title":{"rendered":"Parceiros"},"content":{"rendered":"<p>&nbsp;<\/p>\n<p><img loading=\"lazy\" decoding=\"async\" class=\"aligncenter wp-image-712 size-full\" src=\"http:\/\/caminhodafe.com.br\/ptbr\/wp-content\/uploads\/2016\/12\/Ultramarathon.jpg\" alt=\"\" width=\"600\" height=\"300\" srcset=\"https:\/\/caminhodafe.com.br\/ptbr\/wp-content\/uploads\/2016\/12\/Ultramarathon.jpg 600w, https:\/\/caminhodafe.com.br\/ptbr\/wp-content\/uploads\/2016\/12\/Ultramarathon-300x150.jpg 300w, https:\/\/caminhodafe.com.br\/ptbr\/wp-content\/uploads\/2016\/12\/Ultramarathon-400x200.jpg 400w\" sizes=\"auto, (max-width: 600px) 100vw, 600px\" \/><\/p>\n<p>A parceria com a BR 135 j\u00e1 tem mais de 10 anos. A ideia de criar a Brazil 135 Ultramarathon aconteceu em 2004 na iniciativa do Comandante Mario Lacerda em se tornar peregrino do Caminho da F\u00e9.<\/p>\n<p class=\"x_MsoNormal\">Morando nos Estados Unidos, um dia viu uma reportagem sobre a Ultramaratona , na americana Badwater, no Vale da Morte, na Calif\u00f3rnia e sentiu que seu destino era participar de um evento como aquele.<\/p>\n<p class=\"x_MsoNormal\">Em 2005, ap\u00f3s ter se inscrito para correr a Badwater e ter sido aceito, Mario entendeu que o Brasil tinha que participar de alguma forma com algo semelhante. E ap\u00f3s percorrer essa Ultramaratona percebeu o que precisava para criar a BR 135 e assim ela nascia. Se a Badwater tinha o calor, a BR 135 tinha as montanhas da Serra da Mantiqueira, e assim ela sorriu para M\u00e1rio. Peregrino das primeiras turmas do Caminho da F\u00e9, ele verificou que se juntasse o esp\u00edrito de irmandade que transborda do Caminho da F\u00e9 com as 135 milhas de extrema dificuldade da Badwater, ele teria a combina\u00e7\u00e3o perfeita. E assim nasceu uma parceria que j\u00e1 leva anos, que envolve in\u00fameras pessoas, fomenta o desenvolvimento do Caminho e das localidades por onde a corrida passa! Somos felizes por essa parceria e para saber mais entre no site da BR, \u00e9 s\u00f3 clicar na imagem no topo da p\u00e1gina.<\/p>\n<hr \/>\n<p>&nbsp;<\/p>\n<p>&nbsp;<\/p>\n<p class=\"x_MsoNormal\"><a href=\"http:\/\/www.fbb.org.br\/\" target=\"_blank\" rel=\"noopener\"><img loading=\"lazy\" decoding=\"async\" class=\"aligncenter wp-image-827 size-full\" src=\"http:\/\/caminhodafe.com.br\/ptbr\/wp-content\/uploads\/2016\/12\/Fundacao_BB.jpg\" alt=\"\" width=\"600\" height=\"300\" srcset=\"https:\/\/caminhodafe.com.br\/ptbr\/wp-content\/uploads\/2016\/12\/Fundacao_BB.jpg 600w, https:\/\/caminhodafe.com.br\/ptbr\/wp-content\/uploads\/2016\/12\/Fundacao_BB-300x150.jpg 300w\" sizes=\"auto, (max-width: 600px) 100vw, 600px\" \/><\/a><\/p>\n<p class=\"x_MsoNormal\">O Caminho da F\u00e9 foi inaugurado em fevereiro de 2003 na cidade de \u00c1guas da Prata (SP). Em agosto daquele ano tamb\u00e9m foi criada a Associa\u00e7\u00e3o dos Amigos do Caminho da F\u00e9, com o objetivo de prestar servi\u00e7os volunt\u00e1rios \u00e0s pessoas que fazem a peregrina\u00e7\u00e3o ao Santu\u00e1rio Nacional de Aparecida.<\/p>\n<p class=\"x_MsoNormal\">A parceria entre AACF e a Funda\u00e7\u00e3o Banco do Brasil teve in\u00edcio em 2004 quando a Associa\u00e7\u00e3o inscreveu um projeto para promover a estrutura\u00e7\u00e3o do Caminho da F\u00e9, que foi contemplado com recursos que subsidiaram a primeira instala\u00e7\u00e3o da sinaliza\u00e7\u00e3o na trilha, a compra do ve\u00edculo que d\u00e1 suporte \u00e0 manuten\u00e7\u00e3o e a compra de material institucional.<\/p>\n<p class=\"x_MsoNormal\">Entre 2014 e 2015 a Associa\u00e7\u00e3o dos Amigos do Caminho da F\u00e9 foi novamente contemplada com recursos da Funda\u00e7\u00e3o BB para a reforma da sinaliza\u00e7\u00e3o dos mais de 990 km da trilha. Com o investimento social tamb\u00e9m foi poss\u00edvel adquirir um ve\u00edculo e realizar as a\u00e7\u00f5es s\u00f3cio-produtivas que beneficiam as comunidades da economia solid\u00e1ria que o Caminho da F\u00e9 envolve.<\/p>\n<p class=\"x_MsoNormal\">Em 31 anos de exist\u00eancia a Funda\u00e7\u00e3o Banco do Brasil estrutura sua atua\u00e7\u00e3o de forma a identificar e mobilizar diferentes atores sociais na busca por solu\u00e7\u00f5es efetivas para aspectos fundamentais do desenvolvimento sustent\u00e1vel das comunidades brasileiras. Na din\u00e2mica organizacional, a Funda\u00e7\u00e3o BB acredita no potencial de todas as pessoas de realizar e contribuir para a evolu\u00e7\u00e3o da sociedade, cultiva a inova\u00e7\u00e3o como garantia de perenidade e cuida da \u00e9tica nas rela\u00e7\u00f5es. Tem a sensibilidade social como um imperativo para entender e corresponder os anseios daqueles que veem em sua atua\u00e7\u00e3o uma oportunidade de melhoria de vida.\u201d<\/p>\n<hr \/>\n<p>&nbsp;<\/p>\n<p>&nbsp;<\/p>\n<h3 class=\"sppb-addon-title\"><img loading=\"lazy\" decoding=\"async\" class=\"aligncenter wp-image-7864 \" src=\"https:\/\/caminhodafe.com.br\/ptbr\/wp-content\/uploads\/2022\/12\/abeta_preto-300x116.png\" alt=\"\" width=\"507\" height=\"196\" srcset=\"https:\/\/caminhodafe.com.br\/ptbr\/wp-content\/uploads\/2022\/12\/abeta_preto-300x116.png 300w, https:\/\/caminhodafe.com.br\/ptbr\/wp-content\/uploads\/2022\/12\/abeta_preto-1024x397.png 1024w, https:\/\/caminhodafe.com.br\/ptbr\/wp-content\/uploads\/2022\/12\/abeta_preto-768x298.png 768w, https:\/\/caminhodafe.com.br\/ptbr\/wp-content\/uploads\/2022\/12\/abeta_preto-1536x596.png 1536w, https:\/\/caminhodafe.com.br\/ptbr\/wp-content\/uploads\/2022\/12\/abeta_preto.png 1800w\" sizes=\"auto, (max-width: 507px) 100vw, 507px\" \/>ABETA<\/h3>\n<div class=\"sppb-addon-content\">\n<div>Com mais de uma centena de empresas associadas, presentes em 16 Estados e no Distrito Federal, a ABETA &#8211; Associa\u00e7\u00e3o Brasileira das Empresas de Ecoturismo e Turismo de Aventura \u00e9 uma associa\u00e7\u00e3o civil que atua para transformar o potencial tur\u00edstico do Brasil em vetor de desenvolvimento econ\u00f4mico e social, promovendo o associativismo, a capacita\u00e7\u00e3o profissional, e o uso inteligente e sustent\u00e1vel do ambiente natural e cultural do pa\u00eds para a pr\u00e1tica do turismo seguro e respons\u00e1vel.<\/div>\n<div><\/div>\n<div>Saiba mais em:\u00a0<a href=\"http:\/\/www.abeta.tur.br\/\" target=\"_blank\" rel=\"noopener noreferrer\" data-saferedirecturl=\"https:\/\/www.google.com\/url?q=http:\/\/www.abeta.tur.br&amp;source=gmail&amp;ust=1598158126451000&amp;usg=AFQjCNFCL__REN4m2IW17NX_RWISuYMCgw\">www.abeta.tur.br<\/a><\/div>\n<div><\/div>\n<\/div>\n<div><a href=\"https:\/\/caminhodafe.com.br\/ptbr\/wp-content\/uploads\/2022\/12\/Termo-de-cooperacao-tecnica-ABETA-x-Caminho-da-Fe.pdf\">Clique aqui para acessar o acordo de coopera\u00e7\u00e3o com o Caminho da F\u00e9<\/a><\/div>\n<div><\/div>\n<hr \/>\n<p>&nbsp;<\/p>\n<p>&nbsp;<\/p>\n<p class=\"x_MsoNormal\"><img loading=\"lazy\" decoding=\"async\" class=\"size-full wp-image-7879 aligncenter\" src=\"https:\/\/caminhodafe.com.br\/ptbr\/wp-content\/uploads\/2022\/12\/logo-rede.jpg\" alt=\"\" width=\"246\" height=\"246\" srcset=\"https:\/\/caminhodafe.com.br\/ptbr\/wp-content\/uploads\/2022\/12\/logo-rede.jpg 246w, https:\/\/caminhodafe.com.br\/ptbr\/wp-content\/uploads\/2022\/12\/logo-rede-150x150.jpg 150w\" sizes=\"auto, (max-width: 246px) 100vw, 246px\" \/><br \/>\n<img loading=\"lazy\" decoding=\"async\" class=\"wp-image-7122 aligncenter\" src=\"https:\/\/caminhodafe.com.br\/ptbr\/wp-content\/uploads\/2022\/06\/logo-caminho-da-fe-e-rede-trilhas.png\" alt=\"\" width=\"591\" height=\"208\" srcset=\"https:\/\/caminhodafe.com.br\/ptbr\/wp-content\/uploads\/2022\/06\/logo-caminho-da-fe-e-rede-trilhas.png 392w, https:\/\/caminhodafe.com.br\/ptbr\/wp-content\/uploads\/2022\/06\/logo-caminho-da-fe-e-rede-trilhas-300x106.png 300w\" sizes=\"auto, (max-width: 591px) 100vw, 591px\" \/><\/p>\n<p>&nbsp;<\/p>\n<p>A ASSOCIA\u00c7\u00c3O REDE BRASILEIRA DE TRILHAS \u00e9 uma entidade civil, sem fins lucrativos, composta por trilhas nacionais, regionais e locais, que juntas formam seu conselho deliberativo. Cada uma das trilhas componentes da REDE tem governan\u00e7a, estrat\u00e9gia de implementa\u00e7\u00e3o e manuten\u00e7\u00e3o pr\u00f3prias e s\u00e3o aut\u00f4nomas.<\/p>\n<div>\n<p>A n\u00edvel nacional a REDE \u00e9 coordenada por uma diretoria que trata das agendas tem\u00e1ticas transversais de interesse para todas as trilhas do Brasil, tal como estabelecido em seu estatuto.<\/p>\n<\/div>\n<div>\n<p>Em 16 de agosto de 2019, durante o ABETA SUMMIT da Ilhabela, tomou posse a primeira diretoria da Rede Brasileira de Trilhas. A diretoria foi escolhida de maneira consensual por todos aqueles que, at\u00e9 ent\u00e3o estavam envolvidos com o ideal de prover nosso pa\u00eds com uma Rede de trilhas sist\u00eamica, coerente e funcional e assentada sobre tr\u00eas pilares: conserva\u00e7\u00e3o, gera\u00e7\u00e3o de emprego e renda e sa\u00fade e recrea\u00e7\u00e3o. A diretoria, presidida por Hugo de Castro, assumiu com o compromisso de ser provis\u00f3ria por apenas um ano, quando foram realizadas elei\u00e7\u00f5es.<\/p>\n<\/div>\n<div>Em de novembro de 2020 foi eleita a nova diretoria para um mandato de dois anos at\u00e9 setembro de 2022. Cada diretoria tem um diretor que coordena um grupo de trabalho tem\u00e1tico, que se re\u00fane todos os meses com metas e objetivos a serem alcan\u00e7ados durante o mandato. Caso algu\u00e9m tenha interesse em integrar o respectivo grupo de trabalho, contate o respectivo diretor.<\/div>\n<div><\/div>\n<div><a href=\"https:\/\/caminhodafe.com.br\/ptbr\/wp-content\/uploads\/2022\/12\/Acordo-de-Cooperacao-Tecnica-REDE.pdf\">Clique aqui para acessar o acordo de coopera\u00e7\u00e3o com o Caminho da F\u00e9<\/a><\/div>\n<div><\/div>\n<div><a href=\"http:\/\/www.redetrilhas.org.br\/w3\/\">http:\/\/www.redetrilhas.org.br\/w3\/\u00a0<\/a><\/div>\n<hr \/>\n<p>&nbsp;<\/p>\n<p>&nbsp;<\/p>\n<p><img loading=\"lazy\" decoding=\"async\" class=\"aligncenter wp-image-7865 size-medium\" src=\"https:\/\/caminhodafe.com.br\/ptbr\/wp-content\/uploads\/2022\/12\/277669334_386370830164037_7382668627117964265_n-300x300.png\" alt=\"\" width=\"300\" height=\"300\" srcset=\"https:\/\/caminhodafe.com.br\/ptbr\/wp-content\/uploads\/2022\/12\/277669334_386370830164037_7382668627117964265_n-300x300.png 300w, https:\/\/caminhodafe.com.br\/ptbr\/wp-content\/uploads\/2022\/12\/277669334_386370830164037_7382668627117964265_n-150x150.png 150w, https:\/\/caminhodafe.com.br\/ptbr\/wp-content\/uploads\/2022\/12\/277669334_386370830164037_7382668627117964265_n-768x768.png 768w, https:\/\/caminhodafe.com.br\/ptbr\/wp-content\/uploads\/2022\/12\/277669334_386370830164037_7382668627117964265_n.png 900w\" sizes=\"auto, (max-width: 300px) 100vw, 300px\" \/><\/p>\n<p>&nbsp;<\/p>\n<p><a href=\"https:\/\/caminhodafe.com.br\/ptbr\/wp-content\/uploads\/2022\/12\/Acrodo-de-Cooperacao-Tecnica-Nico-Ferrera-Mosaicos.pdf\">Clique aqui para acessar o acordo de coopera\u00e7\u00e3o com o Caminho da F\u00e9<\/a><\/p>\n<p><a href=\"https:\/\/www.instagram.com\/nicoferreramosaicos\/\">https:\/\/www.instagram.com\/nicoferreramosaicos\/<\/a><\/p>\n<hr \/>\n<p>&nbsp;<\/p>\n<p>&nbsp;<\/p>\n<p><img loading=\"lazy\" decoding=\"async\" class=\"aligncenter wp-image-7867 size-medium\" src=\"https:\/\/caminhodafe.com.br\/ptbr\/wp-content\/uploads\/2022\/12\/landing-image-3-4606c8182f213b961f468b19049da2f2eb354422c6691ea9bc6664912fc54069-300x259.png\" alt=\"\" width=\"300\" height=\"259\" srcset=\"https:\/\/caminhodafe.com.br\/ptbr\/wp-content\/uploads\/2022\/12\/landing-image-3-4606c8182f213b961f468b19049da2f2eb354422c6691ea9bc6664912fc54069-300x259.png 300w, https:\/\/caminhodafe.com.br\/ptbr\/wp-content\/uploads\/2022\/12\/landing-image-3-4606c8182f213b961f468b19049da2f2eb354422c6691ea9bc6664912fc54069.png 480w\" sizes=\"auto, (max-width: 300px) 100vw, 300px\" \/><\/p>\n<p>&nbsp;<\/p>\n<h4><span class=\"body-title\">Religiosidade, autoconhecimento, esporte e turismo<\/span><\/h4>\n<p>Com o aplicativo Vai na F\u00e9 o romeiro poder\u00e1:<\/p>\n<ul>\n<li class=\"d-flex\"><span class=\"ml-3 simple-text\">Programar sua viagem, obter dicas sobre o Caminho da F\u00e9 e montar seu roteiro de forma pr\u00e1tica.<\/span><\/li>\n<li class=\"d-flex mt-3\"><span class=\"ml-3 simple-text\">Conhecer e ter acesso aos estabelecimentos e servi\u00e7os que cada cidade possui. Inclusive fazer reservas em pousadas locais ao longo do caminho.<\/span><\/li>\n<li class=\"d-flex mt-3\"><span class=\"ml-3 simple-text\">Contar com um mapa\/gps que o guiar\u00e1, mostrando sua localiza\u00e7\u00e3o, dist\u00e2ncias entre as cidades, quanto falta para o seu pr\u00f3ximo ponto de parada e at\u00e9 chegar \u00e0 Bas\u00edlica de Aparecida!<\/span><\/li>\n<\/ul>\n<p><a href=\"https:\/\/www.vainafe.app.br\/\">https:\/\/www.vainafe.app.br\/<\/a><\/p>\n<hr \/>\n<p>&nbsp;<\/p>\n<p><img loading=\"lazy\" decoding=\"async\" class=\"aligncenter wp-image-8358 size-medium\" src=\"https:\/\/caminhodafe.com.br\/ptbr\/wp-content\/uploads\/2023\/05\/WhatsApp-Image-2023-05-09-at-14.40.27-300x240.jpeg\" alt=\"\" width=\"300\" height=\"240\" srcset=\"https:\/\/caminhodafe.com.br\/ptbr\/wp-content\/uploads\/2023\/05\/WhatsApp-Image-2023-05-09-at-14.40.27-300x240.jpeg 300w, https:\/\/caminhodafe.com.br\/ptbr\/wp-content\/uploads\/2023\/05\/WhatsApp-Image-2023-05-09-at-14.40.27-1024x819.jpeg 1024w, https:\/\/caminhodafe.com.br\/ptbr\/wp-content\/uploads\/2023\/05\/WhatsApp-Image-2023-05-09-at-14.40.27-768x614.jpeg 768w, https:\/\/caminhodafe.com.br\/ptbr\/wp-content\/uploads\/2023\/05\/WhatsApp-Image-2023-05-09-at-14.40.27-1536x1229.jpeg 1536w, https:\/\/caminhodafe.com.br\/ptbr\/wp-content\/uploads\/2023\/05\/WhatsApp-Image-2023-05-09-at-14.40.27.jpeg 1600w\" sizes=\"auto, (max-width: 300px) 100vw, 300px\" \/><\/p>\n<h4 class=\"blog-title\"><\/h4>\n<p>Essa \u00e9 uma parceria firmada a partir de Outubro de 2022. O Caminho da F\u00e9 \u00e9 o motivador da iniciativa do empres\u00e1rio e atleta David Green e sua esposa brasileira M\u00f4nica Green para, em retribui\u00e7\u00e3o da amizade feita com um c\u00e3o de rua, querer fazer algo concreto para dar a estes c\u00e3es uma vida digna e saud\u00e1vel, sem, contudo, interferir na sua trajet\u00f3ria, caso sejam tutelados por algu\u00e9m. Aos animais abandonados, dar um lar e estabelecer um v\u00ednculo de respeito e amizade, atrav\u00e9s do incentivo \u00e0 ado\u00e7\u00e3o respons\u00e1vel. Ao CF, atrav\u00e9s do Termo de Coopera\u00e7\u00e3o da Brazil 135 &#8211; Ultramarathon, na qual a FLC \u00e9 parceira, colaborar para informar peregrinos sobre a maneira correta de lidar com o assunto e com o apoio interativo dos peregrinos, diminuir a incid\u00eancia de animais tirados de suas comunidades e\/ou perdidos pelas trilhas.<\/p>\n<p><strong>Hist\u00f3ria da Institui\u00e7\u00e3o parceira da BR 135<\/strong><\/p>\n<p>O Caminho da F\u00e9, inspirado no Caminho de Santiago de Compostela, na Espanha, \u00e9 um caminho religioso e espiritual brasileiro que proporciona aos peregrinos uma maneira de conhecer pequenos lugarejos dos estados de Minas Gerais e S\u00e3o Paulo. Ao longo do caminho, eles visitam as igrejas e albergues que oferecem carimbos em seus passaportes para que possam obter um certificado oficial na Bas\u00edlica de Nossa Senhora de Aparecida, padroeira do Brasil. O Caminho \u00e9 de rara beleza e na extens\u00e3o das trilhas destaca-se a gentileza do povo.<\/p>\n<p>Estendendo-se por quase de 1.000 quil\u00f4metros e passando por mais de 70 munic\u00edpios distintos, o Caminho est\u00e1 cheio de &#8220;esp\u00edritos errantes&#8221; na forma de c\u00e3es de rua; por um lado m\u00e1gico e um bem, mas ao mesmo tempo um problema crescente para muitas das comunidades ao longo da trilha.<\/p>\n<p>Em 2018, ao correr de S\u00e3o Carlos para Aparecida, o ent\u00e3o peregrino David Green, teve a sorte de ter sido escolhido por um dos muitos c\u00e3es de rua para ser seu companheiro por mais de 140 milhas na trilha. Levou este c\u00e3o para casa nos Estados Unidos e passou os tr\u00eas anos seguintes com um companheiro antes de ser levado pelo c\u00e2ncer. Seu nome era Lucky Caminho.<\/p>\n<p>David e sua esposa acreditam que os c\u00e3es de rua s\u00e3o \u201ciluminados\u201d, tendo que lutar constantemente pela sobreviv\u00eancia. Eles s\u00e3o muitas vezes altamente inteligentes e t\u00eam a capacidade de amar profundamente quando resgatados.<\/p>\n<p>O casal americano se comprometeu em honrar o amor e a for\u00e7a que Lucky trouxe para suas vidas, criando a Friends of Lucky Caminho com a miss\u00e3o de:<\/p>\n<p><strong>Construir uma organiza\u00e7\u00e3o auto sustent\u00e1vel dedicada ao cuidado, estudo e ado\u00e7\u00e3o dos incr\u00edveis C\u00e3es de Rua no Caminho da F\u00e9.<\/strong><\/p>\n<p>Os FLCs t\u00eam uma sede no Brasil e uma rede de volunt\u00e1rios entre \u00c1guas da Prata e Aparecida. Esses volunt\u00e1rios, com a ajuda das redes sociais da entidade e do CF, esparramam as not\u00edcias que chegam atrav\u00e9s dos peregrinos e assim aumentam as chances de sucesso junto aos animais perdidos ou abandonados no caminho.<\/p>\n<hr \/>\n","protected":false},"excerpt":{"rendered":"<p>&nbsp; A parceria com a BR 135 j\u00e1 tem mais de 10 anos. A ideia de criar a Brazil 135 Ultramarathon aconteceu em 2004 na iniciativa do Comandante Mario Lacerda em se tornar peregrino do Caminho da F\u00e9. Morando nos Estados Unidos, um dia viu uma reportagem sobre a Ultramaratona , na americana Badwater, no Vale da Morte, na Calif\u00f3rnia e sentiu que seu destino era participar de um evento como aquele. Em 2005, ap\u00f3s ter se inscrito para correr a Badwater e ter sido aceito, Mario entendeu que o Brasil tinha que participar de alguma forma com algo semelhante. E ap\u00f3s percorrer essa Ultramaratona percebeu o que precisava para criar a BR 135 e assim ela nascia. Se a Badwater tinha o calor, a BR 135 tinha as montanhas da Serra da Mantiqueira, e assim ela sorriu para M\u00e1rio. Peregrino das primeiras turmas do Caminho da F\u00e9, ele verificou que se juntasse o esp\u00edrito de irmandade que transborda do Caminho da F\u00e9 com as 135 milhas de extrema dificuldade da Badwater, ele teria a combina\u00e7\u00e3o perfeita. E assim nasceu uma parceria que j\u00e1 leva anos, que envolve in\u00fameras pessoas, fomenta o desenvolvimento do Caminho e das localidades por onde a corrida passa! Somos felizes por essa parceria e para saber mais entre no site da BR, \u00e9 s\u00f3 clicar na imagem no topo da p\u00e1gina. &nbsp; &nbsp; O Caminho da F\u00e9 foi inaugurado em fevereiro de 2003 na cidade de \u00c1guas da Prata (SP). Em agosto daquele ano tamb\u00e9m foi criada a Associa\u00e7\u00e3o dos Amigos do Caminho da F\u00e9, com o objetivo de prestar servi\u00e7os volunt\u00e1rios \u00e0s pessoas que fazem a peregrina\u00e7\u00e3o ao Santu\u00e1rio Nacional de Aparecida. A parceria entre AACF e a Funda\u00e7\u00e3o Banco do Brasil teve in\u00edcio em 2004 quando a Associa\u00e7\u00e3o inscreveu um projeto para promover a estrutura\u00e7\u00e3o do Caminho da F\u00e9, que foi contemplado com recursos que subsidiaram a primeira instala\u00e7\u00e3o da sinaliza\u00e7\u00e3o na trilha, a compra do ve\u00edculo que d\u00e1 suporte \u00e0 manuten\u00e7\u00e3o e a compra de material institucional. Entre 2014 e 2015 a Associa\u00e7\u00e3o dos Amigos do Caminho da F\u00e9 foi novamente contemplada com recursos da Funda\u00e7\u00e3o BB para a reforma da sinaliza\u00e7\u00e3o dos mais de 990 km da trilha. Com o investimento social tamb\u00e9m foi poss\u00edvel adquirir um ve\u00edculo e realizar as a\u00e7\u00f5es s\u00f3cio-produtivas que beneficiam as comunidades da economia solid\u00e1ria que o Caminho da F\u00e9 envolve. Em 31 anos de exist\u00eancia a Funda\u00e7\u00e3o Banco do Brasil estrutura sua atua\u00e7\u00e3o de forma a identificar e mobilizar diferentes atores sociais na busca por solu\u00e7\u00f5es efetivas para aspectos fundamentais do desenvolvimento sustent\u00e1vel das comunidades brasileiras. Na din\u00e2mica organizacional, a Funda\u00e7\u00e3o BB acredita no potencial de todas as pessoas de realizar e contribuir para a evolu\u00e7\u00e3o da sociedade, cultiva a inova\u00e7\u00e3o como garantia de perenidade e cuida da \u00e9tica nas rela\u00e7\u00f5es. Tem a sensibilidade social como um imperativo para entender e corresponder os anseios daqueles que veem em sua atua\u00e7\u00e3o uma oportunidade de melhoria de vida.\u201d &nbsp; &nbsp; ABETA Com mais de uma centena de empresas associadas, presentes em 16 Estados e no Distrito Federal, a ABETA &#8211; Associa\u00e7\u00e3o Brasileira das Empresas de Ecoturismo e Turismo de Aventura \u00e9 uma associa\u00e7\u00e3o civil que atua para transformar o potencial tur\u00edstico do Brasil em vetor de desenvolvimento econ\u00f4mico e social, promovendo o associativismo, a capacita\u00e7\u00e3o profissional, e o uso inteligente e sustent\u00e1vel do ambiente natural e cultural do pa\u00eds para a pr\u00e1tica do turismo seguro e respons\u00e1vel. Saiba mais em:\u00a0www.abeta.tur.br Clique aqui para acessar o acordo de coopera\u00e7\u00e3o com o Caminho da F\u00e9 &nbsp; &nbsp; &nbsp; A ASSOCIA\u00c7\u00c3O REDE BRASILEIRA DE TRILHAS \u00e9 uma entidade civil, sem fins lucrativos, composta por trilhas nacionais, regionais e locais, que juntas formam seu conselho deliberativo. Cada uma das trilhas componentes da REDE tem governan\u00e7a, estrat\u00e9gia de implementa\u00e7\u00e3o e manuten\u00e7\u00e3o pr\u00f3prias e s\u00e3o aut\u00f4nomas. A n\u00edvel nacional a REDE \u00e9 coordenada por uma diretoria que trata das agendas tem\u00e1ticas transversais de interesse para todas as trilhas do Brasil, tal como estabelecido em seu estatuto. Em 16 de agosto de 2019, durante o ABETA SUMMIT da Ilhabela, tomou posse a primeira diretoria da Rede Brasileira de Trilhas. A diretoria foi escolhida de maneira consensual por todos aqueles que, at\u00e9 ent\u00e3o estavam envolvidos com o ideal de prover nosso pa\u00eds com uma Rede de trilhas sist\u00eamica, coerente e funcional e assentada sobre tr\u00eas pilares: conserva\u00e7\u00e3o, gera\u00e7\u00e3o de emprego e renda e sa\u00fade e recrea\u00e7\u00e3o. A diretoria, presidida por Hugo de Castro, assumiu com o compromisso de ser provis\u00f3ria por apenas um ano, quando foram realizadas elei\u00e7\u00f5es. Em de novembro de 2020 foi eleita a nova diretoria para um mandato de dois anos at\u00e9 setembro de 2022. Cada diretoria tem um diretor que coordena um grupo de trabalho tem\u00e1tico, que se re\u00fane todos os meses com metas e objetivos a serem alcan\u00e7ados durante o mandato. Caso algu\u00e9m tenha interesse em integrar o respectivo grupo de trabalho, contate o respectivo diretor. Clique aqui para acessar o acordo de coopera\u00e7\u00e3o com o Caminho da F\u00e9 http:\/\/www.redetrilhas.org.br\/w3\/\u00a0 &nbsp; &nbsp; &nbsp; Clique aqui para acessar o acordo de coopera\u00e7\u00e3o com o Caminho da F\u00e9 https:\/\/www.instagram.com\/nicoferreramosaicos\/ &nbsp; &nbsp; &nbsp; Religiosidade, autoconhecimento, esporte e turismo Com o aplicativo Vai na F\u00e9 o romeiro poder\u00e1: Programar sua viagem, obter dicas sobre o Caminho da F\u00e9 e montar seu roteiro de forma pr\u00e1tica. Conhecer e ter acesso aos estabelecimentos e servi\u00e7os que cada cidade possui. Inclusive fazer reservas em pousadas locais ao longo do caminho. Contar com um mapa\/gps que o guiar\u00e1, mostrando sua localiza\u00e7\u00e3o, dist\u00e2ncias entre as cidades, quanto falta para o seu pr\u00f3ximo ponto de parada e at\u00e9 chegar \u00e0 Bas\u00edlica de Aparecida! https:\/\/www.vainafe.app.br\/ &nbsp; Essa \u00e9 uma parceria firmada a partir de Outubro de 2022. O Caminho da F\u00e9 \u00e9 o motivador da iniciativa do empres\u00e1rio e atleta David Green e sua esposa brasileira M\u00f4nica Green para, em retribui\u00e7\u00e3o da amizade feita com um c\u00e3o de rua, querer fazer algo concreto para dar a estes c\u00e3es uma vida digna e saud\u00e1vel, sem, contudo, interferir na sua trajet\u00f3ria, caso sejam [&hellip;]<\/p>\n","protected":false},"author":1,"featured_media":0,"parent":0,"menu_order":0,"comment_status":"closed","ping_status":"closed","template":"","meta":{"content-type":"","_monsterinsights_skip_tracking":false,"_monsterinsights_sitenote_active":false,"_monsterinsights_sitenote_note":"","_monsterinsights_sitenote_category":0,"footnotes":""},"class_list":["post-149","page","type-page","status-publish","hentry"],"_links":{"self":[{"href":"https:\/\/caminhodafe.com.br\/ptbr\/wp-json\/wp\/v2\/pages\/149","targetHints":{"allow":["GET"]}}],"collection":[{"href":"https:\/\/caminhodafe.com.br\/ptbr\/wp-json\/wp\/v2\/pages"}],"about":[{"href":"https:\/\/caminhodafe.com.br\/ptbr\/wp-json\/wp\/v2\/types\/page"}],"author":[{"embeddable":true,"href":"https:\/\/caminhodafe.com.br\/ptbr\/wp-json\/wp\/v2\/users\/1"}],"replies":[{"embeddable":true,"href":"https:\/\/caminhodafe.com.br\/ptbr\/wp-json\/wp\/v2\/comments?post=149"}],"version-history":[{"count":8,"href":"https:\/\/caminhodafe.com.br\/ptbr\/wp-json\/wp\/v2\/pages\/149\/revisions"}],"predecessor-version":[{"id":8363,"href":"https:\/\/caminhodafe.com.br\/ptbr\/wp-json\/wp\/v2\/pages\/149\/revisions\/8363"}],"wp:attachment":[{"href":"https:\/\/caminhodafe.com.br\/ptbr\/wp-json\/wp\/v2\/media?parent=149"}],"curies":[{"name":"wp","href":"https:\/\/api.w.org\/{rel}","templated":true}]}}