{"id":147,"date":"2016-12-20T23:05:19","date_gmt":"2016-12-21T01:05:19","guid":{"rendered":"http:\/\/caminhodafe.com.br\/ptbr\/?page_id=147"},"modified":"2025-05-21T15:27:46","modified_gmt":"2025-05-21T18:27:46","slug":"doacoes","status":"publish","type":"page","link":"https:\/\/caminhodafe.com.br\/ptbr\/doacoes\/","title":{"rendered":"Doa\u00e7\u00f5es e Contribui\u00e7\u00f5es"},"content":{"rendered":"<section class=\"wpb-content-wrapper\"><p>[vc_row][vc_column][vc_column_text]<\/p>\n<h2 style=\"text-align: left;\"><span style=\"color: #000080;\">Nosso canal de doa\u00e7\u00f5es e contribui\u00e7\u00f5es.<\/span><\/h2>\n<h4><\/h4>\n<h4>Acreditamos que qualquer forma de aux\u00edlio \u00e9 importante, ben\u00e9fica e que auxilia para o crescimento planejado do Caminho da F\u00e9.<\/h4>\n<h4>As contribui\u00e7\u00f5es podem ser realizadas por meio de dep\u00f3sito banc\u00e1rio em nossa conta corrente ou de ajuda pessoal como, por exemplo, trabalho volunt\u00e1rio.<\/h4>\n<h4>Os peregrinos s\u00e3o nosso maior canal de publicidade, pois s\u00e3o atrav\u00e9s das experi\u00eancias, emo\u00e7\u00f5es, hist\u00f3rias o Caminho se propaga.<\/h4>\n<h4>At\u00e9 2024 tivemos mais de 250 mil peregrinos que fizeram o Caminho da F\u00e9 em seus 22 anos de exist\u00eancia, e este n\u00famero s\u00f3 tende a aumentar. O trabalho da AACF prev\u00ea a estrutura\u00e7\u00e3o do Caminho em seu mais amplo aspecto, desde manuten\u00e7\u00e3o at\u00e9 organiza\u00e7\u00e3o, produ\u00e7\u00e3o e disponibiliza\u00e7\u00e3o de informa\u00e7\u00f5es para que os peregrinos possam usufrui-lo com seguran\u00e7a e qualidade.<\/h4>\n<h4>Com uma equipe dedicada e focada em resultados, toda e qualquer doa\u00e7\u00e3o auxilia para que todos nos possamos continuar desenvolvendo o trabalho na AACF com excel\u00eancia, planejamento e transpar\u00eancia.<\/h4>\n<h4>Desta forma dentro do esp\u00edrito peregrino, sendo o Caminho democraticamente de todos, contamos com seu apoio e ajuda. Toda ajuda \u00e9 bem-vinda!<\/h4>\n<h4>Disponibilizamos abaixo as informa\u00e7\u00f5es para que voc\u00ea possa fazer sua contribui\u00e7\u00e3o:<\/h4>\n<h3><strong>Banco do Brasil:<\/strong><\/h3>\n<h3><strong>Ag\u00eancia: 6955-8<\/strong><\/h3>\n<h3><strong>Conta Corrente: 5068-7<\/strong><\/h3>\n<h3><strong>PIX: contato@caminhodafe.com.br<\/strong><\/h3>\n<h3><strong>Associa\u00e7\u00e3o dos Amigos do\u00a0Caminho\u00a0da\u00a0F\u00e9<\/strong><\/h3>\n<p>[\/vc_column_text][\/vc_column][\/vc_row]<\/p>\n<\/section>","protected":false},"excerpt":{"rendered":"<p>[vc_row][vc_column][vc_column_text] Nosso canal de doa\u00e7\u00f5es e contribui\u00e7\u00f5es. Acreditamos que qualquer forma de aux\u00edlio \u00e9 importante, ben\u00e9fica e que auxilia para o crescimento planejado do Caminho da F\u00e9. As contribui\u00e7\u00f5es podem ser realizadas por meio de dep\u00f3sito banc\u00e1rio em nossa conta corrente ou de ajuda pessoal como, por exemplo, trabalho volunt\u00e1rio. Os peregrinos s\u00e3o nosso maior canal de publicidade, pois s\u00e3o atrav\u00e9s das experi\u00eancias, emo\u00e7\u00f5es, hist\u00f3rias o Caminho se propaga. At\u00e9 2024 tivemos mais de 250 mil peregrinos que fizeram o Caminho da F\u00e9 em seus 22 anos de exist\u00eancia, e este n\u00famero s\u00f3 tende a aumentar. O trabalho da AACF prev\u00ea a estrutura\u00e7\u00e3o do Caminho em seu mais amplo aspecto, desde manuten\u00e7\u00e3o at\u00e9 organiza\u00e7\u00e3o, produ\u00e7\u00e3o e disponibiliza\u00e7\u00e3o de informa\u00e7\u00f5es para que os peregrinos possam usufrui-lo com seguran\u00e7a e qualidade. Com uma equipe dedicada e focada em resultados, toda e qualquer doa\u00e7\u00e3o auxilia para que todos nos possamos continuar desenvolvendo o trabalho na AACF com excel\u00eancia, planejamento e transpar\u00eancia. Desta forma dentro do esp\u00edrito peregrino, sendo o Caminho democraticamente de todos, contamos com seu apoio e ajuda. Toda ajuda \u00e9 bem-vinda! Disponibilizamos abaixo as informa\u00e7\u00f5es para que voc\u00ea possa fazer sua contribui\u00e7\u00e3o: Banco do Brasil: Ag\u00eancia: 6955-8 Conta Corrente: 5068-7 PIX: contato@caminhodafe.com.br Associa\u00e7\u00e3o dos Amigos do\u00a0Caminho\u00a0da\u00a0F\u00e9 [\/vc_column_text][\/vc_column][\/vc_row]<\/p>\n","protected":false},"author":1,"featured_media":0,"parent":0,"menu_order":0,"comment_status":"closed","ping_status":"closed","template":"","meta":{"content-type":"","_monsterinsights_skip_tracking":false,"_monsterinsights_sitenote_active":false,"_monsterinsights_sitenote_note":"","_monsterinsights_sitenote_category":0,"footnotes":""},"class_list":["post-147","page","type-page","status-publish","hentry"],"_links":{"self":[{"href":"https:\/\/caminhodafe.com.br\/ptbr\/wp-json\/wp\/v2\/pages\/147","targetHints":{"allow":["GET"]}}],"collection":[{"href":"https:\/\/caminhodafe.com.br\/ptbr\/wp-json\/wp\/v2\/pages"}],"about":[{"href":"https:\/\/caminhodafe.com.br\/ptbr\/wp-json\/wp\/v2\/types\/page"}],"author":[{"embeddable":true,"href":"https:\/\/caminhodafe.com.br\/ptbr\/wp-json\/wp\/v2\/users\/1"}],"replies":[{"embeddable":true,"href":"https:\/\/caminhodafe.com.br\/ptbr\/wp-json\/wp\/v2\/comments?post=147"}],"version-history":[{"count":3,"href":"https:\/\/caminhodafe.com.br\/ptbr\/wp-json\/wp\/v2\/pages\/147\/revisions"}],"predecessor-version":[{"id":10155,"href":"https:\/\/caminhodafe.com.br\/ptbr\/wp-json\/wp\/v2\/pages\/147\/revisions\/10155"}],"wp:attachment":[{"href":"https:\/\/caminhodafe.com.br\/ptbr\/wp-json\/wp\/v2\/media?parent=147"}],"curies":[{"name":"wp","href":"https:\/\/api.w.org\/{rel}","templated":true}]}}