{"id":11536,"date":"2026-03-05T11:30:26","date_gmt":"2026-03-05T14:30:26","guid":{"rendered":"https:\/\/caminhodafe.com.br\/ptbr\/?page_id=11536"},"modified":"2026-03-06T14:15:30","modified_gmt":"2026-03-06T17:15:30","slug":"livro-com-passos-abracos","status":"publish","type":"page","link":"https:\/\/caminhodafe.com.br\/ptbr\/livro-com-passos-abracos\/","title":{"rendered":"Com PASSOS e ABRA\u00c7OS PEREGRINOS"},"content":{"rendered":"<section class=\"wpb-content-wrapper\"><p>[vc_row][vc_column][vc_column_text]<\/p>\n<h2 class=\"wpb_heading wpb_singleimage_heading\">Com PASSOS e ABRA\u00c7OS PEREGRINOS<\/h2>\n<p>[\/vc_column_text][\/vc_column][\/vc_row][vc_row][vc_column width=&#8221;2\/3&#8243;][vc_single_image image=&#8221;11568&#8243; img_size=&#8221;medium&#8221; onclick=&#8221;link_image&#8221;][vc_row_inner][vc_column_inner width=&#8221;1\/3&#8243;][vc_single_image image=&#8221;11568&#8243; img_size=&#8221;medium&#8221; onclick=&#8221;link_image&#8221;][\/vc_column_inner][vc_column_inner width=&#8221;1\/3&#8243;][vc_single_image image=&#8221;11569&#8243; img_size=&#8221;medium&#8221; onclick=&#8221;link_image&#8221;][\/vc_column_inner][vc_column_inner width=&#8221;1\/3&#8243;][\/vc_column_inner][\/vc_row_inner][\/vc_column][vc_column width=&#8221;1\/3&#8243;][vc_column_text]<\/p>\n<h3><strong>Detalhes do Produto<\/strong><\/h3>\n<h3>Livro &#8211; Com PASSOS e ABRA\u00c7OS PEREGRINOS &#8211; Momentos e aprendizados nos caminhos.<\/h3>\n<p>Autor: MARIANO LEAL DE PAULA.<\/p>\n<p>V\u00e1rios registros de momentos e hist\u00f3rias que acontecem pelos caminhos de peregrinos que se encontram.<\/p>\n<h3>Pre\u00e7o: R$ 20,00<\/h3>\n<p>[\/vc_column_text][vc_row_inner][vc_column_inner][vc_btn title=&#8221;Comprar (Voc\u00ea ser\u00e1 redirecionado para o WhatsApp da Associa\u00e7\u00e3o)&#8221; color=&#8221;success&#8221; align=&#8221;center&#8221; button_block=&#8221;true&#8221; link=&#8221;url:https%3A%2F%2Fapi.whatsapp.com%2Fsend%3Fphone%3D5519998562620%26text%3DOl%C3%A1.%20Gostaria%20de%20mais%20informa%C3%A7%C3%B5es%20sobre%20o%20Livro%20Com%20PASSOS%20e%20ABRA%C3%87OS%20PEREGRINOS%20Momentos%20e%20aprendizados%20nos%20caminhos&#8221;][\/vc_column_inner][\/vc_row_inner][\/vc_column][\/vc_row]<\/p>\n<\/section>","protected":false},"excerpt":{"rendered":"<p>[vc_row][vc_column][vc_column_text] Com PASSOS e ABRA\u00c7OS PEREGRINOS [\/vc_column_text][\/vc_column][\/vc_row][vc_row][vc_column width=&#8221;2\/3&#8243;][vc_single_image image=&#8221;11568&#8243; img_size=&#8221;medium&#8221; onclick=&#8221;link_image&#8221;][vc_row_inner][vc_column_inner width=&#8221;1\/3&#8243;][vc_single_image image=&#8221;11568&#8243; img_size=&#8221;medium&#8221; onclick=&#8221;link_image&#8221;][\/vc_column_inner][vc_column_inner width=&#8221;1\/3&#8243;][vc_single_image image=&#8221;11569&#8243; img_size=&#8221;medium&#8221; onclick=&#8221;link_image&#8221;][\/vc_column_inner][vc_column_inner width=&#8221;1\/3&#8243;][\/vc_column_inner][\/vc_row_inner][\/vc_column][vc_column width=&#8221;1\/3&#8243;][vc_column_text] Detalhes do Produto Livro &#8211; Com PASSOS e ABRA\u00c7OS PEREGRINOS &#8211; Momentos e aprendizados nos caminhos. Autor: MARIANO LEAL DE PAULA. V\u00e1rios registros de momentos e hist\u00f3rias que acontecem pelos caminhos de peregrinos que se encontram. Pre\u00e7o: R$ 20,00 [\/vc_column_text][vc_row_inner][vc_column_inner][vc_btn title=&#8221;Comprar (Voc\u00ea ser\u00e1 redirecionado para o WhatsApp da Associa\u00e7\u00e3o)&#8221; color=&#8221;success&#8221; align=&#8221;center&#8221; button_block=&#8221;true&#8221; link=&#8221;url:https%3A%2F%2Fapi.whatsapp.com%2Fsend%3Fphone%3D5519998562620%26text%3DOl%C3%A1.%20Gostaria%20de%20mais%20informa%C3%A7%C3%B5es%20sobre%20o%20Livro%20Com%20PASSOS%20e%20ABRA%C3%87OS%20PEREGRINOS%20Momentos%20e%20aprendizados%20nos%20caminhos&#8221;][\/vc_column_inner][\/vc_row_inner][\/vc_column][\/vc_row]<\/p>\n","protected":false},"author":30480,"featured_media":0,"parent":0,"menu_order":0,"comment_status":"closed","ping_status":"closed","template":"","meta":{"content-type":"","_monsterinsights_skip_tracking":false,"_monsterinsights_sitenote_active":false,"_monsterinsights_sitenote_note":"","_monsterinsights_sitenote_category":0,"footnotes":""},"class_list":["post-11536","page","type-page","status-publish","hentry"],"_links":{"self":[{"href":"https:\/\/caminhodafe.com.br\/ptbr\/wp-json\/wp\/v2\/pages\/11536","targetHints":{"allow":["GET"]}}],"collection":[{"href":"https:\/\/caminhodafe.com.br\/ptbr\/wp-json\/wp\/v2\/pages"}],"about":[{"href":"https:\/\/caminhodafe.com.br\/ptbr\/wp-json\/wp\/v2\/types\/page"}],"author":[{"embeddable":true,"href":"https:\/\/caminhodafe.com.br\/ptbr\/wp-json\/wp\/v2\/users\/30480"}],"replies":[{"embeddable":true,"href":"https:\/\/caminhodafe.com.br\/ptbr\/wp-json\/wp\/v2\/comments?post=11536"}],"version-history":[{"count":7,"href":"https:\/\/caminhodafe.com.br\/ptbr\/wp-json\/wp\/v2\/pages\/11536\/revisions"}],"predecessor-version":[{"id":11602,"href":"https:\/\/caminhodafe.com.br\/ptbr\/wp-json\/wp\/v2\/pages\/11536\/revisions\/11602"}],"wp:attachment":[{"href":"https:\/\/caminhodafe.com.br\/ptbr\/wp-json\/wp\/v2\/media?parent=11536"}],"curies":[{"name":"wp","href":"https:\/\/api.w.org\/{rel}","templated":true}]}}