{"id":1071,"date":"2017-03-05T09:28:31","date_gmt":"2017-03-05T12:28:31","guid":{"rendered":"http:\/\/caminhodafe.com.br\/ptbr\/?page_id=1071"},"modified":"2017-04-24T12:04:46","modified_gmt":"2017-04-24T15:04:46","slug":"comunicados","status":"publish","type":"page","link":"https:\/\/caminhodafe.com.br\/ptbr\/comunicados\/","title":{"rendered":"Comunicados"},"content":{"rendered":"<h3 class=\"x_MsoNormal\"><span style=\"color: #000080;\">PARCERIA CAMINHO DA F\u00c9 E MUNDO TERRA.<\/span><\/h3>\n<p>&nbsp;<\/p>\n<p><img loading=\"lazy\" decoding=\"async\" class=\"alignnone wp-image-706 size-medium\" src=\"http:\/\/caminhodafe.com.br\/ptbr\/wp-content\/uploads\/2016\/12\/MundoTerra-300x150.jpg\" alt=\"\" width=\"300\" height=\"150\" srcset=\"https:\/\/caminhodafe.com.br\/ptbr\/wp-content\/uploads\/2016\/12\/MundoTerra-300x150.jpg 300w, https:\/\/caminhodafe.com.br\/ptbr\/wp-content\/uploads\/2016\/12\/MundoTerra-400x200.jpg 400w, https:\/\/caminhodafe.com.br\/ptbr\/wp-content\/uploads\/2016\/12\/MundoTerra.jpg 600w\" sizes=\"auto, (max-width: 300px) 100vw, 300px\" \/><\/p>\n<p class=\"x_MsoNormal\">Teremos uma <strong>programa\u00e7\u00e3o de palestras<\/strong> sobre o Caminho da F\u00e9, nas lojas da Mundo Terra. Um movimento super bacana que auxiliar\u00e1 os peregrinos em seu processo de planejamento de sua viagem.<\/p>\n<p class=\"x_MsoNormal\">Os encontros acontecer\u00e3o:<\/p>\n<p class=\"x_MsoNormal\" style=\"padding-left: 30px;\">27 e 28 e Abril as 19:30<br \/>\n( inscri\u00e7\u00e3o at\u00e9 25\/04)<br \/>\nLoja Mundo Terra &#8211; Higien\u00f3polis.<\/p>\n<p class=\"x_MsoNormal\" style=\"padding-left: 30px;\">11 e 12 de Maio as 19:30<br \/>\n(inscri\u00e7\u00e3o at\u00e9 09\/05)<br \/>\nLoja Mundo Terra- Moema<\/p>\n<p class=\"x_MsoNormal\" style=\"padding-left: 30px;\">08 e 09 de junho as 19:30<br \/>\n(inscri\u00e7\u00e3o at\u00e9 06\/06)<br \/>\nLoja Mundo Terra &#8211; Higien\u00f3polis<\/p>\n<p class=\"x_MsoNormal\">Para que os encontros aconte\u00e7am \u00e9 preciso <strong>fazer sua inscri\u00e7\u00e3o<\/strong> conosco aqui na AACF, via telefone ou e-mail<strong>\u00a0 \u00a0( 19 36422751 \/\/ contato@caminhodafe.com.br )<\/strong>.<\/p>\n<p class=\"x_MsoNormal\">Os espa\u00e7os tem capacidade de atender at\u00e9 20 pessoas, por isso pedimos para se inscrever para reservar sua vaga. A participa\u00e7\u00e3o da palestra \u00e9 <strong>gratuita<\/strong>, e os participantes ganham um <strong>voucher com desconto<\/strong> para compra de produtos da Loja.<\/p>\n<p class=\"x_MsoNormal\">Ser\u00e1 um prazer ter voc\u00ea conosco. E<strong>ntre em contato e fa\u00e7a sua inscri\u00e7\u00e3o<\/strong>.<\/p>\n","protected":false},"excerpt":{"rendered":"<p>PARCERIA CAMINHO DA F\u00c9 E MUNDO TERRA. &nbsp; Teremos uma programa\u00e7\u00e3o de palestras sobre o Caminho da F\u00e9, nas lojas da Mundo Terra. Um movimento super bacana que auxiliar\u00e1 os peregrinos em seu processo de planejamento de sua viagem. Os encontros acontecer\u00e3o: 27 e 28 e Abril as 19:30 ( inscri\u00e7\u00e3o at\u00e9 25\/04) Loja Mundo Terra &#8211; Higien\u00f3polis. 11 e 12 de Maio as 19:30 (inscri\u00e7\u00e3o at\u00e9 09\/05) Loja Mundo Terra- Moema 08 e 09 de junho as 19:30 (inscri\u00e7\u00e3o at\u00e9 06\/06) Loja Mundo Terra &#8211; Higien\u00f3polis Para que os encontros aconte\u00e7am \u00e9 preciso fazer sua inscri\u00e7\u00e3o conosco aqui na AACF, via telefone ou e-mail\u00a0 \u00a0( 19 36422751 \/\/ contato@caminhodafe.com.br ). Os espa\u00e7os tem capacidade de atender at\u00e9 20 pessoas, por isso pedimos para se inscrever para reservar sua vaga. A participa\u00e7\u00e3o da palestra \u00e9 gratuita, e os participantes ganham um voucher com desconto para compra de produtos da Loja. Ser\u00e1 um prazer ter voc\u00ea conosco. Entre em contato e fa\u00e7a sua inscri\u00e7\u00e3o.<\/p>\n","protected":false},"author":1,"featured_media":0,"parent":0,"menu_order":0,"comment_status":"closed","ping_status":"closed","template":"","meta":{"content-type":"","_monsterinsights_skip_tracking":false,"_monsterinsights_sitenote_active":false,"_monsterinsights_sitenote_note":"","_monsterinsights_sitenote_category":0,"footnotes":""},"class_list":["post-1071","page","type-page","status-publish","hentry"],"_links":{"self":[{"href":"https:\/\/caminhodafe.com.br\/ptbr\/wp-json\/wp\/v2\/pages\/1071","targetHints":{"allow":["GET"]}}],"collection":[{"href":"https:\/\/caminhodafe.com.br\/ptbr\/wp-json\/wp\/v2\/pages"}],"about":[{"href":"https:\/\/caminhodafe.com.br\/ptbr\/wp-json\/wp\/v2\/types\/page"}],"author":[{"embeddable":true,"href":"https:\/\/caminhodafe.com.br\/ptbr\/wp-json\/wp\/v2\/users\/1"}],"replies":[{"embeddable":true,"href":"https:\/\/caminhodafe.com.br\/ptbr\/wp-json\/wp\/v2\/comments?post=1071"}],"version-history":[{"count":0,"href":"https:\/\/caminhodafe.com.br\/ptbr\/wp-json\/wp\/v2\/pages\/1071\/revisions"}],"wp:attachment":[{"href":"https:\/\/caminhodafe.com.br\/ptbr\/wp-json\/wp\/v2\/media?parent=1071"}],"curies":[{"name":"wp","href":"https:\/\/api.w.org\/{rel}","templated":true}]}}