{"id":10428,"date":"2025-07-04T10:19:31","date_gmt":"2025-07-04T13:19:31","guid":{"rendered":"https:\/\/caminhodafe.com.br\/ptbr\/?page_id=10428"},"modified":"2026-03-19T22:00:19","modified_gmt":"2026-03-20T01:00:19","slug":"bom-caminho","status":"publish","type":"page","link":"https:\/\/caminhodafe.com.br\/ptbr\/bom-caminho\/","title":{"rendered":"Bom Caminho"},"content":{"rendered":"<section class=\"wpb-content-wrapper\"><p>[vc_row][vc_column][vc_single_image image=&#8221;10429&#8243; img_size=&#8221;400&#215;400&#8243; alignment=&#8221;center&#8221;][\/vc_column][\/vc_row][vc_row][vc_column width=&#8221;1\/2&#8243;][vc_column_text]<\/p>\n<h4>O Caminho da F\u00e9 , foi um chamado\u00a0 em 2018, o fundador do bomcaminhoperegrinos, Jos\u00e9 Carlos dos Santos,\u00a0 foi pela primeira vez, (sem experi\u00eancia ) , j\u00e1 naquele ano,\u00a0 ap\u00f3s o t\u00e9rmino do caminho , despertou a necessidade de proporcionar apoio, a todas as pessoas que querem ir ao caminho mas n\u00e3o o podem, por motivos de sa\u00fade, inseguran\u00e7a, ou n\u00e3o acreditar no que s\u00e3o capazes.<\/h4>\n<h4>Durante estes mais de 07(sete) anos, fomos adquirindo cada vez mais experi\u00eancia, em apoiar os peregrinos, buscando com isso, trazer seguran\u00e7a, conforto, para que o peregrino termine sua jornada seja ela de f\u00e9, esporte ou espiritualidade, sem qualquer percal\u00e7o durante o caminho.<\/h4>\n<h4>Fazemos o Apoio para os Peregrinos durante todo o trajeto do caminho da f\u00e9,\u00a0 com carro 4&#215;4 , reservando as pousadas, paradas a cada 5 quil\u00f4metros para hidrata\u00e7\u00e3o e alimenta\u00e7\u00e3o, traslado das mochilas , assessoria individual ou em grupos.<\/h4>\n<h4>For\u00e7a, foco e F\u00e9, a F\u00e9 \u00e9 o que n\u00e3o vemos, mas est\u00e1 conosco sempre.<\/h4>\n<p>[\/vc_column_text][\/vc_column][vc_column width=&#8221;1\/2&#8243;][vc_gallery interval=&#8221;3&#8243; images=&#8221;10436,10435,10437,10434,10433,10432,10431&#8243; img_size=&#8221;600&#215;600&#8243;][\/vc_column][\/vc_row][vc_row][vc_column][vc_column_text]<\/p>\n<h3 style=\"text-align: center\"><span style=\"text-decoration: underline\"><strong>EQUIPE<\/strong><\/span><\/h3>\n<h3 style=\"text-align: center\"><\/h3>\n<p>[\/vc_column_text][\/vc_column][\/vc_row][vc_row][vc_column width=&#8221;1\/2&#8243;][vc_single_image image=&#8221;10430&#8243; img_size=&#8221;955&#215;1502&#8243; alignment=&#8221;center&#8221;][\/vc_column][vc_column width=&#8221;1\/2&#8243;][vc_single_image image=&#8221;10438&#8243; img_size=&#8221;455&#215;759&#8243;][\/vc_column][\/vc_row][vc_row][vc_column][vc_column_text]<\/p>\n<h4 style=\"text-align: center\"><strong><i><span style=\"font-size: 13.5pt;font-family: 'Arial',sans-serif;color: navy\"><em>Katia e Jos\u00e9 Carlos<\/em><\/span><\/i><\/strong><\/h4>\n<p>[\/vc_column_text][\/vc_column][\/vc_row][vc_row][vc_column][vc_column_text]<\/p>\n<h2>AGENDA 2026<\/h2>\n<h4>JANEIRO<\/h4>\n<p>Sa\u00edda de Estiva \u2013 06 Dias<br \/>\n10\/01 a 16\/01\/2026<br \/>\nTamb\u00e9m com Roteiro e op\u00e7\u00e3o de Sa\u00edda de Parais\u00f3polis (100 km) e Campos do Jord\u00e3o ( 60 Km)<\/p>\n<h4>FEVEREIRO (EXCLUSIVO IRM\u00c3S)<\/h4>\n<p>Sa\u00edda de Parais\u00f3polis \u2013 05 dias<br \/>\n07\/02 a 11\/02\/2026.<\/p>\n<h4>ABRIL<\/h4>\n<p>Sa\u00edda de Estiva \u2013 06 dias.<br \/>\n16\/04 21\/04\/2026<br \/>\nTamb\u00e9m com Roteiro e op\u00e7\u00e3o de Sa\u00edda de Parais\u00f3polis (100 km) e Campos do Jord\u00e3o ( 60 Km)<\/p>\n<h4>MAIO<\/h4>\n<p>Sa\u00edda de \u00c1guas da Prata \u2013 12 dias.<br \/>\n19\/05 a 31\/05\/2026.<br \/>\nTamb\u00e9m com Roteiro e op\u00e7\u00e3o de Sa\u00edda de Estiva (150 km), Parais\u00f3polis (100 km) e Campos do<br \/>\nJord\u00e3o ( 60 Km)<\/p>\n<h4>JUNHO<\/h4>\n<p>Sa\u00edda de Estiva \u2013 06 dias.<br \/>\n14\/06 a 19\/06\/2026<br \/>\nTamb\u00e9m com Roteiro e op\u00e7\u00e3o de Sa\u00edda de Parais\u00f3polis (100 km) e Campos do Jord\u00e3o ( 60 Km)<\/p>\n<h4>JULHO<\/h4>\n<p>Sa\u00edda de Parais\u00f3polis 05 dias.<br \/>\n06\/07 a 10\/07\/2026.<br \/>\nTamb\u00e9m com Roteiro e op\u00e7\u00e3o de Sa\u00edda de Campos do Jord\u00e3o ( 60 Km)<\/p>\n<p>Sa\u00edda de \u00c1guas da Prata 12 dias.<br \/>\n20\/07 a 31\/07\/2026.<br \/>\nTamb\u00e9m com Roteiro e op\u00e7\u00e3o de Sa\u00edda de Estiva (140 km), Parais\u00f3polis (100 km) e Campos do<br \/>\nJord\u00e3o ( 60 Km)<\/p>\n<h4>AGOSTO<\/h4>\n<p>Sa\u00edda de \u00c1guas da Prata &#8211; 12 dias<br \/>\n09\/08\/2026 a 21\/08\/2026.<br \/>\nTamb\u00e9m com Roteiro e op\u00e7\u00e3o de Sa\u00edda de Estiva (150 km), Parais\u00f3polis (100 km) e Campos do<br \/>\nJord\u00e3o ( 60 Km)<br \/>\n28\/08\/2026 a 02\/09\/2026 \u2013 06 dias \u2013 Parais\u00f3polis.<br \/>\nTamb\u00e9m com Roteiro e op\u00e7\u00e3o de Sa\u00edda de Campos do Jord\u00e3o ( 60 Km)<\/p>\n<h4>SETEMBRO<\/h4>\n<p>Sa\u00edda de Parais\u00f3polis \u2013 05 dias.<br \/>\n04\/09 a 08\/09\/2026 .<br \/>\nTamb\u00e9m com Roteiro e op\u00e7\u00e3o de Sa\u00edda de Campos do Jord\u00e3o ( 60 Km)<\/p>\n<p>Sa\u00edda de Estiva &#8211; 07 Dias<br \/>\n12\/09 a 18\/09\/2026<br \/>\nTamb\u00e9m Parais\u00f3polis (110 km) e Campos do Jord\u00e3o ( 60 Km)<\/p>\n<h4>OUTUBRO<\/h4>\n<p>Sa\u00edda de \u00c1guas da Prata &#8211; 12 dias.<br \/>\n12\/10 a 23\/10\/2026<br \/>\nTamb\u00e9m com Roteiro e op\u00e7\u00e3o de Sa\u00edda de Estiva (150 km), Parais\u00f3polis (110 km) e Campos do<br \/>\nJord\u00e3o ( 60 Km)<\/p>\n<h4>NOVEMBRO<\/h4>\n<p>Sa\u00edda de Estiva \u2013 06 dias.<br \/>\n15\/11 a 20\/11\/2026.<br \/>\nTamb\u00e9m Parais\u00f3polis (110 km) e Campos do Jord\u00e3o ( 60 Km)[\/vc_column_text][vc_column_text][\/vc_column_text][\/vc_column][\/vc_row][vc_row][vc_column][vc_column_text]<\/p>\n<h4>Bomcaminhoperegrinos.<br \/>\nSeus passos com f\u00e9, leveza e seguran\u00e7a .<\/h4>\n<p>Contatos:<\/p>\n<h4>WhatsApp\u00a0 <a href=\"https:\/\/api.whatsapp.com\/send\/?phone=5511919948237\">(11)91994-8237<\/a> \/\u00a0<a href=\"https:\/\/api.whatsapp.com\/send\/?phone=5514998443777\">(14) 99844-3777<\/a><\/h4>\n<h4>E-mail: <a href=\"mailto:bomcaminhoperegrinos@gmail.com\">bomcaminhoperegrinos@gmail.com<\/a><\/h4>\n<h4>Site: https:\/\/bomcaminhoperegrinos.com.br\/<\/h4>\n<h4>Canais\/redes sociais<\/h4>\n<h4>INSTAGRAM: <a href=\"https:\/\/www.instagram.com\/bomcaminhoperegrinos\">@bomcaminhoperegrinos<\/a><\/h4>\n<h4>Facebook: <a href=\"https:\/\/www.facebook.com\/bomcaminhoperegrino\">@bomcaminhoperegrino<\/a><\/h4>\n<h4>Youtube: <a href=\"https:\/\/www.youtube.com\/@CaminhosPeregrinos\">@CaminhosPeregrinos<\/a><\/h4>\n<h4><\/h4>\n<p>[\/vc_column_text][\/vc_column][\/vc_row][vc_row][vc_column][vc_separator color=&#8221;blue&#8221;][vc_column_text]<\/p>\n<h3 style=\"text-align: center\"><span style=\"color: #000080\"><strong>DEPOIMENTOS<\/strong><\/span><\/h3>\n<p>[\/vc_column_text][\/vc_column][\/vc_row][vc_row][vc_column][vc_single_image image=&#8221;10433&#8243; img_size=&#8221;600&#215;600&#8243; alignment=&#8221;center&#8221;][vc_column_text]<\/p>\n<h3 style=\"text-align: center\"><strong>Gustavo &#8211; Avar\u00e9\/SP<\/strong><\/h3>\n<p style=\"text-align: center\">\u00a0Fez o caminho em Abril de 2025.<\/p>\n<h4 style=\"text-align: left\">&#8220;A Equipe @bomcaminhoperegrinos, nos guiou por todo o caminho em Abril desse Ano, com muito dedica\u00e7\u00e3o, levando seguran\u00e7a\u00a0 a todos os peregrinos ali, sempre parando para nos auxiliar, ainda com mimos nas paradas para alimenta\u00e7\u00e3o, com um lanche natural, castanhas , salames e queijos, \u00e1gua , Gatorade , e refrigerantes.\u201d<\/h4>\n<p>[\/vc_column_text][\/vc_column][\/vc_row][vc_row][vc_column width=&#8221;1\/3&#8243;][\/vc_column][vc_column width=&#8221;1\/3&#8243;][\/vc_column][\/vc_row][vc_row][vc_column][vc_separator color=&#8221;blue&#8221;][vc_column_text]<\/p>\n<h3 style=\"text-align: center\"><span style=\"color: #000080\"><strong>P\u00daBLICO<\/strong><\/span><\/h3>\n<p>[\/vc_column_text][\/vc_column][\/vc_row][vc_row][vc_column width=&#8221;1\/5&#8243;][vc_single_image image=&#8221;7549&#8243; alignment=&#8221;center&#8221; onclick=&#8221;link_image&#8221; css=&#8221;.vc_custom_1665428583204{border-radius: 1px !important;}&#8221; title=&#8221;Homens&#8221;][\/vc_column][vc_column width=&#8221;1\/5&#8243;][vc_single_image image=&#8221;7548&#8243; alignment=&#8221;center&#8221; onclick=&#8221;link_image&#8221; css=&#8221;.vc_custom_1665428591409{border-radius: 1px !important;}&#8221; title=&#8221;Mulheres&#8221;][\/vc_column][vc_column width=&#8221;1\/5&#8243;][vc_single_image image=&#8221;7547&#8243; alignment=&#8221;center&#8221; onclick=&#8221;link_image&#8221; css=&#8221;.vc_custom_1665428598480{border-radius: 1px !important;}&#8221; title=&#8221;Fam\u00edlias&#8221;][\/vc_column][vc_column width=&#8221;1\/5&#8243;][vc_single_image image=&#8221;7555&#8243; alignment=&#8221;center&#8221; onclick=&#8221;link_image&#8221; css=&#8221;.vc_custom_1665428605080{border-radius: 1px !important;}&#8221; title=&#8221;Grupos&#8221;][\/vc_column][vc_column width=&#8221;1\/5&#8243;][vc_single_image image=&#8221;7550&#8243; alignment=&#8221;center&#8221; onclick=&#8221;link_image&#8221; css=&#8221;.vc_custom_1665669340312{border-radius: 1px !important;}&#8221; title=&#8221;60 +&#8221;][\/vc_column][\/vc_row][vc_row][vc_column width=&#8221;1\/5&#8243;][vc_single_image image=&#8221;7540&#8243; alignment=&#8221;center&#8221; onclick=&#8221;link_image&#8221; css=&#8221;.vc_custom_1751635028081{border-radius: 1px !important;}&#8221; title=&#8221;Homens&#8221;][\/vc_column][\/vc_row][vc_row][vc_column][vc_separator color=&#8221;blue&#8221;][vc_column_text]<\/p>\n<h3 style=\"text-align: center\"><span style=\"color: #000080\"><strong>MODAL<\/strong><\/span><\/h3>\n<p>[\/vc_column_text][\/vc_column][\/vc_row][vc_row][vc_column width=&#8221;1\/5&#8243;][vc_single_image image=&#8221;7551&#8243; alignment=&#8221;center&#8221; onclick=&#8221;link_image&#8221; css=&#8221;.vc_custom_1750945240181{border-radius: 1px !important;}&#8221; title=&#8221;Peregrino&#8221;][\/vc_column][vc_column width=&#8221;1\/5&#8243;][\/vc_column][vc_column width=&#8221;1\/5&#8243;][\/vc_column][vc_column width=&#8221;1\/5&#8243;][\/vc_column][vc_column width=&#8221;1\/5&#8243;][\/vc_column][\/vc_row][vc_row][vc_column][vc_separator color=&#8221;blue&#8221;][vc_column_text]<\/p>\n<h3 style=\"text-align: center\"><span style=\"color: #000080\"><strong>INFRAESTRUTURA TUR\u00cdSTICA<\/strong><\/span><\/h3>\n<p>[\/vc_column_text][\/vc_column][\/vc_row][vc_row][vc_column width=&#8221;1\/5&#8243;][vc_single_image image=&#8221;7556&#8243; alignment=&#8221;center&#8221; onclick=&#8221;link_image&#8221; css=&#8221;.vc_custom_1665669258921{border-radius: 1px !important;}&#8221; title=&#8221;Qualifica\u00e7\u00e3o Profissional&#8221;][\/vc_column][vc_column width=&#8221;1\/5&#8243;][vc_single_image image=&#8221;7543&#8243; alignment=&#8221;center&#8221; onclick=&#8221;link_image&#8221; css=&#8221;.vc_custom_1665428757241{border-radius: 1px !important;}&#8221; title=&#8221;Transporte de Bagagem&#8221;][\/vc_column][vc_column width=&#8221;1\/5&#8243;][vc_single_image image=&#8221;7545&#8243; alignment=&#8221;center&#8221; onclick=&#8221;link_image&#8221; css=&#8221;.vc_custom_1665428765161{border-radius: 1px !important;}&#8221; title=&#8221;Hospedagem&#8221;][\/vc_column][vc_column width=&#8221;1\/5&#8243;][vc_single_image image=&#8221;7541&#8243; alignment=&#8221;center&#8221; onclick=&#8221;link_image&#8221; css=&#8221;.vc_custom_1665428772488{border-radius: 1px !important;}&#8221; title=&#8221;Alimenta\u00e7\u00e3o&#8221;][\/vc_column][vc_column width=&#8221;1\/5&#8243;][\/vc_column][\/vc_row][vc_row][vc_column][vc_separator color=&#8221;blue&#8221;][vc_column_text]<\/p>\n<h3 style=\"text-align: center\"><span style=\"color: #000080\"><strong>APOIO<\/strong><\/span><\/h3>\n<p>[\/vc_column_text][\/vc_column][\/vc_row][vc_row][vc_column width=&#8221;1\/5&#8243;][vc_single_image image=&#8221;7542&#8243; alignment=&#8221;center&#8221; onclick=&#8221;link_image&#8221; css=&#8221;.vc_custom_1665433779918{border-radius: 1px !important;}&#8221; title=&#8221;Ve\u00edculo&#8221;][\/vc_column][vc_column width=&#8221;1\/5&#8243;][\/vc_column][vc_column width=&#8221;1\/5&#8243;][\/vc_column][vc_column width=&#8221;1\/5&#8243;][\/vc_column][vc_column width=&#8221;1\/5&#8243;][\/vc_column][\/vc_row][vc_row][vc_column][vc_separator color=&#8221;blue&#8221;][vc_column_text]<\/p>\n<h3 style=\"text-align: center\"><span style=\"color: #000080\"><strong>SEGURAN\u00c7A<\/strong><\/span><\/h3>\n<p>[\/vc_column_text][\/vc_column][\/vc_row][vc_row][vc_column width=&#8221;1\/5&#8243;][vc_single_image image=&#8221;7557&#8243; alignment=&#8221;center&#8221; onclick=&#8221;link_image&#8221; css=&#8221;.vc_custom_1665428886366{border-radius: 1px !important;}&#8221; title=&#8221;Sistema de Gest\u00e3o de Seguran\u00e7a&#8221;][\/vc_column][vc_column width=&#8221;1\/5&#8243;][vc_single_image image=&#8221;7553&#8243; alignment=&#8221;center&#8221; onclick=&#8221;link_image&#8221; css=&#8221;.vc_custom_1665428859352{border-radius: 1px !important;}&#8221; title=&#8221;Primeiros Socorros&#8221;][\/vc_column][vc_column width=&#8221;1\/5&#8243;][\/vc_column][vc_column width=&#8221;1\/5&#8243;][\/vc_column][vc_column width=&#8221;1\/5&#8243;][\/vc_column][\/vc_row][vc_row][vc_column][vc_separator color=&#8221;blue&#8221;][vc_column_text]<\/p>\n<h4 style=\"text-align: center\"><strong>As informa\u00e7\u00f5es contidas nesta p\u00e1gina s\u00e3o de inteira responsabilidade do prestador de servi\u00e7o.<\/strong><\/h4>\n<p>[\/vc_column_text][\/vc_column][\/vc_row]<\/p>\n<\/section>","protected":false},"excerpt":{"rendered":"<p>[vc_row][vc_column][vc_single_image image=&#8221;10429&#8243; img_size=&#8221;400&#215;400&#8243; alignment=&#8221;center&#8221;][\/vc_column][\/vc_row][vc_row][vc_column width=&#8221;1\/2&#8243;][vc_column_text] O Caminho da F\u00e9 , foi um chamado\u00a0 em 2018, o fundador do bomcaminhoperegrinos, Jos\u00e9 Carlos dos Santos,\u00a0 foi pela primeira vez, (sem experi\u00eancia ) , j\u00e1 naquele ano,\u00a0 ap\u00f3s o t\u00e9rmino do caminho , despertou a necessidade de proporcionar apoio, a todas as pessoas que querem ir ao caminho mas n\u00e3o o podem, por motivos de sa\u00fade, inseguran\u00e7a, ou n\u00e3o acreditar no que s\u00e3o capazes. Durante estes mais de 07(sete) anos, fomos adquirindo cada vez mais experi\u00eancia, em apoiar os peregrinos, buscando com isso, trazer seguran\u00e7a, conforto, para que o peregrino termine sua jornada seja ela de f\u00e9, esporte ou espiritualidade, sem qualquer percal\u00e7o durante o caminho. Fazemos o Apoio para os Peregrinos durante todo o trajeto do caminho da f\u00e9,\u00a0 com carro 4&#215;4 , reservando as pousadas, paradas a cada 5 quil\u00f4metros para hidrata\u00e7\u00e3o e alimenta\u00e7\u00e3o, traslado das mochilas , assessoria individual ou em grupos. For\u00e7a, foco e F\u00e9, a F\u00e9 \u00e9 o que n\u00e3o vemos, mas est\u00e1 conosco sempre. [\/vc_column_text][\/vc_column][vc_column width=&#8221;1\/2&#8243;][vc_gallery interval=&#8221;3&#8243; images=&#8221;10436,10435,10437,10434,10433,10432,10431&#8243; img_size=&#8221;600&#215;600&#8243;][\/vc_column][\/vc_row][vc_row][vc_column][vc_column_text] EQUIPE [\/vc_column_text][\/vc_column][\/vc_row][vc_row][vc_column width=&#8221;1\/2&#8243;][vc_single_image image=&#8221;10430&#8243; img_size=&#8221;955&#215;1502&#8243; alignment=&#8221;center&#8221;][\/vc_column][vc_column width=&#8221;1\/2&#8243;][vc_single_image image=&#8221;10438&#8243; img_size=&#8221;455&#215;759&#8243;][\/vc_column][\/vc_row][vc_row][vc_column][vc_column_text] Katia e Jos\u00e9 Carlos [\/vc_column_text][\/vc_column][\/vc_row][vc_row][vc_column][vc_column_text] AGENDA 2026 JANEIRO Sa\u00edda de Estiva \u2013 06 Dias 10\/01 a 16\/01\/2026 Tamb\u00e9m com Roteiro e op\u00e7\u00e3o de Sa\u00edda de Parais\u00f3polis (100 km) e Campos do Jord\u00e3o ( 60 Km) FEVEREIRO (EXCLUSIVO IRM\u00c3S) Sa\u00edda de Parais\u00f3polis \u2013 05 dias 07\/02 a 11\/02\/2026. ABRIL Sa\u00edda de Estiva \u2013 06 dias. 16\/04 21\/04\/2026 Tamb\u00e9m com Roteiro e op\u00e7\u00e3o de Sa\u00edda de Parais\u00f3polis (100 km) e Campos do Jord\u00e3o ( 60 Km) MAIO Sa\u00edda de \u00c1guas da Prata \u2013 12 dias. 19\/05 a 31\/05\/2026. Tamb\u00e9m com Roteiro e op\u00e7\u00e3o de Sa\u00edda de Estiva (150 km), Parais\u00f3polis (100 km) e Campos do Jord\u00e3o ( 60 Km) JUNHO Sa\u00edda de Estiva \u2013 06 dias. 14\/06 a 19\/06\/2026 Tamb\u00e9m com Roteiro e op\u00e7\u00e3o de Sa\u00edda de Parais\u00f3polis (100 km) e Campos do Jord\u00e3o ( 60 Km) JULHO Sa\u00edda de Parais\u00f3polis 05 dias. 06\/07 a 10\/07\/2026. Tamb\u00e9m com Roteiro e op\u00e7\u00e3o de Sa\u00edda de Campos do Jord\u00e3o ( 60 Km) Sa\u00edda de \u00c1guas da Prata 12 dias. 20\/07 a 31\/07\/2026. Tamb\u00e9m com Roteiro e op\u00e7\u00e3o de Sa\u00edda de Estiva (140 km), Parais\u00f3polis (100 km) e Campos do Jord\u00e3o ( 60 Km) AGOSTO Sa\u00edda de \u00c1guas da Prata &#8211; 12 dias 09\/08\/2026 a 21\/08\/2026. Tamb\u00e9m com Roteiro e op\u00e7\u00e3o de Sa\u00edda de Estiva (150 km), Parais\u00f3polis (100 km) e Campos do Jord\u00e3o ( 60 Km) 28\/08\/2026 a 02\/09\/2026 \u2013 06 dias \u2013 Parais\u00f3polis. Tamb\u00e9m com Roteiro e op\u00e7\u00e3o de Sa\u00edda de Campos do Jord\u00e3o ( 60 Km) SETEMBRO Sa\u00edda de Parais\u00f3polis \u2013 05 dias. 04\/09 a 08\/09\/2026 . Tamb\u00e9m com Roteiro e op\u00e7\u00e3o de Sa\u00edda de Campos do Jord\u00e3o ( 60 Km) Sa\u00edda de Estiva &#8211; 07 Dias 12\/09 a 18\/09\/2026 Tamb\u00e9m Parais\u00f3polis (110 km) e Campos do Jord\u00e3o ( 60 Km) OUTUBRO Sa\u00edda de \u00c1guas da Prata &#8211; 12 dias. 12\/10 a 23\/10\/2026 Tamb\u00e9m com Roteiro e op\u00e7\u00e3o de Sa\u00edda de Estiva (150 km), Parais\u00f3polis (110 km) e Campos do Jord\u00e3o ( 60 Km) NOVEMBRO Sa\u00edda de Estiva \u2013 06 dias. 15\/11 a 20\/11\/2026. Tamb\u00e9m Parais\u00f3polis (110 km) e Campos do Jord\u00e3o ( 60 Km)[\/vc_column_text][vc_column_text][\/vc_column_text][\/vc_column][\/vc_row][vc_row][vc_column][vc_column_text] Bomcaminhoperegrinos. Seus passos com f\u00e9, leveza e seguran\u00e7a . Contatos: WhatsApp\u00a0 (11)91994-8237 \/\u00a0(14) 99844-3777 E-mail: bomcaminhoperegrinos@gmail.com Site: https:\/\/bomcaminhoperegrinos.com.br\/ Canais\/redes sociais INSTAGRAM: @bomcaminhoperegrinos Facebook: @bomcaminhoperegrino Youtube: @CaminhosPeregrinos [\/vc_column_text][\/vc_column][\/vc_row][vc_row][vc_column][vc_separator color=&#8221;blue&#8221;][vc_column_text] DEPOIMENTOS [\/vc_column_text][\/vc_column][\/vc_row][vc_row][vc_column][vc_single_image image=&#8221;10433&#8243; img_size=&#8221;600&#215;600&#8243; alignment=&#8221;center&#8221;][vc_column_text] Gustavo &#8211; Avar\u00e9\/SP \u00a0Fez o caminho em Abril de 2025. &#8220;A Equipe @bomcaminhoperegrinos, nos guiou por todo o caminho em Abril desse Ano, com muito dedica\u00e7\u00e3o, levando seguran\u00e7a\u00a0 a todos os peregrinos ali, sempre parando para nos auxiliar, ainda com mimos nas paradas para alimenta\u00e7\u00e3o, com um lanche natural, castanhas , salames e queijos, \u00e1gua , Gatorade , e refrigerantes.\u201d [\/vc_column_text][\/vc_column][\/vc_row][vc_row][vc_column width=&#8221;1\/3&#8243;][\/vc_column][vc_column width=&#8221;1\/3&#8243;][\/vc_column][\/vc_row][vc_row][vc_column][vc_separator color=&#8221;blue&#8221;][vc_column_text] P\u00daBLICO [\/vc_column_text][\/vc_column][\/vc_row][vc_row][vc_column width=&#8221;1\/5&#8243;][vc_single_image image=&#8221;7549&#8243; alignment=&#8221;center&#8221; onclick=&#8221;link_image&#8221; css=&#8221;.vc_custom_1665428583204{border-radius: 1px !important;}&#8221; title=&#8221;Homens&#8221;][\/vc_column][vc_column width=&#8221;1\/5&#8243;][vc_single_image image=&#8221;7548&#8243; alignment=&#8221;center&#8221; onclick=&#8221;link_image&#8221; css=&#8221;.vc_custom_1665428591409{border-radius: 1px !important;}&#8221; title=&#8221;Mulheres&#8221;][\/vc_column][vc_column width=&#8221;1\/5&#8243;][vc_single_image image=&#8221;7547&#8243; alignment=&#8221;center&#8221; onclick=&#8221;link_image&#8221; css=&#8221;.vc_custom_1665428598480{border-radius: 1px !important;}&#8221; title=&#8221;Fam\u00edlias&#8221;][\/vc_column][vc_column width=&#8221;1\/5&#8243;][vc_single_image image=&#8221;7555&#8243; alignment=&#8221;center&#8221; onclick=&#8221;link_image&#8221; css=&#8221;.vc_custom_1665428605080{border-radius: 1px !important;}&#8221; title=&#8221;Grupos&#8221;][\/vc_column][vc_column width=&#8221;1\/5&#8243;][vc_single_image image=&#8221;7550&#8243; alignment=&#8221;center&#8221; onclick=&#8221;link_image&#8221; css=&#8221;.vc_custom_1665669340312{border-radius: 1px !important;}&#8221; title=&#8221;60 +&#8221;][\/vc_column][\/vc_row][vc_row][vc_column width=&#8221;1\/5&#8243;][vc_single_image image=&#8221;7540&#8243; alignment=&#8221;center&#8221; onclick=&#8221;link_image&#8221; css=&#8221;.vc_custom_1751635028081{border-radius: 1px !important;}&#8221; title=&#8221;Homens&#8221;][\/vc_column][\/vc_row][vc_row][vc_column][vc_separator color=&#8221;blue&#8221;][vc_column_text] MODAL [\/vc_column_text][\/vc_column][\/vc_row][vc_row][vc_column width=&#8221;1\/5&#8243;][vc_single_image image=&#8221;7551&#8243; alignment=&#8221;center&#8221; onclick=&#8221;link_image&#8221; css=&#8221;.vc_custom_1750945240181{border-radius: 1px !important;}&#8221; title=&#8221;Peregrino&#8221;][\/vc_column][vc_column width=&#8221;1\/5&#8243;][\/vc_column][vc_column width=&#8221;1\/5&#8243;][\/vc_column][vc_column width=&#8221;1\/5&#8243;][\/vc_column][vc_column width=&#8221;1\/5&#8243;][\/vc_column][\/vc_row][vc_row][vc_column][vc_separator color=&#8221;blue&#8221;][vc_column_text] INFRAESTRUTURA TUR\u00cdSTICA [\/vc_column_text][\/vc_column][\/vc_row][vc_row][vc_column width=&#8221;1\/5&#8243;][vc_single_image image=&#8221;7556&#8243; alignment=&#8221;center&#8221; onclick=&#8221;link_image&#8221; css=&#8221;.vc_custom_1665669258921{border-radius: 1px !important;}&#8221; title=&#8221;Qualifica\u00e7\u00e3o Profissional&#8221;][\/vc_column][vc_column width=&#8221;1\/5&#8243;][vc_single_image image=&#8221;7543&#8243; alignment=&#8221;center&#8221; onclick=&#8221;link_image&#8221; css=&#8221;.vc_custom_1665428757241{border-radius: 1px !important;}&#8221; title=&#8221;Transporte de Bagagem&#8221;][\/vc_column][vc_column width=&#8221;1\/5&#8243;][vc_single_image image=&#8221;7545&#8243; alignment=&#8221;center&#8221; onclick=&#8221;link_image&#8221; css=&#8221;.vc_custom_1665428765161{border-radius: 1px !important;}&#8221; title=&#8221;Hospedagem&#8221;][\/vc_column][vc_column width=&#8221;1\/5&#8243;][vc_single_image image=&#8221;7541&#8243; alignment=&#8221;center&#8221; onclick=&#8221;link_image&#8221; css=&#8221;.vc_custom_1665428772488{border-radius: 1px !important;}&#8221; title=&#8221;Alimenta\u00e7\u00e3o&#8221;][\/vc_column][vc_column width=&#8221;1\/5&#8243;][\/vc_column][\/vc_row][vc_row][vc_column][vc_separator color=&#8221;blue&#8221;][vc_column_text] APOIO [\/vc_column_text][\/vc_column][\/vc_row][vc_row][vc_column width=&#8221;1\/5&#8243;][vc_single_image image=&#8221;7542&#8243; alignment=&#8221;center&#8221; onclick=&#8221;link_image&#8221; css=&#8221;.vc_custom_1665433779918{border-radius: 1px !important;}&#8221; title=&#8221;Ve\u00edculo&#8221;][\/vc_column][vc_column width=&#8221;1\/5&#8243;][\/vc_column][vc_column width=&#8221;1\/5&#8243;][\/vc_column][vc_column width=&#8221;1\/5&#8243;][\/vc_column][vc_column width=&#8221;1\/5&#8243;][\/vc_column][\/vc_row][vc_row][vc_column][vc_separator color=&#8221;blue&#8221;][vc_column_text] SEGURAN\u00c7A [\/vc_column_text][\/vc_column][\/vc_row][vc_row][vc_column width=&#8221;1\/5&#8243;][vc_single_image image=&#8221;7557&#8243; alignment=&#8221;center&#8221; onclick=&#8221;link_image&#8221; css=&#8221;.vc_custom_1665428886366{border-radius: 1px !important;}&#8221; title=&#8221;Sistema de Gest\u00e3o de Seguran\u00e7a&#8221;][\/vc_column][vc_column width=&#8221;1\/5&#8243;][vc_single_image image=&#8221;7553&#8243; alignment=&#8221;center&#8221; onclick=&#8221;link_image&#8221; css=&#8221;.vc_custom_1665428859352{border-radius: 1px !important;}&#8221; title=&#8221;Primeiros Socorros&#8221;][\/vc_column][vc_column width=&#8221;1\/5&#8243;][\/vc_column][vc_column width=&#8221;1\/5&#8243;][\/vc_column][vc_column width=&#8221;1\/5&#8243;][\/vc_column][\/vc_row][vc_row][vc_column][vc_separator color=&#8221;blue&#8221;][vc_column_text] As informa\u00e7\u00f5es contidas nesta p\u00e1gina s\u00e3o de inteira responsabilidade do prestador de servi\u00e7o. [\/vc_column_text][\/vc_column][\/vc_row]<\/p>\n","protected":false},"author":30480,"featured_media":0,"parent":0,"menu_order":0,"comment_status":"closed","ping_status":"closed","template":"","meta":{"content-type":"","_monsterinsights_skip_tracking":false,"_monsterinsights_sitenote_active":false,"_monsterinsights_sitenote_note":"","_monsterinsights_sitenote_category":0,"footnotes":""},"class_list":["post-10428","page","type-page","status-publish","hentry"],"_links":{"self":[{"href":"https:\/\/caminhodafe.com.br\/ptbr\/wp-json\/wp\/v2\/pages\/10428","targetHints":{"allow":["GET"]}}],"collection":[{"href":"https:\/\/caminhodafe.com.br\/ptbr\/wp-json\/wp\/v2\/pages"}],"about":[{"href":"https:\/\/caminhodafe.com.br\/ptbr\/wp-json\/wp\/v2\/types\/page"}],"author":[{"embeddable":true,"href":"https:\/\/caminhodafe.com.br\/ptbr\/wp-json\/wp\/v2\/users\/30480"}],"replies":[{"embeddable":true,"href":"https:\/\/caminhodafe.com.br\/ptbr\/wp-json\/wp\/v2\/comments?post=10428"}],"version-history":[{"count":10,"href":"https:\/\/caminhodafe.com.br\/ptbr\/wp-json\/wp\/v2\/pages\/10428\/revisions"}],"predecessor-version":[{"id":11640,"href":"https:\/\/caminhodafe.com.br\/ptbr\/wp-json\/wp\/v2\/pages\/10428\/revisions\/11640"}],"wp:attachment":[{"href":"https:\/\/caminhodafe.com.br\/ptbr\/wp-json\/wp\/v2\/media?parent=10428"}],"curies":[{"name":"wp","href":"https:\/\/api.w.org\/{rel}","templated":true}]}}