{"id":1033,"date":"2017-03-07T00:22:39","date_gmt":"2017-03-07T03:22:39","guid":{"rendered":"http:\/\/caminhodafe.com.br\/ptbr\/?page_id=1033"},"modified":"2017-03-20T17:02:56","modified_gmt":"2017-03-20T20:02:56","slug":"turismo-3","status":"publish","type":"page","link":"https:\/\/caminhodafe.com.br\/ptbr\/turismo-3\/","title":{"rendered":"Turismo"},"content":{"rendered":"<h2><\/h2>\n<h3><\/h3>\n<h3>Conhecer culturas diferentes, lugares que proporcionem uma vida simples e de raiz, valorizar os h\u00e1bitos e costumes do interior, conhecer um pouco da Regionalidade do interior Paulista e Mineiros, s\u00e3o algumas das caracter\u00edsticas que ficam evidentes ao fazer da peregrina\u00e7\u00e3o no Caminho da F\u00e9 uma viagem tur\u00edstica.<\/h3>\n<h3>\u00a0Paisagens, culin\u00e1ria, artesanato, passeios, curiosidades, cultura caipira e cabloca, hospitalidade e simplicidade s\u00e3o alguns dos aspectos que o peregrino- turista poder\u00e1 encontrar ao peregrinar pelo caminho com essa motiva\u00e7\u00e3o.<\/h3>\n<h3>Diversidade paisag\u00edstica e cultural das pequenas cidades por onde o Caminho passa representam a riqueza de nossa terra ainda preservada de forma singela, e que se apresentam atrav\u00e9s do Patrim\u00f4nio Arquitet\u00f4nico singular, atrav\u00e9s da vista abundante da Serra da Mantiqueira, da produ\u00e7\u00e3o artesanal de produtos aliment\u00edcios t\u00edpicos ou atrav\u00e9s de uma festa linda onde toda a comunidade se envolve e tem orgulho de se apresentar.<\/h3>\n<p>&nbsp;<br \/>\n&nbsp;<\/p>\n<h3><a href=\"http:\/\/caminhodafe.com.br\/ptbr\/motivacoes\/\">VOLTAR\u2190<\/a><\/h3>\n","protected":false},"excerpt":{"rendered":"<p>Conhecer culturas diferentes, lugares que proporcionem uma vida simples e de raiz, valorizar os h\u00e1bitos e costumes do interior, conhecer um pouco da Regionalidade do interior Paulista e Mineiros, s\u00e3o algumas das caracter\u00edsticas que ficam evidentes ao fazer da peregrina\u00e7\u00e3o no Caminho da F\u00e9 uma viagem tur\u00edstica. \u00a0Paisagens, culin\u00e1ria, artesanato, passeios, curiosidades, cultura caipira e cabloca, hospitalidade e simplicidade s\u00e3o alguns dos aspectos que o peregrino- turista poder\u00e1 encontrar ao peregrinar pelo caminho com essa motiva\u00e7\u00e3o. Diversidade paisag\u00edstica e cultural das pequenas cidades por onde o Caminho passa representam a riqueza de nossa terra ainda preservada de forma singela, e que se apresentam atrav\u00e9s do Patrim\u00f4nio Arquitet\u00f4nico singular, atrav\u00e9s da vista abundante da Serra da Mantiqueira, da produ\u00e7\u00e3o artesanal de produtos aliment\u00edcios t\u00edpicos ou atrav\u00e9s de uma festa linda onde toda a comunidade se envolve e tem orgulho de se apresentar. &nbsp; &nbsp; VOLTAR\u2190<\/p>\n","protected":false},"author":1,"featured_media":0,"parent":0,"menu_order":0,"comment_status":"closed","ping_status":"closed","template":"","meta":{"content-type":"","_monsterinsights_skip_tracking":false,"_monsterinsights_sitenote_active":false,"_monsterinsights_sitenote_note":"","_monsterinsights_sitenote_category":0,"footnotes":""},"class_list":["post-1033","page","type-page","status-publish","hentry"],"_links":{"self":[{"href":"https:\/\/caminhodafe.com.br\/ptbr\/wp-json\/wp\/v2\/pages\/1033","targetHints":{"allow":["GET"]}}],"collection":[{"href":"https:\/\/caminhodafe.com.br\/ptbr\/wp-json\/wp\/v2\/pages"}],"about":[{"href":"https:\/\/caminhodafe.com.br\/ptbr\/wp-json\/wp\/v2\/types\/page"}],"author":[{"embeddable":true,"href":"https:\/\/caminhodafe.com.br\/ptbr\/wp-json\/wp\/v2\/users\/1"}],"replies":[{"embeddable":true,"href":"https:\/\/caminhodafe.com.br\/ptbr\/wp-json\/wp\/v2\/comments?post=1033"}],"version-history":[{"count":0,"href":"https:\/\/caminhodafe.com.br\/ptbr\/wp-json\/wp\/v2\/pages\/1033\/revisions"}],"wp:attachment":[{"href":"https:\/\/caminhodafe.com.br\/ptbr\/wp-json\/wp\/v2\/media?parent=1033"}],"curies":[{"name":"wp","href":"https:\/\/api.w.org\/{rel}","templated":true}]}}