{"id":1031,"date":"2017-03-05T00:22:16","date_gmt":"2017-03-05T03:22:16","guid":{"rendered":"http:\/\/caminhodafe.com.br\/ptbr\/?page_id=1031"},"modified":"2017-03-20T17:01:36","modified_gmt":"2017-03-20T20:01:36","slug":"religiosidade-2","status":"publish","type":"page","link":"https:\/\/caminhodafe.com.br\/ptbr\/religiosidade-2\/","title":{"rendered":"Religiosidade"},"content":{"rendered":"<h2><\/h2>\n<h3><\/h3>\n<h3><\/h3>\n<h4>\u201cA peregrina\u00e7\u00e3o \u00e9 antes de mais nada uma viagem a um lugar sagrado, quer para um local pr\u00f3ximo ou para um local distante. Mas \u00e9 mais que isso, porque como peregrinos, os viajantes se deparam com rituais, objetos e arquitetura sagrada. Viajando sozinhos ou em grupo, a experi\u00eancia da viagem pode ser t\u00e3o importante quanto alcan\u00e7ar um objetivo espec\u00edfico.<\/h4>\n<h4>As vezes a pr\u00f3pria jornada \u00e9 um aspecto essencial da peregrina\u00e7\u00e3o, que envolve dificuldades e requer bom preparo f\u00edsico. Outras vezes, a jornada \u00e9 quase intang\u00edvel e o destino pode ser qualquer um.<\/h4>\n<h4>A peregrina\u00e7\u00e3o tem a ver com dois aspectos: com o peregrino voltando para casa, carregando suas mem\u00f3rias e souvenirs da viagem e com o fato de o peregrino conseguir completa a viagem&#8230;\u201d<\/h4>\n<h4>( Livro \u201cPelos Caminhos\u00a0 da F\u00e9, David Souden)<\/h4>\n<h4><\/h4>\n<h4>Em geral, seja qual for o sentido da peregrina\u00e7\u00e3o, seja a eleva\u00e7\u00e3o do ser, afloramento do sentimento de solidariedade, de amor ao pr\u00f3ximo, de compaix\u00e3o e de renova\u00e7\u00e3o da f\u00e9 culminando na sensa\u00e7\u00e3o intima de cada peregrino, as peregrina\u00e7\u00f5es pelo mundo se d\u00e3o a medida que a humanidade sente a necessidade de evoluir atrav\u00e9s da f\u00e9 buscando significado e conex\u00e3o com seu poder superior.<\/h4>\n<h4><\/h4>\n<h4><span style=\"text-decoration: underline;\"><span style=\"color: #000080;\"><strong>Pontos de interesse:<\/strong><\/span><\/span><\/h4>\n<ul>\n<li class=\"x_MsoListParagraph\">\n<h4>Aparecida: Santu\u00e1rio Nacional de Aparecida<\/h4>\n<\/li>\n<li class=\"x_MsoListParagraph\">\n<h4>Mococa: Santu\u00e1rio Diocesano de Adora\u00e7\u00e3o Eucar\u00edstica Nossa Senhora do Ros\u00e1rio<\/h4>\n<\/li>\n<li class=\"x_MsoListParagraph\">\n<h4>S\u00e3o Jo\u00e3o da Boa Vista: Santu\u00e1rio Diocesano de Adora\u00e7\u00e3o Eucar\u00edstica Nossa Senhora Aparecida<\/h4>\n<ul>\n<li class=\"x_MsoListParagraph\">\n<h4>Santu\u00e1rio Diocesano de Adora\u00e7\u00e3o Eucar\u00edstica Nossa Senhora do Perpetuo Socorro<\/h4>\n<\/li>\n<li class=\"x_MsoListParagraph\">\n<h4>Museu de Arte Sacra<\/h4>\n<\/li>\n<\/ul>\n<\/li>\n<li class=\"x_MsoListParagraph\">\n<h4>Vargem Grande do Sul: Santu\u00e1rio Nossa Senhora do Desterro<\/h4>\n<\/li>\n<li class=\"x_MsoListParagraph\">\n<h4>Caconde: Santu\u00e1rio Diocesano de Adora\u00e7\u00e3o Eucar\u00edstica Nossa Senhora da Concei\u00e7\u00e3o<\/h4>\n<\/li>\n<li class=\"x_MsoListParagraph\">\n<h4>Tamba\u00fa: Santu\u00e1rio Nossa Senhora Aparecida<\/h4>\n<\/li>\n<li class=\"x_MsoNormal\">\n<h4>S\u00e3o Jos\u00e9 do Rio Pardo: Santu\u00e1rio de S\u00e3o Roque<\/h4>\n<ul>\n<li class=\"x_MsoListParagraph\">\n<h4>Santu\u00e1rio de Santo Ant\u00f4nio<\/h4>\n<\/li>\n<\/ul>\n<\/li>\n<li class=\"x_MsoListParagraph\">\n<h4>Porto Ferreira: Santu\u00e1rio Diocesano S\u00e3o Sebasti\u00e3o<\/h4>\n<\/li>\n<li class=\"x_MsoNormal\">\n<h4>S\u00e3o Carlos : Santu\u00e1rio de Adora\u00e7\u00e3o S\u00e3o Pio X<\/h4>\n<ul>\n<li class=\"x_MsoListParagraph\">\n<h4>Catedral Diocesana S\u00e3o Carlos Borromeu<\/h4>\n<\/li>\n<li class=\"x_MsoListParagraph\">\n<h4>Santu\u00e1rio Nossa Senhora Aparecida da Babil\u00f4nia<\/h4>\n<\/li>\n<\/ul>\n<\/li>\n<li class=\"x_MsoNormal\">\n<h4>Santa Rita do Passa Quatro: Santu\u00e1rio de Santa Rita de C\u00e1ssia<\/h4>\n<\/li>\n<li class=\"x_MsoNormal\">\n<h4>Borda da Mata: Santu\u00e1rio Nossa do Carmo<\/h4>\n<\/li>\n<li class=\"x_MsoListParagraph\">\n<h4>Ouro Fino:\u00a0 Santu\u00e1rio S\u00e3o Francisco de Paula e Nossa Senhora de F\u00e1tima<\/h4>\n<\/li>\n<li class=\"x_MsoListParagraph\">\n<h4>Sert\u00e3ozinho: Parque Cristo Salvador Caminho da F\u00e9- elevador que leva ao Cristo com vista panor\u00e2mica<\/h4>\n<\/li>\n<li class=\"x_MsoListParagraph\">\n<h4>S\u00e3o Sim\u00e3o: Matriz S\u00e3o Sim\u00e3o Ap\u00f3stolo<\/h4>\n<\/li>\n<\/ul>\n<h3><a href=\"http:\/\/caminhodafe.com.br\/ptbr\/motivacoes\/\">VOLTAR\u2190<\/a><\/h3>\n","protected":false},"excerpt":{"rendered":"<p>\u201cA peregrina\u00e7\u00e3o \u00e9 antes de mais nada uma viagem a um lugar sagrado, quer para um local pr\u00f3ximo ou para um local distante. Mas \u00e9 mais que isso, porque como peregrinos, os viajantes se deparam com rituais, objetos e arquitetura sagrada. Viajando sozinhos ou em grupo, a experi\u00eancia da viagem pode ser t\u00e3o importante quanto alcan\u00e7ar um objetivo espec\u00edfico. As vezes a pr\u00f3pria jornada \u00e9 um aspecto essencial da peregrina\u00e7\u00e3o, que envolve dificuldades e requer bom preparo f\u00edsico. Outras vezes, a jornada \u00e9 quase intang\u00edvel e o destino pode ser qualquer um. A peregrina\u00e7\u00e3o tem a ver com dois aspectos: com o peregrino voltando para casa, carregando suas mem\u00f3rias e souvenirs da viagem e com o fato de o peregrino conseguir completa a viagem&#8230;\u201d ( Livro \u201cPelos Caminhos\u00a0 da F\u00e9, David Souden) Em geral, seja qual for o sentido da peregrina\u00e7\u00e3o, seja a eleva\u00e7\u00e3o do ser, afloramento do sentimento de solidariedade, de amor ao pr\u00f3ximo, de compaix\u00e3o e de renova\u00e7\u00e3o da f\u00e9 culminando na sensa\u00e7\u00e3o intima de cada peregrino, as peregrina\u00e7\u00f5es pelo mundo se d\u00e3o a medida que a humanidade sente a necessidade de evoluir atrav\u00e9s da f\u00e9 buscando significado e conex\u00e3o com seu poder superior. Pontos de interesse: Aparecida: Santu\u00e1rio Nacional de Aparecida Mococa: Santu\u00e1rio Diocesano de Adora\u00e7\u00e3o Eucar\u00edstica Nossa Senhora do Ros\u00e1rio S\u00e3o Jo\u00e3o da Boa Vista: Santu\u00e1rio Diocesano de Adora\u00e7\u00e3o Eucar\u00edstica Nossa Senhora Aparecida Santu\u00e1rio Diocesano de Adora\u00e7\u00e3o Eucar\u00edstica Nossa Senhora do Perpetuo Socorro Museu de Arte Sacra Vargem Grande do Sul: Santu\u00e1rio Nossa Senhora do Desterro Caconde: Santu\u00e1rio Diocesano de Adora\u00e7\u00e3o Eucar\u00edstica Nossa Senhora da Concei\u00e7\u00e3o Tamba\u00fa: Santu\u00e1rio Nossa Senhora Aparecida S\u00e3o Jos\u00e9 do Rio Pardo: Santu\u00e1rio de S\u00e3o Roque Santu\u00e1rio de Santo Ant\u00f4nio Porto Ferreira: Santu\u00e1rio Diocesano S\u00e3o Sebasti\u00e3o S\u00e3o Carlos : Santu\u00e1rio de Adora\u00e7\u00e3o S\u00e3o Pio X Catedral Diocesana S\u00e3o Carlos Borromeu Santu\u00e1rio Nossa Senhora Aparecida da Babil\u00f4nia Santa Rita do Passa Quatro: Santu\u00e1rio de Santa Rita de C\u00e1ssia Borda da Mata: Santu\u00e1rio Nossa do Carmo Ouro Fino:\u00a0 Santu\u00e1rio S\u00e3o Francisco de Paula e Nossa Senhora de F\u00e1tima Sert\u00e3ozinho: Parque Cristo Salvador Caminho da F\u00e9- elevador que leva ao Cristo com vista panor\u00e2mica S\u00e3o Sim\u00e3o: Matriz S\u00e3o Sim\u00e3o Ap\u00f3stolo VOLTAR\u2190<\/p>\n","protected":false},"author":1,"featured_media":0,"parent":0,"menu_order":0,"comment_status":"closed","ping_status":"closed","template":"","meta":{"content-type":"","_monsterinsights_skip_tracking":false,"_monsterinsights_sitenote_active":false,"_monsterinsights_sitenote_note":"","_monsterinsights_sitenote_category":0,"footnotes":""},"class_list":["post-1031","page","type-page","status-publish","hentry"],"_links":{"self":[{"href":"https:\/\/caminhodafe.com.br\/ptbr\/wp-json\/wp\/v2\/pages\/1031","targetHints":{"allow":["GET"]}}],"collection":[{"href":"https:\/\/caminhodafe.com.br\/ptbr\/wp-json\/wp\/v2\/pages"}],"about":[{"href":"https:\/\/caminhodafe.com.br\/ptbr\/wp-json\/wp\/v2\/types\/page"}],"author":[{"embeddable":true,"href":"https:\/\/caminhodafe.com.br\/ptbr\/wp-json\/wp\/v2\/users\/1"}],"replies":[{"embeddable":true,"href":"https:\/\/caminhodafe.com.br\/ptbr\/wp-json\/wp\/v2\/comments?post=1031"}],"version-history":[{"count":0,"href":"https:\/\/caminhodafe.com.br\/ptbr\/wp-json\/wp\/v2\/pages\/1031\/revisions"}],"wp:attachment":[{"href":"https:\/\/caminhodafe.com.br\/ptbr\/wp-json\/wp\/v2\/media?parent=1031"}],"curies":[{"name":"wp","href":"https:\/\/api.w.org\/{rel}","templated":true}]}}