


{"id":207,"date":"2016-12-21T00:56:00","date_gmt":"2016-12-21T02:56:00","guid":{"rendered":"https:\/\/caminhodafe.com.br\/es\/?page_id=207"},"modified":"2020-02-13T15:41:56","modified_gmt":"2020-02-13T17:41:56","slug":"alojamientos","status":"publish","type":"page","link":"https:\/\/caminhodafe.com.br\/es\/alojamientos\/","title":{"rendered":"Gu\u00eda de alojamientos"},"content":{"rendered":"<h2><span style=\"color: #000080;\"><strong>GU\u00cdA DE ALOJAMIENTOS \u2013\u00a0Hacer clic abajo para acceder:<\/strong><\/span><\/h2>\n<h2><a href=\"https:\/\/caminhodafe.com.br\/ptbr\/wp-content\/uploads\/2019\/12\/RAMAL-AGUA\u00cd.pdf\" target=\"_blank\" rel=\"noopener noreferrer\">Extensi\u00f3n Agua\u00ed<\/a><\/h2>\n<h2><a href=\"https:\/\/caminhodafe.com.br\/ptbr\/wp-content\/uploads\/2019\/12\/RAMAL-AGUAS-DA-PRATA.pdf\" target=\"_blank\" rel=\"noopener noreferrer\">Extensi\u00f3n \u00c1guas da Prata<\/a><\/h2>\n<h2><a href=\"https:\/\/caminhodafe.com.br\/ptbr\/wp-content\/uploads\/2019\/12\/RAMAL-CACONDE.pdf\" target=\"_blank\" rel=\"noopener noreferrer\">Extensi\u00f3n Caconde<\/a><\/h2>\n<h2><a href=\"https:\/\/caminhodafe.com.br\/ptbr\/wp-content\/uploads\/2019\/12\/RAMAL-MOCOCA.pdf\" target=\"_blank\" rel=\"noopener noreferrer\">Extensi\u00f3n Mococa<\/a><\/h2>\n<h2><a href=\"https:\/\/caminhodafe.com.br\/ptbr\/wp-content\/uploads\/2019\/12\/RAMAL-S\u00c3O-CARLOS.pdf\" target=\"_blank\" rel=\"noopener noreferrer\">Extensi\u00f3n S\u00e3o Carlos <\/a><a href=\"https:\/\/caminhodafe.com.br\/ptbr\/wp-content\/uploads\/2019\/12\/RAMAL-S\u00c3O-CARLOS.pdf\" target=\"_blank\" rel=\"noopener noreferrer\">Borromeu<\/a><\/h2>\n<h2><a href=\"https:\/\/caminhodafe.com.br\/ptbr\/wp-content\/uploads\/2019\/12\/RAMAL-SERT\u00c3OZINHO.pdf\" target=\"_blank\" rel=\"noopener noreferrer\">Extensi\u00f3n<\/a> <a href=\"https:\/\/caminhodafe.com.br\/ptbr\/wp-content\/uploads\/2019\/12\/RAMAL-SERT\u00c3OZINHO.pdf\" target=\"_blank\" rel=\"noopener noreferrer\">Padre Donizetti\u00a0<\/a><\/h2>\n<h3 style=\"padding-left: 60px;\">(Sert\u00e3ozinho-Tamb\u00e1u)<\/h3>\n<h2><a href=\"https:\/\/caminhodafe.com.br\/ptbr\/wp-content\/uploads\/2019\/12\/RAMAL-SERT\u00c3OZINHO.pdf\" target=\"_blank\" rel=\"noopener noreferrer\">Extensi\u00f3n Tamba\u00fa<\/a><\/h2>\n<p>&nbsp;<\/p>\n","protected":false},"excerpt":{"rendered":"<p>GU\u00cdA DE ALOJAMIENTOS \u2013\u00a0Hacer clic abajo para acceder: Extensi\u00f3n Agua\u00ed Extensi\u00f3n \u00c1guas da Prata Extensi\u00f3n Caconde Extensi\u00f3n Mococa Extensi\u00f3n S\u00e3o Carlos Borromeu Extensi\u00f3n Padre Donizetti\u00a0 (Sert\u00e3ozinho-Tamb\u00e1u) Extensi\u00f3n Tamba\u00fa &nbsp;<\/p>\n","protected":false},"author":1,"featured_media":1741,"parent":0,"menu_order":0,"comment_status":"closed","ping_status":"closed","template":"","meta":{"footnotes":""},"class_list":["post-207","page","type-page","status-publish","has-post-thumbnail","hentry"],"_links":{"self":[{"href":"https:\/\/caminhodafe.com.br\/es\/wp-json\/wp\/v2\/pages\/207","targetHints":{"allow":["GET"]}}],"collection":[{"href":"https:\/\/caminhodafe.com.br\/es\/wp-json\/wp\/v2\/pages"}],"about":[{"href":"https:\/\/caminhodafe.com.br\/es\/wp-json\/wp\/v2\/types\/page"}],"author":[{"embeddable":true,"href":"https:\/\/caminhodafe.com.br\/es\/wp-json\/wp\/v2\/users\/1"}],"replies":[{"embeddable":true,"href":"https:\/\/caminhodafe.com.br\/es\/wp-json\/wp\/v2\/comments?post=207"}],"version-history":[{"count":27,"href":"https:\/\/caminhodafe.com.br\/es\/wp-json\/wp\/v2\/pages\/207\/revisions"}],"predecessor-version":[{"id":1776,"href":"https:\/\/caminhodafe.com.br\/es\/wp-json\/wp\/v2\/pages\/207\/revisions\/1776"}],"wp:featuredmedia":[{"embeddable":true,"href":"https:\/\/caminhodafe.com.br\/es\/wp-json\/wp\/v2\/media\/1741"}],"wp:attachment":[{"href":"https:\/\/caminhodafe.com.br\/es\/wp-json\/wp\/v2\/media?parent=207"}],"curies":[{"name":"wp","href":"https:\/\/api.w.org\/{rel}","templated":true}]}}