


{"id":205,"date":"2016-12-21T00:55:22","date_gmt":"2016-12-21T02:55:22","guid":{"rendered":"https:\/\/caminhodafe.com.br\/es\/?page_id=205"},"modified":"2020-02-13T15:45:26","modified_gmt":"2020-02-13T17:45:26","slug":"credenciales","status":"publish","type":"page","link":"https:\/\/caminhodafe.com.br\/es\/credenciales\/","title":{"rendered":"CREDENCIALES"},"content":{"rendered":"<h3><span style=\"color: #000080;\"><u>RAMAL \u00c1GUAS DA PRATA<\/u><\/span><\/h3>\n<ul>\n<li>\n<h4><strong>\u00c1guas da Prata<\/strong>: Casa do Peregrino Anjos do Caminho (19) 3642-2724 ou (19)9.9256-4990<\/h4>\n<\/li>\n<li>\n<h4><strong>Andradas:<\/strong> Palace Hotel (35)3731-6000<\/h4>\n<\/li>\n<li>\n<h4><strong>Borda da Mata: Hotel Village (35) 3445-1907<\/strong><\/h4>\n<\/li>\n<li>\n<h4><strong>Inconfidentes:<\/strong> Bar do Maur\u00e3o (35)3464-1028<\/h4>\n<\/li>\n<li>\n<h4><strong>Estiva:<\/strong> Pousada da Poka (35) 34621729<\/h4>\n<\/li>\n<li>\n<h4><strong>Parais\u00f3polis:<\/strong><\/h4>\n<ul>\n<li>\n<h4>Pousada da Pra\u00e7a (35)3651-2458 ou 9 99793576 ou 9 84311667<\/h4>\n<\/li>\n<li>\n<h4>Pousada Casa da Fazenda (35)9.9932-2029 ou (35)98438-3368<\/h4>\n<\/li>\n<\/ul>\n<\/li>\n<\/ul>\n<h3><span style=\"color: #000080;\"><u>RAMAL AGUA\u00cd<\/u><\/span><\/h3>\n<ul>\n<li>\n<h4><strong>Agua\u00ed:<\/strong> Pousada Primavera (19) 3652-1655<\/h4>\n<\/li>\n<li>\n<h4><strong>S\u00e3o Jo\u00e3o da Boa Vista:<\/strong> Hotel Magn\u00f3lia (19) 3623-3059 ou (19)97410-1722<\/h4>\n<\/li>\n<\/ul>\n<h3><span style=\"color: #000080;\"><u>RAMAL CACONDE<\/u><\/span><\/h3>\n<ul>\n<li>\n<h4><strong>Caconde:<\/strong> Hotel Alvorada (19) 3662 1260 ou 36621766<\/h4>\n<\/li>\n<li>\n<h4><strong>Divinol\u00e2ndia:<\/strong> Pousada Tri\u00e2ngulo (19) 3663 3107 ou 9 8242 4515<\/h4>\n<\/li>\n<\/ul>\n<h3><span style=\"color: #000080;\"><u>RAMAL DOM IN\u00c1CIO<\/u><\/span><\/h3>\n<ul>\n<li>\n<h4><strong>Guaxup\u00e9:<\/strong><\/h4>\n<ul>\n<li>\n<h4>Big Hotel (35) 3551-1668<\/h4>\n<\/li>\n<li>\n<p style=\"font-weight: 400;\"><strong>Casa de Apoio ao Peregrino \u201c Luz de Maria\u201d<\/strong><\/p>\n<p style=\"font-weight: 400;\"><strong>Rua: Dr Geraldo Vomero n\u00ba 178 \u00a0&#8211; Centro<\/strong><\/p>\n<p style=\"font-weight: 400;\"><strong>Whatsapp (35) 9.9136-8191<\/strong><\/p>\n<\/li>\n<\/ul>\n<\/li>\n<li>\n<h4><strong>Caconde:<\/strong> Hotel Alvorada (19) 3662 1260 ou 36621766<\/h4>\n<\/li>\n<li>\n<h4><strong>Divinol\u00e2ndia:<\/strong> Pousada Tri\u00e2ngulo (19) 3663 3107 ou 9 8242 4515<\/h4>\n<\/li>\n<\/ul>\n<h3><span style=\"color: #000080;\"><u>RAMAL CENTRO PAULISTA<\/u><\/span><\/h3>\n<ul>\n<li>\n<h4><strong>Borborema: <\/strong><\/h4>\n<ul>\n<li>\n<h4>Hotel Avenida. Avenida Nicolau Pizzolante, 389 \u2013 Centro &#8211; (16) 3266-1287<\/h4>\n<\/li>\n<li><strong>Hotel Reday: Rua \u00a0Os\u00f3rio\u00a0 Prudenciano \u00a0de Souza, \u00a0253 &#8211;<\/strong> <strong>Fone:\u00a0(16 ) 32661671<\/strong><\/li>\n<\/ul>\n<\/li>\n<\/ul>\n<h3><\/h3>\n<h3><u><span style=\"color: #000080;\">RAMAL FRANCA<\/span><\/u><\/h3>\n<ul>\n<li><strong>Franca\u2013 Par\u00f3quia Nossa Senhora Aparecida &#8211; (16) 3707-2222<\/strong><\/li>\n<li><strong>Monte Santo de Minas \u2013 Hotel e Restaurante S\u00e3o Jos\u00e9 &#8211; (35) 3591-3006<\/strong><\/li>\n<\/ul>\n<h3><u><span style=\"color: #000080;\">RAMAL MOCOCA<\/span><\/u><\/h3>\n<ul>\n<li>\n<h4><strong>Mococa:<\/strong> Plaza Hotel (19) 36560103<\/h4>\n<\/li>\n<li>\n<h4><strong>S\u00e3o Jos\u00e9 do Rio Pardo:<\/strong> Hotel Paulista (19) 36084971<\/h4>\n<\/li>\n<\/ul>\n<h3><span style=\"color: #000080;\"><u>RAMAL RIBEIR\u00c3O PRETO<\/u><\/span><\/h3>\n<ul>\n<li>\n<h4><strong>Ribeir\u00e3o Preto: <\/strong>Hotel Nacional Inn (16)3605-6464<\/h4>\n<\/li>\n<\/ul>\n<h3><span style=\"color: #000080;\"><u>RAMAL SANTA LUZIA:<\/u><\/span><\/h3>\n<ul>\n<li>\n<h4><strong>Esp\u00edrito Santo do Pinhal: <\/strong><\/h4>\n<ul>\n<li>\n<h4>Secretaria da Par\u00f3quia Igreja do Espirito Santo ( 19) 36513046<\/h4>\n<\/li>\n<li><strong>Paganini &amp; Palermo Emp\u00f3rio Rural (19) 99355-6666<\/strong><\/li>\n<\/ul>\n<\/li>\n<\/ul>\n<h3><\/h3>\n<h3><span style=\"color: #000080;\"><u>RAMAL SANTA RITA DE CASSIA:<\/u>\u00a0<\/span><\/h3>\n<ul>\n<li>\n<h4><strong>Santa Rita de Caldas: <\/strong>Granville Hotel (35) 3658 0404<\/h4>\n<\/li>\n<\/ul>\n<h3><span style=\"color: #000080;\"><u>RAMAL S\u00c3O CARLOS<\/u><\/span><\/h3>\n<ul>\n<li>\n<h4><strong>S\u00e3o Carlos:<\/strong> Hotel Acc\u00e1cio (16) 3374 9217 ou 33749216<\/h4>\n<\/li>\n<li>\n<h4><strong>Descalvado:<\/strong> Hotel Descalvado (19) 35831681<\/h4>\n<\/li>\n<\/ul>\n<h3><span style=\"color: #000080;\"><u>RAMAL SERT\u00c3OZINHO<\/u><\/span><\/h3>\n<ul>\n<li>\n<h4><strong>Sert\u00e3ozinho:<\/strong>\u00a0Hotel Agapito (16) 39458335<\/h4>\n<\/li>\n<li>\n<h4><strong>Cravinhos:<\/strong><\/h4>\n<ul>\n<li>\n<h4>Hotel Pousada Girassol (16) 39518176<\/h4>\n<\/li>\n<li>\n<h4>Igreja Santa Luzia Telefone: (16) 3951-6654<\/h4>\n<\/li>\n<\/ul>\n<\/li>\n<li><strong>Santa Rosa de Viterbo \u2013 F\u00e1bio Mendes Massaro &#8211; (16) 99254-5315 ou (16) 39542565<\/strong><\/li>\n<\/ul>\n<h3><\/h3>\n<h3><u><span style=\"color: #000080;\">RAMAL TAMBA\u00da<\/span><\/u><\/h3>\n<ul>\n<li>\n<h4><strong>Tamba\u00fa:<\/strong> Departamento de Turismo (19) 36739506<\/h4>\n<\/li>\n<\/ul>\n","protected":false},"excerpt":{"rendered":"<p>RAMAL \u00c1GUAS DA PRATA \u00c1guas da Prata: Casa do Peregrino Anjos do Caminho (19) 3642-2724 ou (19)9.9256-4990 Andradas: Palace Hotel (35)3731-6000 Borda da Mata: Hotel Village (35) 3445-1907 Inconfidentes: Bar do Maur\u00e3o (35)3464-1028 Estiva: Pousada da Poka (35) 34621729 Parais\u00f3polis: Pousada da Pra\u00e7a (35)3651-2458 ou 9 99793576 ou 9 84311667 Pousada Casa da Fazenda (35)9.9932-2029 ou (35)98438-3368 RAMAL AGUA\u00cd Agua\u00ed: Pousada Primavera (19) 3652-1655 S\u00e3o Jo\u00e3o da Boa Vista: Hotel Magn\u00f3lia (19) 3623-3059 ou (19)97410-1722 RAMAL CACONDE Caconde: Hotel Alvorada (19) 3662 1260 ou 36621766 Divinol\u00e2ndia: Pousada Tri\u00e2ngulo (19) 3663 3107 ou 9 8242 4515 RAMAL DOM IN\u00c1CIO Guaxup\u00e9: Big Hotel (35) 3551-1668 Casa de Apoio ao Peregrino \u201c Luz de Maria\u201d Rua: Dr Geraldo Vomero n\u00ba 178 \u00a0&#8211; Centro Whatsapp (35) 9.9136-8191 Caconde: Hotel Alvorada (19) 3662 1260 ou 36621766 Divinol\u00e2ndia: Pousada Tri\u00e2ngulo (19) 3663 3107 ou 9 8242 4515 RAMAL CENTRO PAULISTA Borborema: Hotel Avenida. Avenida Nicolau Pizzolante, 389 \u2013 Centro &#8211; (16) 3266-1287 Hotel Reday: Rua \u00a0Os\u00f3rio\u00a0 Prudenciano \u00a0de Souza, \u00a0253 &#8211; Fone:\u00a0(16 ) 32661671 RAMAL FRANCA Franca\u2013 Par\u00f3quia Nossa Senhora Aparecida &#8211; (16) 3707-2222 Monte Santo de Minas \u2013 Hotel e Restaurante S\u00e3o Jos\u00e9 &#8211; (35) 3591-3006 RAMAL MOCOCA Mococa: Plaza Hotel (19) 36560103 S\u00e3o Jos\u00e9 do Rio Pardo: Hotel Paulista (19) 36084971 RAMAL RIBEIR\u00c3O PRETO Ribeir\u00e3o Preto: Hotel Nacional Inn (16)3605-6464 RAMAL SANTA LUZIA: Esp\u00edrito Santo do Pinhal: Secretaria da Par\u00f3quia Igreja do Espirito Santo ( 19) 36513046 Paganini &amp; Palermo Emp\u00f3rio Rural (19) 99355-6666 RAMAL SANTA RITA DE CASSIA:\u00a0 Santa Rita de Caldas: Granville Hotel (35) 3658 0404 RAMAL S\u00c3O CARLOS S\u00e3o Carlos: Hotel Acc\u00e1cio (16) 3374 9217 ou 33749216 Descalvado: Hotel Descalvado (19) 35831681 RAMAL SERT\u00c3OZINHO Sert\u00e3ozinho:\u00a0Hotel Agapito (16) 39458335 Cravinhos: Hotel Pousada Girassol (16) 39518176 Igreja Santa Luzia Telefone: (16) 3951-6654 Santa Rosa de Viterbo \u2013 F\u00e1bio Mendes Massaro &#8211; (16) 99254-5315 ou (16) 39542565 RAMAL TAMBA\u00da Tamba\u00fa: Departamento de Turismo (19) 36739506<\/p>\n","protected":false},"author":1,"featured_media":401,"parent":0,"menu_order":0,"comment_status":"closed","ping_status":"closed","template":"","meta":{"footnotes":""},"class_list":["post-205","page","type-page","status-publish","has-post-thumbnail","hentry"],"_links":{"self":[{"href":"https:\/\/caminhodafe.com.br\/es\/wp-json\/wp\/v2\/pages\/205","targetHints":{"allow":["GET"]}}],"collection":[{"href":"https:\/\/caminhodafe.com.br\/es\/wp-json\/wp\/v2\/pages"}],"about":[{"href":"https:\/\/caminhodafe.com.br\/es\/wp-json\/wp\/v2\/types\/page"}],"author":[{"embeddable":true,"href":"https:\/\/caminhodafe.com.br\/es\/wp-json\/wp\/v2\/users\/1"}],"replies":[{"embeddable":true,"href":"https:\/\/caminhodafe.com.br\/es\/wp-json\/wp\/v2\/comments?post=205"}],"version-history":[{"count":32,"href":"https:\/\/caminhodafe.com.br\/es\/wp-json\/wp\/v2\/pages\/205\/revisions"}],"predecessor-version":[{"id":1777,"href":"https:\/\/caminhodafe.com.br\/es\/wp-json\/wp\/v2\/pages\/205\/revisions\/1777"}],"wp:featuredmedia":[{"embeddable":true,"href":"https:\/\/caminhodafe.com.br\/es\/wp-json\/wp\/v2\/media\/401"}],"wp:attachment":[{"href":"https:\/\/caminhodafe.com.br\/es\/wp-json\/wp\/v2\/media?parent=205"}],"curies":[{"name":"wp","href":"https:\/\/api.w.org\/{rel}","templated":true}]}}