


{"id":194,"date":"2016-12-21T00:49:53","date_gmt":"2016-12-21T02:49:53","guid":{"rendered":"https:\/\/caminhodafe.com.br\/es\/?page_id=194"},"modified":"2018-03-01T18:49:34","modified_gmt":"2018-03-01T21:49:34","slug":"programa-interactivo","status":"publish","type":"page","link":"https:\/\/caminhodafe.com.br\/es\/programa-interactivo\/","title":{"rendered":"Programa Interactivo"},"content":{"rendered":"<h3 id=\"tw-target-text\" class=\"tw-data-text tw-ta tw-text-small\" dir=\"ltr\" data-placeholder=\"Tradu\u00e7\u00e3o\"><span lang=\"es\">El programa interactivo es un espacio simple para la comunicaci\u00f3n entre los peregrinos. <\/span><\/h3>\n<h3 class=\"tw-data-text tw-ta tw-text-small\" dir=\"ltr\" data-placeholder=\"Tradu\u00e7\u00e3o\"><span lang=\"es\">Fue idealizada con base en el mural de recados, un espacio en la antigua plataforma del Camino de la Fe donde los peregrinos se comunicaban y organizaban sus viajes. <\/span><\/h3>\n<h3 class=\"tw-data-text tw-ta tw-text-small\" dir=\"ltr\" data-placeholder=\"Tradu\u00e7\u00e3o\"><span lang=\"es\">En este nuevo ropaje de la plataforma digital, organizamos las informaciones necesarias para que los peregrinos puedan conocerse y tal vez se encuentren para hacer su viaje juntos. <\/span><\/h3>\n<h3 class=\"tw-data-text tw-ta tw-text-small\" dir=\"ltr\" data-placeholder=\"Tradu\u00e7\u00e3o\"><span lang=\"es\">Un canal que tiene por objetivo mostrar qui\u00e9n, cu\u00e1ndo y c\u00f3mo va a recorrer el Camino de la Fe.<\/span><\/h3>\n","protected":false},"excerpt":{"rendered":"<p>El programa interactivo es un espacio simple para la comunicaci\u00f3n entre los peregrinos. Fue idealizada con base en el mural de recados, un espacio en la antigua plataforma del Camino de la Fe donde los peregrinos se comunicaban y organizaban sus viajes. En este nuevo ropaje de la plataforma digital, organizamos las informaciones necesarias para que los peregrinos puedan conocerse y tal vez se encuentren para hacer su viaje juntos. Un canal que tiene por objetivo mostrar qui\u00e9n, cu\u00e1ndo y c\u00f3mo va a recorrer el Camino de la Fe.<\/p>\n","protected":false},"author":1,"featured_media":1743,"parent":0,"menu_order":0,"comment_status":"closed","ping_status":"closed","template":"","meta":{"footnotes":""},"class_list":["post-194","page","type-page","status-publish","has-post-thumbnail","hentry"],"_links":{"self":[{"href":"https:\/\/caminhodafe.com.br\/es\/wp-json\/wp\/v2\/pages\/194","targetHints":{"allow":["GET"]}}],"collection":[{"href":"https:\/\/caminhodafe.com.br\/es\/wp-json\/wp\/v2\/pages"}],"about":[{"href":"https:\/\/caminhodafe.com.br\/es\/wp-json\/wp\/v2\/types\/page"}],"author":[{"embeddable":true,"href":"https:\/\/caminhodafe.com.br\/es\/wp-json\/wp\/v2\/users\/1"}],"replies":[{"embeddable":true,"href":"https:\/\/caminhodafe.com.br\/es\/wp-json\/wp\/v2\/comments?post=194"}],"version-history":[{"count":5,"href":"https:\/\/caminhodafe.com.br\/es\/wp-json\/wp\/v2\/pages\/194\/revisions"}],"predecessor-version":[{"id":1761,"href":"https:\/\/caminhodafe.com.br\/es\/wp-json\/wp\/v2\/pages\/194\/revisions\/1761"}],"wp:featuredmedia":[{"embeddable":true,"href":"https:\/\/caminhodafe.com.br\/es\/wp-json\/wp\/v2\/media\/1743"}],"wp:attachment":[{"href":"https:\/\/caminhodafe.com.br\/es\/wp-json\/wp\/v2\/media?parent=194"}],"curies":[{"name":"wp","href":"https:\/\/api.w.org\/{rel}","templated":true}]}}