


{"id":143,"date":"2016-12-20T23:04:14","date_gmt":"2016-12-21T01:04:14","guid":{"rendered":"https:\/\/caminhodafe.com.br\/es\/?page_id=143"},"modified":"2017-10-18T16:42:21","modified_gmt":"2017-10-18T18:42:21","slug":"la-asociacion","status":"publish","type":"page","link":"https:\/\/caminhodafe.com.br\/es\/la-asociacion\/","title":{"rendered":"La Asociaci\u00f3n"},"content":{"rendered":"<h3><span style=\"color: #000080;\">MISI\u00d3N<\/span><\/h3>\n<h4>Proporcionar una peregrinaci\u00f3n segura y accesible a qui\u00e9n, por medio de ella, busque renovaci\u00f3n de la fe y el autoconocimiento disponiendo infraestructura adecuada y una ruta en condiciones favorables.<\/h4>\n<h3><span style=\"color: #000080;\">VISI\u00d3N <\/span><\/h3>\n<ul>\n<li>\n<h4>Relaci\u00f3n de transparencia y confianza<\/h4>\n<\/li>\n<li>\n<h4>El respeto al pr\u00f3jimo<\/h4>\n<\/li>\n<li>\n<h4>Humildad<\/h4>\n<\/li>\n<li>\n<h4>Cuidado con el Medio Ambiente<\/h4>\n<\/li>\n<\/ul>\n","protected":false},"excerpt":{"rendered":"<p>MISI\u00d3N Proporcionar una peregrinaci\u00f3n segura y accesible a qui\u00e9n, por medio de ella, busque renovaci\u00f3n de la fe y el autoconocimiento disponiendo infraestructura adecuada y una ruta en condiciones favorables. VISI\u00d3N Relaci\u00f3n de transparencia y confianza El respeto al pr\u00f3jimo Humildad Cuidado con el Medio Ambiente<\/p>\n","protected":false},"author":1,"featured_media":648,"parent":0,"menu_order":0,"comment_status":"closed","ping_status":"closed","template":"","meta":{"footnotes":""},"class_list":["post-143","page","type-page","status-publish","has-post-thumbnail","hentry"],"_links":{"self":[{"href":"https:\/\/caminhodafe.com.br\/es\/wp-json\/wp\/v2\/pages\/143","targetHints":{"allow":["GET"]}}],"collection":[{"href":"https:\/\/caminhodafe.com.br\/es\/wp-json\/wp\/v2\/pages"}],"about":[{"href":"https:\/\/caminhodafe.com.br\/es\/wp-json\/wp\/v2\/types\/page"}],"author":[{"embeddable":true,"href":"https:\/\/caminhodafe.com.br\/es\/wp-json\/wp\/v2\/users\/1"}],"replies":[{"embeddable":true,"href":"https:\/\/caminhodafe.com.br\/es\/wp-json\/wp\/v2\/comments?post=143"}],"version-history":[{"count":13,"href":"https:\/\/caminhodafe.com.br\/es\/wp-json\/wp\/v2\/pages\/143\/revisions"}],"predecessor-version":[{"id":1599,"href":"https:\/\/caminhodafe.com.br\/es\/wp-json\/wp\/v2\/pages\/143\/revisions\/1599"}],"wp:featuredmedia":[{"embeddable":true,"href":"https:\/\/caminhodafe.com.br\/es\/wp-json\/wp\/v2\/media\/648"}],"wp:attachment":[{"href":"https:\/\/caminhodafe.com.br\/es\/wp-json\/wp\/v2\/media?parent=143"}],"curies":[{"name":"wp","href":"https:\/\/api.w.org\/{rel}","templated":true}]}}